{"id":2814,"date":"2023-06-22T10:59:39","date_gmt":"2023-06-22T10:59:39","guid":{"rendered":"https:\/\/www.appyweb.es\/diccionario\/?page_id=2814"},"modified":"2024-04-26T09:51:31","modified_gmt":"2024-04-26T09:51:31","slug":"mapas-conceptuales","status":"publish","type":"page","link":"https:\/\/www.appyweb.es\/diccionario\/mapas-conceptuales\/","title":{"rendered":"Mapas conceptuales"},"content":{"rendered":"<figure id=\"attachment_15795\" aria-describedby=\"caption-attachment-15795\" style=\"width: 1000px\" class=\"wp-caption alignnone\"><img loading=\"lazy\" decoding=\"async\" class=\"size-full wp-image-15795\" src=\"https:\/\/www.appyweb.es\/diccionario\/wp-content\/uploads\/2024\/04\/Mapasconceptuales.jpg\" alt=\"Mapas conceptuales\" width=\"1000\" height=\"600\" srcset=\"https:\/\/www.appyweb.es\/diccionario\/wp-content\/uploads\/2024\/04\/Mapasconceptuales.jpg 1000w, https:\/\/www.appyweb.es\/diccionario\/wp-content\/uploads\/2024\/04\/Mapasconceptuales-300x180.jpg 300w, https:\/\/www.appyweb.es\/diccionario\/wp-content\/uploads\/2024\/04\/Mapasconceptuales-768x461.jpg 768w\" sizes=\"auto, (max-width: 1000px) 100vw, 1000px\" \/><figcaption id=\"caption-attachment-15795\" class=\"wp-caption-text\">Ejemplo de mapa conceptual.<\/figcaption><\/figure>\n<p>A la hora de querer sintetizar la informaci\u00f3n, existen muchas formas para llevar a cabo esta tarea. Una de las m\u00e1s adecuadas <strong>para combinar con una sinopsis gr\u00e1fica es el mapa conceptual<\/strong>. Aparte de ayudar a resumir la informaci\u00f3n, tambi\u00e9n permite dise\u00f1ar un recurso para el aprendizaje significativo.<\/p>\n<h2>\u00bfQu\u00e9 son los mapas conceptuales?<\/h2>\n<p>Esta es una herramienta de gran utilidad, <strong>que permite ayudar a entender un tema complejo<\/strong>. Permite que las personas logren asociar ideas y conceptos, que pueden ser un poco complicados en un primer momento, sobre todo cuando se tratan de textos enteros. Con ayuda de los mapas conceptuales se puede tener un <a href=\"https:\/\/www.appyweb.es\/diseno-grafico\/\">dise\u00f1o gr\u00e1fico m\u00e1s amigable<\/a> para capturar la informaci\u00f3n.<\/p>\n<p>Estos conceptos se conectan a menudo con l\u00edneas, van estructurados de acuerdo a conceptos e ideas claves. Cuentan con algunas palabras clave que sirven como enlace, para el siguiente contenido que se puede desarrollar. Tambi\u00e9n suele realizarse como estructura para jerarquizar, pero en el mundo del marketing <strong>es una herramienta en las estrategias de contenido<\/strong> que permiten presentar un gr\u00e1fico m\u00e1s f\u00e1cil de consumir para los usuarios.<\/p>\n<h2>\u00bfQu\u00e9 caracter\u00edsticas tiene?<\/h2>\n<p>Algunos tipos de estructuras pueden verse similares para presentar el contenido, pero otros cuentan con <strong>caracter\u00edsticas muy particulares que son capaces de distinguirlos del resto<\/strong>, algunas que distinguen a los estos recursos son las siguientes.<\/p>\n<ul>\n<li>Este se caracteriza por presentar conceptos referentes al tema en cuesti\u00f3n, suele responder a las preguntas de qu\u00e9, c\u00f3mo y por qu\u00e9.<\/li>\n<li>Al contener conceptos es importante que estos se enlacen de alguna forma, as\u00ed suelen utilizarse algunas palabras clave me permiten relacionarlos.<\/li>\n<li>Esto debe <strong>seguir un orden l\u00f3gico y que sea de f\u00e1cil compresi\u00f3n<\/strong>. Las personas deben poder verlo y entenderlo, sin necesidad de una explicaci\u00f3n.<\/li>\n<\/ul>\n<h2>C\u00f3mo hacer mapas conceptuales<\/h2>\n<p>Existen muchas formas de llevar a cabo esta estructuraci\u00f3n del contenido, tanto de forma manual como digital, pero para las personas que lo quieren utilizar como <a href=\"https:\/\/www.appyweb.es\/marketing-de-contenidos\/\">recurso en el marketing de contenidos<\/a> pueden emplear algunas p\u00e1ginas web que <strong>permiten dise\u00f1ar o redise\u00f1ar plantillas con dise\u00f1os muy llamativos<\/strong>. Algunos de los mejores programas para hacerlo son los siguientes.<\/p>\n<ul>\n<li>Canva.<\/li>\n<li>GoConqur.<\/li>\n<li>Coogle.<\/li>\n<li>Creately.<\/li>\n<li>XMind.<\/li>\n<li>MindGenius.<\/li>\n<li>Cmaps Tools.<\/li>\n<\/ul>\n<h2>M\u00e1s informaci\u00f3n sobre mapa conceptual<\/h2>\n<p>Hacer uno de estos puede ser relativamente f\u00e1cil, la verdad es que se necesitan <strong>una serie de t\u00e9cnicas para abordar la informaci\u00f3n<\/strong> que sea realmente relevante. Si necesitas un poco de ayuda para realizar uno aqu\u00ed tienes un par de enlaces que te ayudar\u00e1n.<\/p>\n<ul>\n<li><a href=\"https:\/\/www.appyweb.es\/diccionario\/content-mapping\/\">\u00bfQu\u00e9 es el Content Mapping y para qu\u00e9 sirve?<\/a><\/li>\n<li><a href=\"https:\/\/www.yucatan.com.mx\/tecnologia\/como-hacer-un-mapa-conceptual-en-word\" rel=\"nofollow noopener\" target=\"_blank\">\u00bfC\u00f3mo hacer un mapa conceptual en Word?<\/a><\/li>\n<\/ul>\n<p>&nbsp;<\/p>\n","protected":false},"excerpt":{"rendered":"<p>A la hora de querer sintetizar la informaci\u00f3n, existen muchas formas para llevar a cabo esta tarea. Una de las m\u00e1s adecuadas para combinar con una sinopsis gr\u00e1fica es el mapa conceptual. Aparte de ayudar a resumir la informaci\u00f3n, tambi\u00e9n permite dise\u00f1ar un recurso para el aprendizaje significativo. \u00bfQu\u00e9 son los mapas conceptuales? Esta es [&hellip;]<\/p>\n","protected":false},"author":1,"featured_media":15795,"parent":0,"menu_order":0,"comment_status":"closed","ping_status":"closed","template":"","meta":{"inline_featured_image":false,"footnotes":""},"class_list":["post-2814","page","type-page","status-publish","has-post-thumbnail","hentry"],"_links":{"self":[{"href":"https:\/\/www.appyweb.es\/diccionario\/wp-json\/wp\/v2\/pages\/2814","targetHints":{"allow":["GET"]}}],"collection":[{"href":"https:\/\/www.appyweb.es\/diccionario\/wp-json\/wp\/v2\/pages"}],"about":[{"href":"https:\/\/www.appyweb.es\/diccionario\/wp-json\/wp\/v2\/types\/page"}],"author":[{"embeddable":true,"href":"https:\/\/www.appyweb.es\/diccionario\/wp-json\/wp\/v2\/users\/1"}],"replies":[{"embeddable":true,"href":"https:\/\/www.appyweb.es\/diccionario\/wp-json\/wp\/v2\/comments?post=2814"}],"version-history":[{"count":6,"href":"https:\/\/www.appyweb.es\/diccionario\/wp-json\/wp\/v2\/pages\/2814\/revisions"}],"predecessor-version":[{"id":15806,"href":"https:\/\/www.appyweb.es\/diccionario\/wp-json\/wp\/v2\/pages\/2814\/revisions\/15806"}],"wp:featuredmedia":[{"embeddable":true,"href":"https:\/\/www.appyweb.es\/diccionario\/wp-json\/wp\/v2\/media\/15795"}],"wp:attachment":[{"href":"https:\/\/www.appyweb.es\/diccionario\/wp-json\/wp\/v2\/media?parent=2814"}],"curies":[{"name":"wp","href":"https:\/\/api.w.org\/{rel}","templated":true}]}}