{"id":282,"date":"2023-06-19T14:28:58","date_gmt":"2023-06-19T14:28:58","guid":{"rendered":"https:\/\/www.appyweb.es\/diccionario\/?page_id=282"},"modified":"2024-03-11T21:16:03","modified_gmt":"2024-03-11T21:16:03","slug":"blogger","status":"publish","type":"page","link":"https:\/\/www.appyweb.es\/diccionario\/blogger\/","title":{"rendered":"Blogger"},"content":{"rendered":"<h1 class=\"entry-title main_title\"><img loading=\"lazy\" decoding=\"async\" class=\" wp-image-10311 aligncenter\" src=\"https:\/\/www.appyweb.es\/diccionario\/wp-content\/uploads\/2023\/09\/Blogger-300x170.png\" alt=\"\" width=\"889\" height=\"504\" srcset=\"https:\/\/www.appyweb.es\/diccionario\/wp-content\/uploads\/2023\/09\/Blogger-300x170.png 300w, https:\/\/www.appyweb.es\/diccionario\/wp-content\/uploads\/2023\/09\/Blogger-1024x580.png 1024w, https:\/\/www.appyweb.es\/diccionario\/wp-content\/uploads\/2023\/09\/Blogger-768x435.png 768w, https:\/\/www.appyweb.es\/diccionario\/wp-content\/uploads\/2023\/09\/Blogger-1536x870.png 1536w, https:\/\/www.appyweb.es\/diccionario\/wp-content\/uploads\/2023\/09\/Blogger-2048x1161.png 2048w\" sizes=\"auto, (max-width: 889px) 100vw, 889px\" \/><\/h1>\n<p>Es una herramienta integrada por Google,\u00a0<strong>con la finalidad de crear y gestionar sitio web<\/strong>. Estos pueden ser personales o corporativos, Blogger se destaca por ofrecer una interfaz de f\u00e1cil interpretaci\u00f3n para cualquier usuario, sin necesidad de saber c\u00f3mo programar o desarrollar un sitio web.<\/p>\n<h2>\u00bfQu\u00e9 es Blogger?<\/h2>\n<p>Es una plataforma que <a href=\"https:\/\/diseno20.appyweb.es\/diseno-landing-page\/\" rel=\"nofollow noopener\" target=\"_blank\">permite crear y gestionar blogs<\/a>, cuenta con todas las herramientas para redactar contenido de forma f\u00e1cil, sin necesidad de involucrar lenguaje program\u00e1tico.<\/p>\n<p>Se convirti\u00f3 en <strong>una de las plataformas m\u00e1s populares en el mundo de los escritores profesionales<\/strong>, tambi\u00e9n de aquellos que solo est\u00e1n en busca de un espacio para expresar sus pensamientos o contenidos con el mundo exterior.<\/p>\n<p>Es f\u00e1cil identificar cuando una plataforma pertenece a este servicio por que cuenta con el sufijo <em>blogspot.com <\/em>en el dominio del mismo.<\/p>\n<h2>Origen de Blogger<\/h2>\n<p>Se encuentra en la red desde 1998, fue creada originalmente por Pyra Labs.<br \/>\nPermite que los usuarios puedan <strong>expresar sus pensamientos y conocimiento en contenidos<\/strong>, a trav\u00e9s de un portal digital libre, en forma de blog, con un <a href=\"https:\/\/diseno20.appyweb.es\/diseno-web\/\" rel=\"nofollow noopener\" target=\"_blank\">dise\u00f1o web intuitivo<\/a> y f\u00e1cil de editar.<\/p>\n<p>Debido a su gran crecimiento y la receptividad por parte de los usuarios, fue comprado por Google en 2003. All\u00ed fue unificado y a\u00f1adido a todos sus sistemas de servicios y plataformas.<\/p>\n<h2>\u00bfC\u00f3mo utilizar Blogger?<\/h2>\n<p>Para empezar, es importante contar con una cuenta en Google, desde all\u00ed el usuario se puede registrar f\u00e1cilmente sin crear un usuario nuevo.<br \/>\nSin embargo, la plataforma tambi\u00e9n ofrece la opci\u00f3n de crear una cuenta desvinculada de Google. Los <strong>pasos para empezar a utilizar esta plataforma<\/strong> son los siguientes.<\/p>\n<ol>\n<li>Acceder al sitio web de Blogger.<\/li>\n<li>Hacer clic en el men\u00fa que se muestra en el lateral izquierdo.<\/li>\n<li>All\u00ed seleccionar la opci\u00f3n <em>Nuevo blog<\/em>.<\/li>\n<li>En la herramienta seleccionar un nombre de blog (puede que algunos ya est\u00e9n en uso)<\/li>\n<li>Crear la <a href=\"https:\/\/www.appyweb.es\/diccionario\/URL\/\">URL<\/a> asociada (tambi\u00e9n conocido como dominio, se le a\u00f1adir\u00e1 <em>com <\/em>autom\u00e1ticamente.<\/li>\n<li>Hacer clic en <em>Guardar<\/em>.<\/li>\n<\/ol>\n<p>Ya est\u00e1 el blog creado. Despu\u00e9s, desde el men\u00fa se puede acceder al sitio <strong>para empezar a utilizar el editor<\/strong>.<br \/>\nSe escribir\u00e1 el primer post en \u00e9l y se a\u00f1adir\u00e1n todos los cambios necesarios. Al finalizar, hacer clic en publicar y listo, ya estar\u00e1 disponible en Blogger.<\/p>\n<p><script type=\"application\/ld+json\">{\"@context\":\"https:\/\/schema.org\",\"@type\":\"FAQPage\",\"mainEntity\":[ \n{\"@type\":\"Question\",\"name\":\"\u00bfQu\u00e9 es Blogger?\",\"acceptedAnswer\":{\"@type\":\"Answer\",\"text\":\"<\/p>\n<\/p>\n<\/p>\n<\/p>\n<\/p>\n<p>Es una plataforma que <a href='https:\/\/diseno20.appyweb.es\/diseno-landing-page\/'>permite crear y gestionar blogs<\/a>, cuenta con todas las herramientas para redactar contenido de forma f\u00e1cil, sin necesidad de involucrar lenguaje program\u00e1tico.<\/p>\n<\/p>\n<\/p>\n<\/p>\n<\/p>\n<\/p>\n<\/p>\n<\/p>\n<\/p>\n<p>Se convirti\u00f3 en <strong>una de las plataformas m\u00e1s populares en el mundo de los escritores profesionales<\/strong>, tambi\u00e9n de aquellos que solo est\u00e1n en busca de un espacio para expresar sus pensamientos o contenidos con el mundo exterior.<\/p>\n<\/p>\n<\/p>\n<\/p>\n<\/p>\n<\/p>\n<\/p>\n<\/p>\n<\/p>\n<p>Es f\u00e1cil identificar cuando una plataforma pertenece a este servicio por que cuenta con el sufijo <em>blogspot.com <\/em>en el dominio del mismo.<\/p>\n<\/p>\n<\/p>\n<\/p>\n<\/p>\n<p>\"}},\n{\"@type\":\"Question\",\"name\":\"Origen de Blogger\",\"acceptedAnswer\":{\"@type\":\"Answer\",\"text\":\"<\/p>\n<\/p>\n<\/p>\n<\/p>\n<\/p>\n<p>Se encuentra en la red desde 1998, fue creada originalmente por Pyra Labs. Permite que los usuarios puedan <strong>expresar sus pensamientos y conocimiento en contenidos<\/strong>, a trav\u00e9s de un portal digital libre, en forma de blog, con un <a href='https:\/\/diseno20.appyweb.es\/diseno-web\/'>dise\u00f1o web intuitivo<\/a> y f\u00e1cil de editar.<\/p>\n<\/p>\n<\/p>\n<\/p>\n<\/p>\n<\/p>\n<\/p>\n<\/p>\n<\/p>\n<p>Debido a su gran crecimiento y la receptividad por parte de los usuarios, fue comprado por Google en 2003. All\u00ed fue unificado y a\u00f1adido a todos sus sistemas de servicios y plataformas.<\/p>\n<\/p>\n<\/p>\n<\/p>\n<\/p>\n<p>\"}},\n{\"@type\":\"Question\",\"name\":\"\u00bfC\u00f3mo utilizar Blogger?\",\"acceptedAnswer\":{\"@type\":\"Answer\",\"text\":\"<\/p>\n<\/p>\n<\/p>\n<\/p>\n<\/p>\n<p>Para empezar, es importante contar con una cuenta en Google, desde all\u00ed el usuario se puede registrar f\u00e1cilmente sin crear un usuario nuevo. <br \/>Sin embargo, la plataforma tambi\u00e9n ofrece la opci\u00f3n de crear una cuenta desvinculada de Google. Los <strong>pasos para empezar a utilizar esta plataforma<\/strong> son los siguientes.<\/p>\n<\/p>\n<\/p>\n<\/p>\n<\/p>\n<\/p>\n<\/p>\n<\/p>\n<\/p>\n<ol>\n<\/p>\n<\/p>\n<\/p>\n<\/p>\n<li>Acceder al sitio web de Blogger.<\/li>\n<\/p>\n<\/p>\n<\/p>\n<\/p>\n<\/p>\n<\/p>\n<\/p>\n<li>Hacer clic en el men\u00fa que se muestra en el lateral izquierdo.<\/li>\n<\/p>\n<\/p>\n<\/p>\n<\/p>\n<\/p>\n<\/p>\n<\/p>\n<li>All\u00ed seleccionar la opci\u00f3n <em>Nuevo blog<\/em>.<\/li>\n<\/p>\n<\/p>\n<\/p>\n<\/p>\n<\/p>\n<\/p>\n<\/p>\n<li>En la herramienta seleccionar un nombre de blog (puede que algunos ya est\u00e9n en uso)<\/li>\n<\/p>\n<\/p>\n<\/p>\n<\/p>\n<\/p>\n<\/p>\n<\/p>\n<li>Crear la <a href='https:\/\/www.appyweb.es\/diccionario\/URL\/'>URL<\/a> asociada (tambi\u00e9n conocido como dominio, se le a\u00f1adir\u00e1 <em>com <\/em>autom\u00e1ticamente.<\/li>\n<\/p>\n<\/p>\n<\/p>\n<\/p>\n<\/p>\n<\/p>\n<\/p>\n<li>Hacer clic en <em>Guardar<\/em>.<\/li>\n<\/p>\n<\/p>\n<\/p>\n<\/ol>\n<\/p>\n<\/p>\n<\/p>\n<\/p>\n<\/p>\n<\/p>\n<\/p>\n<p>Ya est\u00e1 el blog creado. Despu\u00e9s, desde el men\u00fa se puede acceder al sitio <strong>para empezar a utilizar el editor<\/strong>. <br \/>Se escribir\u00e1 el primer post en \u00e9l y se a\u00f1adir\u00e1n todos los cambios necesarios. Al finalizar, hacer clic en publicar y listo, ya estar\u00e1 disponible en Blogger.<\/p>\n<\/p>\n<\/p>\n<\/p>\n<\/p>\n<p>\"}}\n]}<\/script><\/p>\n<p>&nbsp;<\/p>\n<h2><span id=\"%F0%9F%93%8C_Mas_informacion_sobre_Blogger\" class=\"ez-toc-section\"><\/span>M\u00e1s informaci\u00f3n sobre Blogger<\/h2>\n<ul>\n<li><a href=\"https:\/\/es.wikipedia.org\/wiki\/Blogger#Funcionalidades\" rel=\"nofollow noopener\" target=\"_blank\">Funcionalidades de Blogger<\/a>.<\/li>\n<\/ul>\n<p>&nbsp;<\/p>\n","protected":false},"excerpt":{"rendered":"<p>Es una herramienta integrada por Google,\u00a0con la finalidad de crear y gestionar sitio web. Estos pueden ser personales o corporativos, Blogger se destaca por ofrecer una interfaz de f\u00e1cil interpretaci\u00f3n para cualquier usuario, sin necesidad de saber c\u00f3mo programar o desarrollar un sitio web. \u00bfQu\u00e9 es Blogger? Es una plataforma que permite crear y gestionar [&hellip;]<\/p>\n","protected":false},"author":1,"featured_media":10311,"parent":0,"menu_order":0,"comment_status":"closed","ping_status":"closed","template":"","meta":{"inline_featured_image":false,"footnotes":""},"class_list":["post-282","page","type-page","status-publish","has-post-thumbnail","hentry"],"_links":{"self":[{"href":"https:\/\/www.appyweb.es\/diccionario\/wp-json\/wp\/v2\/pages\/282","targetHints":{"allow":["GET"]}}],"collection":[{"href":"https:\/\/www.appyweb.es\/diccionario\/wp-json\/wp\/v2\/pages"}],"about":[{"href":"https:\/\/www.appyweb.es\/diccionario\/wp-json\/wp\/v2\/types\/page"}],"author":[{"embeddable":true,"href":"https:\/\/www.appyweb.es\/diccionario\/wp-json\/wp\/v2\/users\/1"}],"replies":[{"embeddable":true,"href":"https:\/\/www.appyweb.es\/diccionario\/wp-json\/wp\/v2\/comments?post=282"}],"version-history":[{"count":10,"href":"https:\/\/www.appyweb.es\/diccionario\/wp-json\/wp\/v2\/pages\/282\/revisions"}],"predecessor-version":[{"id":11371,"href":"https:\/\/www.appyweb.es\/diccionario\/wp-json\/wp\/v2\/pages\/282\/revisions\/11371"}],"wp:featuredmedia":[{"embeddable":true,"href":"https:\/\/www.appyweb.es\/diccionario\/wp-json\/wp\/v2\/media\/10311"}],"wp:attachment":[{"href":"https:\/\/www.appyweb.es\/diccionario\/wp-json\/wp\/v2\/media?parent=282"}],"curies":[{"name":"wp","href":"https:\/\/api.w.org\/{rel}","templated":true}]}}