{"id":2822,"date":"2023-06-22T11:03:21","date_gmt":"2023-06-22T11:03:21","guid":{"rendered":"https:\/\/www.appyweb.es\/diccionario\/?page_id=2822"},"modified":"2024-04-26T10:35:11","modified_gmt":"2024-04-26T10:35:11","slug":"marcas-jerarquia-hn","status":"publish","type":"page","link":"https:\/\/www.appyweb.es\/diccionario\/marcas-jerarquia-hn\/","title":{"rendered":"Marcas de jerarqu\u00eda Hn"},"content":{"rendered":"<figure id=\"attachment_15813\" aria-describedby=\"caption-attachment-15813\" style=\"width: 1000px\" class=\"wp-caption alignnone\"><img loading=\"lazy\" decoding=\"async\" class=\"size-full wp-image-15813\" src=\"https:\/\/www.appyweb.es\/diccionario\/wp-content\/uploads\/2024\/04\/MarcasdejerarquiaHn.jpg\" alt=\"Marcas de jerarqu\u00eda Hn\" width=\"1000\" height=\"600\" srcset=\"https:\/\/www.appyweb.es\/diccionario\/wp-content\/uploads\/2024\/04\/MarcasdejerarquiaHn.jpg 1000w, https:\/\/www.appyweb.es\/diccionario\/wp-content\/uploads\/2024\/04\/MarcasdejerarquiaHn-300x180.jpg 300w, https:\/\/www.appyweb.es\/diccionario\/wp-content\/uploads\/2024\/04\/MarcasdejerarquiaHn-768x461.jpg 768w\" sizes=\"auto, (max-width: 1000px) 100vw, 1000px\" \/><figcaption id=\"caption-attachment-15813\" class=\"wp-caption-text\">Persona mirando una pantalla con una pagina web.<\/figcaption><\/figure>\n<p>Se trata de una serie de etapas que se utilizan para estructurar la informaci\u00f3n del sitio web, <strong>las marcas de jerarqu\u00eda hn indican los tipos de encabezados<\/strong> que se pueden utilizar en el texto. Estos suelen incluir palabras clave que ayudar\u00e1n al posicionamiento.<\/p>\n<h2>\u00bfQu\u00e9 son las marcas de jerarqu\u00eda hn?<\/h2>\n<p>Este t\u00e9rmino se orienta hacia el concepto y gesti\u00f3n de los encabezados dentro de un sitio, es decir, los t\u00edtulos y subt\u00edtulos. Las <strong>marcas de jerarqu\u00eda son las que determinar\u00e1n el tama\u00f1o y la posici\u00f3n de cada t\u00edtulo<\/strong> dentro del texto. Igualmente, se tratan de etiquetas que se introducen el c\u00f3digo HTML, <a href=\"https:\/\/www.appyweb.es\/diseno-web\/\">durante el dise\u00f1o web<\/a> pueden jerarquizarse entre los rangos h1 y h6.<\/p>\n<p>Entre las m\u00e1s importantes se encuentra el h1, es el que se utilizar\u00e1 como t\u00edtulo principal dentro de la p\u00e1gina web, por lo tanto, es importante que sea el \u00fanico en todo el c\u00f3digo. Igualmente, el <strong>H1 es el que utilizar\u00e1 el motor de b\u00fasqueda de Google<\/strong> para posicionar dentro de la p\u00e1gina de resultados o SERP\\&#8217;s.<\/p>\n<h2>\u00bfPara qu\u00e9 sirve?<\/h2>\n<p>Existen muchos formatos que se pueden utilizar para indicar al usuario cu\u00e1les son los puntos m\u00e1s importantes de un texto, como utilizar negritas y subrayados. Sin embargo, los algoritmos de los motores de b\u00fasqueda no funcionan de la misma forma, es importante <strong>ofrecerles una ayuda para identificar en las secciones del texto<\/strong>, al mismo tiempo, indican cu\u00e1les son las palabras clave que tendr\u00e1n relaci\u00f3n con el texto.<\/p>\n<p>Este sentido, las marcas de jerarquizaci\u00f3n hn tambi\u00e9n son un recurso imprescindible en las <a href=\"https:\/\/www.appyweb.es\/marketing-de-contenidos\/\">estrategias de marketing de contenidos<\/a>, ya que permitir\u00e1 darle la relevancia necesaria al tema, tanto para los usuarios como para las estrategias de posicionamiento en Google.<\/p>\n<h2>\u00bfC\u00f3mo se jerarquizan las marcas hn?<\/h2>\n<p>Para empezar a nutrir el c\u00f3digo HTML con este tipo de jerarquizaci\u00f3n, es importante utilizar palabras clave que tengan relaci\u00f3n con el t\u00edtulo o h1. En ocasiones, se puede repetir algunas frases completamente, pero seg\u00fan las nuevas tendencias de posicionamiento en Internet, es importante <strong>utilizar sin\u00f3nimos e incluso palabras clave m\u00e1s espec\u00edficas<\/strong>. De esta forma, no solo se busca generar un buen nivel de coherencia entre todos los t\u00edtulos, si no tambi\u00e9n garantizar un buen posicionamiento.<\/p>\n<p>La jerarquizaci\u00f3n sigue una enumeraci\u00f3n, de esta forma, lo que vendr\u00eda despu\u00e9s del primer p\u00e1rrafo, ser\u00eda h2, <strong>dentro de este se pueden utilizar otras etiquetas a partir del h3<\/strong>, pero s\u00f3lo si se quiere extender un poco m\u00e1s el tema del h2. Para desarrollar otra idea dentro del texto, a\u00fan m\u00e1s relacionada con el h1, se utiliza otro h2 y as\u00ed sucesivamente.<\/p>\n<h2>M\u00e1s informaci\u00f3n sobre las marcas de jerarquizaci\u00f3n hn<\/h2>\n<p>Si quieres aprender un poco m\u00e1s sobre <strong>c\u00f3mo jerarquizar los t\u00edtulos dentro de tus documentos HTML<\/strong> o incluso cualquier tipo de documento para publicar en la web, mira los siguientes enlaces para establecer tu estrategia de contenidos.<\/p>\n<ul>\n<li><a href=\"https:\/\/www.appyweb.es\/diccionario\/encabezados\/\">\u00bfQu\u00e9 son los Encabezados y para qu\u00e9 sirven?<\/a><\/li>\n<li><a href=\"https:\/\/www.trecebits.com\/2020\/11\/26\/que-es-un-h1-y-como-afecta-al-posicionamiento-seo\/\" rel=\"nofollow noopener\" target=\"_blank\">Qu\u00e9 es un H1 y c\u00f3mo afecta al posicionamiento SEO<\/a><\/li>\n<\/ul>\n<p>&nbsp;<\/p>\n","protected":false},"excerpt":{"rendered":"<p>Se trata de una serie de etapas que se utilizan para estructurar la informaci\u00f3n del sitio web, las marcas de jerarqu\u00eda hn indican los tipos de encabezados que se pueden utilizar en el texto. Estos suelen incluir palabras clave que ayudar\u00e1n al posicionamiento. \u00bfQu\u00e9 son las marcas de jerarqu\u00eda hn? Este t\u00e9rmino se orienta hacia [&hellip;]<\/p>\n","protected":false},"author":1,"featured_media":15813,"parent":0,"menu_order":0,"comment_status":"closed","ping_status":"closed","template":"","meta":{"inline_featured_image":false,"footnotes":""},"class_list":["post-2822","page","type-page","status-publish","has-post-thumbnail","hentry"],"_links":{"self":[{"href":"https:\/\/www.appyweb.es\/diccionario\/wp-json\/wp\/v2\/pages\/2822","targetHints":{"allow":["GET"]}}],"collection":[{"href":"https:\/\/www.appyweb.es\/diccionario\/wp-json\/wp\/v2\/pages"}],"about":[{"href":"https:\/\/www.appyweb.es\/diccionario\/wp-json\/wp\/v2\/types\/page"}],"author":[{"embeddable":true,"href":"https:\/\/www.appyweb.es\/diccionario\/wp-json\/wp\/v2\/users\/1"}],"replies":[{"embeddable":true,"href":"https:\/\/www.appyweb.es\/diccionario\/wp-json\/wp\/v2\/comments?post=2822"}],"version-history":[{"count":6,"href":"https:\/\/www.appyweb.es\/diccionario\/wp-json\/wp\/v2\/pages\/2822\/revisions"}],"predecessor-version":[{"id":15817,"href":"https:\/\/www.appyweb.es\/diccionario\/wp-json\/wp\/v2\/pages\/2822\/revisions\/15817"}],"wp:featuredmedia":[{"embeddable":true,"href":"https:\/\/www.appyweb.es\/diccionario\/wp-json\/wp\/v2\/media\/15813"}],"wp:attachment":[{"href":"https:\/\/www.appyweb.es\/diccionario\/wp-json\/wp\/v2\/media?parent=2822"}],"curies":[{"name":"wp","href":"https:\/\/api.w.org\/{rel}","templated":true}]}}