{"id":2857,"date":"2023-06-22T11:16:48","date_gmt":"2023-06-22T11:16:48","guid":{"rendered":"https:\/\/www.appyweb.es\/diccionario\/?page_id=2857"},"modified":"2024-04-29T07:29:03","modified_gmt":"2024-04-29T07:29:03","slug":"marketing-2-0","status":"publish","type":"page","link":"https:\/\/www.appyweb.es\/diccionario\/marketing-2-0\/","title":{"rendered":"Marketing 2.0"},"content":{"rendered":"<figure id=\"attachment_15858\" aria-describedby=\"caption-attachment-15858\" style=\"width: 1000px\" class=\"wp-caption alignnone\"><img loading=\"lazy\" decoding=\"async\" class=\"size-full wp-image-15858\" src=\"https:\/\/www.appyweb.es\/diccionario\/wp-content\/uploads\/2024\/04\/Marketing2.0.jpg\" alt=\"Marketing 2.0\" width=\"1000\" height=\"600\" srcset=\"https:\/\/www.appyweb.es\/diccionario\/wp-content\/uploads\/2024\/04\/Marketing2.0.jpg 1000w, https:\/\/www.appyweb.es\/diccionario\/wp-content\/uploads\/2024\/04\/Marketing2.0-300x180.jpg 300w, https:\/\/www.appyweb.es\/diccionario\/wp-content\/uploads\/2024\/04\/Marketing2.0-768x461.jpg 768w\" sizes=\"auto, (max-width: 1000px) 100vw, 1000px\" \/><figcaption id=\"caption-attachment-15858\" class=\"wp-caption-text\">Personas sentadas y tumbadas en una pantalla con un megafono con iconos como fotos.<\/figcaption><\/figure>\n<p>Antes del Internet, la publicidad se basaba en una triada impecable, eran los anuncios para TV, radio y medios impresos. Con la <strong>aparici\u00f3n del marketing 2.0 y los avances de la tecnolog\u00eda<\/strong>, las estrategias de promoci\u00f3n se han vuelto cada vez m\u00e1s elaboradas y efectivas. Sigue leyendo y conoce m\u00e1s.<\/p>\n<h2>\u00bfQu\u00e9 es?<\/h2>\n<p>Para ser m\u00e1s espec\u00edficos, <strong>el marketing 2.0 naci\u00f3 de la implementaci\u00f3n de la filosof\u00eda Web 2.0 <\/strong>enfocado a los negocios, por lo que est\u00e1 relacionado directamente a las bondades del Internet. Esta transformaci\u00f3n permiti\u00f3 que los esfuerzos promocionales empezaran a direccionarse al usuario o consumidor, en lugar de masas o audiencias. Con este, nacieron varias <a href=\"https:\/\/www.appyweb.es\/marketing-de-contenidos\/\">estrategias como el marketing de contenidos<\/a>, el social media, el inbound, entre otros.<\/p>\n<p>Est\u00e1 enfocado al consumidor con la intenci\u00f3n de entender sus necesidades y satisfacerlas, pero eso no significa que se aparte totalmente de lo tradicional, de hecho, \u00e9ste combina los medios de comunicaci\u00f3n tradicionales con plataformas digitales como las redes sociales, p\u00e1ginas y blogs. En los cuales <strong>la interacci\u00f3n con los consumidores es real y rec\u00edproca<\/strong>, haciendo que estos pueden sentirse parte de una marca.<\/p>\n<h2>\u00bfPara qu\u00e9 sirve el Marketing 2.0?<\/h2>\n<p>En la actualidad, es la forma m\u00e1s com\u00fan en la que se hace publicidad, propiciando escenarios econ\u00f3micos y efectivos para la promoci\u00f3n de pymes. Gracias a la proliferaci\u00f3n de sitios web en Internet, la oferta de productos ha aumentado, por lo que ya no se trata de cu\u00e1l es la marca \u00abm\u00e1s popular\u00bb sino, de la que m\u00e1s valor ofrece.<\/p>\n<p>En este sentido, este tipo de publicidad busca diferenciarse m\u00e1s all\u00e1 de sus productos o viralizaci\u00f3n, <strong>m\u00e1s bien teniendo en cuenta su relaci\u00f3n con el cliente<\/strong>. Se le da m\u00e1s importancia al valor adicional que se le ofrece al cliente, que es tambi\u00e9n la base de la <a href=\"https:\/\/www.appyweb.es\/embudo-ventas-e-commerce\/\">filosof\u00eda del embudo de ventas<\/a>. Aunque tambi\u00e9n es importante mencionar que existen m\u00e1s estrategias digitales que se enfocan a este concepto.<\/p>\n<h2>Requisitos del Marketing 2.0<\/h2>\n<p>Para que exista la posibilidad de que una <strong>estrategia digital est\u00e9 basada en el marketing 2.0<\/strong> deben presentarse una serie de requisitos, son los siguientes.<\/p>\n<ul>\n<li>Debe existir un contenido atractivo y de valor que pueda ser difundido por un canal apropiado.<\/li>\n<li>El canal utilizado debe ser capaz de <strong>garantizar una interacci\u00f3n entre la marca y el usuario<\/strong>.<\/li>\n<li>La estrategia debe estar dirigida siempre ha mejorar la interacci\u00f3n con el usuario.<\/li>\n<\/ul>\n<h2>Las ventajas del Marketing 2.0<\/h2>\n<ul>\n<li>Ha fomentado la interacci\u00f3n entre el consumidor y las empresas, hora \u00e9ste es m\u00e1s activo y es m\u00e1s participativo con las marcas.<\/li>\n<li>Potencia los est\u00e1ndares de producci\u00f3n de una compa\u00f1\u00eda, ya que le permite estudiar las fortalezas de lo que ofrece.<\/li>\n<li>Igualmente, <strong>las empresas est\u00e1n m\u00e1s abogadas a reconocer sus debilidades<\/strong> y trabajar en ellas para mejorar el servicio al cliente.<\/li>\n<li>Se sirve de los avances tecnol\u00f3gicos y de las nuevas tendencias digitales, ofrece mil formas diferentes de promocionarse.<\/li>\n<li>Los resultados de las campa\u00f1as son cada vez m\u00e1s exactos e inmediatos, incluso se puede visualizar en tiempo real.<\/li>\n<\/ul>\n<p><script type=\"application\/ld+json\">{\"@context\":\"https:\/\/schema.org\",\"@type\":\"FAQPage\",\"mainEntity\":[ \n{\"@type\":\"Question\",\"name\":\"\u00bfQu\u00e9 es?\",\"acceptedAnswer\":{\"@type\":\"Answer\",\"text\":\"<\/p>\n<p>Para ser m\u00e1s espec\u00edficos, <strong>el marketing 2.0 naci\u00f3 de la implementaci\u00f3n de la filosof\u00eda Web 2.0 <\/strong>enfocado a los negocios, por lo que est\u00e1 relacionado directamente a las bondades del Internet. Esta transformaci\u00f3n permiti\u00f3 que los esfuerzos promocionales empezaran a direccionarse al usuario o consumidor, en lugar de masas o audiencias. Con este, nacieron varias <a href='https:\/\/www.appyweb.es\/marketing-de-contenidos\/'>estrategias como el marketing de contenidos<\/a>, el social media, el inbound, entre otros.<\/p>\n<p>Est\u00e1 enfocado al consumidor con la intenci\u00f3n de entender sus necesidades y satisfacerlas, pero eso no significa que se aparte totalmente de lo tradicional, de hecho, \u00e9ste combina los medios de comunicaci\u00f3n tradicionales con plataformas digitales como las redes sociales, p\u00e1ginas y blogs. En los cuales <strong>la interacci\u00f3n con los consumidores es real y rec\u00edproca<\/strong>, haciendo que estos pueden sentirse parte de una marca.<\/p>\n<p>\"}},\n{\"@type\":\"Question\",\"name\":\"\u00bfPara qu\u00e9 sirve el Marketing 2.0?\",\"acceptedAnswer\":{\"@type\":\"Answer\",\"text\":\"<\/p>\n<p>En la actualidad, es la forma m\u00e1s com\u00fan en la que se hace publicidad, propiciando escenarios econ\u00f3micos y efectivos para la promoci\u00f3n de pymes. Gracias a la proliferaci\u00f3n de sitios web en Internet, la oferta de productos ha aumentado, por lo que ya no se trata de cu\u00e1l es la marca 'm\u00e1s popular' sino, de la que m\u00e1s valor ofrece.<\/p>\n<p>En este sentido, este tipo de publicidad busca diferenciarse m\u00e1s all\u00e1 de sus productos o viralizaci\u00f3n, <strong>m\u00e1s bien teniendo en cuenta su relaci\u00f3n con el cliente<\/strong>. Se le da m\u00e1s importancia al valor adicional que se le ofrece al cliente, que es tambi\u00e9n la base de la <a href='https:\/\/www.appyweb.es\/embudo-ventas-e-commerce\/'>filosof\u00eda del embudo de ventas<\/a>. Aunque tambi\u00e9n es importante mencionar que existen m\u00e1s estrategias digitales que se enfocan a este concepto.<\/p>\n<p>\"}},\n{\"@type\":\"Question\",\"name\":\"Requisitos del Marketing 2.0\",\"acceptedAnswer\":{\"@type\":\"Answer\",\"text\":\"<\/p>\n<p>Para que exista la posibilidad de que una <strong>estrategia digital est\u00e9 basada en el marketing 2.0<\/strong> deben presentarse una serie de requisitos, son los siguientes.<\/p>\n<\/p>\n<\/p>\n<ul>\n<\/p>\n<\/p>\n<li>Debe existir un contenido atractivo y de valor que pueda ser difundido por un canal apropiado.<\/li>\n<\/p>\n<\/p>\n<\/p>\n<li>El canal utilizado debe ser capaz de <strong>garantizar una interacci\u00f3n entre la marca y el usuario<\/strong>.<\/li>\n<\/p>\n<\/p>\n<\/p>\n<li>La estrategia debe estar dirigida siempre ha mejorar la interacci\u00f3n con el usuario.<\/li>\n<\/p>\n<\/ul>\n<\/p>\n<p>\"}},\n{\"@type\":\"Question\",\"name\":\"Las ventajas del Marketing 2.0\",\"acceptedAnswer\":{\"@type\":\"Answer\",\"text\":\"<\/p>\n<\/p>\n<\/p>\n<ul>\n<\/p>\n<\/p>\n<li>Ha fomentado la interacci\u00f3n entre el consumidor y las empresas, hora \u00e9ste es m\u00e1s activo y es m\u00e1s participativo con las marcas.<\/li>\n<\/p>\n<\/p>\n<\/p>\n<li>Potencia los est\u00e1ndares de producci\u00f3n de una compa\u00f1\u00eda, ya que le permite estudiar las fortalezas de lo que ofrece.<\/li>\n<\/p>\n<\/p>\n<\/p>\n<li>Igualmente, <strong>las empresas est\u00e1n m\u00e1s abogadas a reconocer sus debilidades<\/strong> y trabajar en ellas para mejorar el servicio al cliente.<\/li>\n<\/p>\n<\/p>\n<\/p>\n<li>Se sirve de los avances tecnol\u00f3gicos y de las nuevas tendencias digitales, ofrece mil formas diferentes de promocionarse.<\/li>\n<\/p>\n<\/p>\n<\/p>\n<li>Los resultados de las campa\u00f1as son cada vez m\u00e1s exactos e inmediatos, incluso se puede visualizar en tiempo real.<\/li>\n<\/p>\n<\/ul>\n<\/p>\n<p>\"}}\n]}<\/script><\/p>\n<h2>M\u00e1s informaci\u00f3n sobre Marketing 2.0<\/h2>\n<p>Aunque han aparecido incre\u00edbles y casi futuristas m\u00e9todos para promocionarse utilizando Internet, <strong>este tipo de estrategias siguen siendo imprescindibles en el mundo moderno<\/strong>. Si quieres saber un poco m\u00e1s sobre esto mira estos enlaces.<\/p>\n<ul>\n<li><a href=\"https:\/\/www.appyweb.es\/6-razones-crear-una-estrategia-marketing-digital\/\">6 razones para crear una estrategia de marketing digital<\/a><\/li>\n<li><a href=\"https:\/\/es.wikipedia.org\/wiki\/Mercadotecnia_en_Internet#Los_4_ejes_de_la_mercadotecnia_en_l%C3%ADnea\" rel=\"nofollow noopener\" target=\"_blank\">Los 4 ejes de la mercadotecnia en l\u00ednea<\/a><\/li>\n<\/ul>\n<p>&nbsp;<\/p>\n","protected":false},"excerpt":{"rendered":"<p>Antes del Internet, la publicidad se basaba en una triada impecable, eran los anuncios para TV, radio y medios impresos. Con la aparici\u00f3n del marketing 2.0 y los avances de la tecnolog\u00eda, las estrategias de promoci\u00f3n se han vuelto cada vez m\u00e1s elaboradas y efectivas. Sigue leyendo y conoce m\u00e1s. \u00bfQu\u00e9 es? Para ser m\u00e1s [&hellip;]<\/p>\n","protected":false},"author":1,"featured_media":15858,"parent":0,"menu_order":0,"comment_status":"closed","ping_status":"closed","template":"","meta":{"inline_featured_image":false,"footnotes":""},"class_list":["post-2857","page","type-page","status-publish","has-post-thumbnail","hentry"],"_links":{"self":[{"href":"https:\/\/www.appyweb.es\/diccionario\/wp-json\/wp\/v2\/pages\/2857","targetHints":{"allow":["GET"]}}],"collection":[{"href":"https:\/\/www.appyweb.es\/diccionario\/wp-json\/wp\/v2\/pages"}],"about":[{"href":"https:\/\/www.appyweb.es\/diccionario\/wp-json\/wp\/v2\/types\/page"}],"author":[{"embeddable":true,"href":"https:\/\/www.appyweb.es\/diccionario\/wp-json\/wp\/v2\/users\/1"}],"replies":[{"embeddable":true,"href":"https:\/\/www.appyweb.es\/diccionario\/wp-json\/wp\/v2\/comments?post=2857"}],"version-history":[{"count":6,"href":"https:\/\/www.appyweb.es\/diccionario\/wp-json\/wp\/v2\/pages\/2857\/revisions"}],"predecessor-version":[{"id":15863,"href":"https:\/\/www.appyweb.es\/diccionario\/wp-json\/wp\/v2\/pages\/2857\/revisions\/15863"}],"wp:featuredmedia":[{"embeddable":true,"href":"https:\/\/www.appyweb.es\/diccionario\/wp-json\/wp\/v2\/media\/15858"}],"wp:attachment":[{"href":"https:\/\/www.appyweb.es\/diccionario\/wp-json\/wp\/v2\/media?parent=2857"}],"curies":[{"name":"wp","href":"https:\/\/api.w.org\/{rel}","templated":true}]}}