{"id":286,"date":"2023-06-19T14:29:56","date_gmt":"2023-06-19T14:29:56","guid":{"rendered":"https:\/\/www.appyweb.es\/diccionario\/?page_id=286"},"modified":"2024-03-11T21:34:49","modified_gmt":"2024-03-11T21:34:49","slug":"blogosfera","status":"publish","type":"page","link":"https:\/\/www.appyweb.es\/diccionario\/blogosfera\/","title":{"rendered":"Blogosfera"},"content":{"rendered":"<h1 class=\"entry-title main_title\"><img loading=\"lazy\" decoding=\"async\" class=\" wp-image-10319 aligncenter\" src=\"https:\/\/www.appyweb.es\/diccionario\/wp-content\/uploads\/2023\/09\/que-es-blogosfera-300x300.jpg\" alt=\"\" width=\"846\" height=\"846\" srcset=\"https:\/\/www.appyweb.es\/diccionario\/wp-content\/uploads\/2023\/09\/que-es-blogosfera-300x300.jpg 300w, https:\/\/www.appyweb.es\/diccionario\/wp-content\/uploads\/2023\/09\/que-es-blogosfera-1024x1024.jpg 1024w, https:\/\/www.appyweb.es\/diccionario\/wp-content\/uploads\/2023\/09\/que-es-blogosfera-150x150.jpg 150w, https:\/\/www.appyweb.es\/diccionario\/wp-content\/uploads\/2023\/09\/que-es-blogosfera-768x768.jpg 768w, https:\/\/www.appyweb.es\/diccionario\/wp-content\/uploads\/2023\/09\/que-es-blogosfera.jpg 1080w\" sizes=\"auto, (max-width: 846px) 100vw, 846px\" \/><\/h1>\n<p>Los blogs han sido por a\u00f1os el mejor m\u00e9todo para que personas alrededor del mundo expresen ideas, opiniones, teor\u00edas, conocimientos, entre otros, a trav\u00e9s de Internet. Sin embargo, en un universo interconectado era necesaria<strong>\u00a0<\/strong>la creaci\u00f3n de un sistema que permitiera vincular todos los sitios afines,\u00a0<strong>naciendo de esta forma el concepto de Blogosfera<\/strong>.<\/p>\n<h2>\u00bfQu\u00e9 es una blogosfera?<\/h2>\n<p>Se define como un <strong>conjunto de blogs que est\u00e1n conectados entre s\u00ed a trav\u00e9s de enlaces<\/strong>, estos son conocidos como weblogs.<br \/>\nB\u00e1sicamente, es un sistema virtual, en el que se comparten ideas sobre diversos temas de inter\u00e9s colectivo, bien <a href=\"https:\/\/diseno20.appyweb.es\/seo-empresas\/\" rel=\"nofollow noopener\" target=\"_blank\">puede ser de \u00edndole empresarial<\/a> o de temas cotidianos.<\/p>\n<p>Se convirti\u00f3 en <strong>una de las plataformas m\u00e1s populares en el mundo de los escritores profesionales<\/strong>, tambi\u00e9n de aquellos que solo est\u00e1n en busca de un espacio para expresar sus pensamientos o contenidos con el mundo exterior.<\/p>\n<p>Es f\u00e1cil identificar cuando una plataforma pertenece a este servicio por que cuenta con el sufijo <em>blogspot.com <\/em>en el dominio del mismo.<\/p>\n<h2>Origen blogosfera<\/h2>\n<p>El t\u00e9rmino fue el resultado de varias definiciones que empezaron a partir de 1999, cuando Peter Merholtz escribi\u00f3 un libro relacionado al <a href=\"https:\/\/diseno20.appyweb.es\/diseno-web\/\" rel=\"nofollow noopener\" target=\"_blank\">dise\u00f1o de sitios web en conjunto<\/a>.<br \/>\nDespu\u00e9s, en el a\u00f1o 2001, William Quick utiliz\u00f3 el t\u00e9rmino en toda su extensi\u00f3n para darle una definici\u00f3n m\u00e1s concreta.<br \/>\nDesde entonces, acad\u00e9micos y expertos en la web lo utilizaron para referirse a plataformas que ofrec\u00edan <strong>la oportunidad de formar parte de una comunidad de bloggers<\/strong>.<br \/>\nDe esta forma, Pitas y Blogger fueron denominadas como las primeras blogosferas de la historia.<\/p>\n<h2>Ejemplo de una blogosfera<\/h2>\n<p>Estas pueden encerrar ecosistemas de toda \u00edndole, bien sea pol\u00edticos, deportivos, de moda o salud.<br \/>\nUn ejemplo notorio es el de <em>The Caucus<\/em>, <strong>una red de plataformas que incluye grandes medios online<\/strong> como The New York Times y CNN Political Ticker, fue creada con el fin de tratar temas pol\u00edticos.<\/p>\n<p>Igualmente, se pueden definir de forma impl\u00edcita, como cuando se relacionan entre s\u00ed por su localizaci\u00f3n o <a href=\"https:\/\/diseno20.appyweb.es\/redaccion-textos-seo\/\" rel=\"nofollow noopener\" target=\"_blank\">afinidad de temas<\/a>.<br \/>\nPor ejemplo, como una atmosfera de chismes, el blog de P\u00e9rez Hilton, TMZ y The Superficial forman parte de una comunidad que se dedica a redactar sobre pol\u00e9micas en Hollywood.<\/p>\n<p><script type=\"application\/ld+json\">{\"@context\":\"https:\/\/schema.org\",\"@type\":\"FAQPage\",\"mainEntity\":[ \n{\"@type\":\"Question\",\"name\":\"\u00bfQu\u00e9 es una blogosfera?\",\"acceptedAnswer\":{\"@type\":\"Answer\",\"text\":\"<\/p>\n<\/p>\n<\/p>\n<p>Se define como un <strong>conjunto de blogs que est\u00e1n conectados entre s\u00ed a trav\u00e9s de enlaces<\/strong>, estos son conocidos como weblogs. <br \/>B\u00e1sicamente, es un sistema virtual, en el que se comparten ideas sobre diversos temas de inter\u00e9s colectivo, bien <a href='https:\/\/diseno20.appyweb.es\/seo-empresas\/'>puede ser de \u00edndole empresarial<\/a> o de temas cotidianos.<\/p>\n<\/p>\n<\/p>\n<\/p>\n<\/p>\n<p>Se convirti\u00f3 en <strong>una de las plataformas m\u00e1s populares en el mundo de los escritores profesionales<\/strong>, tambi\u00e9n de aquellos que solo est\u00e1n en busca de un espacio para expresar sus pensamientos o contenidos con el mundo exterior.<\/p>\n<\/p>\n<\/p>\n<\/p>\n<\/p>\n<p>Es f\u00e1cil identificar cuando una plataforma pertenece a este servicio por que cuenta con el sufijo <em>blogspot.com <\/em>en el dominio del mismo.<\/p>\n<\/p>\n<\/p>\n<p>\"}},\n{\"@type\":\"Question\",\"name\":\"Origen blogosfera\",\"acceptedAnswer\":{\"@type\":\"Answer\",\"text\":\"<\/p>\n<\/p>\n<\/p>\n<p>El t\u00e9rmino fue el resultado de varias definiciones que empezaron a partir de 1999, cuando Peter Merholtz escribi\u00f3 un libro relacionado al <a href='https:\/\/diseno20.appyweb.es\/diseno-web\/'>dise\u00f1o de sitios web en conjunto<\/a>. <br \/>Despu\u00e9s, en el a\u00f1o 2001, William Quick utiliz\u00f3 el t\u00e9rmino en toda su extensi\u00f3n para darle una definici\u00f3n m\u00e1s concreta. <br \/>Desde entonces, acad\u00e9micos y expertos en la web lo utilizaron para referirse a plataformas que ofrec\u00edan <strong>la oportunidad de formar parte de una comunidad de bloggers<\/strong>. <br \/>De esta forma, Pitas y Blogger fueron denominadas como las primeras blogosferas de la historia.<\/p>\n<\/p>\n<\/p>\n<p>\"}},\n{\"@type\":\"Question\",\"name\":\"Ejemplo de una blogosfera\",\"acceptedAnswer\":{\"@type\":\"Answer\",\"text\":\"<\/p>\n<\/p>\n<\/p>\n<p>Estas pueden encerrar ecosistemas de toda \u00edndole, bien sea pol\u00edticos, deportivos, de moda o salud. <br \/>Un ejemplo notorio es el de <em>The Caucus<\/em>, <strong>una red de plataformas que incluye grandes medios online<\/strong> como The New York Times y CNN Political Ticker, fue creada con el fin de tratar temas pol\u00edticos.<\/p>\n<\/p>\n<\/p>\n<\/p>\n<\/p>\n<p>Igualmente, se pueden definir de forma impl\u00edcita, como cuando se relacionan entre s\u00ed por su localizaci\u00f3n o <a href='https:\/\/diseno20.appyweb.es\/redaccion-textos-seo\/'>afinidad de temas<\/a>. <br \/>Por ejemplo, como una atmosfera de chismes, el blog de P\u00e9rez Hilton, TMZ y The Superficial forman parte de una comunidad que se dedica a redactar sobre pol\u00e9micas en Hollywood.<\/p>\n<\/p>\n<\/p>\n<p>\"}}\n]}<\/script><\/p>\n<p>&nbsp;<\/p>\n<h2><span id=\"%F0%9F%93%8C_Mas_informacion_sobre_blogosfera\" class=\"ez-toc-section\"><\/span>M\u00e1s informaci\u00f3n sobre blogosfera<\/h2>\n<ul>\n<li><a href=\"https:\/\/www.appyweb.es\/diccionario\/blogroll\/\">\u00bfQu\u00e9 es el Blogroll y para qu\u00e9 sirve?<\/a><\/li>\n<li><a href=\"https:\/\/es.wikipedia.org\/wiki\/Blogosfera#Din%C3%A1mica_de_las_blogosferas\" rel=\"nofollow noopener\" target=\"_blank\">Din\u00e1mica de las blogosferas<\/a>.<\/li>\n<\/ul>\n<p>&nbsp;<\/p>\n","protected":false},"excerpt":{"rendered":"<p>Los blogs han sido por a\u00f1os el mejor m\u00e9todo para que personas alrededor del mundo expresen ideas, opiniones, teor\u00edas, conocimientos, entre otros, a trav\u00e9s de Internet. Sin embargo, en un universo interconectado era necesaria\u00a0la creaci\u00f3n de un sistema que permitiera vincular todos los sitios afines,\u00a0naciendo de esta forma el concepto de Blogosfera. \u00bfQu\u00e9 es una [&hellip;]<\/p>\n","protected":false},"author":1,"featured_media":10319,"parent":0,"menu_order":0,"comment_status":"closed","ping_status":"closed","template":"","meta":{"inline_featured_image":false,"footnotes":""},"class_list":["post-286","page","type-page","status-publish","has-post-thumbnail","hentry"],"_links":{"self":[{"href":"https:\/\/www.appyweb.es\/diccionario\/wp-json\/wp\/v2\/pages\/286","targetHints":{"allow":["GET"]}}],"collection":[{"href":"https:\/\/www.appyweb.es\/diccionario\/wp-json\/wp\/v2\/pages"}],"about":[{"href":"https:\/\/www.appyweb.es\/diccionario\/wp-json\/wp\/v2\/types\/page"}],"author":[{"embeddable":true,"href":"https:\/\/www.appyweb.es\/diccionario\/wp-json\/wp\/v2\/users\/1"}],"replies":[{"embeddable":true,"href":"https:\/\/www.appyweb.es\/diccionario\/wp-json\/wp\/v2\/comments?post=286"}],"version-history":[{"count":9,"href":"https:\/\/www.appyweb.es\/diccionario\/wp-json\/wp\/v2\/pages\/286\/revisions"}],"predecessor-version":[{"id":11375,"href":"https:\/\/www.appyweb.es\/diccionario\/wp-json\/wp\/v2\/pages\/286\/revisions\/11375"}],"wp:featuredmedia":[{"embeddable":true,"href":"https:\/\/www.appyweb.es\/diccionario\/wp-json\/wp\/v2\/media\/10319"}],"wp:attachment":[{"href":"https:\/\/www.appyweb.es\/diccionario\/wp-json\/wp\/v2\/media?parent=286"}],"curies":[{"name":"wp","href":"https:\/\/api.w.org\/{rel}","templated":true}]}}