{"id":289,"date":"2023-06-19T14:31:44","date_gmt":"2023-06-19T14:31:44","guid":{"rendered":"https:\/\/www.appyweb.es\/diccionario\/?page_id=289"},"modified":"2024-03-11T21:44:57","modified_gmt":"2024-03-11T21:44:57","slug":"blogroll","status":"publish","type":"page","link":"https:\/\/www.appyweb.es\/diccionario\/blogroll\/","title":{"rendered":"Blogroll"},"content":{"rendered":"<h1 class=\"entry-title main_title\"><img loading=\"lazy\" decoding=\"async\" class=\" wp-image-10322 aligncenter\" src=\"https:\/\/www.appyweb.es\/diccionario\/wp-content\/uploads\/2023\/09\/blogroll-significado-300x224.jpg\" alt=\"\" width=\"877\" height=\"655\" srcset=\"https:\/\/www.appyweb.es\/diccionario\/wp-content\/uploads\/2023\/09\/blogroll-significado-300x224.jpg 300w, https:\/\/www.appyweb.es\/diccionario\/wp-content\/uploads\/2023\/09\/blogroll-significado-1024x765.jpg 1024w, https:\/\/www.appyweb.es\/diccionario\/wp-content\/uploads\/2023\/09\/blogroll-significado-768x574.jpg 768w, https:\/\/www.appyweb.es\/diccionario\/wp-content\/uploads\/2023\/09\/blogroll-significado.jpg 1080w\" sizes=\"auto, (max-width: 877px) 100vw, 877px\" \/><\/h1>\n<p>Se trata de una t\u00e9cnica muy popular en el mundo de los blogger, permite\u00a0<strong>mostrar varias sugerencias de diferentes blogs dentro de una plataforma<\/strong>.<br \/>\nGracias al blogroll es posible poner en pr\u00e1ctica diferentes estrategias de visibilidad para audiencias similares.<\/p>\n<h2>\u00bfQu\u00e9 es un Blogroll?<\/h2>\n<p>Este es uno de los recursos m\u00e1s utilizados para portales digitales.<br \/>\n<strong>Se trata de una colecci\u00f3n de enlaces que dan visibilidad a otros blogs.<\/strong> Es una t\u00e9cnica muy utilizada cuando se trata de colaboraci\u00f3n dentro de un mismo mercado.<\/p>\n<p>Al implementar esta estrategia es importante optimizar las opciones, el uso de los enlaces debe ser limitado, estar localizados en una <a href=\"https:\/\/diseno20.appyweb.es\/diseno-web\/\" rel=\"nofollow noopener\" target=\"_blank\">secci\u00f3n no invasiva del dise\u00f1o web<\/a> y mostrar informaci\u00f3n que sea relevante con el blog de entrada.<\/p>\n<h2>Origen Blogroll<\/h2>\n<p>Este t\u00e9rmino empez\u00f3 a utilizarse por su combinaci\u00f3n con la palabra <em>blog<\/em> y <em>roll<\/em>, esta \u00faltima se puede traducir como \u201clista\u201d, <strong>ya que literalmente los enlaces se muestran en forma de columna<\/strong>.<br \/>\nTradicionalmente, se posicionan a un lateral de la plataforma, aunque tambi\u00e9n se pueden visualizar en la cabecera o en el pie de p\u00e1gina.<br \/>\nDe esta forma, el usuario puede visualizar esas sugerencias mientras lee el post al que ingres\u00f3 originalmente.<\/p>\n<h2>\u00bfEs bueno el Blogroll para el SEO?<\/h2>\n<p>Estrat\u00e9gicamente, es utilizado como un acuerdo de colaboraci\u00f3n entre blogs, bien sea para ampliar el <a href=\"https:\/\/diseno20.appyweb.es\/link-building\/\" rel=\"nofollow noopener\" target=\"_blank\">alcance del link building<\/a> o para mejorar el tr\u00e1fico y visibilidad de una marca. Tambi\u00e9n puede emplearse como espacio publicitario, con un enlace que direcciona a la p\u00e1gina principal o post del otro blog.<\/p>\n<p>Anteriormente, <strong>esta estrategia era utilizada asiduamente por los expertos en SEO<\/strong>, debido a que pod\u00edan aumentar los resultados en cuanto al posicionamiento en buscadores.<br \/>\nPero, con las actualizaciones de los algoritmos, \u00e9sta pr\u00e1ctica no es muy bien valorada e incluso puede interpretarse como spam.<\/p>\n<h2>Ejemplo de un blogroll<\/h2>\n<p>En este ejemplo se puede observar la captura de un blog llamado <em>mujeresconsejeras.com<\/em>, esta vez, el blogroll se encuentra como parte de la cabecera, donde se pueden visualizar los nombres de tres blogueras.<br \/>\nAl hacer clic sobre esos \u00edconos se puede acceder a un blog personal que, aunque est\u00e1 relacionado a la p\u00e1gina, es un enlace diferente.<\/p>\n<p><img decoding=\"async\" src=\"https:\/\/www.appyweb.es\/wp-content\/uploads\/2020\/08\/blogroll-ejemplo.jpg\" alt=\"ejemplo blogroll\" \/><\/p>\n<p><script type=\"application\/ld+json\">{\"@context\":\"https:\/\/schema.org\",\"@type\":\"FAQPage\",\"mainEntity\":[ \n{\"@type\":\"Question\",\"name\":\"\u00bfQu\u00e9 es un Blogroll?\",\"acceptedAnswer\":{\"@type\":\"Answer\",\"text\":\"<\/p>\n<\/p>\n<\/p>\n<\/p>\n<\/p>\n<\/p>\n<\/p>\n<\/p>\n<\/p>\n<\/p>\n<\/p>\n<\/p>\n<\/p>\n<\/p>\n<\/p>\n<\/p>\n<\/p>\n<p>Este es uno de los recursos m\u00e1s utilizados para portales digitales.<br \/><strong>Se trata de una colecci\u00f3n de enlaces que dan visibilidad a otros blogs.<\/strong> Es una t\u00e9cnica muy utilizada cuando se trata de colaboraci\u00f3n dentro de un mismo mercado.<\/p>\n<\/p>\n<\/p>\n<\/p>\n<\/p>\n<\/p>\n<\/p>\n<\/p>\n<\/p>\n<\/p>\n<\/p>\n<\/p>\n<\/p>\n<\/p>\n<\/p>\n<\/p>\n<\/p>\n<\/p>\n<\/p>\n<\/p>\n<\/p>\n<\/p>\n<\/p>\n<\/p>\n<\/p>\n<\/p>\n<\/p>\n<\/p>\n<\/p>\n<\/p>\n<\/p>\n<\/p>\n<\/p>\n<p>Al implementar esta estrategia es importante optimizar las opciones, el uso de los enlaces debe ser limitado, estar localizados en una <a href='https:\/\/diseno20.appyweb.es\/diseno-web\/'>secci\u00f3n no invasiva del dise\u00f1o web<\/a> y mostrar informaci\u00f3n que sea relevante con el blog de entrada.<\/p>\n<\/p>\n<\/p>\n<\/p>\n<\/p>\n<\/p>\n<\/p>\n<\/p>\n<\/p>\n<\/p>\n<\/p>\n<\/p>\n<\/p>\n<\/p>\n<\/p>\n<\/p>\n<\/p>\n<p>\"}},\n{\"@type\":\"Question\",\"name\":\"Origen Blogroll\",\"acceptedAnswer\":{\"@type\":\"Answer\",\"text\":\"<\/p>\n<\/p>\n<\/p>\n<\/p>\n<\/p>\n<\/p>\n<\/p>\n<\/p>\n<\/p>\n<\/p>\n<\/p>\n<\/p>\n<\/p>\n<\/p>\n<\/p>\n<\/p>\n<\/p>\n<p>Este t\u00e9rmino empez\u00f3 a utilizarse por su combinaci\u00f3n con la palabra <em>blog<\/em> y <em>roll<\/em>, esta \u00faltima se puede traducir como \u201clista\u201d, <strong>ya que literalmente los enlaces se muestran en forma de columna<\/strong>.<br \/>Tradicionalmente, se posicionan a un lateral de la plataforma, aunque tambi\u00e9n se pueden visualizar en la cabecera o en el pie de p\u00e1gina.<br \/>De esta forma, el usuario puede visualizar esas sugerencias mientras lee el post al que ingres\u00f3 originalmente.<\/p>\n<\/p>\n<\/p>\n<\/p>\n<\/p>\n<\/p>\n<\/p>\n<\/p>\n<\/p>\n<\/p>\n<\/p>\n<\/p>\n<\/p>\n<\/p>\n<\/p>\n<\/p>\n<\/p>\n<p>\"}},\n{\"@type\":\"Question\",\"name\":\"\u00bfEs bueno el Blogroll para el SEO?\",\"acceptedAnswer\":{\"@type\":\"Answer\",\"text\":\"<\/p>\n<\/p>\n<\/p>\n<\/p>\n<\/p>\n<\/p>\n<\/p>\n<\/p>\n<\/p>\n<\/p>\n<\/p>\n<\/p>\n<\/p>\n<\/p>\n<\/p>\n<\/p>\n<\/p>\n<p>Estrat\u00e9gicamente, es utilizado como un acuerdo de colaboraci\u00f3n entre blogs, bien sea para ampliar el <a href='https:\/\/diseno20.appyweb.es\/link-building\/'>alcance del link building<\/a> o para mejorar el tr\u00e1fico y visibilidad de una marca. Tambi\u00e9n puede emplearse como espacio publicitario, con un enlace que direcciona a la p\u00e1gina principal o post del otro blog.<\/p>\n<\/p>\n<\/p>\n<\/p>\n<\/p>\n<\/p>\n<\/p>\n<\/p>\n<\/p>\n<\/p>\n<\/p>\n<\/p>\n<\/p>\n<\/p>\n<\/p>\n<\/p>\n<\/p>\n<\/p>\n<\/p>\n<\/p>\n<\/p>\n<\/p>\n<\/p>\n<\/p>\n<\/p>\n<\/p>\n<\/p>\n<\/p>\n<\/p>\n<\/p>\n<\/p>\n<\/p>\n<\/p>\n<p>Anteriormente, <strong>esta estrategia era utilizada asiduamente por los expertos en SEO<\/strong>, debido a que pod\u00edan aumentar los resultados en cuanto al posicionamiento en buscadores.<br \/>Pero, con las actualizaciones de los algoritmos, \u00e9sta pr\u00e1ctica no es muy bien valorada e incluso puede interpretarse como spam.<\/p>\n<\/p>\n<\/p>\n<\/p>\n<\/p>\n<\/p>\n<\/p>\n<\/p>\n<\/p>\n<\/p>\n<\/p>\n<\/p>\n<\/p>\n<\/p>\n<\/p>\n<\/p>\n<\/p>\n<p>\"}},\n{\"@type\":\"Question\",\"name\":\"Ejemplo de un blogroll\",\"acceptedAnswer\":{\"@type\":\"Answer\",\"text\":\"<\/p>\n<\/p>\n<\/p>\n<\/p>\n<\/p>\n<\/p>\n<\/p>\n<\/p>\n<\/p>\n<\/p>\n<\/p>\n<\/p>\n<\/p>\n<\/p>\n<\/p>\n<\/p>\n<\/p>\n<p>En este ejemplo se puede observar la captura de un blog llamado <em>mujeresconsejeras.com<\/em>, esta vez, el blogroll se encuentra como parte de la cabecera, donde se pueden visualizar los nombres de tres blogueras.<br \/>Al hacer clic sobre esos \u00edconos se puede acceder a un blog personal que, aunque est\u00e1 relacionado a la p\u00e1gina, es un enlace diferente.<\/p>\n<\/p>\n<\/p>\n<\/p>\n<\/p>\n<\/p>\n<\/p>\n<\/p>\n<\/p>\n<\/p>\n<\/p>\n<\/p>\n<\/p>\n<\/p>\n<\/p>\n<\/p>\n<\/p>\n<p>\"}}\n]}<\/script><\/p>\n<p>&nbsp;<\/p>\n<h2><span id=\"%F0%9F%93%8C_Mas_informacion_sobre_blogroll\" class=\"ez-toc-section\"><\/span>M\u00e1s informaci\u00f3n sobre blogroll<\/h2>\n<ul>\n<li><a href=\"http:\/\/escribirunblog.com\/blogrolls-origenes-y-terminologia\/\" rel=\"nofollow noopener\" target=\"_blank\">Blogrolls; Or\u00edgenes y Terminolog\u00eda<\/a>.<\/li>\n<\/ul>\n<p>&nbsp;<\/p>\n","protected":false},"excerpt":{"rendered":"<p>Se trata de una t\u00e9cnica muy popular en el mundo de los blogger, permite\u00a0mostrar varias sugerencias de diferentes blogs dentro de una plataforma. Gracias al blogroll es posible poner en pr\u00e1ctica diferentes estrategias de visibilidad para audiencias similares. \u00bfQu\u00e9 es un Blogroll? Este es uno de los recursos m\u00e1s utilizados para portales digitales. Se trata [&hellip;]<\/p>\n","protected":false},"author":1,"featured_media":10322,"parent":0,"menu_order":0,"comment_status":"closed","ping_status":"closed","template":"","meta":{"inline_featured_image":false,"footnotes":""},"class_list":["post-289","page","type-page","status-publish","has-post-thumbnail","hentry"],"_links":{"self":[{"href":"https:\/\/www.appyweb.es\/diccionario\/wp-json\/wp\/v2\/pages\/289","targetHints":{"allow":["GET"]}}],"collection":[{"href":"https:\/\/www.appyweb.es\/diccionario\/wp-json\/wp\/v2\/pages"}],"about":[{"href":"https:\/\/www.appyweb.es\/diccionario\/wp-json\/wp\/v2\/types\/page"}],"author":[{"embeddable":true,"href":"https:\/\/www.appyweb.es\/diccionario\/wp-json\/wp\/v2\/users\/1"}],"replies":[{"embeddable":true,"href":"https:\/\/www.appyweb.es\/diccionario\/wp-json\/wp\/v2\/comments?post=289"}],"version-history":[{"count":13,"href":"https:\/\/www.appyweb.es\/diccionario\/wp-json\/wp\/v2\/pages\/289\/revisions"}],"predecessor-version":[{"id":11378,"href":"https:\/\/www.appyweb.es\/diccionario\/wp-json\/wp\/v2\/pages\/289\/revisions\/11378"}],"wp:featuredmedia":[{"embeddable":true,"href":"https:\/\/www.appyweb.es\/diccionario\/wp-json\/wp\/v2\/media\/10322"}],"wp:attachment":[{"href":"https:\/\/www.appyweb.es\/diccionario\/wp-json\/wp\/v2\/media?parent=289"}],"curies":[{"name":"wp","href":"https:\/\/api.w.org\/{rel}","templated":true}]}}