{"id":2935,"date":"2023-06-22T13:11:25","date_gmt":"2023-06-22T13:11:25","guid":{"rendered":"https:\/\/www.appyweb.es\/diccionario\/?post_type=project&#038;p=2935"},"modified":"2024-04-29T08:30:14","modified_gmt":"2024-04-29T08:30:14","slug":"marketing-boca-a-boca","status":"publish","type":"page","link":"https:\/\/www.appyweb.es\/diccionario\/marketing-boca-a-boca\/","title":{"rendered":"Marketing boca a boca"},"content":{"rendered":"<figure id=\"attachment_15895\" aria-describedby=\"caption-attachment-15895\" style=\"width: 1000px\" class=\"wp-caption alignnone\"><img loading=\"lazy\" decoding=\"async\" class=\"size-full wp-image-15895\" src=\"https:\/\/www.appyweb.es\/diccionario\/wp-content\/uploads\/2024\/04\/Marketingbocaaboca.jpg\" alt=\"Marketing boca a boca\" width=\"1000\" height=\"600\" srcset=\"https:\/\/www.appyweb.es\/diccionario\/wp-content\/uploads\/2024\/04\/Marketingbocaaboca.jpg 1000w, https:\/\/www.appyweb.es\/diccionario\/wp-content\/uploads\/2024\/04\/Marketingbocaaboca-300x180.jpg 300w, https:\/\/www.appyweb.es\/diccionario\/wp-content\/uploads\/2024\/04\/Marketingbocaaboca-768x461.jpg 768w\" sizes=\"auto, (max-width: 1000px) 100vw, 1000px\" \/><figcaption id=\"caption-attachment-15895\" class=\"wp-caption-text\">Personas hablando sobre alguna marca entre ellos mismos.<\/figcaption><\/figure>\n<p>Un informe publicado en 2016 arroja como resultado que el 82% de los consumidores de productos y servicios, conf\u00edan en las recomendaciones sobre las compa\u00f1\u00edas que les ofrecen por parte de sus familiares y amigos. <strong>A esta acci\u00f3n se le conoce como marketing boca a boca<\/strong>.<\/p>\n<h2>\u00bfQu\u00e9 es?<\/h2>\n<p>Puede considerarse como la forma m\u00e1s antigua y tradicional de hacer publicidad, <strong>consiste en las recomendaciones que hacen los consumidores de una marca<\/strong> a otras personas sobre el producto o servicio que ofrece. El objetivo de este tipo de publicidad es crear una conversaci\u00f3n natural sobre el producto o servicio por parte de los consumidores a sus amigos, familiares, personas cercanas, entre otras.<\/p>\n<p>Para ello, esta conversaci\u00f3n debe ser fomentada por parte de la empresa, vali\u00e9ndose de estrategias que promuevan estas situaciones. Por ejemplo, el <a href=\"https:\/\/www.appyweb.es\/social-media-manager\/\">social media manager<\/a> puede poner en marcha <strong>estrategias en redes sociales que incentiven a la interacci\u00f3n<\/strong> entre amigos o conocidos.<\/p>\n<h2>Uso del marketing boca a boca \u00bfPara qu\u00e9 sirve?<\/h2>\n<p>Este tipo de marketing <a href=\"https:\/\/www.appyweb.es\/conversion-web\/\">incrementa la captaci\u00f3n de leads<\/a>, que tienen el potencial de convertirse en consumidores de la marca. Aparte, sirve como una <strong>estrategia que no requiere una gran inversi\u00f3n econ\u00f3mica<\/strong>, ya que la publicidad se estar\u00e1 moviendo sola en las calles.<\/p>\n<p>Este tipo de publicidad es ideal para negocios emergentes, que no tengan un presupuesto grande para invertir en campa\u00f1as de promoci\u00f3n y deseen posicionarse dentro del mercado. En este caso, la inversi\u00f3n deber\u00e1 hacerse en los recursos de conversi\u00f3n o estrategias de automatizaci\u00f3n para el proceso de compra.<\/p>\n<h2>\u00bfC\u00f3mo funciona el marketing boca a boca?<\/h2>\n<p>Ocurre cuando un cliente pasa a la etapa de fidelizaci\u00f3n, en el embudo de ventas existe varios escenarios, seg\u00fan las acciones de la empresa y la preparaci\u00f3n del usuario se determinan en qu\u00e9 parte del embudo se encuentra. <strong>La fidelizaci\u00f3n se da con frecuencia despu\u00e9s de la venta<\/strong>, es cuando el cliente empieza a desarrollar una relaci\u00f3n comercial duradera.<\/p>\n<p>Esto garantiza que volver\u00e1 a comprar en el futuro, pero lo que es mejor, traer\u00e1 potenciales clientes consigo. El <strong>marketing boca a boca ocurre cuando ese cliente fidelizado empieza a ser promotor<\/strong> de la empresa, sin tener ning\u00fan beneficio de por medio, la mayor\u00eda de las veces son personas que se sienten aut\u00e9nticamente felices con el servicio y no les molesta comentarlo con las personas a su alrededor.<\/p>\n<h2>Estrategias para el marketing boca a boca<\/h2>\n<p>Existe una gran variedad, sin embargo, en este apartado nombraremos solo unas cuantas.<\/p>\n<ul>\n<li><strong>Mejorar la atenci\u00f3n al cliente<\/strong>: Un usuario satisfecho quedar\u00e1 encantado no s\u00f3lo con el servicio, sino con la marca, lo que aumenta la probabilidad de recomendaci\u00f3n.<\/li>\n<li><strong>Ofrecer productos de calidad<\/strong>: Esto garantizar\u00e1 que el cliente vuelva y haga recomendaciones a usuarios similares en su entorno.<\/li>\n<li><strong>Crear contenidos que puedan ser virales<\/strong>: Ya que permite que los clientes actuales compartan los temas con sus conocidos.<\/li>\n<li><strong>Ofrecer valor a\u00f1adido<\/strong>: Lo m\u00e1s recomendable es la personalizaci\u00f3n, esto har\u00e1 que el cliente se sienta complacido y recomiende el servicio.<\/li>\n<\/ul>\n<p><script type=\"application\/ld+json\">{\"@context\":\"https:\/\/schema.org\",\"@type\":\"FAQPage\",\"mainEntity\":[ \n{\"@type\":\"Question\",\"name\":\"\ud83d\udccc \u00bfQu\u00e9 es?\",\"acceptedAnswer\":{\"@type\":\"Answer\",\"text\":\"<\/p>\n<p>Puede considerarse como la forma m\u00e1s antigua y tradicional de hacer publicidad, <strong>consiste en las recomendaciones que hacen los consumidores de una marca<\/strong> a otras personas sobre el producto o servicio que ofrece. El objetivo de este tipo de publicidad es crear una conversaci\u00f3n natural sobre el producto o servicio por parte de los consumidores a sus amigos, familiares, personas cercanas, entre otras.<\/p>\n<p>Para ello, esta conversaci\u00f3n debe ser fomentada por parte de la empresa, vali\u00e9ndose de estrategias que promuevan estas situaciones. Por ejemplo, el <a href='https:\/\/www.appyweb.es\/social-media-manager\/'>social media manager<\/a> puede poner en marcha <strong>estrategias en redes sociales que incentiven a la interacci\u00f3n<\/strong> entre amigos o conocidos.<\/p>\n<p>\"}},\n{\"@type\":\"Question\",\"name\":\"\ud83d\udccc Uso del marketing boca a boca \u00bfPara qu\u00e9 sirve?\",\"acceptedAnswer\":{\"@type\":\"Answer\",\"text\":\"<\/p>\n<p>Este tipo de marketing <a href='https:\/\/www.appyweb.es\/conversion-web\/'>incrementa la captaci\u00f3n de leads<\/a>, que tienen el potencial de convertirse en consumidores de la marca. Aparte, sirve como una <strong>estrategia que no requiere una gran inversi\u00f3n econ\u00f3mica<\/strong>, ya que la publicidad se estar\u00e1 moviendo sola en las calles.<\/p>\n<p>Este tipo de publicidad es ideal para negocios emergentes, que no tengan un presupuesto grande para invertir en campa\u00f1as de promoci\u00f3n y deseen posicionarse dentro del mercado. En este caso, la inversi\u00f3n deber\u00e1 hacerse en los recursos de conversi\u00f3n o estrategias de automatizaci\u00f3n para el proceso de compra.<\/p>\n<p>\"}},\n{\"@type\":\"Question\",\"name\":\"\ud83d\udccc \u00bfC\u00f3mo funciona el marketing boca a boca?\",\"acceptedAnswer\":{\"@type\":\"Answer\",\"text\":\"<\/p>\n<p>Ocurre cuando un cliente pasa a la etapa de fidelizaci\u00f3n, en el embudo de ventas existe varios escenarios, seg\u00fan las acciones de la empresa y la preparaci\u00f3n del usuario se determinan en qu\u00e9 parte del embudo se encuentra. <strong>La fidelizaci\u00f3n se da con frecuencia despu\u00e9s de la venta<\/strong>, es cuando el cliente empieza a desarrollar una relaci\u00f3n comercial duradera.<\/p>\n<p>Esto garantiza que volver\u00e1 a comprar en el futuro, pero lo que es mejor, traer\u00e1 potenciales clientes consigo. El <strong>marketing boca a boca ocurre cuando ese cliente fidelizado empieza a ser promotor<\/strong> de la empresa, sin tener ning\u00fan beneficio de por medio, la mayor\u00eda de las veces son personas que se sienten aut\u00e9nticamente felices con el servicio y no les molesta comentarlo con las personas a su alrededor.<\/p>\n<p>\"}},\n{\"@type\":\"Question\",\"name\":\"\ud83d\udccc Estrategias para el marketing boca a boca\",\"acceptedAnswer\":{\"@type\":\"Answer\",\"text\":\"<\/p>\n<p>Existe una gran variedad, sin embargo, en este apartado nombraremos solo unas cuantas.<\/p>\n<\/p>\n<ul>\n<\/p>\n<li><strong>Mejorar la atenci\u00f3n al cliente<\/strong>: Un usuario satisfecho quedar\u00e1 encantado no s\u00f3lo con el servicio, sino con la marca, lo que aumenta la probabilidad de recomendaci\u00f3n.<\/li>\n<\/p>\n<\/p>\n<\/p>\n<li><strong>Ofrecer productos de calidad<\/strong>: Esto garantizar\u00e1 que el cliente vuelva y haga recomendaciones a usuarios similares en su entorno.<\/li>\n<\/p>\n<\/p>\n<\/p>\n<li><strong>Crear contenidos que puedan ser virales<\/strong>: Ya que permite que los clientes actuales compartan los temas con sus conocidos.<\/li>\n<\/p>\n<\/p>\n<\/p>\n<li><strong>Ofrecer valor a\u00f1adido<\/strong>: Lo m\u00e1s recomendable es la personalizaci\u00f3n, esto har\u00e1 que el cliente se sienta complacido y recomiende el servicio.<\/li>\n<\/p>\n<\/p>\n<\/ul>\n<\/p>\n<\/p>\n<p>\"}}\n]}<\/script><\/p>\n<h2>M\u00e1s informaci\u00f3n sobre marketing boca a boca<\/h2>\n<p>Es interesante c\u00f3mo situaciones tan casuales <strong>pueden favorecer al reconocimiento de una marca en el mercado<\/strong>, si quieres saber m\u00e1s sobre esto mira estos enlaces.<\/p>\n<ul>\n<li><a href=\"https:\/\/www.appyweb.es\/diccionario\/marketing-de-recomendacion-2\/\">\u00bfQu\u00e9 es el Marketing de recomendaci\u00f3n y para qu\u00e9 sirve?<\/a><\/li>\n<li><a href=\"https:\/\/www.merca20.com\/tips-para-impulsar-la-publicidad-de-boca-en-boca-para-tu-marca\/\" rel=\"nofollow noopener\" target=\"_blank\">Tips para impulsar la publicidad de boca en boca para tu marca<\/a><\/li>\n<\/ul>\n<p>&nbsp;<\/p>\n","protected":false},"excerpt":{"rendered":"<p>Un informe publicado en 2016 arroja como resultado que el 82% de los consumidores de productos y servicios, conf\u00edan en las recomendaciones sobre las compa\u00f1\u00edas que les ofrecen por parte de sus familiares y amigos. A esta acci\u00f3n se le conoce como marketing boca a boca. \u00bfQu\u00e9 es? Puede considerarse como la forma m\u00e1s antigua [&hellip;]<\/p>\n","protected":false},"author":1,"featured_media":15895,"parent":0,"menu_order":0,"comment_status":"open","ping_status":"closed","template":"","meta":{"inline_featured_image":false,"footnotes":""},"class_list":["post-2935","page","type-page","status-publish","has-post-thumbnail","hentry"],"_links":{"self":[{"href":"https:\/\/www.appyweb.es\/diccionario\/wp-json\/wp\/v2\/pages\/2935","targetHints":{"allow":["GET"]}}],"collection":[{"href":"https:\/\/www.appyweb.es\/diccionario\/wp-json\/wp\/v2\/pages"}],"about":[{"href":"https:\/\/www.appyweb.es\/diccionario\/wp-json\/wp\/v2\/types\/page"}],"author":[{"embeddable":true,"href":"https:\/\/www.appyweb.es\/diccionario\/wp-json\/wp\/v2\/users\/1"}],"replies":[{"embeddable":true,"href":"https:\/\/www.appyweb.es\/diccionario\/wp-json\/wp\/v2\/comments?post=2935"}],"version-history":[{"count":5,"href":"https:\/\/www.appyweb.es\/diccionario\/wp-json\/wp\/v2\/pages\/2935\/revisions"}],"predecessor-version":[{"id":15897,"href":"https:\/\/www.appyweb.es\/diccionario\/wp-json\/wp\/v2\/pages\/2935\/revisions\/15897"}],"wp:featuredmedia":[{"embeddable":true,"href":"https:\/\/www.appyweb.es\/diccionario\/wp-json\/wp\/v2\/media\/15895"}],"wp:attachment":[{"href":"https:\/\/www.appyweb.es\/diccionario\/wp-json\/wp\/v2\/media?parent=2935"}],"curies":[{"name":"wp","href":"https:\/\/api.w.org\/{rel}","templated":true}]}}