{"id":2938,"date":"2023-06-22T13:12:29","date_gmt":"2023-06-22T13:12:29","guid":{"rendered":"https:\/\/www.appyweb.es\/diccionario\/?post_type=project&#038;p=2938"},"modified":"2024-04-29T08:34:26","modified_gmt":"2024-04-29T08:34:26","slug":"marketing-colateral","status":"publish","type":"page","link":"https:\/\/www.appyweb.es\/diccionario\/marketing-colateral\/","title":{"rendered":"Marketing Colateral"},"content":{"rendered":"<figure id=\"attachment_15899\" aria-describedby=\"caption-attachment-15899\" style=\"width: 1000px\" class=\"wp-caption alignnone\"><img loading=\"lazy\" decoding=\"async\" class=\"size-full wp-image-15899\" src=\"https:\/\/www.appyweb.es\/diccionario\/wp-content\/uploads\/2024\/04\/MarketingColateral.jpg\" alt=\"Marketing Colateral\" width=\"1000\" height=\"600\" srcset=\"https:\/\/www.appyweb.es\/diccionario\/wp-content\/uploads\/2024\/04\/MarketingColateral.jpg 1000w, https:\/\/www.appyweb.es\/diccionario\/wp-content\/uploads\/2024\/04\/MarketingColateral-300x180.jpg 300w, https:\/\/www.appyweb.es\/diccionario\/wp-content\/uploads\/2024\/04\/MarketingColateral-768x461.jpg 768w\" sizes=\"auto, (max-width: 1000px) 100vw, 1000px\" \/><figcaption id=\"caption-attachment-15899\" class=\"wp-caption-text\">Cartas, hojas, lapices y algunos objetos m\u00e1s.<\/figcaption><\/figure>\n<p>Por reducciones de presupuestos las formas tradicionales de hacer publicidad han sido reemplazadas por los medios digitales. Sin embargo, \u00e9stas siguen jugando un papel importante a la hora de ejecutarse cualquier campa\u00f1a, a la combinaci\u00f3n de estos materiales <strong>se le conoce como Marketing Colateral<\/strong>.<\/p>\n<h2>\u00bfQu\u00e9 es?<\/h2>\n<p>Se refiere a todo el material adicional de comunicaci\u00f3n que <strong>es utilizado dentro de una estrategia de publicidad<\/strong>, como flyers, banners, tarjetas de presentaci\u00f3n, material de oficina con el logo de la compa\u00f1\u00eda, postales, entre otros. B\u00e1sicamente, el marketing colateral son todos los recursos tradicionales del <a href=\"https:\/\/www.appyweb.es\/diseno-grafico\/\">dise\u00f1o gr\u00e1fico que se utilizan en las campa\u00f1as<\/a> de publicidad.<\/p>\n<p>Con la intenci\u00f3n de hacerse m\u00e1s visible dentro del mercado en que se desempe\u00f1a la empresa, los recursos utilizados para este tipo de estrategia deben tener <strong>informaci\u00f3n precisa acerca del producto o servicio que ofrece<\/strong>, as\u00ed como sus datos de contacto. Usualmente, estos tambi\u00e9n se utilizan en el ecosistema digital en conjunto con las impresiones f\u00edsicas.<\/p>\n<h2>\u00bfPara qu\u00e9 sirve el marketing colateral?<\/h2>\n<p>Difunde el reconocimiento de la marca m\u00e1s all\u00e1 de las estrategias masivas (como los anuncios en redes sociales, los spots publicitarios, etc.). Esto tambi\u00e9n <strong>facilita el acceso a la informaci\u00f3n sobre la marca<\/strong>, lo que a los ojos de los usuarios otorga confianza y credibilidad, pues saben a d\u00f3nde y c\u00f3mo dirigirse.<\/p>\n<p>Este tipo de publicidad se suele utilizar a la vez con otras estrategias m\u00e1s elaboradas, de hecho, se complementan entre s\u00ed, ya que el <strong>objetivo de los recursos es ofrecerles informaci\u00f3n adicional<\/strong> y oportuna a los usuarios. Igualmente, permite que el <a href=\"https:\/\/www.appyweb.es\/embudo-ventas-e-commerce\/\">ciclo de ventas sea m\u00e1s f\u00e1cil y r\u00e1pido<\/a>, pues el consumidor ya tendr\u00e1 la informaci\u00f3n que necesita sobre el producto o servicio que se le ofrece.<\/p>\n<h2>Tipos de marketing colateral<\/h2>\n<ul>\n<li><strong>Folletos<\/strong>: Son los m\u00e1s utilizados, permiten dar a conocer lo m\u00e1s esencial sobre la empresa y los servicios que ofrece, aparte, son muy rentables y f\u00e1ciles de distribuir.<\/li>\n<li><strong>Boletines<\/strong>: Funcionan para <strong>dar a conocer las noticias m\u00e1s relevantes sobre la empresa o el sector<\/strong>, se pueden difundir tanto de forma f\u00edsica o a trav\u00e9s de emailing.<\/li>\n<li><strong>Tarjetas de visita<\/strong>: Incluye toda la informaci\u00f3n b\u00e1sica de la empresa, direcci\u00f3n, tel\u00e9fono de contacto, email, el logo, etc. Son las m\u00e1s apropiadas y funcionan como un recurso f\u00e1cil de compartir.<\/li>\n<\/ul>\n<h2>Recomendaciones para hacer marketing colateral<\/h2>\n<ul>\n<li>Prestar atenci\u00f3n al dise\u00f1o de estos recursos, tanto a los colores como a las tipograf\u00edas, as\u00ed como a las im\u00e1genes utilizadas.<\/li>\n<li>La informaci\u00f3n <strong>debe ser organizada para una r\u00e1pida comprensi\u00f3n<\/strong> y debe estar resumida para que sea f\u00e1cil de asimilar.<\/li>\n<li>Es importante que todos los recursos contengan el logo de la empresa, as\u00ed podr\u00e1 ser reconocido f\u00e1cilmente por los clientes a futuro.<\/li>\n<li>Los documentos utilizados deben estar ligados de forma gr\u00e1fica a la imagen de la empresa.<\/li>\n<\/ul>\n<p><script type=\"application\/ld+json\">{\"@context\":\"https:\/\/schema.org\",\"@type\":\"FAQPage\",\"mainEntity\":[ \n{\"@type\":\"Question\",\"name\":\"\ud83d\udccc \u00bfQu\u00e9 es?\",\"acceptedAnswer\":{\"@type\":\"Answer\",\"text\":\"<\/p>\n<p>Se refiere a todo el material adicional de comunicaci\u00f3n que <strong>es utilizado dentro de una estrategia de publicidad<\/strong>, como flyers, banners, tarjetas de presentaci\u00f3n, material de oficina con el logo de la compa\u00f1\u00eda, postales, entre otros. B\u00e1sicamente, el marketing colateral son todos los recursos tradicionales del <a href='https:\/\/www.appyweb.es\/diseno-grafico\/'>dise\u00f1o gr\u00e1fico que se utilizan en las campa\u00f1as<\/a> de publicidad.<\/p>\n<p>Con la intenci\u00f3n de hacerse m\u00e1s visible dentro del mercado en que se desempe\u00f1a la empresa, los recursos utilizados para este tipo de estrategia deben tener <strong>informaci\u00f3n precisa acerca del producto o servicio que ofrece<\/strong>, as\u00ed como sus datos de contacto. Usualmente, estos tambi\u00e9n se utilizan en el ecosistema digital en conjunto con las impresiones f\u00edsicas.<\/p>\n<p>\"}},\n{\"@type\":\"Question\",\"name\":\"\ud83d\udccc \u00bfPara qu\u00e9 sirve el marketing colateral?\",\"acceptedAnswer\":{\"@type\":\"Answer\",\"text\":\"<\/p>\n<p>Difunde el reconocimiento de la marca m\u00e1s all\u00e1 de las estrategias masivas (como los anuncios en redes sociales, los spots publicitarios, etc.). Esto tambi\u00e9n <strong>facilita el acceso a la informaci\u00f3n sobre la marca<\/strong>, lo que a los ojos de los usuarios otorga confianza y credibilidad, pues saben a d\u00f3nde y c\u00f3mo dirigirse.<\/p>\n<p>Este tipo de publicidad se suele utilizar a la vez con otras estrategias m\u00e1s elaboradas, de hecho, se complementan entre s\u00ed, ya que el <strong>objetivo de los recursos es ofrecerles informaci\u00f3n adicional<\/strong> y oportuna a los usuarios. Igualmente, permite que el <a href='https:\/\/www.appyweb.es\/embudo-ventas-e-commerce\/'>ciclo de ventas sea m\u00e1s f\u00e1cil y r\u00e1pido<\/a>, pues el consumidor ya tendr\u00e1 la informaci\u00f3n que necesita sobre el producto o servicio que se le ofrece.<\/p>\n<p>\"}},\n{\"@type\":\"Question\",\"name\":\"\ud83d\udccc Tipos de marketing colateral\",\"acceptedAnswer\":{\"@type\":\"Answer\",\"text\":\"<\/p>\n<\/p>\n<ul>\n<\/p>\n<li><strong>Folletos<\/strong>: Son los m\u00e1s utilizados, permiten dar a conocer lo m\u00e1s esencial sobre la empresa y los servicios que ofrece, aparte, son muy rentables y f\u00e1ciles de distribuir.<\/li>\n<\/p>\n<\/p>\n<\/p>\n<li><strong>Boletines<\/strong>: Funcionan para <strong>dar a conocer las noticias m\u00e1s relevantes sobre la empresa o el sector<\/strong>, se pueden difundir tanto de forma f\u00edsica o a trav\u00e9s de emailing.<\/li>\n<\/p>\n<\/p>\n<\/p>\n<li><strong>Tarjetas de visita<\/strong>: Incluye toda la informaci\u00f3n b\u00e1sica de la empresa, direcci\u00f3n, tel\u00e9fono de contacto, email, el logo, etc. Son las m\u00e1s apropiadas y funcionan como un recurso f\u00e1cil de compartir.<\/li>\n<\/p>\n<\/p>\n<\/ul>\n<\/p>\n<\/p>\n<p>\"}},\n{\"@type\":\"Question\",\"name\":\"\ud83d\udccc Recomendaciones para hacer marketing colateral\",\"acceptedAnswer\":{\"@type\":\"Answer\",\"text\":\"<\/p>\n<\/p>\n<ul>\n<\/p>\n<li>Prestar atenci\u00f3n al dise\u00f1o de estos recursos, tanto a los colores como a las tipograf\u00edas, as\u00ed como a las im\u00e1genes utilizadas.<\/li>\n<\/p>\n<\/p>\n<\/p>\n<li>La informaci\u00f3n <strong>debe ser organizada para una r\u00e1pida comprensi\u00f3n<\/strong> y debe estar resumida para que sea f\u00e1cil de asimilar.<\/li>\n<\/p>\n<\/p>\n<\/p>\n<li>Es importante que todos los recursos contengan el logo de la empresa, as\u00ed podr\u00e1 ser reconocido f\u00e1cilmente por los clientes a futuro.<\/li>\n<\/p>\n<\/p>\n<\/p>\n<li>Los documentos utilizados deben estar ligados de forma gr\u00e1fica a la imagen de la empresa.<\/li>\n<\/p>\n<\/p>\n<\/ul>\n<\/p>\n<\/p>\n<p>\"}}\n]}<\/script><\/p>\n<h2>M\u00e1s informaci\u00f3n sobre marketing colateral<\/h2>\n<p>Es interesante como el marketing tradicional y digital se puede complementar entre s\u00ed para darle m\u00e1s reconocimiento a la empresa. \u00bfQuieres saber un poco m\u00e1s sobre esto? Mira estos enlaces.<\/p>\n<ul>\n<li><a href=\"https:\/\/www.appyweb.es\/diccionario\/folleto\/\">\u00bfQu\u00e9 es un Folleto y para qu\u00e9 sirve?<\/a><\/li>\n<li><a href=\"https:\/\/billetto.es\/blog\/marketing-colateral-de-eventos-9-tipos-para-mejorar-su-juego-de-campana\/\" rel=\"nofollow noopener\" target=\"_blank\">Marketing colateral de eventos: 9 tipos para mejorar su juego de campa\u00f1a<\/a><\/li>\n<\/ul>\n<p>&nbsp;<\/p>\n","protected":false},"excerpt":{"rendered":"<p>Por reducciones de presupuestos las formas tradicionales de hacer publicidad han sido reemplazadas por los medios digitales. Sin embargo, \u00e9stas siguen jugando un papel importante a la hora de ejecutarse cualquier campa\u00f1a, a la combinaci\u00f3n de estos materiales se le conoce como Marketing Colateral. \u00bfQu\u00e9 es? Se refiere a todo el material adicional de comunicaci\u00f3n [&hellip;]<\/p>\n","protected":false},"author":1,"featured_media":15899,"parent":0,"menu_order":0,"comment_status":"open","ping_status":"closed","template":"","meta":{"inline_featured_image":false,"footnotes":""},"class_list":["post-2938","page","type-page","status-publish","has-post-thumbnail","hentry"],"_links":{"self":[{"href":"https:\/\/www.appyweb.es\/diccionario\/wp-json\/wp\/v2\/pages\/2938","targetHints":{"allow":["GET"]}}],"collection":[{"href":"https:\/\/www.appyweb.es\/diccionario\/wp-json\/wp\/v2\/pages"}],"about":[{"href":"https:\/\/www.appyweb.es\/diccionario\/wp-json\/wp\/v2\/types\/page"}],"author":[{"embeddable":true,"href":"https:\/\/www.appyweb.es\/diccionario\/wp-json\/wp\/v2\/users\/1"}],"replies":[{"embeddable":true,"href":"https:\/\/www.appyweb.es\/diccionario\/wp-json\/wp\/v2\/comments?post=2938"}],"version-history":[{"count":5,"href":"https:\/\/www.appyweb.es\/diccionario\/wp-json\/wp\/v2\/pages\/2938\/revisions"}],"predecessor-version":[{"id":15900,"href":"https:\/\/www.appyweb.es\/diccionario\/wp-json\/wp\/v2\/pages\/2938\/revisions\/15900"}],"wp:featuredmedia":[{"embeddable":true,"href":"https:\/\/www.appyweb.es\/diccionario\/wp-json\/wp\/v2\/media\/15899"}],"wp:attachment":[{"href":"https:\/\/www.appyweb.es\/diccionario\/wp-json\/wp\/v2\/media?parent=2938"}],"curies":[{"name":"wp","href":"https:\/\/api.w.org\/{rel}","templated":true}]}}