{"id":2953,"date":"2023-06-22T13:17:12","date_gmt":"2023-06-22T13:17:12","guid":{"rendered":"https:\/\/www.appyweb.es\/diccionario\/?post_type=project&#038;p=2953"},"modified":"2024-04-29T08:56:41","modified_gmt":"2024-04-29T08:56:41","slug":"marketing-de-guerrilla","status":"publish","type":"page","link":"https:\/\/www.appyweb.es\/diccionario\/marketing-de-guerrilla\/","title":{"rendered":"Marketing de Guerrilla"},"content":{"rendered":"<figure id=\"attachment_15920\" aria-describedby=\"caption-attachment-15920\" style=\"width: 1000px\" class=\"wp-caption alignnone\"><img loading=\"lazy\" decoding=\"async\" class=\"size-full wp-image-15920\" src=\"https:\/\/www.appyweb.es\/diccionario\/wp-content\/uploads\/2024\/04\/MarketingdeGuerrilla.jpg\" alt=\"Marketing de Guerrilla\" width=\"1000\" height=\"600\" srcset=\"https:\/\/www.appyweb.es\/diccionario\/wp-content\/uploads\/2024\/04\/MarketingdeGuerrilla.jpg 1000w, https:\/\/www.appyweb.es\/diccionario\/wp-content\/uploads\/2024\/04\/MarketingdeGuerrilla-300x180.jpg 300w, https:\/\/www.appyweb.es\/diccionario\/wp-content\/uploads\/2024\/04\/MarketingdeGuerrilla-768x461.jpg 768w\" sizes=\"auto, (max-width: 1000px) 100vw, 1000px\" \/><figcaption id=\"caption-attachment-15920\" class=\"wp-caption-text\">Tres dardos clavados en una diana.<\/figcaption><\/figure>\n<p>Este t\u00e9rmino naci\u00f3 en los 80\u2019s gracias al escritor de temas sobre negocios Jay C. Levinson, quien inspir\u00f3 la definici\u00f3n de este t\u00e9rmino basado en las t\u00e1cticas usadas por las guerrillas.\u00a0Las empresas que aplican marketing de guerrilla no poseen recursos abundantes para combatir a la competencia, por lo que se valen de <strong>acciones precisas con pocos recursos que puedan generar impacto<\/strong>.<\/p>\n<h2>\u00bfQu\u00e9 es?<\/h2>\n<p>En este <strong>tipo de publicidad se emplean estrategias no convencionales e ingeniosas<\/strong>, para atraer la atenci\u00f3n del p\u00fablico hacia una marca. Muchas veces de formas divertidas y no invasivas, este <a href=\"https:\/\/www.appyweb.es\/marketing-de-atraccion\/\">modelo de marketing de atracci\u00f3n<\/a> puede generar una impactante experiencia positiva que puede hacer que una marca se vuelva viral.<\/p>\n<p>El marketing de guerrilla tambi\u00e9n se identifica por que cuenta con una inversi\u00f3n m\u00ednima en recursos que s\u00ed funcionan, igualmente, garantizan un alcance mayor que las estrategias de publicidad convencionales.<\/p>\n<h2>Caracter\u00edsticas del marketing de guerrilla<\/h2>\n<ul>\n<li>Utiliza medios no convencionales y muy creativos.<\/li>\n<li>Las <a href=\"https:\/\/www.appyweb.es\/social-media-manager\/\">acciones del social media manager<\/a> son importantes para difundir las estrategias y hacerlas virales.<\/li>\n<li>Invita a crear una relaci\u00f3n m\u00e1s cercana e interactiva con los consumidores.<\/li>\n<li>El objetivo <strong>es influenciar en las emociones de los consumidores<\/strong>, m\u00e1s que promocionar el producto.<\/li>\n<li>Puede combinarse con varias estrategias de publicidad digital y tradicional.<\/li>\n<li>Tambi\u00e9n se puede utilizar herramientas tecnol\u00f3gicas para mejorar la experiencia del usuario.<\/li>\n<\/ul>\n<h2>Tipos de marketing de guerrilla<\/h2>\n<p>Hay una amplia variedad de estrategias que se pueden llevar a cabo con esta filosof\u00eda de promoci\u00f3n, algunas de las m\u00e1s populares son las siguientes.<\/p>\n<h3>Ambient<\/h3>\n<p>Se trata de intervenir un espacio interior o exterior dentro de la ciudad, con un elemento que llame la atenci\u00f3n del transe\u00fante y sea imposible no detenerse. No se trata de un banner o una valla publicitaria, <strong>es un elemento que est\u00e1 fuera de su contexto habitual<\/strong> y causa impresi\u00f3n.<\/p>\n<h3>Performance<\/h3>\n<p>Los Flashmobs son el recurso m\u00e1s usados para ello, es un <strong>elemento sorpresa que dura pocos minutos<\/strong> y genera una experiencia agradable con comentarios alrededor de ella.<\/p>\n<h3>De experiencia<\/h3>\n<p>Esta forma de marketing de guerrilla <strong>introduce al usuario en la experiencia publicitaria<\/strong>, lo hace parte de ella, hace que se involucre y que participe de una actividad espont\u00e1nea que tambi\u00e9n influye en sus emociones y sensaciones.<\/p>\n<h2>Ejemplo<\/h2>\n<p>En 2016, como <strong>parte de la promoci\u00f3n de la pel\u00edcula \u00abLos Cazafantasmas\u00bb<\/strong>, se instalaron sistemas de sonido 4D en una estaci\u00f3n de tren en Estados Unidos, estos generaban la sensaci\u00f3n de que el tren se acercaba, abr\u00eda sus puertas y se iba. No hab\u00eda nada, era un tren fantasma. Luego de esto, la caracter\u00edstica banda sonora de la pel\u00edcula empezaba, como las risas de los usuarios por la experiencia vivida.<\/p>\n<p><script type=\"application\/ld+json\">{\"@context\":\"https:\/\/schema.org\",\"@type\":\"FAQPage\",\"mainEntity\":[ \n{\"@type\":\"Question\",\"name\":\"\ud83d\udccc \u00bfQu\u00e9 es?\",\"acceptedAnswer\":{\"@type\":\"Answer\",\"text\":\"<\/p>\n<p>En este <strong>tipo de publicidad  se emplean estrategias no convencionales e ingeniosas<\/strong>, para atraer la atenci\u00f3n del p\u00fablico hacia una marca. Muchas veces de formas divertidas y no invasivas, este <a href='https:\/\/www.appyweb.es\/marketing-de-atraccion\/'>modelo de marketing de atracci\u00f3n<\/a> puede generar una impactante experiencia positiva que puede hacer que una marca se vuelva viral.<\/p>\n<p>El marketing de guerrilla tambi\u00e9n se identifica por que cuenta con una inversi\u00f3n m\u00ednima en recursos que s\u00ed funcionan, igualmente, garantizan un alcance mayor que las estrategias de publicidad convencionales.<\/p>\n<p>\"}},\n{\"@type\":\"Question\",\"name\":\"\ud83d\udccc Caracter\u00edsticas del marketing de guerrilla\",\"acceptedAnswer\":{\"@type\":\"Answer\",\"text\":\"<\/p>\n<\/p>\n<\/p>\n<ul>\n<\/p>\n<\/p>\n<li>Utiliza medios no convencionales y muy creativos.<\/li>\n<\/p>\n<\/p>\n<\/p>\n<\/p>\n<\/p>\n<\/p>\n<\/p>\n<li>Las <a href='https:\/\/www.appyweb.es\/social-media-manager\/'>acciones del social media manager<\/a> son importantes para difundir las estrategias y hacerlas virales.<\/li>\n<\/p>\n<\/p>\n<\/p>\n<\/p>\n<\/p>\n<\/p>\n<\/p>\n<li>Invita a crear una relaci\u00f3n m\u00e1s cercana e interactiva con los consumidores.<\/li>\n<\/p>\n<\/p>\n<\/p>\n<\/p>\n<\/p>\n<\/p>\n<\/p>\n<li>El objetivo <strong>es influenciar en las emociones de los consumidores<\/strong>, m\u00e1s que promocionar el producto.<\/li>\n<\/p>\n<\/p>\n<\/p>\n<\/p>\n<\/p>\n<\/p>\n<\/p>\n<li>Puede combinarse con varias estrategias de publicidad digital y tradicional.<\/li>\n<\/p>\n<\/p>\n<\/p>\n<\/p>\n<\/p>\n<\/p>\n<\/p>\n<li>Tambi\u00e9n se puede utilizar herramientas tecnol\u00f3gicas para mejorar la experiencia del usuario.<\/li>\n<\/p>\n<\/p>\n<\/p>\n<\/p>\n<\/p>\n<\/ul>\n<\/p>\n<\/p>\n<\/p>\n<\/p>\n<\/p>\n<p>\"}},\n{\"@type\":\"Question\",\"name\":\"\ud83d\udccc Tipos de marketing de guerrilla\",\"acceptedAnswer\":{\"@type\":\"Answer\",\"text\":\"<\/p>\n<p>Hay una amplia variedad de estrategias que se pueden llevar a cabo con esta filosof\u00eda de promoci\u00f3n, algunas de las m\u00e1s populares son las siguientes.<\/p>\n<\/p>\n<\/p>\n<h3>Ambient<\/h3>\n<\/p>\n<\/p>\n<\/p>\n<\/p>\n<\/p>\n<\/p>\n<p>Se trata de intervenir un espacio interior o exterior dentro de la ciudad, con un elemento que llame la atenci\u00f3n del transe\u00fante y sea imposible no detenerse. No se trata de un banner o una valla publicitaria, <strong>es un elemento que est\u00e1 fuera de su contexto habitual<\/strong> y causa impresi\u00f3n.<\/p>\n<\/p>\n<\/p>\n<h3>Performance<\/h3>\n<\/p>\n<\/p>\n<\/p>\n<\/p>\n<\/p>\n<\/p>\n<p>Los Flashmobs son el recurso m\u00e1s usados para ello, es un <strong>elemento sorpresa que dura pocos minutos<\/strong> y genera una experiencia agradable con comentarios alrededor de ella.<\/p>\n<\/p>\n<\/p>\n<h3>De experiencia<\/h3>\n<\/p>\n<\/p>\n<\/p>\n<\/p>\n<\/p>\n<\/p>\n<p>Esta forma de marketing de guerrilla <strong>introduce al usuario en la experiencia publicitaria<\/strong>, lo hace parte de ella, hace que se involucre y que participe de una actividad espont\u00e1nea que tambi\u00e9n influye en sus emociones y sensaciones.<\/p>\n<p>\"}},\n{\"@type\":\"Question\",\"name\":\"\ud83d\udccc Ejemplo\",\"acceptedAnswer\":{\"@type\":\"Answer\",\"text\":\"<\/p>\n<p>En 2016, como <strong>parte de la promoci\u00f3n de la pel\u00edcula 'Los Cazafantasmas'<\/strong>, se instalaron sistemas de sonido 4D en una estaci\u00f3n de tren en Estados Unidos, estos generaban la sensaci\u00f3n de que el tren se acercaba, abr\u00eda sus puertas y se iba. No hab\u00eda nada, era un tren fantasma. Luego de esto, la caracter\u00edstica banda sonora de la pel\u00edcula empezaba, como las risas de los usuarios por la experiencia vivida.<\/p>\n<p>\"}}\n]}<\/script><\/p>\n<h2>M\u00e1s informaci\u00f3n sobre marketing de guerrilla<\/h2>\n<p>Actualmente, es necesario tener nuevas ideas para hacer frente a la competencia m\u00e1s feroz, la <strong>creatividad es el arma m\u00e1s poderosa cuando se trata de marketing de guerrilla<\/strong>, mira estos enlaces para tener m\u00e1s informaci\u00f3n.<\/p>\n<ul>\n<li><a href=\"https:\/\/www.appyweb.es\/diccionario\/flash-mob\/\">\u00bfQu\u00e9 es un Flash Mob y para qu\u00e9 sirve?<\/a><\/li>\n<li><a href=\"https:\/\/es.wikipedia.org\/wiki\/Mercadotecnia_de_guerrilla#T%C3%A9cnicas\" rel=\"nofollow noopener\" target=\"_blank\">T\u00e9cnicas de la mercadotecnia de guerrilla<\/a><\/li>\n<\/ul>\n<p>&nbsp;<\/p>\n","protected":false},"excerpt":{"rendered":"<p>Este t\u00e9rmino naci\u00f3 en los 80\u2019s gracias al escritor de temas sobre negocios Jay C. Levinson, quien inspir\u00f3 la definici\u00f3n de este t\u00e9rmino basado en las t\u00e1cticas usadas por las guerrillas.\u00a0Las empresas que aplican marketing de guerrilla no poseen recursos abundantes para combatir a la competencia, por lo que se valen de acciones precisas con [&hellip;]<\/p>\n","protected":false},"author":1,"featured_media":15920,"parent":0,"menu_order":0,"comment_status":"open","ping_status":"closed","template":"","meta":{"inline_featured_image":false,"footnotes":""},"class_list":["post-2953","page","type-page","status-publish","has-post-thumbnail","hentry"],"_links":{"self":[{"href":"https:\/\/www.appyweb.es\/diccionario\/wp-json\/wp\/v2\/pages\/2953","targetHints":{"allow":["GET"]}}],"collection":[{"href":"https:\/\/www.appyweb.es\/diccionario\/wp-json\/wp\/v2\/pages"}],"about":[{"href":"https:\/\/www.appyweb.es\/diccionario\/wp-json\/wp\/v2\/types\/page"}],"author":[{"embeddable":true,"href":"https:\/\/www.appyweb.es\/diccionario\/wp-json\/wp\/v2\/users\/1"}],"replies":[{"embeddable":true,"href":"https:\/\/www.appyweb.es\/diccionario\/wp-json\/wp\/v2\/comments?post=2953"}],"version-history":[{"count":6,"href":"https:\/\/www.appyweb.es\/diccionario\/wp-json\/wp\/v2\/pages\/2953\/revisions"}],"predecessor-version":[{"id":15923,"href":"https:\/\/www.appyweb.es\/diccionario\/wp-json\/wp\/v2\/pages\/2953\/revisions\/15923"}],"wp:featuredmedia":[{"embeddable":true,"href":"https:\/\/www.appyweb.es\/diccionario\/wp-json\/wp\/v2\/media\/15920"}],"wp:attachment":[{"href":"https:\/\/www.appyweb.es\/diccionario\/wp-json\/wp\/v2\/media?parent=2953"}],"curies":[{"name":"wp","href":"https:\/\/api.w.org\/{rel}","templated":true}]}}