{"id":2963,"date":"2023-06-22T13:20:29","date_gmt":"2023-06-22T13:20:29","guid":{"rendered":"https:\/\/www.appyweb.es\/diccionario\/?post_type=project&#038;p=2963"},"modified":"2024-04-29T10:57:33","modified_gmt":"2024-04-29T10:57:33","slug":"marketing-de-nicho","status":"publish","type":"page","link":"https:\/\/www.appyweb.es\/diccionario\/marketing-de-nicho\/","title":{"rendered":"Marketing de Nicho"},"content":{"rendered":"<figure id=\"attachment_15947\" aria-describedby=\"caption-attachment-15947\" style=\"width: 1000px\" class=\"wp-caption alignnone\"><img loading=\"lazy\" decoding=\"async\" class=\"size-full wp-image-15947\" src=\"https:\/\/www.appyweb.es\/diccionario\/wp-content\/uploads\/2024\/04\/MarketingDeNicho.jpg\" alt=\"Marketing de Nicho\" width=\"1000\" height=\"600\" srcset=\"https:\/\/www.appyweb.es\/diccionario\/wp-content\/uploads\/2024\/04\/MarketingDeNicho.jpg 1000w, https:\/\/www.appyweb.es\/diccionario\/wp-content\/uploads\/2024\/04\/MarketingDeNicho-300x180.jpg 300w, https:\/\/www.appyweb.es\/diccionario\/wp-content\/uploads\/2024\/04\/MarketingDeNicho-768x461.jpg 768w\" sizes=\"auto, (max-width: 1000px) 100vw, 1000px\" \/><figcaption id=\"caption-attachment-15947\" class=\"wp-caption-text\">Dos personas delante de un portatil con un iman.<\/figcaption><\/figure>\n<p>Es un conjunto de estrategias de publicidad dirigidas especialmente a un grupo de personas con caracter\u00edsticas en com\u00fan. El <strong>marketing de nicho se enfoca en trabajar en promociones ideadas solo para un grupo<\/strong> de personas que son potenciales clientes para una empresa.<\/p>\n<h2>\u00bfQu\u00e9 es?<\/h2>\n<p>La alta tasa de competitividad entre las empresas dentro y fuera de Internet, hace que las tareas para atraer consumidores sean m\u00e1s dif\u00edciles. Aparte, un sector de mercado puede ser muy extenso y puede ser complicado encontrar caracter\u00edsticas en com\u00fan entre los clientes. Es por eso que el <strong>marketing de nicho ha crecido en popularidad<\/strong>, especialmente para encontrar grupos con necesidades que no est\u00e1n siendo vistas por el mercado y deben ser suplidas.<\/p>\n<p>Igualmente, las tendencias de publicidad m\u00e1s recientes <strong>est\u00e1n apuntando al mercado de forma segmentada y casi personalizada<\/strong>, lo que le est\u00e1 dando cada vez m\u00e1s impulso a este tipo de estrategias. Incluso el <a href=\"https:\/\/www.appyweb.es\/posicionamiento-web\/\">posicionamiento web prefiere darle prioridad a sitios web<\/a> muy espec\u00edficos, para b\u00fasquedas espec\u00edficas.<\/p>\n<h2>\u00bfPara qu\u00e9 sirve?<\/h2>\n<ul>\n<li>Permite fidelizar a sus compradores de manera m\u00e1s efectiva y personalizada. Ya que busca ofrecer productos o servicios exclusivos para un cierto tipo de persona.<\/li>\n<li>Es <strong>m\u00e1s f\u00e1cil hacer publicidad para competir en grupos <\/strong>que en sectores de mercado m\u00e1s grandes.<\/li>\n<li>Le da la oportunidad a la empresa de explotar un mercado no conocido, pero eficiente para hacer ventas.<\/li>\n<li>Es m\u00e1s f\u00e1cil adaptarse a los cambios de tendencias, ya que las necesidades de los grupos son menos impredecibles.<\/li>\n<\/ul>\n<h2>\u00bfC\u00f3mo se determina un nicho de mercado?<\/h2>\n<p>Existen <strong>muchas formas de conocer cu\u00e1l grupo de mercado puede ser sustancial<\/strong> para las estrategias de una empresa. Por ejemplo, en el \u00e1mbito digital, se pueden realizar auditor\u00edas SEO y conocer cu\u00e1l es el tipo de usuario que suele visitar al sitio web o la competencia. Otras ideas para determinar un grupo son las siguientes.<\/p>\n<ul>\n<li>Segmentar leads es la mejor alternativa, ya que toda la informaci\u00f3n se encuentra en la base de datos de clientes, se eval\u00faan las similitudes y se agrupan a partir de ellas.<\/li>\n<li>Tambi\u00e9n <strong>se pueden utilizar las nuevas demandas de los usuarios<\/strong>, por ejemplo, solicitudes muy espec\u00edficas.<\/li>\n<li>Analizar a la competencia tambi\u00e9n puede ser una buena idea, se puede obtener mucha informaci\u00f3n con solo observar el tipo de clientela que suelen atraer.<\/li>\n<\/ul>\n<h2>Marketing de nicho ejemplo<\/h2>\n<p>El target de los servicios hoteleros es muy amplio y diverso. Sin embargo, si se segmenta pueden llegar a aparecer grupos potenciales con necesidades espec\u00edficas. Por ejemplo, hoteles s\u00f3lo para adultos, que tengan espacios acondicionados para sus mascotas, pero que no admiten ni\u00f1os.<\/p>\n<p>Se trata de un grupo que suele ser discriminado en varios alojamientos por la compa\u00f1\u00eda de sus mascotas, <strong>pero al segmentarlos pueden ser potenciales clientes<\/strong>.<\/p>\n<p><script type=\"application\/ld+json\">{\"@context\":\"https:\/\/schema.org\",\"@type\":\"FAQPage\",\"mainEntity\":[ \n{\"@type\":\"Question\",\"name\":\"\ud83d\udccc \u00bfQu\u00e9 es?\",\"acceptedAnswer\":{\"@type\":\"Answer\",\"text\":\"<\/p>\n<p>La alta tasa de competitividad entre las empresas dentro y fuera de Internet, hace que las tareas para atraer consumidores sean m\u00e1s dif\u00edciles. Aparte, un sector de mercado puede ser muy extenso y puede ser complicado encontrar caracter\u00edsticas en com\u00fan entre los clientes. Es por eso que el <strong>marketing de nicho ha crecido en popularidad<\/strong>, especialmente para encontrar grupos con necesidades que no est\u00e1n siendo vistas por el mercado y deben ser suplidas.<\/p>\n<p>Igualmente, las tendencias de publicidad m\u00e1s recientes <strong>est\u00e1n apuntando al  mercado de forma segmentada y casi personalizada<\/strong>, lo que le est\u00e1 dando cada vez m\u00e1s impulso a este tipo de estrategias. Incluso el <a href='https:\/\/www.appyweb.es\/posicionamiento-web\/'>posicionamiento web prefiere darle prioridad a sitios web<\/a> muy espec\u00edficos, para b\u00fasquedas espec\u00edficas.<\/p>\n<p>\"}},\n{\"@type\":\"Question\",\"name\":\"\ud83d\udccc \u00bfPara qu\u00e9 sirve?\",\"acceptedAnswer\":{\"@type\":\"Answer\",\"text\":\"<\/p>\n<\/p>\n<\/p>\n<\/p>\n<\/p>\n<ul>\n<\/p>\n<\/p>\n<\/p>\n<\/p>\n<li>Permite fidelizar a sus compradores de manera m\u00e1s efectiva y personalizada. Ya que busca ofrecer productos o servicios exclusivos para un cierto tipo de persona.<\/li>\n<\/p>\n<\/p>\n<\/p>\n<\/p>\n<\/p>\n<\/p>\n<\/p>\n<\/p>\n<\/p>\n<\/p>\n<\/p>\n<\/p>\n<\/p>\n<\/p>\n<\/p>\n<li>Es <strong>m\u00e1s f\u00e1cil hacer publicidad para competir en grupos <\/strong>que en sectores de mercado m\u00e1s grandes.<\/li>\n<\/p>\n<\/p>\n<\/p>\n<\/p>\n<\/p>\n<\/p>\n<\/p>\n<\/p>\n<\/p>\n<\/p>\n<\/p>\n<\/p>\n<\/p>\n<\/p>\n<\/p>\n<li>Le da la oportunidad a la empresa de explotar un mercado no conocido, pero eficiente para hacer ventas.<\/li>\n<\/p>\n<\/p>\n<\/p>\n<\/p>\n<\/p>\n<\/p>\n<\/p>\n<\/p>\n<\/p>\n<\/p>\n<\/p>\n<\/p>\n<\/p>\n<\/p>\n<\/p>\n<li>Es m\u00e1s f\u00e1cil adaptarse a los cambios de tendencias, ya que las necesidades de los grupos son menos impredecibles.<\/li>\n<\/p>\n<\/p>\n<\/p>\n<\/p>\n<\/p>\n<\/p>\n<\/p>\n<\/p>\n<\/p>\n<\/p>\n<\/p>\n<\/ul>\n<\/p>\n<\/p>\n<\/p>\n<\/p>\n<\/p>\n<\/p>\n<\/p>\n<\/p>\n<\/p>\n<\/p>\n<\/p>\n<p>\"}},\n{\"@type\":\"Question\",\"name\":\"\ud83d\udccc \u00bfC\u00f3mo se determina un nicho de mercado?\",\"acceptedAnswer\":{\"@type\":\"Answer\",\"text\":\"<\/p>\n<p>Existen <strong>muchas formas de conocer cu\u00e1l grupo de mercado puede ser sustancial<\/strong> para las estrategias de una empresa. Por ejemplo, en el \u00e1mbito digital, se pueden realizar auditor\u00edas SEO y conocer cu\u00e1l es el tipo de usuario que suele visitar al sitio web o la competencia. Otras ideas para determinar un grupo son las siguientes.<\/p>\n<\/p>\n<\/p>\n<\/p>\n<\/p>\n<ul>\n<\/p>\n<\/p>\n<\/p>\n<\/p>\n<li>Segmentar leads es la mejor alternativa, ya que toda la informaci\u00f3n se encuentra en la base de datos de clientes, se eval\u00faan las similitudes y se agrupan a partir de ellas.<\/li>\n<\/p>\n<\/p>\n<\/p>\n<\/p>\n<\/p>\n<\/p>\n<\/p>\n<\/p>\n<\/p>\n<\/p>\n<\/p>\n<\/p>\n<\/p>\n<\/p>\n<\/p>\n<li>Tambi\u00e9n <strong>se pueden utilizar las nuevas demandas de los usuarios<\/strong>, por ejemplo, solicitudes muy espec\u00edficas.<\/li>\n<\/p>\n<\/p>\n<\/p>\n<\/p>\n<\/p>\n<\/p>\n<\/p>\n<\/p>\n<\/p>\n<\/p>\n<\/p>\n<\/p>\n<\/p>\n<\/p>\n<\/p>\n<li>Analizar a la competencia tambi\u00e9n puede ser una buena idea, se puede obtener mucha informaci\u00f3n con solo observar el tipo de clientela que suelen atraer.<\/li>\n<\/p>\n<\/p>\n<\/p>\n<\/p>\n<\/p>\n<\/p>\n<\/p>\n<\/p>\n<\/p>\n<\/p>\n<\/p>\n<\/ul>\n<\/p>\n<\/p>\n<\/p>\n<\/p>\n<\/p>\n<\/p>\n<\/p>\n<\/p>\n<\/p>\n<\/p>\n<\/p>\n<p>\"}},\n{\"@type\":\"Question\",\"name\":\"\ud83d\udccc Marketing de nicho ejemplo\",\"acceptedAnswer\":{\"@type\":\"Answer\",\"text\":\"<\/p>\n<p>El target de los servicios hoteleros es muy amplio y diverso. Sin embargo, si se segmenta pueden llegar a aparecer grupos potenciales con necesidades espec\u00edficas. Por ejemplo, hoteles s\u00f3lo para adultos, que tengan espacios acondicionados para sus mascotas, pero que no admiten ni\u00f1os. <\/p>\n<p>Se trata de un grupo que suele ser discriminado en varios alojamientos por la compa\u00f1\u00eda de sus mascotas, <strong>pero al segmentarlos pueden ser potenciales clientes<\/strong>.<\/p>\n<p>\"}}\n]}<\/script><\/p>\n<h2>M\u00e1s informaci\u00f3n sobre marketing de nicho<\/h2>\n<p>Sin dudas, es <strong>una estrategia que no har\u00e1 m\u00e1s que crecer con el paso del tiempo<\/strong>, si quieres conocer un poco m\u00e1s sobre esta t\u00e9cnica, mira los siguientes enlaces.<\/p>\n<ul>\n<li><a href=\"https:\/\/www.appyweb.es\/una-docena-nichos-online-rentables-los-ultimos-tiempos\/\">12 nichos online rentables en los \u00faltimos tiempos<\/a><\/li>\n<li><a href=\"https:\/\/www.iebschool.com\/blog\/que-es-la-mercadotecnia-de-nichos-y-como-optimizarla-marketing\/\" rel=\"nofollow noopener\" target=\"_blank\">Qu\u00e9 es la mercadotecnia de nichos y c\u00f3mo optimizarla<\/a><\/li>\n<\/ul>\n<p>&nbsp;<\/p>\n","protected":false},"excerpt":{"rendered":"<p>Es un conjunto de estrategias de publicidad dirigidas especialmente a un grupo de personas con caracter\u00edsticas en com\u00fan. El marketing de nicho se enfoca en trabajar en promociones ideadas solo para un grupo de personas que son potenciales clientes para una empresa. \u00bfQu\u00e9 es? La alta tasa de competitividad entre las empresas dentro y fuera [&hellip;]<\/p>\n","protected":false},"author":1,"featured_media":15947,"parent":0,"menu_order":0,"comment_status":"open","ping_status":"closed","template":"","meta":{"inline_featured_image":false,"footnotes":""},"class_list":["post-2963","page","type-page","status-publish","has-post-thumbnail","hentry"],"_links":{"self":[{"href":"https:\/\/www.appyweb.es\/diccionario\/wp-json\/wp\/v2\/pages\/2963","targetHints":{"allow":["GET"]}}],"collection":[{"href":"https:\/\/www.appyweb.es\/diccionario\/wp-json\/wp\/v2\/pages"}],"about":[{"href":"https:\/\/www.appyweb.es\/diccionario\/wp-json\/wp\/v2\/types\/page"}],"author":[{"embeddable":true,"href":"https:\/\/www.appyweb.es\/diccionario\/wp-json\/wp\/v2\/users\/1"}],"replies":[{"embeddable":true,"href":"https:\/\/www.appyweb.es\/diccionario\/wp-json\/wp\/v2\/comments?post=2963"}],"version-history":[{"count":7,"href":"https:\/\/www.appyweb.es\/diccionario\/wp-json\/wp\/v2\/pages\/2963\/revisions"}],"predecessor-version":[{"id":15971,"href":"https:\/\/www.appyweb.es\/diccionario\/wp-json\/wp\/v2\/pages\/2963\/revisions\/15971"}],"wp:featuredmedia":[{"embeddable":true,"href":"https:\/\/www.appyweb.es\/diccionario\/wp-json\/wp\/v2\/media\/15947"}],"wp:attachment":[{"href":"https:\/\/www.appyweb.es\/diccionario\/wp-json\/wp\/v2\/media?parent=2963"}],"curies":[{"name":"wp","href":"https:\/\/api.w.org\/{rel}","templated":true}]}}