{"id":2970,"date":"2023-06-22T13:23:43","date_gmt":"2023-06-22T13:23:43","guid":{"rendered":"https:\/\/www.appyweb.es\/diccionario\/?post_type=project&#038;p=2970"},"modified":"2024-04-29T11:53:43","modified_gmt":"2024-04-29T11:53:43","slug":"marketing-digital","status":"publish","type":"page","link":"https:\/\/www.appyweb.es\/diccionario\/marketing-digital\/","title":{"rendered":"Marketing Digital"},"content":{"rendered":"<figure id=\"attachment_15994\" aria-describedby=\"caption-attachment-15994\" style=\"width: 1000px\" class=\"wp-caption alignnone\"><img loading=\"lazy\" decoding=\"async\" class=\"size-full wp-image-15994\" src=\"https:\/\/www.appyweb.es\/diccionario\/wp-content\/uploads\/2024\/04\/MarketingDigital.jpg\" alt=\"Marketing Digital\" width=\"1000\" height=\"600\" srcset=\"https:\/\/www.appyweb.es\/diccionario\/wp-content\/uploads\/2024\/04\/MarketingDigital.jpg 1000w, https:\/\/www.appyweb.es\/diccionario\/wp-content\/uploads\/2024\/04\/MarketingDigital-300x180.jpg 300w, https:\/\/www.appyweb.es\/diccionario\/wp-content\/uploads\/2024\/04\/MarketingDigital-768x461.jpg 768w\" sizes=\"auto, (max-width: 1000px) 100vw, 1000px\" \/><figcaption id=\"caption-attachment-15994\" class=\"wp-caption-text\">Persona con una tablet y un megafono.<\/figcaption><\/figure>\n<p>La forma en c\u00f3mo se hace publicidad hoy es d\u00eda es muy diferente si se compara con el pasado, actualmente, las empresas pueden utilizar Internet y otras ventajas tecnol\u00f3gicas para llegar a los usuarios en un escenario cada vez m\u00e1s globalizado. <strong>El marketing digital es la forma en c\u00f3mo se aprovechan esos recursos<\/strong>, desarrollando incluso nuevos principios para la publicidad.<\/p>\n<h2>\u00bfQu\u00e9 es marketing digital?<\/h2>\n<p>Cuando el Internet empez\u00f3 a utilizarse para introducir elementos publicitarios, se pens\u00f3 que ser\u00eda de forma muy similar a como se realizaba la publicidad tradicional, por ejemplo, utilizar anuncios invasivos o de interrupci\u00f3n para llamar la atenci\u00f3n del cliente. Pero, <strong>las tendencias de los usuarios frente a las campa\u00f1as cambiaron de forma radical<\/strong>, convirtiendo las exitosas campa\u00f1as de anta\u00f1o en spam.<\/p>\n<p>Actualmente, el marketing digital se destaca por introducir <a href=\"https:\/\/www.appyweb.es\/diseno-web\/\">estrategias como el dise\u00f1o web<\/a>, posicionamiento en buscadores, inbound, etc. La mayor\u00eda de estas tienden a minimizar la invasi\u00f3n del espacio del cliente, aunque los anuncios en buscadores, sitios web y redes sociales son una peque\u00f1a esencia de la publicidad invasiva que a\u00fan sigue teniendo \u00e9xito en algunos escenarios.<\/p>\n<h2>\u00bfPara qu\u00e9 sirve el marketing digital?<\/h2>\n<p>Su funci\u00f3n principal es adaptarse a las nuevas tendencias de comercio de los usuarios en Internet, el marketing digital busca que las estrategias de publicidad est\u00e9n en frecuencia con esas nuevas necesidades tecnol\u00f3gicas. Pero, tambi\u00e9n es una herramienta imprescindible para acceder a ventajas que no ser\u00e1n posibles de otra forma, sobre todo <strong>cuando se trata de hacer crecer la tasa de ventas<\/strong>.<\/p>\n<p>Sin embargo, en este contexto tambi\u00e9n se deben tener en mente otros puntos que pueden ser beneficioso para la empresa, por ejemplo, <a href=\"https:\/\/www.appyweb.es\/conversion-web\/\">las conversiones web buscan generar una base de datos<\/a> de posibles clientes, esto permite \u00abmadurarlos\u00bb hasta que est\u00e9n preparados para la compra, algo dif\u00edcil de imaginar con las estrategias tradicionales.<\/p>\n<h2>\u00bfC\u00f3mo naci\u00f3 el marketing digital?<\/h2>\n<p>Aunque no existe una fecha en concreto, se puede decir que el marketing digital naci\u00f3 con la aparici\u00f3n del primer motor de b\u00fasqueda llamado Archie. Con esto, se empezaron a desarrollar t\u00e9cnicas org\u00e1nicas que permit\u00edan ir en concordancia con lo que <strong>utiliza el algoritmo como factor para posicionar un sitio web<\/strong> en la p\u00e1gina de resultados.<\/p>\n<p>Igualmente, empez\u00f3 a tener un repunte con la aparici\u00f3n de las primeras plataformas destinadas a la publicaci\u00f3n de anuncios, como Netmarket y Yahoo!. Todo esto ocurri\u00f3 durante la \u00e9poca de los 90, actualmente, existen cientos de estrategias en Internet que se desprenden de esa misma base.<\/p>\n<h2>Importancia del marketing digital<\/h2>\n<p>Actualmente, algunos expertos han reconocido que las empresas con mejor presencia en Internet son las que tendr\u00e1n mayor probabilidad de perdurar en el tiempo. Igualmente, las que solo apuesten por las <strong>estrategias tradicionales estar\u00e1n en constante amenaza de desaparici\u00f3n<\/strong>, no solo por las constantes crisis econ\u00f3micas, sino por no tener la capacidad de adaptarse a este nuevo escenario digital.<\/p>\n<p>Asimismo, su importancia tambi\u00e9n se hace notar cuando se tienen aspiraciones para superar a la competencia, las estrategias digitales son en su mayor\u00eda org\u00e1nicas, esto quiere decir que las empresas con <strong>sitios web m\u00e1s estrat\u00e9gicos ser\u00e1n capaces de posicionarse como las mejores<\/strong>, y no precisamente las que tengan m\u00e1s dinero para gastar en publicidad.<\/p>\n<p><script type=\"application\/ld+json\">{\"@context\":\"https:\/\/schema.org\",\"@type\":\"FAQPage\",\"mainEntity\":[ \n{\"@type\":\"Question\",\"name\":\"\ud83d\udccc \u00bfQu\u00e9 es marketing digital?\",\"acceptedAnswer\":{\"@type\":\"Answer\",\"text\":\"<\/p>\n<p>Cuando el Internet empez\u00f3 a utilizarse para introducir elementos publicitarios, se pens\u00f3 que ser\u00eda de forma muy similar a como se realizaba la publicidad tradicional, por ejemplo, utilizar anuncios invasivos o de interrupci\u00f3n para llamar la atenci\u00f3n del cliente. Pero, <strong>las tendencias de los usuarios frente a las campa\u00f1as cambiaron de forma radical<\/strong>, convirtiendo las exitosas campa\u00f1as de anta\u00f1o en spam. <\/p>\n<p>Actualmente, el marketing digital se destaca por introducir <a href='https:\/\/www.appyweb.es\/diseno-web\/'>estrategias como el dise\u00f1o web<\/a>, posicionamiento en buscadores, inbound, etc. La mayor\u00eda de estas tienden a minimizar la invasi\u00f3n del espacio del cliente, aunque los anuncios en buscadores, sitios web y redes sociales son una peque\u00f1a esencia de la publicidad invasiva que a\u00fan sigue teniendo \u00e9xito en algunos escenarios.<\/p>\n<p>\"}},\n{\"@type\":\"Question\",\"name\":\"\ud83d\udccc \u00bfPara qu\u00e9 sirve el marketing digital?\",\"acceptedAnswer\":{\"@type\":\"Answer\",\"text\":\"<\/p>\n<p>Su funci\u00f3n principal es adaptarse a las nuevas tendencias de comercio de los usuarios en Internet, el marketing digital busca que las estrategias de publicidad est\u00e9n en frecuencia con esas nuevas necesidades tecnol\u00f3gicas. Pero, tambi\u00e9n es una herramienta imprescindible para acceder a ventajas que no ser\u00e1n posibles de otra forma, sobre todo <strong>cuando se trata de hacer crecer la tasa de ventas<\/strong>.<\/p>\n<p>Sin embargo, en este contexto tambi\u00e9n se deben tener en mente otros puntos que pueden ser beneficioso para la empresa, por ejemplo, <a href='https:\/\/www.appyweb.es\/conversion-web\/'>las conversiones web buscan generar una base de datos<\/a> de posibles clientes, esto permite 'madurarlos' hasta que est\u00e9n preparados para la compra, algo dif\u00edcil de imaginar con las estrategias tradicionales.<\/p>\n<p>\"}},\n{\"@type\":\"Question\",\"name\":\"\ud83d\udccc \u00bfC\u00f3mo naci\u00f3 el marketing digital?\",\"acceptedAnswer\":{\"@type\":\"Answer\",\"text\":\"<\/p>\n<p>Aunque no existe una fecha en concreto, se puede decir que el marketing digital naci\u00f3 con la aparici\u00f3n del primer motor de b\u00fasqueda llamado Archie. Con esto, se empezaron a desarrollar t\u00e9cnicas org\u00e1nicas que permit\u00edan ir en concordancia con lo que <strong>utiliza el algoritmo como factor para posicionar un sitio web<\/strong> en la p\u00e1gina de resultados.<\/p>\n<p>Igualmente, empez\u00f3 a tener un repunte con la aparici\u00f3n de las primeras plataformas destinadas a la publicaci\u00f3n de anuncios, como Netmarket y Yahoo!. Todo esto ocurri\u00f3 durante la \u00e9poca de los 90, actualmente, existen cientos de estrategias en Internet que se desprenden de esa misma base.<\/p>\n<p>\"}},\n{\"@type\":\"Question\",\"name\":\"\ud83d\udccc Importancia del marketing digital\",\"acceptedAnswer\":{\"@type\":\"Answer\",\"text\":\"<\/p>\n<p>Actualmente, algunos expertos han reconocido que las empresas con mejor presencia en Internet son las que tendr\u00e1n mayor probabilidad de perdurar en el tiempo. Igualmente, las que solo apuesten por las <strong>estrategias tradicionales estar\u00e1n en constante amenaza de desaparici\u00f3n<\/strong>, no solo por las constantes crisis econ\u00f3micas, sino por no tener la capacidad de adaptarse a este nuevo escenario digital.<\/p>\n<p>Asimismo, su importancia tambi\u00e9n se hace notar cuando se tienen aspiraciones para superar a la competencia, las estrategias digitales son en su mayor\u00eda org\u00e1nicas, esto quiere decir que las empresas con <strong>sitios web m\u00e1s estrat\u00e9gicos ser\u00e1n capaces de posicionarse como las mejores<\/strong>, y no precisamente las que tengan m\u00e1s dinero para gastar en publicidad.<\/p>\n<p>\"}}\n]}<\/script><\/p>\n<h2>M\u00e1s informaci\u00f3n sobre marketing digital<\/h2>\n<p>Como sabr\u00e1s, este es un tema muy amplio, si quieres conocer un poco m\u00e1s sobre esta rama de la publicidad mira los siguientes enlaces.<\/p>\n<ul>\n<li><a href=\"https:\/\/www.appyweb.es\/6-razones-crear-una-estrategia-marketing-digital\/\">6 razones para crear una estrategia de marketing digital<\/a><\/li>\n<li><a href=\"https:\/\/es.fxmag.com\/articulo\/el-negocio-del-marketing-digital\" rel=\"nofollow noopener\" target=\"_blank\">El negocio del Marketing Digital<\/a><\/li>\n<\/ul>\n<p>&nbsp;<\/p>\n","protected":false},"excerpt":{"rendered":"<p>La forma en c\u00f3mo se hace publicidad hoy es d\u00eda es muy diferente si se compara con el pasado, actualmente, las empresas pueden utilizar Internet y otras ventajas tecnol\u00f3gicas para llegar a los usuarios en un escenario cada vez m\u00e1s globalizado. El marketing digital es la forma en c\u00f3mo se aprovechan esos recursos, desarrollando incluso [&hellip;]<\/p>\n","protected":false},"author":1,"featured_media":15994,"parent":0,"menu_order":0,"comment_status":"open","ping_status":"closed","template":"","meta":{"inline_featured_image":false,"footnotes":""},"class_list":["post-2970","page","type-page","status-publish","has-post-thumbnail","hentry"],"_links":{"self":[{"href":"https:\/\/www.appyweb.es\/diccionario\/wp-json\/wp\/v2\/pages\/2970","targetHints":{"allow":["GET"]}}],"collection":[{"href":"https:\/\/www.appyweb.es\/diccionario\/wp-json\/wp\/v2\/pages"}],"about":[{"href":"https:\/\/www.appyweb.es\/diccionario\/wp-json\/wp\/v2\/types\/page"}],"author":[{"embeddable":true,"href":"https:\/\/www.appyweb.es\/diccionario\/wp-json\/wp\/v2\/users\/1"}],"replies":[{"embeddable":true,"href":"https:\/\/www.appyweb.es\/diccionario\/wp-json\/wp\/v2\/comments?post=2970"}],"version-history":[{"count":5,"href":"https:\/\/www.appyweb.es\/diccionario\/wp-json\/wp\/v2\/pages\/2970\/revisions"}],"predecessor-version":[{"id":15996,"href":"https:\/\/www.appyweb.es\/diccionario\/wp-json\/wp\/v2\/pages\/2970\/revisions\/15996"}],"wp:featuredmedia":[{"embeddable":true,"href":"https:\/\/www.appyweb.es\/diccionario\/wp-json\/wp\/v2\/media\/15994"}],"wp:attachment":[{"href":"https:\/\/www.appyweb.es\/diccionario\/wp-json\/wp\/v2\/media?parent=2970"}],"curies":[{"name":"wp","href":"https:\/\/api.w.org\/{rel}","templated":true}]}}