{"id":2978,"date":"2023-06-22T13:25:52","date_gmt":"2023-06-22T13:25:52","guid":{"rendered":"https:\/\/www.appyweb.es\/diccionario\/?post_type=project&#038;p=2978"},"modified":"2024-04-29T14:34:20","modified_gmt":"2024-04-29T14:34:20","slug":"marketing-en-buscadores","status":"publish","type":"page","link":"https:\/\/www.appyweb.es\/diccionario\/marketing-en-buscadores\/","title":{"rendered":"Marketing en Buscadores"},"content":{"rendered":"<figure id=\"attachment_16024\" aria-describedby=\"caption-attachment-16024\" style=\"width: 1000px\" class=\"wp-caption alignnone\"><img loading=\"lazy\" decoding=\"async\" class=\"size-full wp-image-16024\" src=\"https:\/\/www.appyweb.es\/diccionario\/wp-content\/uploads\/2024\/04\/MarketingEnBuscadores.jpg\" alt=\"Marketing en Buscadores\" width=\"1000\" height=\"600\" srcset=\"https:\/\/www.appyweb.es\/diccionario\/wp-content\/uploads\/2024\/04\/MarketingEnBuscadores.jpg 1000w, https:\/\/www.appyweb.es\/diccionario\/wp-content\/uploads\/2024\/04\/MarketingEnBuscadores-300x180.jpg 300w, https:\/\/www.appyweb.es\/diccionario\/wp-content\/uploads\/2024\/04\/MarketingEnBuscadores-768x461.jpg 768w\" sizes=\"auto, (max-width: 1000px) 100vw, 1000px\" \/><figcaption id=\"caption-attachment-16024\" class=\"wp-caption-text\">Persona poniendo filtros en un buscador.<\/figcaption><\/figure>\n<p>Es una forma de hacer publicidad en Internet que involucra estrategias org\u00e1nicas y anuncios de pago, en pocas palabras, el <strong>marketing en buscadores utiliza varias t\u00e9cnicas con la finalidad de posicionar un sitio web<\/strong> en los primeros resultados de b\u00fasqueda.<\/p>\n<h2>\u00bfQu\u00e9 es el marketing en buscadores?<\/h2>\n<p>Como se mencion\u00f3 arriba, es un tipo de estrategia que <strong>busca posicionar un sitio web en los primeros lugares de las SERP\\&#8217;s<\/strong> (p\u00e1ginas de resultados de b\u00fasqueda), esto basado en la premisa de que mientras m\u00e1s arriba est\u00e9 la p\u00e1gina en la lista, m\u00e1s tr\u00e1fico generar\u00e1 y m\u00e1s interacciones tendr\u00e1. El marketing de buscadores se basa principalmente en buscar mayor promoci\u00f3n o visibilidad es los resultados de los motores de b\u00fasqueda.<\/p>\n<p>En este sentido, existen dos formas de aparecer en los lugares m\u00e1s beneficiosos de las SERP\\&#8217;s, a trav\u00e9s del <a href=\"https:\/\/www.appyweb.es\/posicionamiento-web\/\">SEO o posicionamiento web org\u00e1nico<\/a> o del SEM, anuncios en los motores de b\u00fasqueda. Algunos expertos han indicado que si se complementan ambas estrategias se pueden lograr resultados m\u00e1s efectivos.<\/p>\n<h2>\u00bfPara qu\u00e9 sirve el marketing en buscadores?<\/h2>\n<p>Los motores de b\u00fasqueda son una fuente de tr\u00e1fico muy importante, casi en 99% de los usuarios que se conectan a Internet <strong>lo hacen a trav\u00e9s de un motor de b\u00fasqueda como Google<\/strong>. Esto significa que la mayor\u00eda de los posibles clientes se conectan en los motores, as\u00ed que si se utilizan las palabras clave correctas es posible adquirir una gran cantidad de visitas si se encuentra en los primeros lugares.<\/p>\n<p>Con estas estrategias es m\u00e1s probable aparecer en los primeros lugares, teniendo en cuenta que el 92% del tr\u00e1fico se reparte entre los primeros 5 sitios web posicionados. Si el sitio web se encuentra lejos de la primera p\u00e1gina de resultados tiene una probabilidad de recibir solo el 2%, que va disminuyendo mientras m\u00e1s lejos se encuentre.<\/p>\n<h2>\u00bfQu\u00e9 es el SEM?<\/h2>\n<p>Aunque estas estrategias abarcan t\u00e9cnicas org\u00e1nicas en conjunto, las <strong>t\u00e9cnicas de pago son las que son llamadas marketing de buscadores<\/strong> con frecuencia. Esas t\u00e9cnicas de pago reciben el nombre de SEM (publicidad para motores de b\u00fasqueda), que se refiere en su mayor\u00eda a los anuncios que se muestran en las SERP\\&#8217;s. Por ejemplo, en los resultados de Google pueden aparecer hasta cinco sitios web en formato de anuncio, como si en realidad estuvieran posicionados org\u00e1nicamente.<\/p>\n<p>Estos se distinguen f\u00e1cilmente por la etiqueta \u00abanuncio\u00bb debajo de ellos, pero para el usuario puede pasar desapercibido, aunque tambi\u00e9n puede ser muy beneficioso, sobre todo si se trata de consultas muy comerciales, como \u00abdonde comprar zapatillas en el centro\u00bb. En este sentido, es necesario destacar que es necesario competir con pujas frente a otras empresas para anunciarse con palabras clave, esta actividad <a href=\"https:\/\/www.appyweb.es\/campanas-google-adwords\/\">se lleva a cabo en Google Ads<\/a> y otras plataformas de anuncios.<\/p>\n<h2>Ejemplo de marketing en buscadores<\/h2>\n<p>Si quieres ver un ejemplo sencillo de esto, solo tienes que <strong>escribir cualquier palabra o frase comercial en el buscador que prefieras<\/strong>. Por ejemplo, si escribes \u00abviajes\u00bb ver\u00e1s una lista de anuncios de ofertas de viaje en los primeros 5 lugares de la lista de resultados.<\/p>\n<p><script type=\"application\/ld+json\">{\"@context\":\"https:\/\/schema.org\",\"@type\":\"FAQPage\",\"mainEntity\":[ \n{\"@type\":\"Question\",\"name\":\"\ud83d\udccc \u00bfQu\u00e9 es el marketing en buscadores?\",\"acceptedAnswer\":{\"@type\":\"Answer\",\"text\":\"<\/p>\n<p>Como se mencion\u00f3 arriba, es un tipo de estrategia que <strong>busca posicionar un sitio web en los primeros lugares de las SERP\\'s<\/strong> (p\u00e1ginas de resultados de b\u00fasqueda), esto basado en la premisa de que mientras m\u00e1s arriba est\u00e9 la p\u00e1gina en la lista, m\u00e1s tr\u00e1fico generar\u00e1 y m\u00e1s interacciones tendr\u00e1. El marketing de buscadores se basa principalmente en buscar mayor promoci\u00f3n o visibilidad es los resultados de los motores de b\u00fasqueda.<\/p>\n<p>En este sentido, existen dos formas de aparecer en los lugares m\u00e1s beneficiosos de las SERP\\'s, a trav\u00e9s del <a href='https:\/\/www.appyweb.es\/posicionamiento-web\/'>SEO o posicionamiento web org\u00e1nico<\/a> o del SEM, anuncios en los motores de b\u00fasqueda. Algunos expertos han indicado que si se complementan ambas estrategias se pueden lograr resultados m\u00e1s efectivos.<\/p>\n<p>\"}},\n{\"@type\":\"Question\",\"name\":\"\ud83d\udccc \u00bfPara qu\u00e9 sirve el marketing en buscadores?\",\"acceptedAnswer\":{\"@type\":\"Answer\",\"text\":\"<\/p>\n<p>Los motores de b\u00fasqueda son una fuente de tr\u00e1fico muy importante, casi en 99% de los usuarios que se conectan a Internet <strong>lo hacen a trav\u00e9s de un motor de b\u00fasqueda como Google<\/strong>. Esto significa que la mayor\u00eda de los posibles clientes se conectan en los motores, as\u00ed que si se utilizan las palabras clave correctas es posible adquirir una gran cantidad de visitas si se encuentra en los primeros lugares.<\/p>\n<p>Con estas estrategias es m\u00e1s probable aparecer en los primeros lugares, teniendo en cuenta que el 92% del tr\u00e1fico se reparte entre los primeros 5 sitios web posicionados. Si el sitio web se encuentra lejos de la primera p\u00e1gina de resultados tiene una probabilidad de recibir solo el 2%, que va disminuyendo mientras m\u00e1s lejos se encuentre.<\/p>\n<p>\"}},\n{\"@type\":\"Question\",\"name\":\"\ud83d\udccc \u00bfQu\u00e9 es el SEM?\",\"acceptedAnswer\":{\"@type\":\"Answer\",\"text\":\"<\/p>\n<p>Aunque estas estrategias abarcan t\u00e9cnicas org\u00e1nicas en conjunto, las <strong>t\u00e9cnicas de pago son las que son llamadas marketing de buscadores<\/strong> con frecuencia. Esas t\u00e9cnicas de pago reciben el nombre de SEM (publicidad para motores de b\u00fasqueda), que se refiere en su mayor\u00eda a los anuncios que se muestran en las SERP\\'s. Por ejemplo, en los resultados de Google pueden aparecer hasta cinco sitios web en formato de anuncio, como si en realidad estuvieran posicionados org\u00e1nicamente.<\/p>\n<p>Estos se distinguen f\u00e1cilmente por la etiqueta 'anuncio' sobre ellos, pero para el usuario puede pasar desapercibido, aunque tambi\u00e9n puede ser muy beneficioso, sobre todo si se trata de consultas muy comerciales, como 'donde comprar zapatillas en el centro'. En este sentido, es necesario destacar que es necesario competir con pujas frente a otras empresas para anunciarse con palabras clave, esta actividad <a href='https:\/\/www.appyweb.es\/campanas-google-adwords\/'>se lleva a cabo en Google Ads<\/a> y otras plataformas de anuncios.<\/p>\n<p>\"}},\n{\"@type\":\"Question\",\"name\":\"\ud83d\udccc Ejemplo de marketing en buscadores\",\"acceptedAnswer\":{\"@type\":\"Answer\",\"text\":\"<\/p>\n<p>Si quieres ver un ejemplo sencillo de esto, solo tienes que <strong>escribir cualquier palabra o frase comercial en el buscador que prefieras<\/strong>. Por ejemplo, si escribes 'viajes' ver\u00e1s una lista de anuncios de ofertas de viaje en los primeros 5 lugares de la lista de resultados.<\/p>\n<p>\"}}\n]}<\/script><\/p>\n<p>&nbsp;<\/p>\n<h2>M\u00e1s informaci\u00f3n sobre marketing de buscadores<\/h2>\n<p>Tanto el <strong>SEO como en SEM involucran una gran lista de estrategias<\/strong> que pueden mejorar tu posicionamiento, si quieres conocer un poco m\u00e1s sobre esto mira estos enlaces.<\/p>\n<ul>\n<li><a href=\"https:\/\/www.appyweb.es\/mejorar-posicionamiento-sem-negocio\/\">\u00bfC\u00f3mo Mejorar El SEM De Tu P\u00e1gina Web?<\/a><\/li>\n<li><a href=\"https:\/\/www.puromarketing.com\/8\/34768\/lasclaves-seopara-aparecer-mejorar-nuestra-posicion-resultados-google.html\" rel=\"nofollow noopener\" target=\"_blank\">Las 9 claves SEO para aparecer y mejorar nuestra posici\u00f3n<\/a><\/li>\n<\/ul>\n<p>&nbsp;<\/p>\n","protected":false},"excerpt":{"rendered":"<p>Es una forma de hacer publicidad en Internet que involucra estrategias org\u00e1nicas y anuncios de pago, en pocas palabras, el marketing en buscadores utiliza varias t\u00e9cnicas con la finalidad de posicionar un sitio web en los primeros resultados de b\u00fasqueda. \u00bfQu\u00e9 es el marketing en buscadores? Como se mencion\u00f3 arriba, es un tipo de estrategia [&hellip;]<\/p>\n","protected":false},"author":1,"featured_media":16024,"parent":0,"menu_order":0,"comment_status":"open","ping_status":"closed","template":"","meta":{"inline_featured_image":false,"footnotes":""},"class_list":["post-2978","page","type-page","status-publish","has-post-thumbnail","hentry"],"_links":{"self":[{"href":"https:\/\/www.appyweb.es\/diccionario\/wp-json\/wp\/v2\/pages\/2978","targetHints":{"allow":["GET"]}}],"collection":[{"href":"https:\/\/www.appyweb.es\/diccionario\/wp-json\/wp\/v2\/pages"}],"about":[{"href":"https:\/\/www.appyweb.es\/diccionario\/wp-json\/wp\/v2\/types\/page"}],"author":[{"embeddable":true,"href":"https:\/\/www.appyweb.es\/diccionario\/wp-json\/wp\/v2\/users\/1"}],"replies":[{"embeddable":true,"href":"https:\/\/www.appyweb.es\/diccionario\/wp-json\/wp\/v2\/comments?post=2978"}],"version-history":[{"count":5,"href":"https:\/\/www.appyweb.es\/diccionario\/wp-json\/wp\/v2\/pages\/2978\/revisions"}],"predecessor-version":[{"id":16029,"href":"https:\/\/www.appyweb.es\/diccionario\/wp-json\/wp\/v2\/pages\/2978\/revisions\/16029"}],"wp:featuredmedia":[{"embeddable":true,"href":"https:\/\/www.appyweb.es\/diccionario\/wp-json\/wp\/v2\/media\/16024"}],"wp:attachment":[{"href":"https:\/\/www.appyweb.es\/diccionario\/wp-json\/wp\/v2\/media?parent=2978"}],"curies":[{"name":"wp","href":"https:\/\/api.w.org\/{rel}","templated":true}]}}