{"id":2985,"date":"2023-06-22T13:28:33","date_gmt":"2023-06-22T13:28:33","guid":{"rendered":"https:\/\/www.appyweb.es\/diccionario\/?post_type=project&#038;p=2985"},"modified":"2024-04-30T13:33:37","modified_gmt":"2024-04-30T13:33:37","slug":"marketing-tiempo-real","status":"publish","type":"page","link":"https:\/\/www.appyweb.es\/diccionario\/marketing-tiempo-real\/","title":{"rendered":"Marketing en Tiempo Real"},"content":{"rendered":"<figure id=\"attachment_16051\" aria-describedby=\"caption-attachment-16051\" style=\"width: 1000px\" class=\"wp-caption alignnone\"><img loading=\"lazy\" decoding=\"async\" class=\"size-full wp-image-16051\" src=\"https:\/\/www.appyweb.es\/diccionario\/wp-content\/uploads\/2024\/04\/MarketingEnTiempoReal.jpg\" alt=\"Marketing en Tiempo Real\" width=\"1000\" height=\"600\" srcset=\"https:\/\/www.appyweb.es\/diccionario\/wp-content\/uploads\/2024\/04\/MarketingEnTiempoReal.jpg 1000w, https:\/\/www.appyweb.es\/diccionario\/wp-content\/uploads\/2024\/04\/MarketingEnTiempoReal-300x180.jpg 300w, https:\/\/www.appyweb.es\/diccionario\/wp-content\/uploads\/2024\/04\/MarketingEnTiempoReal-768x461.jpg 768w\" sizes=\"auto, (max-width: 1000px) 100vw, 1000px\" \/><figcaption id=\"caption-attachment-16051\" class=\"wp-caption-text\">Persona mirando el movil con graficas y un reloj de arena.<\/figcaption><\/figure>\n<p>Es un tipo de publicidad ligada a eventos, es decir ocurre al instante en el que se est\u00e1 llevando a cabo una noticia o alguna actividad relacionada con la empresa. El <strong>objetivo del marketing en tiempo real es causar impacto y viralidad<\/strong> en el mundo online.<\/p>\n<h2>\u00bfQu\u00e9 es?<\/h2>\n<p>Se trata de una actividad que involucra mensajes directos hacia los clientes o usuarios de una marca, cuando se est\u00e1 llevando a cabo alg\u00fan evento relacionado con ambos. El marketing en tiempo real permite <strong>generar un impacto en la relevancia de la marca en redes sociales<\/strong> y otros canales utilizados durante la campa\u00f1a.<\/p>\n<p>Tambi\u00e9n se puede decir que es un tipo de publicidad que combina lo tradicional con lo digital, por ejemplo, cuando una marca lleva a cabo un evento, como una conferencia, puede <a href=\"https:\/\/www.appyweb.es\/conversion-web\/\">impulsar la conversi\u00f3n web<\/a> de nuevos clientes a trav\u00e9s de estrategias instant\u00e1neas con un mensaje directo a su m\u00f3vil o redes sociales.<\/p>\n<h2>\u00bfPara qu\u00e9 sirve?<\/h2>\n<p>Realmente el <strong>marketing en tiempo real sirve para que la empresa tenga un contacto directo<\/strong> con los usuarios durante eventos, haciendo comentarios del mismo o realizando alg\u00fan post relacionado con una actividad. La idea de esto es permitir que los usuarios tengan una experiencia m\u00e1s personalizada, incluso si el evento se dirige a miles de personas.<\/p>\n<p>Igualmente, este tipo de estrategia permite <a href=\"https:\/\/www.appyweb.es\/posicionamiento-web\/\">mejorar el posicionamiento web de un sitio<\/a> ya que puede generar un efecto viral, que permitir\u00e1 darle a la marca una gran visibilidad desde medios digitales.<\/p>\n<h2>Importancia del real time marketing para los negocios<\/h2>\n<ul>\n<li>Permite mejorar las pr\u00e1cticas de las marcas que apenas se est\u00e1n acostumbrando al mundo de la publicidad digital.<\/li>\n<li>Las actividades de real-time son menos caras que cualquier otra estrategia de publicidad combinada.<\/li>\n<li>Tambi\u00e9n permite realizar una estrategia r\u00e1pida para garantizar una experiencia de mayor calidad a los clientes.<\/li>\n<li>Las <strong>ofertas de este tipo suele ser m\u00e1s relevantes para los usuarios<\/strong>, por lo que puede superar f\u00e1cilmente a la competencia.<\/li>\n<li>Permite a las empresas a organizarse en equipos m\u00e1s r\u00e1pidos y dispuestos a dar respuestas eficientes e instant\u00e1neas.<\/li>\n<\/ul>\n<h2>Ejemplo de marketing en tiempo real<\/h2>\n<p>Uno de los ejemplos m\u00e1s ic\u00f3nicos de esta estrategia es el que se llev\u00f3 a cabo durante el apag\u00f3n el Super Bowl en el 2013, por parte de la marca de galletas oreo. Aprovecharon la interrupci\u00f3n el\u00e9ctrica para lanzar una campa\u00f1a que mostraba a la galleta iluminada. Se trat\u00f3 de un mensaje transmitido a trav\u00e9s de Twitter y <strong>fue compartido hasta m\u00e1s de 150,000 veces<\/strong>, lo que gener\u00f3 miles de seguidores a la marca dentro de la plataforma.<\/p>\n<p>A continuaci\u00f3n, se puede ver la imagen original utilizada para mensaje.<\/p>\n<p><script type=\"application\/ld+json\">{\"@context\":\"https:\/\/schema.org\",\"@type\":\"FAQPage\",\"mainEntity\":[ \n{\"@type\":\"Question\",\"name\":\"\ud83d\udccc \u00bfQu\u00e9 es?\",\"acceptedAnswer\":{\"@type\":\"Answer\",\"text\":\"<\/p>\n<p>Se trata de una actividad que involucra mensajes directos hacia los clientes o usuarios de una marca, cuando se est\u00e1 llevando a cabo alg\u00fan evento relacionado con ambos. El marketing en tiempo real permite <strong>generar un impacto en la relevancia de la marca en redes sociales<\/strong> y otros canales utilizados durante la campa\u00f1a.<\/p>\n<p>Tambi\u00e9n se puede decir que es un tipo de publicidad que combina lo tradicional con lo digital, por ejemplo, cuando una marca lleva a cabo un evento, como una conferencia, puede <a href='https:\/\/www.appyweb.es\/conversion-web\/'>impulsar la conversi\u00f3n web<\/a> de nuevos clientes a trav\u00e9s de estrategias instant\u00e1neas con un mensaje directo a su m\u00f3vil o redes sociales.<\/p>\n<p>\"}},\n{\"@type\":\"Question\",\"name\":\"\ud83d\udccc \u00bfPara qu\u00e9 sirve?\",\"acceptedAnswer\":{\"@type\":\"Answer\",\"text\":\"<\/p>\n<p>Realmente el <strong>marketing en tiempo real sirve para que la empresa tenga un contacto directo<\/strong> con los usuarios durante eventos, haciendo comentarios del mismo o realizando alg\u00fan post relacionado con una actividad. La idea de esto es permitir que los usuarios tengan una experiencia m\u00e1s personalizada, incluso si el evento se dirige a miles de personas.<\/p>\n<p>Igualmente, este tipo de estrategia permite <a href='https:\/\/www.appyweb.es\/posicionamiento-web\/'>mejorar el posicionamiento web de un sitio<\/a> ya que puede generar un efecto viral, que permitir\u00e1 darle a la marca una gran visibilidad desde medios digitales.<\/p>\n<p>\"}},\n{\"@type\":\"Question\",\"name\":\"\ud83d\udccc Importancia del real time marketing para los negocios\",\"acceptedAnswer\":{\"@type\":\"Answer\",\"text\":\"<\/p>\n<\/p>\n<\/p>\n<\/p>\n<\/p>\n<ul>\n<\/p>\n<\/p>\n<\/p>\n<\/p>\n<li>Permite mejorar las pr\u00e1cticas de las marcas que apenas se est\u00e1n acostumbrando al mundo de la publicidad digital.<\/li>\n<\/p>\n<\/p>\n<\/p>\n<\/p>\n<\/p>\n<\/p>\n<\/p>\n<\/p>\n<\/p>\n<\/p>\n<\/p>\n<\/p>\n<\/p>\n<\/p>\n<\/p>\n<li>Las actividades de real-time son menos caras que cualquier otra estrategia de publicidad combinada.<\/li>\n<\/p>\n<\/p>\n<\/p>\n<\/p>\n<\/p>\n<\/p>\n<\/p>\n<\/p>\n<\/p>\n<\/p>\n<\/p>\n<\/p>\n<\/p>\n<\/p>\n<\/p>\n<li>Tambi\u00e9n permite realizar una estrategia r\u00e1pida para garantizar una experiencia de mayor calidad a los clientes.<\/li>\n<\/p>\n<\/p>\n<\/p>\n<\/p>\n<\/p>\n<\/p>\n<\/p>\n<\/p>\n<\/p>\n<\/p>\n<\/p>\n<\/p>\n<\/p>\n<\/p>\n<\/p>\n<li>Las <strong>ofertas de este tipo suele ser m\u00e1s relevantes para los usuarios<\/strong>, por lo que puede superar f\u00e1cilmente a la competencia.<\/li>\n<\/p>\n<\/p>\n<\/p>\n<\/p>\n<\/p>\n<\/p>\n<\/p>\n<\/p>\n<\/p>\n<\/p>\n<\/p>\n<\/p>\n<\/p>\n<\/p>\n<\/p>\n<li>Permite a las empresas a organizarse en equipos m\u00e1s r\u00e1pidos y dispuestos a dar respuestas eficientes e instant\u00e1neas.<\/li>\n<\/p>\n<\/p>\n<\/p>\n<\/p>\n<\/p>\n<\/p>\n<\/p>\n<\/p>\n<\/p>\n<\/p>\n<\/p>\n<\/ul>\n<\/p>\n<\/p>\n<\/p>\n<\/p>\n<\/p>\n<\/p>\n<\/p>\n<\/p>\n<\/p>\n<\/p>\n<\/p>\n<p>\"}},\n{\"@type\":\"Question\",\"name\":\"\ud83d\udccc Ejemplo de marketing en tiempo real\",\"acceptedAnswer\":{\"@type\":\"Answer\",\"text\":\"<\/p>\n<p>Uno de los ejemplos m\u00e1s ic\u00f3nicos de esta estrategia es el que se llev\u00f3 a cabo durante el apag\u00f3n el Super Bowl en el 2013, por parte de la marca de galletas oreo. Aprovecharon la interrupci\u00f3n el\u00e9ctrica para lanzar una campa\u00f1a que mostraba a la galleta iluminada. Se trat\u00f3 de un mensaje transmitido a trav\u00e9s de Twitter y <strong>fue compartido hasta m\u00e1s de 150,000 veces<\/strong>, lo que gener\u00f3 miles de seguidores a la marca dentro de la plataforma.<\/p>\n<p>A continuaci\u00f3n, se puede ver la imagen original utilizada para mensaje.<\/p>\n<p>\"}}\n]}<\/script><\/p>\n<h2>M\u00e1s informaci\u00f3n sobre el marketing en tiempo real<\/h2>\n<p>Sin dudas, es una de las estrategias m\u00e1s utilizadas en el mundo de la publicidad para viralizar una marca, pero requiere de un poco de estrategia. Mira estos enlaces si quieres conocer m\u00e1s al respecto.<\/p>\n<ul>\n<li><a href=\"https:\/\/www.appyweb.es\/diccionario\/rtb\/\">\u00bfQu\u00e9 es el RTB y para qu\u00e9 sirve?<\/a><\/li>\n<li><a href=\"https:\/\/www.marketingdirecto.com\/marketing-general\/marketing\/el-tiempo-real-y-la-activacion-al-consumidor\" rel=\"nofollow noopener\" target=\"_blank\">El tiempo real y la activaci\u00f3n al consumidor<\/a><\/li>\n<\/ul>\n<p>&nbsp;<\/p>\n","protected":false},"excerpt":{"rendered":"<p>Es un tipo de publicidad ligada a eventos, es decir ocurre al instante en el que se est\u00e1 llevando a cabo una noticia o alguna actividad relacionada con la empresa. El objetivo del marketing en tiempo real es causar impacto y viralidad en el mundo online. \u00bfQu\u00e9 es? Se trata de una actividad que involucra [&hellip;]<\/p>\n","protected":false},"author":1,"featured_media":16051,"parent":0,"menu_order":0,"comment_status":"open","ping_status":"closed","template":"","meta":{"inline_featured_image":false,"footnotes":""},"class_list":["post-2985","page","type-page","status-publish","has-post-thumbnail","hentry"],"_links":{"self":[{"href":"https:\/\/www.appyweb.es\/diccionario\/wp-json\/wp\/v2\/pages\/2985","targetHints":{"allow":["GET"]}}],"collection":[{"href":"https:\/\/www.appyweb.es\/diccionario\/wp-json\/wp\/v2\/pages"}],"about":[{"href":"https:\/\/www.appyweb.es\/diccionario\/wp-json\/wp\/v2\/types\/page"}],"author":[{"embeddable":true,"href":"https:\/\/www.appyweb.es\/diccionario\/wp-json\/wp\/v2\/users\/1"}],"replies":[{"embeddable":true,"href":"https:\/\/www.appyweb.es\/diccionario\/wp-json\/wp\/v2\/comments?post=2985"}],"version-history":[{"count":7,"href":"https:\/\/www.appyweb.es\/diccionario\/wp-json\/wp\/v2\/pages\/2985\/revisions"}],"predecessor-version":[{"id":16055,"href":"https:\/\/www.appyweb.es\/diccionario\/wp-json\/wp\/v2\/pages\/2985\/revisions\/16055"}],"wp:featuredmedia":[{"embeddable":true,"href":"https:\/\/www.appyweb.es\/diccionario\/wp-json\/wp\/v2\/media\/16051"}],"wp:attachment":[{"href":"https:\/\/www.appyweb.es\/diccionario\/wp-json\/wp\/v2\/media?parent=2985"}],"curies":[{"name":"wp","href":"https:\/\/api.w.org\/{rel}","templated":true}]}}