{"id":2988,"date":"2023-06-22T13:29:40","date_gmt":"2023-06-22T13:29:40","guid":{"rendered":"https:\/\/www.appyweb.es\/diccionario\/?post_type=project&#038;p=2988"},"modified":"2024-04-30T14:32:59","modified_gmt":"2024-04-30T14:32:59","slug":"marketing-experiencial","status":"publish","type":"page","link":"https:\/\/www.appyweb.es\/diccionario\/marketing-experiencial\/","title":{"rendered":"Marketing Experiencial"},"content":{"rendered":"<figure id=\"attachment_16067\" aria-describedby=\"caption-attachment-16067\" style=\"width: 1000px\" class=\"wp-caption alignnone\"><img loading=\"lazy\" decoding=\"async\" class=\"size-full wp-image-16067\" src=\"https:\/\/www.appyweb.es\/diccionario\/wp-content\/uploads\/2024\/04\/MarketingExperiencial.jpg\" alt=\"Marketing Experiencial\" width=\"1000\" height=\"600\" srcset=\"https:\/\/www.appyweb.es\/diccionario\/wp-content\/uploads\/2024\/04\/MarketingExperiencial.jpg 1000w, https:\/\/www.appyweb.es\/diccionario\/wp-content\/uploads\/2024\/04\/MarketingExperiencial-300x180.jpg 300w, https:\/\/www.appyweb.es\/diccionario\/wp-content\/uploads\/2024\/04\/MarketingExperiencial-768x461.jpg 768w\" sizes=\"auto, (max-width: 1000px) 100vw, 1000px\" \/><figcaption id=\"caption-attachment-16067\" class=\"wp-caption-text\">Persona con un megafono y iconos de redes sociales.<\/figcaption><\/figure>\n<p>Existen muchas razones de porqu\u00e9 un cliente decide hacer una compra, puede ser debido a las ofertas o las recomendaciones de sus amigos m\u00e1s cercanos. Pero existe un gran porcentaje que decide comprar debido a la experiencia, las <strong>estrategias que se aplican para esto se conocen como marketing experiencial<\/strong>. \u00bfQuieres saber un poco m\u00e1s sobre esto? sigue leyendo.<\/p>\n<h2>\u00bfQu\u00e9 es marketing experiencial?<\/h2>\n<p>Es un conjunto de estrategias que consiste en llamar la atenci\u00f3n del consumidor, a partir de una experiencia relacionada a la publicidad. En ocasiones, esta t\u00e9cnica es confundida con la publicidad de emociones, ya que en ambas ve involucradas estrategias de neuromarketing para lograr una conexi\u00f3n m\u00e1s profunda con el usuario.<\/p>\n<p>Existen muchas variantes de estas t\u00e9cnicas, algunas incluso <strong>fomentan la combinaci\u00f3n de la publicidad tradicional y digital<\/strong>. En cualquier caso, tambi\u00e9n pueden <a href=\"https:\/\/www.appyweb.es\/posicionamiento-web\/\">impulsar el posicionamiento web de una marca<\/a> al generar estrategias virales.<\/p>\n<h2>\u00bfPara qu\u00e9 sirve?<\/h2>\n<p>Sirve para crear una buena conexi\u00f3n entre marca o empresa y consumidor, usualmente se suele aplicar durante el <a href=\"https:\/\/www.appyweb.es\/embudo-ventas-e-commerce\/\">viaje del cliente dentro del embudo de ventas<\/a>, de forma que quede encantado <strong>durante la experiencia de la primera compra<\/strong>. As\u00ed, podr\u00e1 crear una relaci\u00f3n m\u00e1s profunda con la marca.<\/p>\n<p>Igualmente, otras de las consecuencias m\u00e1s beneficiosas de este tipo de estrategias es que los clientes se convertir\u00e1n en embajadores de la marca, esto quiere decir que promocionar\u00e1n la empresa con t\u00e9cnicas como el boca a boca o recomendaciones. Pero, <strong>m\u00e1s espec\u00edficamente aumentar\u00e1 la tasa de conversi\u00f3n y reforzara la fidelizaci\u00f3n<\/strong>.<\/p>\n<h2>Tipos de marketing experiencial<\/h2>\n<ul>\n<li><strong>Emocional<\/strong>: Consiste en dirigirse a los sentimientos del consumidor durante la venta, relacionando el producto o servicio.<\/li>\n<li><strong>De sensaciones<\/strong>: Involucra todos los sentidos del usuario, busca generar un impacto sensorial a trav\u00e9s estimulaciones en el mensaje o la oferta.<\/li>\n<li><strong>Relaciones<\/strong>: Consiste en mostrarle al usuario la situaci\u00f3n de personas que han vivido las mismas experiencias que \u00e9l en el pasado, de forma que forme una conexi\u00f3n de empat\u00eda con la empresa.<\/li>\n<li><strong>Pensamientos<\/strong>: Es una de las m\u00e1s utilizadas, ya que se utiliza para provocar intriga y jugar dentro de la mente del usuario, busca despertar la creatividad y crear contacto con la campa\u00f1a.<\/li>\n<\/ul>\n<h2>Ejemplo de Marketing experiencial<\/h2>\n<p>Una de las mejores estrategias que relacionan la publicidad tradicional y digital en el marketing experiencial, fue la que <strong>se llev\u00f3<\/strong> <strong>acabo de parte de Google y Nestl\u00e9 en el a\u00f1o 2013<\/strong>. La empresa de tecnolog\u00eda lanz\u00f3 al mercado una nueva versi\u00f3n de su software Android llamado KitKat, despu\u00e9s de llegar a un acuerdo con Nestl\u00e9.<\/p>\n<p>A partir de esto, la marca de comida lanz\u00f3 al mercado 50 millones de barras exclusivas con la imagen de la mascota de Android en el envoltorio, algunas de ellas inclu\u00edan c\u00f3digos para ganar tabletas y otros premios de Android.<\/p>\n<p><script type=\"application\/ld+json\">{\"@context\":\"https:\/\/schema.org\",\"@type\":\"FAQPage\",\"mainEntity\":[ \n{\"@type\":\"Question\",\"name\":\"\ud83d\udccc \u00bfQu\u00e9 es marketing experiencial?\",\"acceptedAnswer\":{\"@type\":\"Answer\",\"text\":\"<\/p>\n<p>Es un conjunto de estrategias que consiste en llamar la atenci\u00f3n del consumidor, a partir de una experiencia relacionada a la publicidad. En ocasiones, esta t\u00e9cnica es confundida con la publicidad de emociones, ya que en ambas ve involucradas estrategias de neuromarketing para lograr una conexi\u00f3n m\u00e1s profunda con el usuario.<\/p>\n<p>Existen muchas variantes de estas t\u00e9cnicas, algunas incluso <strong>fomentan la combinaci\u00f3n de la publicidad tradicional y digital<\/strong>. En cualquier caso, tambi\u00e9n pueden <a href='https:\/\/www.appyweb.es\/posicionamiento-web\/'>impulsar el posicionamiento web de una marca<\/a> al generar estrategias virales.<\/p>\n<p>\"}},\n{\"@type\":\"Question\",\"name\":\"\ud83d\udccc \u00bfPara qu\u00e9 sirve?\",\"acceptedAnswer\":{\"@type\":\"Answer\",\"text\":\"<\/p>\n<p>Sirve para crear una buena conexi\u00f3n entre marca o empresa y consumidor, usualmente se suele aplicar durante el <a href='https:\/\/www.appyweb.es\/embudo-ventas-e-commerce\/'>viaje del cliente dentro del embudo de ventas<\/a>, de forma que quede encantado <strong>durante la experiencia de la primera compra<\/strong>. As\u00ed, podr\u00e1 crear una relaci\u00f3n m\u00e1s profunda con la marca.<\/p>\n<p>Igualmente, otras de las consecuencias m\u00e1s beneficiosas de este tipo de estrategias es que los clientes se convertir\u00e1n en embajadores de la marca, esto quiere decir que promocionar\u00e1n la empresa con t\u00e9cnicas como el boca a boca o recomendaciones. Pero, <strong>m\u00e1s espec\u00edficamente aumentar\u00e1 la tasa de conversi\u00f3n y reforzara la fidelizaci\u00f3n<\/strong>.<\/p>\n<p>\"}},\n{\"@type\":\"Question\",\"name\":\"\ud83d\udccc Tipos de marketing experiencial\",\"acceptedAnswer\":{\"@type\":\"Answer\",\"text\":\"<\/p>\n<\/p>\n<\/p>\n<ul>\n<\/p>\n<\/p>\n<li><strong>Emocional<\/strong>: Consiste en dirigirse a los sentimientos del consumidor durante la venta, relacionando el producto o servicio.<\/li>\n<\/p>\n<\/p>\n<\/p>\n<\/p>\n<\/p>\n<\/p>\n<\/p>\n<li><strong>De sensaciones<\/strong>: Involucra todos los sentidos del usuario, busca generar un impacto sensorial a trav\u00e9s estimulaciones en el mensaje o la oferta.<\/li>\n<\/p>\n<\/p>\n<\/p>\n<\/p>\n<\/p>\n<\/p>\n<\/p>\n<li><strong>Relaciones<\/strong>: Consiste en mostrarle al usuario la situaci\u00f3n de personas que han vivido las mismas experiencias que \u00e9l en el pasado, de forma que forme una conexi\u00f3n de empat\u00eda con la empresa.<\/li>\n<\/p>\n<\/p>\n<\/p>\n<\/p>\n<\/p>\n<\/p>\n<\/p>\n<li><strong>Pensamientos<\/strong>: Es una de las m\u00e1s utilizadas, ya que se utiliza para provocar intriga y jugar dentro de la mente del usuario, busca despertar la creatividad y crear contacto con la campa\u00f1a.<\/li>\n<\/p>\n<\/p>\n<\/p>\n<\/p>\n<\/p>\n<\/ul>\n<\/p>\n<\/p>\n<\/p>\n<\/p>\n<\/p>\n<p>\"}},\n{\"@type\":\"Question\",\"name\":\"\ud83d\udccc Ejemplo de Marketing experiencial\",\"acceptedAnswer\":{\"@type\":\"Answer\",\"text\":\"<\/p>\n<p>Una de las mejores estrategias que relacionan la publicidad tradicional y digital en el marketing experiencial, fue la que <strong>se llev\u00f3<\/strong> <strong>acabo de parte de Google y Nestl\u00e9 en el a\u00f1o 2013<\/strong>. La empresa de tecnolog\u00eda lanz\u00f3 al mercado una nueva versi\u00f3n de su software Android llamado KitKat, despu\u00e9s de llegar a un acuerdo con Nestl\u00e9.<\/p>\n<p>A partir de esto, la marca de comida lanz\u00f3 al mercado 50 millones de barras exclusivas con la imagen de la mascota de Android en el envoltorio, algunas de ellas inclu\u00edan c\u00f3digos para ganar tabletas y otros premios de Android.<\/p>\n<p>\"}}\n]}<\/script><\/p>\n<h2>M\u00e1s informaci\u00f3n sobre marketing experiencial<\/h2>\n<p>Si est\u00e1s pensando en dirigir tu negocio <strong>hacia un nuevo nivel de experiencia para tus clientes,<\/strong> necesitas conocer un poco m\u00e1s a fondo esta estrategia, sigue estos enlaces para informarte.<\/p>\n<ul>\n<li><a href=\"https:\/\/www.appyweb.es\/diccionario\/marketing-de-guerrilla\/\">\u00bfQu\u00e9 es el Marketing de Guerrilla y para qu\u00e9 sirve?<\/a><\/li>\n<li><a href=\"https:\/\/es.wikipedia.org\/wiki\/Mercadotecnia_experiencial#Pilares_de_la_mercadotecnia_experiencial\" rel=\"nofollow noopener\" target=\"_blank\">Pilares de la mercadotecnia experiencial<\/a><\/li>\n<\/ul>\n<p>&nbsp;<\/p>\n","protected":false},"excerpt":{"rendered":"<p>Existen muchas razones de porqu\u00e9 un cliente decide hacer una compra, puede ser debido a las ofertas o las recomendaciones de sus amigos m\u00e1s cercanos. Pero existe un gran porcentaje que decide comprar debido a la experiencia, las estrategias que se aplican para esto se conocen como marketing experiencial. \u00bfQuieres saber un poco m\u00e1s sobre [&hellip;]<\/p>\n","protected":false},"author":1,"featured_media":16067,"parent":0,"menu_order":0,"comment_status":"open","ping_status":"closed","template":"","meta":{"inline_featured_image":false,"footnotes":""},"class_list":["post-2988","page","type-page","status-publish","has-post-thumbnail","hentry"],"_links":{"self":[{"href":"https:\/\/www.appyweb.es\/diccionario\/wp-json\/wp\/v2\/pages\/2988","targetHints":{"allow":["GET"]}}],"collection":[{"href":"https:\/\/www.appyweb.es\/diccionario\/wp-json\/wp\/v2\/pages"}],"about":[{"href":"https:\/\/www.appyweb.es\/diccionario\/wp-json\/wp\/v2\/types\/page"}],"author":[{"embeddable":true,"href":"https:\/\/www.appyweb.es\/diccionario\/wp-json\/wp\/v2\/users\/1"}],"replies":[{"embeddable":true,"href":"https:\/\/www.appyweb.es\/diccionario\/wp-json\/wp\/v2\/comments?post=2988"}],"version-history":[{"count":6,"href":"https:\/\/www.appyweb.es\/diccionario\/wp-json\/wp\/v2\/pages\/2988\/revisions"}],"predecessor-version":[{"id":16072,"href":"https:\/\/www.appyweb.es\/diccionario\/wp-json\/wp\/v2\/pages\/2988\/revisions\/16072"}],"wp:featuredmedia":[{"embeddable":true,"href":"https:\/\/www.appyweb.es\/diccionario\/wp-json\/wp\/v2\/media\/16067"}],"wp:attachment":[{"href":"https:\/\/www.appyweb.es\/diccionario\/wp-json\/wp\/v2\/media?parent=2988"}],"curies":[{"name":"wp","href":"https:\/\/api.w.org\/{rel}","templated":true}]}}