{"id":2991,"date":"2023-06-22T13:30:44","date_gmt":"2023-06-22T13:30:44","guid":{"rendered":"https:\/\/www.appyweb.es\/diccionario\/?post_type=project&#038;p=2991"},"modified":"2024-04-30T14:59:34","modified_gmt":"2024-04-30T14:59:34","slug":"marketing-mix","status":"publish","type":"page","link":"https:\/\/www.appyweb.es\/diccionario\/marketing-mix\/","title":{"rendered":"Marketing Mix"},"content":{"rendered":"<figure id=\"attachment_16074\" aria-describedby=\"caption-attachment-16074\" style=\"width: 1000px\" class=\"wp-caption alignnone\"><img loading=\"lazy\" decoding=\"async\" class=\"size-full wp-image-16074\" src=\"https:\/\/www.appyweb.es\/diccionario\/wp-content\/uploads\/2024\/04\/MarketingMix.jpg\" alt=\"Marketing Mix\" width=\"1000\" height=\"600\" srcset=\"https:\/\/www.appyweb.es\/diccionario\/wp-content\/uploads\/2024\/04\/MarketingMix.jpg 1000w, https:\/\/www.appyweb.es\/diccionario\/wp-content\/uploads\/2024\/04\/MarketingMix-300x180.jpg 300w, https:\/\/www.appyweb.es\/diccionario\/wp-content\/uploads\/2024\/04\/MarketingMix-768x461.jpg 768w\" sizes=\"auto, (max-width: 1000px) 100vw, 1000px\" \/><figcaption id=\"caption-attachment-16074\" class=\"wp-caption-text\">Megafono con muchas estrategias para marketing.<\/figcaption><\/figure>\n<p>Es una estrategia que consiste en un conjunto de t\u00e9cnicas y elementos que permiten enfocar los esfuerzos de publicidad al usuario. El <strong>marketing mix involucra herramientas y variables que se definen a trav\u00e9s de las 4P<\/strong>, sigue leyendo y con\u00f3celas.<\/p>\n<h2>\u00bfQu\u00e9 es el Marketing Mix?<\/h2>\n<p>Este concepto es el proceso que une varias estrategias y t\u00e9cnicas diferentes de publicidad. Es decir, depende del momento, lugar, producto, precio o espacio donde se apliquen las estrategias. De esta forma, se puede implementar t\u00e9cnicas que vayan <a href=\"https:\/\/www.appyweb.es\/marketing-de-atraccion\/\">desde la conversi\u00f3n del usuario<\/a> hasta la venta final.<\/p>\n<p>El <strong>marketing mix se basa en entender el mercado<\/strong> y as\u00ed saber en qu\u00e9 momento \u201catacar\u201d con una buena estrategia. El an\u00e1lisis exacto de esto se conoce como las 4P: producto, precio, promoci\u00f3n y distribuci\u00f3n o en ingles \u201cplace\u201d.<\/p>\n<p>Esto sirve para <strong>saber c\u00f3mo se est\u00e1 desenvolviendo el producto en el mercado<\/strong>, conocer cu\u00e1les son las debilidades y fortalezas de la marca, para as\u00ed mejorar todo aquello que no tiene un buen nivel con respecto a las necesidades o intereses de los consumidores.<\/p>\n<h2>\u00bfPara qu\u00e9 sirve el marketing mix?<\/h2>\n<p>Las empresas utilizan esta estrategia, para analizar cu\u00e1l es la estrategia de publicidad que es m\u00e1s efectiva en el mercado y tambi\u00e9n para <strong>encontrar nuevas formas de c\u00f3mo llegar a los consumidores<\/strong>. Esas t\u00e9cnicas involucran elementos digitales, por ejemplo, se buscan a estudiar las palabras clave <a href=\"https:\/\/www.appyweb.es\/posicionamiento-web\/\">m\u00e1s oportunas para el posicionamiento web<\/a> y tener un puesto m\u00e1s relevante en buscadores.<\/p>\n<p>B\u00e1sicamente, se trata de responder a una serie de preguntas a trav\u00e9s del an\u00e1lisis de las estrategias y la relevancia de la marca en el sector, esas preguntas pueden ser como estas, \u00bfcu\u00e1les son las necesidades del cliente?, \u00bfcu\u00e1l es el coste de satisfacci\u00f3n de los mismos?, \u00bflos canales de distribuci\u00f3n son los m\u00e1s convenientes? y \u00bfcu\u00e1les son los medios m\u00e1s oportunos?.<\/p>\n<h2>Cu\u00e1les son las 4P de marketing mix<\/h2>\n<ul>\n<li><strong>Producto<\/strong>: La empresa debe asegurarse de cubrir la demanda dentro del mercado.<\/li>\n<li><strong>Precio<\/strong>: Este componente determina el beneficio para la empresa pero tambi\u00e9n <strong>la cantidad que el cliente necesita para disfrutar del producto<\/strong> o de la experiencia.<\/li>\n<li><strong>Promoci\u00f3n<\/strong>: Consiste en impulsar la visibilidad y reconocimiento de la marca, en estos se incrementan los diferentes elementos de la publicidad, como son los anuncios promociones relaciones p\u00fablicas y organizaci\u00f3n de ventas.<\/li>\n<li><strong>Distribuci\u00f3n<\/strong>: Consiste en encontrar el lugar perfecto para que el producto sea accesible para los compradores para esto es importante estudiar los sitios de compra donde acude la audiencia destino.<\/li>\n<\/ul>\n<h2>Ejemplo de marketing mix<\/h2>\n<p>Una de las mejores campa\u00f1as con u buen resultado de marketing mix son las promociones de oto\u00f1o de Ikea Espa\u00f1a. Seg\u00fan los an\u00e1lisis de la empresa, en Espa\u00f1a ocurre un fen\u00f3meno curioso durante dicha estaci\u00f3n, donde los ciudadanos suelen planificar nuevos proyectos de decoraci\u00f3n y construcci\u00f3n al inicio del nuevo a\u00f1o escolar.<\/p>\n<p>As\u00ed ponen en marcha una campa\u00f1a que consiste en <strong>enviar un cat\u00e1logo de todos sus productos en oferta<\/strong> hacia los buzones de los clientes y prospectos. En conjunto con la distribuci\u00f3n de estas revistas, tambi\u00e9n incluyen anuncios en TV y otros medios tradicionales. Actualmente, tambi\u00e9n ponen a disposici\u00f3n el uso de su app m\u00f3vil para obtener m\u00e1s informaci\u00f3n de un producto que se encuentra dentro de la revista.<\/p>\n<p><script type=\"application\/ld+json\">{\"@context\":\"https:\/\/schema.org\",\"@type\":\"FAQPage\",\"mainEntity\":[ \n{\"@type\":\"Question\",\"name\":\"\ud83d\udccc \u00bfQu\u00e9 es el Marketing Mix?\",\"acceptedAnswer\":{\"@type\":\"Answer\",\"text\":\"<\/p>\n<p>Este concepto es el proceso que une varias estrategias y t\u00e9cnicas diferentes de publicidad. Es decir, depende del momento, lugar, producto, precio o espacio donde se apliquen las estrategias. De esta forma, se puede implementar t\u00e9cnicas que vayan <a href='https:\/\/www.appyweb.es\/marketing-de-atraccion\/'>desde la conversi\u00f3n del usuario<\/a> hasta la venta final. <\/p>\n<p>El <strong>marketing mix se basa en entender el mercado<\/strong> y as\u00ed saber en qu\u00e9 momento \u201catacar\u201d con una buena estrategia. El an\u00e1lisis exacto de esto se conoce como las 4P: producto, precio, promoci\u00f3n y distribuci\u00f3n o en ingles \u201cplace\u201d.<\/p>\n<p>Esto sirve para <strong>saber c\u00f3mo se est\u00e1 desenvolviendo el producto en el mercado<\/strong>, conocer cu\u00e1les son las debilidades y fortalezas de la marca, para as\u00ed mejorar todo aquello que no tiene un buen nivel con respecto a las necesidades o intereses de los consumidores.<\/p>\n<p>\"}},\n{\"@type\":\"Question\",\"name\":\"\ud83d\udccc \u00bfPara qu\u00e9 sirve el marketing mix?\",\"acceptedAnswer\":{\"@type\":\"Answer\",\"text\":\"<\/p>\n<p>Las empresas utilizan esta estrategia, para analizar cu\u00e1l es la estrategia de publicidad que es m\u00e1s efectiva en el mercado y tambi\u00e9n para <strong>encontrar nuevas formas de c\u00f3mo llegar a los consumidores<\/strong>. Esas t\u00e9cnicas involucran elementos digitales, por ejemplo, se buscan a estudiar las palabras clave <a href='https:\/\/www.appyweb.es\/posicionamiento-web\/'>m\u00e1s oportunas para el posicionamiento web<\/a> y tener un puesto m\u00e1s relevante en buscadores.<\/p>\n<p>B\u00e1sicamente, se trata de responder a una serie de preguntas a trav\u00e9s del an\u00e1lisis de las estrategias y la relevancia de la marca en el sector, esas preguntas pueden ser como estas, \u00bfcu\u00e1les son las necesidades del cliente?, \u00bfcu\u00e1l es el coste de satisfacci\u00f3n de los mismos?, \u00bflos canales de distribuci\u00f3n son los m\u00e1s convenientes? y \u00bfcu\u00e1les son los medios m\u00e1s oportunos?.<\/p>\n<p>\"}},\n{\"@type\":\"Question\",\"name\":\"\ud83d\udccc Cu\u00e1les son las 4P de marketing mix\",\"acceptedAnswer\":{\"@type\":\"Answer\",\"text\":\"<\/p>\n<\/p>\n<\/p>\n<ul>\n<\/p>\n<\/p>\n<li><strong>Producto<\/strong>: La empresa debe asegurarse de cubrir la demanda dentro del mercado.<\/li>\n<\/p>\n<\/p>\n<\/p>\n<\/p>\n<\/p>\n<\/p>\n<\/p>\n<li><strong>Precio<\/strong>: Este componente determina el beneficio para la empresa pero tambi\u00e9n <strong>la cantidad que el cliente necesita para disfrutar del producto<\/strong> o de la experiencia.<\/li>\n<\/p>\n<\/p>\n<\/p>\n<\/p>\n<\/p>\n<\/p>\n<\/p>\n<li><strong>Promoci\u00f3n<\/strong>: Consiste en impulsar la visibilidad y reconocimiento de la marca, en estos se incrementan los diferentes elementos de la publicidad, como son los anuncios promociones relaciones p\u00fablicas y organizaci\u00f3n de ventas.<\/li>\n<\/p>\n<\/p>\n<\/p>\n<\/p>\n<\/p>\n<\/p>\n<\/p>\n<li><strong>Distribuci\u00f3n<\/strong>: Consiste en encontrar el lugar perfecto para que el producto sea accesible para los compradores para esto es importante estudiar los sitios de compra donde acude la audiencia destino.<\/li>\n<\/p>\n<\/p>\n<\/p>\n<\/p>\n<\/p>\n<\/ul>\n<\/p>\n<\/p>\n<\/p>\n<\/p>\n<\/p>\n<p>\"}},\n{\"@type\":\"Question\",\"name\":\"\ud83d\udccc Ejemplo de marketing mix\",\"acceptedAnswer\":{\"@type\":\"Answer\",\"text\":\"<\/p>\n<p>Una de las mejores campa\u00f1as con u buen resultado de marketing mix son las promociones de oto\u00f1o de Ikea Espa\u00f1a. Seg\u00fan los an\u00e1lisis de la empresa, en Espa\u00f1a ocurre un fen\u00f3meno curioso durante dicha estaci\u00f3n, donde los ciudadanos suelen planificar nuevos proyectos de decoraci\u00f3n y construcci\u00f3n al inicio del nuevo a\u00f1o escolar.<\/p>\n<p>As\u00ed ponen en marcha una campa\u00f1a que consiste en <strong>enviar un cat\u00e1logo de todos sus productos en oferta<\/strong> hacia los buzones de los clientes y prospectos. En conjunto con la distribuci\u00f3n de estas revistas, tambi\u00e9n incluyen anuncios en TV y otros medios tradicionales. Actualmente, tambi\u00e9n ponen a disposici\u00f3n el uso de su app m\u00f3vil para obtener m\u00e1s informaci\u00f3n de un producto que se encuentra dentro de la revista.<\/p>\n<p>\"}}\n]}<\/script><\/p>\n<h2>M\u00e1s informaci\u00f3n sobre marketing mix<\/h2>\n<p>Algunos expertos consideran que esta estrategia dej\u00f3 de tener popularidad debido a la implementaci\u00f3n de otras filosof\u00edas como es el inbound. Sin embargo, se han incluido otras estrategias que incluyen la personalizaci\u00f3n, participaci\u00f3n y predicciones. Si quieres conocer un poco m\u00e1s sobre esto mira los siguientes enlaces.<\/p>\n<ul>\n<li><a href=\"https:\/\/www.appyweb.es\/beneficios-agencia-de-marketing-online\/\">Beneficios al contratar un experto en marketing online<\/a><\/li>\n<li><a href=\"https:\/\/www.america-retail.com\/marketing\/marketing-evolucion-de-las-4p-para-un-marketing-moderno\/\" rel=\"nofollow noopener\" target=\"_blank\">Marketing: Evoluci\u00f3n de las 4P para un \u00abmarketing moderno\u00bb<\/a><\/li>\n<\/ul>\n<p>&nbsp;<\/p>\n","protected":false},"excerpt":{"rendered":"<p>Es una estrategia que consiste en un conjunto de t\u00e9cnicas y elementos que permiten enfocar los esfuerzos de publicidad al usuario. El marketing mix involucra herramientas y variables que se definen a trav\u00e9s de las 4P, sigue leyendo y con\u00f3celas. \u00bfQu\u00e9 es el Marketing Mix? Este concepto es el proceso que une varias estrategias y [&hellip;]<\/p>\n","protected":false},"author":1,"featured_media":16074,"parent":0,"menu_order":0,"comment_status":"open","ping_status":"closed","template":"","meta":{"inline_featured_image":false,"footnotes":""},"class_list":["post-2991","page","type-page","status-publish","has-post-thumbnail","hentry"],"_links":{"self":[{"href":"https:\/\/www.appyweb.es\/diccionario\/wp-json\/wp\/v2\/pages\/2991","targetHints":{"allow":["GET"]}}],"collection":[{"href":"https:\/\/www.appyweb.es\/diccionario\/wp-json\/wp\/v2\/pages"}],"about":[{"href":"https:\/\/www.appyweb.es\/diccionario\/wp-json\/wp\/v2\/types\/page"}],"author":[{"embeddable":true,"href":"https:\/\/www.appyweb.es\/diccionario\/wp-json\/wp\/v2\/users\/1"}],"replies":[{"embeddable":true,"href":"https:\/\/www.appyweb.es\/diccionario\/wp-json\/wp\/v2\/comments?post=2991"}],"version-history":[{"count":6,"href":"https:\/\/www.appyweb.es\/diccionario\/wp-json\/wp\/v2\/pages\/2991\/revisions"}],"predecessor-version":[{"id":16080,"href":"https:\/\/www.appyweb.es\/diccionario\/wp-json\/wp\/v2\/pages\/2991\/revisions\/16080"}],"wp:featuredmedia":[{"embeddable":true,"href":"https:\/\/www.appyweb.es\/diccionario\/wp-json\/wp\/v2\/media\/16074"}],"wp:attachment":[{"href":"https:\/\/www.appyweb.es\/diccionario\/wp-json\/wp\/v2\/media?parent=2991"}],"curies":[{"name":"wp","href":"https:\/\/api.w.org\/{rel}","templated":true}]}}