{"id":2994,"date":"2023-06-22T13:31:48","date_gmt":"2023-06-22T13:31:48","guid":{"rendered":"https:\/\/www.appyweb.es\/diccionario\/?post_type=project&#038;p=2994"},"modified":"2024-04-30T15:07:53","modified_gmt":"2024-04-30T15:07:53","slug":"marketing-one-to-one","status":"publish","type":"page","link":"https:\/\/www.appyweb.es\/diccionario\/marketing-one-to-one\/","title":{"rendered":"Marketing One to One"},"content":{"rendered":"<figure id=\"attachment_16085\" aria-describedby=\"caption-attachment-16085\" style=\"width: 1000px\" class=\"wp-caption alignnone\"><img loading=\"lazy\" decoding=\"async\" class=\"size-full wp-image-16085\" src=\"https:\/\/www.appyweb.es\/diccionario\/wp-content\/uploads\/2024\/04\/MarketingOnetoOne.jpg\" alt=\"Marketing One to One\" width=\"1000\" height=\"600\" srcset=\"https:\/\/www.appyweb.es\/diccionario\/wp-content\/uploads\/2024\/04\/MarketingOnetoOne.jpg 1000w, https:\/\/www.appyweb.es\/diccionario\/wp-content\/uploads\/2024\/04\/MarketingOnetoOne-300x180.jpg 300w, https:\/\/www.appyweb.es\/diccionario\/wp-content\/uploads\/2024\/04\/MarketingOnetoOne-768x461.jpg 768w\" sizes=\"auto, (max-width: 1000px) 100vw, 1000px\" \/><figcaption id=\"caption-attachment-16085\" class=\"wp-caption-text\">Dos personas hablando y mirando un portatil.<\/figcaption><\/figure>\n<p>Se trata de un conjunto de estrategias personalizadas que busca conocer y entender cu\u00e1les son las necesidades de un usuario en espec\u00edfico. El <strong>marketing one to one permite identificar los tipos de clientes <\/strong>y entender c\u00f3mo interactuar con ellos de forma efectiva.<\/p>\n<h2>\u00bfQu\u00e9 es el Marketing One to One?<\/h2>\n<p>El marketing one to one (1&#215;1) permite un contacto cara a cara entre marca y consumidor, siendo este \u00faltimo el protagonista de todo. Se basa en <strong>crear y adaptar las estrategias directamente a la necesidad de cada cliente<\/strong>. Esta estrategia de personalizaci\u00f3n incluso se puede reconocer en <a href=\"https:\/\/www.appyweb.es\/marketing-de-atraccion\/\">filosof\u00edas como el inbound marketing<\/a>, que aboga por la segmentaci\u00f3n y personalizaci\u00f3n de usuarios.<\/p>\n<p>Este conjunto de estrategias publicitarias se ha reforzado mucho desde la llegada de Internet, ya que las herramientas de automatizaci\u00f3n permiten registrar datos e informaci\u00f3n sobre cada cliente, algo que podr\u00eda ser sustancial en futuras campa\u00f1as. Es importante mencionar que estas t\u00e9cnicas tambi\u00e9n se utilizan para bajar los gastos en publicidades agresivas.<\/p>\n<h2>\u00bfPara qu\u00e9 sirve?<\/h2>\n<p>La principal <strong>utilidad de esta estrategia es fortalecer la relaci\u00f3n con el cliente<\/strong>, ofreciendo promociones personales, haci\u00e9ndolos sentir como parte de la empresa. Sin embargo, sus objetivos tambi\u00e9n apuntan a <a href=\"https:\/\/www.appyweb.es\/conversion-web\/\">incrementar la tasa de ventas y las conversiones<\/a>. C\u00f3mo se mencion\u00f3 anteriormente, \u00e9sta se utiliza en conjunto con muchas t\u00e9cnicas de automatizaci\u00f3n, as\u00ed que la mayor\u00eda son digitales.<\/p>\n<p>El one to one tambi\u00e9n suele hacer referencia a las reuniones que se llevan a cabo entre un empleado y el responsable de publicidad, para conocer su nivel de satisfacci\u00f3n dentro de la empresa. De esta forma, tambi\u00e9n se puede <strong>llevar a cabo estrategias de fidelizaci\u00f3n internas<\/strong> dirigidas a los empleados.<\/p>\n<h2>C\u00f3mo hacer marketing one to one<\/h2>\n<p>Para llevar a cabo una estrategia de este tipo es importante tener en mente <strong>cu\u00e1les son las preferencias del consumidor<\/strong>, de forma que la marca puede sugerirle promociones id\u00f3neas para \u00e9l. En este sentido, se basa en cuatro pasos principales, son los siguientes.<\/p>\n<ol>\n<li><strong>Identificar<\/strong>: Consiste en reconocer los diferentes tipos de clientes que se encuentran en una base de datos, despu\u00e9s de esto se procede a la segmentaci\u00f3n seg\u00fan intereses o necesidades.<\/li>\n<li><strong>Diferenciar<\/strong>: Se basa en <strong>hacer que esa segmentaci\u00f3n sea a\u00fan m\u00e1s espec\u00edfica<\/strong>, esto incluye detalles muy personales de cada cliente.<\/li>\n<li><strong>Interactuar<\/strong>: Se pueden utilizar diferentes tecnolog\u00edas para llegar a tener una conversaci\u00f3n o interacci\u00f3n con los clientes, los chatbots son las herramientas utilizadas para conocer a\u00fan m\u00e1s a los usuarios.<\/li>\n<li><strong>Personalizar<\/strong>: Una vez recopilada toda la informaci\u00f3n necesaria para la campa\u00f1a, se llevan a cabo mensajes y estrategias totalmente personalizadas.<\/li>\n<\/ol>\n<h2>Ejemplo de Marketing One to One<\/h2>\n<p>Una de las estrategias de <strong>marketing one to one con mayor reconocimiento<\/strong> son las latas personalizadas de Coca-Cola. Se trata de una campa\u00f1a donde el envoltorio de la bebida inclu\u00eda el nombre de un posible cliente, de forma que se pudieran compartir con amigos de dicho nombre y as\u00ed jugar con la experiencia.<\/p>\n<p>La empresa realiz\u00f3 <strong>un an\u00e1lisis de las personas con nombre en com\u00fan<\/strong> que formaban parte de su plantilla de clientes, algunos de los m\u00e1s utilizados son Jos\u00e9, Mar\u00eda, Antonio, Carmen, Juan, Manuel Isabel, Francisco, entre otros.<\/p>\n<p><script type=\"application\/ld+json\">{\"@context\":\"https:\/\/schema.org\",\"@type\":\"FAQPage\",\"mainEntity\":[ \n{\"@type\":\"Question\",\"name\":\"\ud83d\udccc \u00bfQu\u00e9 es el Marketing One to One?\",\"acceptedAnswer\":{\"@type\":\"Answer\",\"text\":\"<\/p>\n<p>El marketing one to one (1x1) permite un contacto cara a cara entre marca y consumidor, siendo este \u00faltimo el protagonista de todo. Se basa en <strong>crear y adaptar las estrategias directamente a la necesidad de cada cliente<\/strong>. Esta estrategia de personalizaci\u00f3n incluso se puede reconocer en <a href='https:\/\/www.appyweb.es\/marketing-de-atraccion\/'>filosof\u00edas como el inbound marketing<\/a>, que aboga por la segmentaci\u00f3n y personalizaci\u00f3n de usuarios.<\/p>\n<p>Este conjunto de estrategias publicitarias se ha reforzado mucho desde la llegada de Internet, ya que las herramientas de automatizaci\u00f3n permiten registrar datos e informaci\u00f3n sobre cada cliente, algo que podr\u00eda ser sustancial en futuras campa\u00f1as. Es importante mencionar que estas t\u00e9cnicas tambi\u00e9n se utilizan para bajar los gastos en publicidades agresivas.<\/p>\n<p>\"}},\n{\"@type\":\"Question\",\"name\":\"\ud83d\udccc \u00bfPara qu\u00e9 sirve?\",\"acceptedAnswer\":{\"@type\":\"Answer\",\"text\":\"<\/p>\n<p>La principal <strong>utilidad de esta estrategia es fortalecer la relaci\u00f3n con el cliente<\/strong>, ofreciendo promociones personales, haci\u00e9ndolos sentir como parte de la empresa. Sin embargo, sus objetivos tambi\u00e9n apuntan a <a href='https:\/\/www.appyweb.es\/conversion-web\/'>incrementar la tasa de ventas y las conversiones<\/a>. C\u00f3mo se mencion\u00f3 anteriormente, \u00e9sta se utiliza en conjunto con muchas t\u00e9cnicas de automatizaci\u00f3n, as\u00ed que la mayor\u00eda son digitales.<\/p>\n<p>El one to one tambi\u00e9n suele hacer referencia a las reuniones que se llevan a cabo entre un empleado y el responsable de publicidad, para conocer su nivel de satisfacci\u00f3n dentro de la empresa. De esta forma, tambi\u00e9n se puede <strong>llevar a cabo estrategias de fidelizaci\u00f3n internas<\/strong> dirigidas a los empleados.<\/p>\n<p>\"}},\n{\"@type\":\"Question\",\"name\":\"\ud83d\udccc C\u00f3mo hacer marketing one to one\",\"acceptedAnswer\":{\"@type\":\"Answer\",\"text\":\"<\/p>\n<p>Para llevar a cabo una estrategia de este tipo es importante tener en mente <strong>cu\u00e1les son las preferencias del consumidor<\/strong>, de forma que la marca puede sugerirle promociones id\u00f3neas para \u00e9l. En este sentido, se basa en cuatro pasos principales, son los siguientes.<\/p>\n<\/p>\n<ol>\n<\/p>\n<li><strong>Identificar<\/strong>: Consiste en reconocer los diferentes tipos de clientes que se encuentran en una base de datos, despu\u00e9s de esto se procede a la segmentaci\u00f3n seg\u00fan intereses o necesidades.<\/li>\n<\/p>\n<\/p>\n<\/p>\n<li><strong>Diferenciar<\/strong>: Se basa en <strong>hacer que esa segmentaci\u00f3n sea a\u00fan m\u00e1s espec\u00edfica<\/strong>, esto incluye detalles muy personales de cada cliente.<\/li>\n<\/p>\n<\/p>\n<\/p>\n<li><strong>Interactuar<\/strong>: Se pueden utilizar diferentes tecnolog\u00edas para llegar a tener una conversaci\u00f3n o interacci\u00f3n con los clientes, los chatbots son las herramientas utilizadas para conocer a\u00fan m\u00e1s a los usuarios.<\/li>\n<\/p>\n<\/p>\n<\/p>\n<li><strong>Personalizar<\/strong>: Una vez recopilada toda la informaci\u00f3n necesaria para la campa\u00f1a, se llevan a cabo mensajes y estrategias totalmente personalizadas.<\/li>\n<\/p>\n<\/p>\n<\/ol>\n<\/p>\n<\/p>\n<p>\"}},\n{\"@type\":\"Question\",\"name\":\"\ud83d\udccc Ejemplo de Marketing One to One\",\"acceptedAnswer\":{\"@type\":\"Answer\",\"text\":\"<\/p>\n<p>Una de las estrategias de <strong>marketing one to one con mayor reconocimiento<\/strong> son las latas personalizadas de Coca-Cola. Se trata de una campa\u00f1a donde el envoltorio de la bebida inclu\u00eda el nombre de un posible cliente, de forma que se pudieran compartir con amigos de dicho nombre y as\u00ed jugar con la experiencia.<\/p>\n<p>La empresa realiz\u00f3 <strong>un an\u00e1lisis de las personas con nombre en com\u00fan<\/strong> que formaban parte de su plantilla de clientes, algunos de los m\u00e1s utilizados son Jos\u00e9, Mar\u00eda, Antonio, Carmen, Juan, Manuel Isabel, Francisco, entre otros.<\/p>\n<p>\"}}\n]}<\/script><\/p>\n<h2>M\u00e1s informaci\u00f3n sobre marketing one to one<\/h2>\n<p>Aunque vivimos en un mundo cada vez m\u00e1s globalizado, la importancia de la personalizaci\u00f3n no puede ser negada. Si quieres conocer un poco m\u00e1s sobre esta estrategia mira los siguientes enlaces.<\/p>\n<ul>\n<li><a href=\"https:\/\/www.appyweb.es\/diccionario\/bofu-bottom-of-the-funnel\/\">\u00bfQu\u00e9 es BOFU (Bottom of the funnel) y para qu\u00e9 sirve?<\/a><\/li>\n<li><a href=\"https:\/\/www.puromarketing.com\/32\/34780\/cocacola-vuelve-convertir-diseno-latas-accion-marketing-personalizado.html\" rel=\"nofollow noopener\" target=\"_blank\">Coca-Cola vuelve a convertir al dise\u00f1o de sus latas en una acci\u00f3n de marketing personalizado<\/a><\/li>\n<\/ul>\n<p>&nbsp;<\/p>\n","protected":false},"excerpt":{"rendered":"<p>Se trata de un conjunto de estrategias personalizadas que busca conocer y entender cu\u00e1les son las necesidades de un usuario en espec\u00edfico. El marketing one to one permite identificar los tipos de clientes y entender c\u00f3mo interactuar con ellos de forma efectiva. \u00bfQu\u00e9 es el Marketing One to One? El marketing one to one (1&#215;1) [&hellip;]<\/p>\n","protected":false},"author":1,"featured_media":16085,"parent":0,"menu_order":0,"comment_status":"open","ping_status":"closed","template":"","meta":{"inline_featured_image":false,"footnotes":""},"class_list":["post-2994","page","type-page","status-publish","has-post-thumbnail","hentry"],"_links":{"self":[{"href":"https:\/\/www.appyweb.es\/diccionario\/wp-json\/wp\/v2\/pages\/2994","targetHints":{"allow":["GET"]}}],"collection":[{"href":"https:\/\/www.appyweb.es\/diccionario\/wp-json\/wp\/v2\/pages"}],"about":[{"href":"https:\/\/www.appyweb.es\/diccionario\/wp-json\/wp\/v2\/types\/page"}],"author":[{"embeddable":true,"href":"https:\/\/www.appyweb.es\/diccionario\/wp-json\/wp\/v2\/users\/1"}],"replies":[{"embeddable":true,"href":"https:\/\/www.appyweb.es\/diccionario\/wp-json\/wp\/v2\/comments?post=2994"}],"version-history":[{"count":5,"href":"https:\/\/www.appyweb.es\/diccionario\/wp-json\/wp\/v2\/pages\/2994\/revisions"}],"predecessor-version":[{"id":16086,"href":"https:\/\/www.appyweb.es\/diccionario\/wp-json\/wp\/v2\/pages\/2994\/revisions\/16086"}],"wp:featuredmedia":[{"embeddable":true,"href":"https:\/\/www.appyweb.es\/diccionario\/wp-json\/wp\/v2\/media\/16085"}],"wp:attachment":[{"href":"https:\/\/www.appyweb.es\/diccionario\/wp-json\/wp\/v2\/media?parent=2994"}],"curies":[{"name":"wp","href":"https:\/\/api.w.org\/{rel}","templated":true}]}}