{"id":3001,"date":"2023-06-22T13:34:17","date_gmt":"2023-06-22T13:34:17","guid":{"rendered":"https:\/\/www.appyweb.es\/diccionario\/?post_type=project&#038;p=3001"},"modified":"2024-04-30T15:45:34","modified_gmt":"2024-04-30T15:45:34","slug":"marketing-personalizado","status":"publish","type":"page","link":"https:\/\/www.appyweb.es\/diccionario\/marketing-personalizado\/","title":{"rendered":"Marketing Personalizado"},"content":{"rendered":"<figure id=\"attachment_16096\" aria-describedby=\"caption-attachment-16096\" style=\"width: 1000px\" class=\"wp-caption alignnone\"><img loading=\"lazy\" decoding=\"async\" class=\"size-full wp-image-16096\" src=\"https:\/\/www.appyweb.es\/diccionario\/wp-content\/uploads\/2024\/04\/MarketingPersonalizado.jpg\" alt=\"Marketing Personalizado\" width=\"1000\" height=\"600\" srcset=\"https:\/\/www.appyweb.es\/diccionario\/wp-content\/uploads\/2024\/04\/MarketingPersonalizado.jpg 1000w, https:\/\/www.appyweb.es\/diccionario\/wp-content\/uploads\/2024\/04\/MarketingPersonalizado-300x180.jpg 300w, https:\/\/www.appyweb.es\/diccionario\/wp-content\/uploads\/2024\/04\/MarketingPersonalizado-768x461.jpg 768w\" sizes=\"auto, (max-width: 1000px) 100vw, 1000px\" \/><figcaption id=\"caption-attachment-16096\" class=\"wp-caption-text\">Personas delante de una pantalla con un reproductor de videos.<\/figcaption><\/figure>\n<p>Para muchas empresas a veces resulta\u00a0 complicado saber qu\u00e9 desea un consumidor en especial. Es por eso que se han creado diversas estrategias para conocer sus intereses y necesidades m\u00e1s profundas, <strong>al conjunto de estas se le conoce como marketing personalizado<\/strong>. Sigue leyendo y ent\u00e9rate de m\u00e1s sobre esta t\u00e9cnica de publicidad.<\/p>\n<h2>\u00bfQu\u00e9 es marketing personalizado?<\/h2>\n<p>Es una estrategia que consiste en <strong>enfocar todas las herramientas publicitarias a un tipo de cliente en espec\u00edfico<\/strong> y en ocasiones se emplean estrategias individuales. El marketing personalizado es muy importante dentro de <a href=\"https:\/\/www.appyweb.es\/embudo-ventas-e-commerce\/\">otras filosof\u00edas como el embudo de ventas<\/a>, donde se considera que tratar al cliente de forma individual permite generar una compra m\u00e1s r\u00e1pida y una fidelizaci\u00f3n m\u00e1s profunda.<\/p>\n<p>En pocas palabras, se trata de hacer sentir especial al cliente, sin hacerlo sentir que forma parte de una audiencia y que necesita esperar su turno para ser atendido. Es una t\u00e9cnica que ha permitido visualizar la importancia de conocer al cliente a profundidad antes de implementar cualquier campa\u00f1a de publicidad.<\/p>\n<h2>\u00bfPara qu\u00e9 sirve el marketing personalizado?<\/h2>\n<p>Este tipo de publicidad no solo afecta la forma de <strong>c\u00f3mo se llevan a cabo campa\u00f1as de en Internet<\/strong>, sino que tambi\u00e9n afecta hasta el <a href=\"https:\/\/www.appyweb.es\/diseno-web\/\">dise\u00f1o del sitio<\/a>. Algunos expertos consideran que es importante actualizar el dise\u00f1o del mismo para una experiencia m\u00e1s intuitiva por parte del cliente, es decir, facilitar su viaje de compra hacia los elementos que realmente le interesan.<\/p>\n<p>Pero tambi\u00e9n funciona para incrementar la fidelidad del cliente, muchas personas aseguran que los usuarios que tienen una buena experiencia de compra, m\u00e1s all\u00e1 de la calidad del producto, suelen crear una relaci\u00f3n m\u00e1s duradera con la marca. Es decir, que existen m\u00e1s probabilidades de que vuelva a comprar en el futuro.<\/p>\n<h2>Ventajas del marketing personalizado<\/h2>\n<p>Algunas empresas tratan de evitar el uso de estas estrategias porque la verdad es que requiere la implementaci\u00f3n de herramientas que pueden estar m\u00e1s all\u00e1 del presupuesto, como plataformas de publicidad automatizada y CRM. Pero <strong>es importante tener en cuenta las ventajas adicionales,<\/strong> como las siguientes.<\/p>\n<ul>\n<li><strong>Mejora la experiencia del cliente<\/strong>: El usuario estar\u00e1 m\u00e1s c\u00f3modo al ofrecer informaci\u00f3n a la empresa, por ejemplo llenar formularios con sus datos.<\/li>\n<li><strong>Genera m\u00e1s ingresos<\/strong>: Al estar al tanto de cada cliente los ingresos se pueden impulsar con mayor seguridad, especialmente si se utiliza un seguimiento autom\u00e1tico.<\/li>\n<li><strong>Aumenta la lealtad hacia la marca<\/strong>: Como se mencion\u00f3 anteriormente, los clientes que viven una experiencia personal tienen una relaci\u00f3n m\u00e1s duradera una empresa.<\/li>\n<li><strong>Permite la variaci\u00f3n de los canales<\/strong>: Este tipo de publicidad individual puede ser distribuida a trav\u00e9s del correo electr\u00f3nico, redes sociales, dispositivos m\u00f3viles, entre otros, lo que le da mayor capacidad de captaci\u00f3n.<\/li>\n<\/ul>\n<h2>Ejemplo de marketing personalizado<\/h2>\n<p>Uno de los ejemplos favoritos de esta estrategia es la reproducci\u00f3n personal de Spotify, la empresa <strong>utiliza el historial y el comportamiento de cada usuario<\/strong> para hacer una lista de recomendaciones, conocida como <em>Discover Weekly<\/em>. Se actualiza cada semana, as\u00ed los usuarios de la app pueden descubrir nuevas canciones y art\u00edsticas ajustados a sus gustos.<\/p>\n<p><script type=\"application\/ld+json\">{\"@context\":\"https:\/\/schema.org\",\"@type\":\"FAQPage\",\"mainEntity\":[ \n{\"@type\":\"Question\",\"name\":\"\ud83d\udccc \u00bfQu\u00e9 es marketing personalizado?\",\"acceptedAnswer\":{\"@type\":\"Answer\",\"text\":\"<\/p>\n<p>Es una estrategia que consiste en <strong>enfocar todas las herramientas publicitarias a un tipo de cliente en espec\u00edfico<\/strong> y en ocasiones se emplean estrategias individuales. El marketing personalizado es muy importante dentro de <a href='https:\/\/www.appyweb.es\/embudo-ventas-e-commerce\/'>otras filosof\u00edas como el embudo de ventas<\/a>, donde se considera que tratar al cliente de forma individual permite generar una compra m\u00e1s r\u00e1pida y una fidelizaci\u00f3n m\u00e1s profunda.<\/p>\n<p>En pocas palabras, se trata de hacer sentir especial al cliente, sin hacerlo sentir que forma parte de una audiencia y que necesita esperar su turno para ser atendido. Es una t\u00e9cnica que ha permitido visualizar la importancia de conocer al cliente a profundidad antes de implementar cualquier campa\u00f1a de publicidad.<\/p>\n<p>\"}},\n{\"@type\":\"Question\",\"name\":\"\ud83d\udccc \u00bfPara qu\u00e9 sirve el marketing personalizado?\",\"acceptedAnswer\":{\"@type\":\"Answer\",\"text\":\"<\/p>\n<p>Este tipo de publicidad no solo afecta la forma de <strong>c\u00f3mo se llevan a cabo campa\u00f1as de en Internet<\/strong>, sino que tambi\u00e9n afecta hasta el <a href='https:\/\/www.appyweb.es\/diseno-web\/'>dise\u00f1o del sitio<\/a>. Algunos expertos consideran que es importante actualizar el dise\u00f1o del mismo para una experiencia m\u00e1s intuitiva por parte del cliente, es decir, facilitar su viaje de compra hacia los elementos que realmente le interesan.<\/p>\n<p>Pero tambi\u00e9n funciona para incrementar la fidelidad del cliente, muchas personas aseguran que los usuarios que tienen una buena experiencia de compra, m\u00e1s all\u00e1 de la calidad del producto, suelen crear una relaci\u00f3n m\u00e1s duradera con la marca. Es decir, que existen m\u00e1s probabilidades de que vuelva a comprar en el futuro.<\/p>\n<p>\"}},\n{\"@type\":\"Question\",\"name\":\"\ud83d\udccc Ventajas del marketing personalizado\",\"acceptedAnswer\":{\"@type\":\"Answer\",\"text\":\"<\/p>\n<p>Algunas empresas tratan de evitar el uso de estas estrategias porque la verdad es que requiere la implementaci\u00f3n de herramientas que pueden estar m\u00e1s all\u00e1 del presupuesto, como plataformas de publicidad automatizada y CRM. Pero <strong>es importante tener en cuenta las ventajas adicionales,<\/strong> como las siguientes.<\/p>\n<\/p>\n<ul>\n<\/p>\n<li><strong>Mejora la experiencia del cliente<\/strong>: El usuario estar\u00e1 m\u00e1s c\u00f3modo al ofrecer informaci\u00f3n a la empresa, por ejemplo llenar formularios con sus datos.<\/li>\n<\/p>\n<\/p>\n<\/p>\n<li><strong>Genera m\u00e1s ingresos<\/strong>: Al estar al tanto de cada cliente los ingresos se pueden impulsar con mayor seguridad, especialmente si se utiliza un seguimiento autom\u00e1tico.<\/li>\n<\/p>\n<\/p>\n<\/p>\n<li><strong>Aumenta la lealtad hacia la marca<\/strong>: Como se mencion\u00f3 anteriormente, los clientes que viven una experiencia personal tienen una relaci\u00f3n m\u00e1s duradera una empresa.<\/li>\n<\/p>\n<\/p>\n<\/p>\n<li><strong>Permite la variaci\u00f3n de los canales<\/strong>: Este tipo de publicidad individual puede ser distribuida a trav\u00e9s del correo electr\u00f3nico, redes sociales, dispositivos m\u00f3viles, entre otros, lo que le da mayor capacidad de captaci\u00f3n.<\/li>\n<\/p>\n<\/p>\n<\/ul>\n<\/p>\n<\/p>\n<p>\"}},\n{\"@type\":\"Question\",\"name\":\"\ud83d\udccc Ejemplo de marketing personalizado\",\"acceptedAnswer\":{\"@type\":\"Answer\",\"text\":\"<\/p>\n<p>Uno de los ejemplos favoritos de esta estrategia es la reproducci\u00f3n personal de Spotify, la empresa <strong>utiliza el historial y el comportamiento de cada usuario<\/strong> para hacer una lista de recomendaciones, conocida como <em>Discover Weekly<\/em>. Se actualiza cada semana, as\u00ed los usuarios de la app pueden descubrir nuevas canciones y art\u00edsticas ajustados a sus gustos.<\/p>\n<p>\"}}\n]}<\/script><\/p>\n<h2>M\u00e1s informaci\u00f3n sobre marketing personalizado<\/h2>\n<p>Actualmente, los usuarios est\u00e1n enfocados en las marcas que les muestran un verdadero compromiso e inter\u00e9s, si quieres sumar estas estrategias a tus campa\u00f1as ten m\u00e1s informaci\u00f3n en estos enlaces.<\/p>\n<ul>\n<li><a href=\"https:\/\/www.appyweb.es\/diccionario\/ley-proteccion-datos\/\">\u00bfQu\u00e9 es la Ley de Protecci\u00f3n de datos y para qu\u00e9 sirve?<\/a><\/li>\n<li><a href=\"https:\/\/directivosygerentes.es\/marketing\/enamora-a-tu-cliente-y-conquista-a-tu-equipo-smartbox-business-solutions\" rel=\"nofollow noopener\" target=\"_blank\">Enamora a tu cliente y conquista a tu equipo<\/a><\/li>\n<\/ul>\n<p>&nbsp;<\/p>\n","protected":false},"excerpt":{"rendered":"<p>Para muchas empresas a veces resulta\u00a0 complicado saber qu\u00e9 desea un consumidor en especial. Es por eso que se han creado diversas estrategias para conocer sus intereses y necesidades m\u00e1s profundas, al conjunto de estas se le conoce como marketing personalizado. Sigue leyendo y ent\u00e9rate de m\u00e1s sobre esta t\u00e9cnica de publicidad. \u00bfQu\u00e9 es marketing [&hellip;]<\/p>\n","protected":false},"author":1,"featured_media":16096,"parent":0,"menu_order":0,"comment_status":"open","ping_status":"closed","template":"","meta":{"inline_featured_image":false,"footnotes":""},"class_list":["post-3001","page","type-page","status-publish","has-post-thumbnail","hentry"],"_links":{"self":[{"href":"https:\/\/www.appyweb.es\/diccionario\/wp-json\/wp\/v2\/pages\/3001","targetHints":{"allow":["GET"]}}],"collection":[{"href":"https:\/\/www.appyweb.es\/diccionario\/wp-json\/wp\/v2\/pages"}],"about":[{"href":"https:\/\/www.appyweb.es\/diccionario\/wp-json\/wp\/v2\/types\/page"}],"author":[{"embeddable":true,"href":"https:\/\/www.appyweb.es\/diccionario\/wp-json\/wp\/v2\/users\/1"}],"replies":[{"embeddable":true,"href":"https:\/\/www.appyweb.es\/diccionario\/wp-json\/wp\/v2\/comments?post=3001"}],"version-history":[{"count":5,"href":"https:\/\/www.appyweb.es\/diccionario\/wp-json\/wp\/v2\/pages\/3001\/revisions"}],"predecessor-version":[{"id":16095,"href":"https:\/\/www.appyweb.es\/diccionario\/wp-json\/wp\/v2\/pages\/3001\/revisions\/16095"}],"wp:featuredmedia":[{"embeddable":true,"href":"https:\/\/www.appyweb.es\/diccionario\/wp-json\/wp\/v2\/media\/16096"}],"wp:attachment":[{"href":"https:\/\/www.appyweb.es\/diccionario\/wp-json\/wp\/v2\/media?parent=3001"}],"curies":[{"name":"wp","href":"https:\/\/api.w.org\/{rel}","templated":true}]}}