{"id":3005,"date":"2023-06-22T13:35:36","date_gmt":"2023-06-22T13:35:36","guid":{"rendered":"https:\/\/www.appyweb.es\/diccionario\/?post_type=project&#038;p=3005"},"modified":"2024-05-02T07:26:46","modified_gmt":"2024-05-02T07:26:46","slug":"marketing-relacional","status":"publish","type":"page","link":"https:\/\/www.appyweb.es\/diccionario\/marketing-relacional\/","title":{"rendered":"Marketing Relacional"},"content":{"rendered":"<figure id=\"attachment_16110\" aria-describedby=\"caption-attachment-16110\" style=\"width: 1000px\" class=\"wp-caption alignnone\"><img loading=\"lazy\" decoding=\"async\" class=\"size-full wp-image-16110\" src=\"https:\/\/www.appyweb.es\/diccionario\/wp-content\/uploads\/2024\/05\/MarketingRelacional.jpg\" alt=\"Marketing Relacional\" width=\"1000\" height=\"600\" srcset=\"https:\/\/www.appyweb.es\/diccionario\/wp-content\/uploads\/2024\/05\/MarketingRelacional.jpg 1000w, https:\/\/www.appyweb.es\/diccionario\/wp-content\/uploads\/2024\/05\/MarketingRelacional-300x180.jpg 300w, https:\/\/www.appyweb.es\/diccionario\/wp-content\/uploads\/2024\/05\/MarketingRelacional-768x461.jpg 768w\" sizes=\"auto, (max-width: 1000px) 100vw, 1000px\" \/><figcaption id=\"caption-attachment-16110\" class=\"wp-caption-text\">Chica anunciando una tienda con iconos de fondo.<\/figcaption><\/figure>\n<p>Es un tipo de publicidad que no intenta solamente aumentar las ventas, sino tambi\u00e9n fortalecer la relaci\u00f3n con el cliente. <strong>El objetivo final del marketing relacional es fidelizar a los clientes<\/strong> y convertirlos en promotores de la marca.<\/p>\n<h2>\u00bfQu\u00e9 es marketing relacional?<\/h2>\n<p>Se basa en un conjunto de estrategias se basan en hacer que los clientes actuales establezcan una relaci\u00f3n fiel con la empresa, de esta forma, <strong>el marketing relacional permite facilitar la interacci\u00f3n con los clientes<\/strong> y crear experiencias m\u00e1s ajustadas a sus necesidades e intereses.<\/p>\n<p>Este tipo de publicidad suele utilizarse durante <a href=\"https:\/\/www.appyweb.es\/embudo-ventas-e-commerce\/\">la \u00faltima etapa del embudo de ventas<\/a>, ya que los resultados se pueden analizar despu\u00e9s de la compra. Lo importante es garantizar que el cliente tenga una experiencia de compra por encima de sus expectativas, para lograr que establecer una preferencia en sus futuras compras.<\/p>\n<h2>\u00bfPara qu\u00e9 sirve el marketing relacional?<\/h2>\n<p>Aunque es necesario <strong>generar un flujo constante de nuevos prospectos y clientes<\/strong>, actualmente es necesario tratar de mantener a los consumidores actuales, ya que son esas compras recurrentes que pueden incrementar sustancialmente los ingresos de la empresa. Pero aparte del beneficio monetario, tambi\u00e9n es importante garantizar que esos consumidores tambi\u00e9n puedan atraer a otros posibles clientes.<\/p>\n<p>El objetivo m\u00e1s importante este tipo de publicidad al <strong>hacer que los clientes actuales se conviertan en promotores<\/strong> o embajadores de la marca. Es decir, que promocionen los productos o servicios de la empresa con sus amigos o familiares constantemente. La ventaja de esto es que su c\u00edrculo de amistades tiene caracter\u00edsticas muy similares entre s\u00ed, los que lo hacen potenciales clientes.<\/p>\n<h2>C\u00f3mo hacer un plan de marketing relacional<\/h2>\n<ol>\n<li>Lo primero es recopilar datos y detalles importantes acerca de los clientes durante su viaje de compras.<\/li>\n<li>Seguidamente, se realizan gestiones ajustadas a su personalidad, necesidades e intereses.<\/li>\n<li>Despu\u00e9s, se analizan estrategias que se centran en la lealtad del cliente, por ejemplo, a conocer la raz\u00f3n de su <a href=\"https:\/\/www.appyweb.es\/conversion-web\/\">conversi\u00f3n con la empresa<\/a>, los canales a trav\u00e9s de los que prefiere comunicarse, entre otros.<\/li>\n<li>Tambi\u00e9n se pueden <strong>utilizar estrategias que busquen establecer un compromiso a largo plazo<\/strong>, como un contrato.<\/li>\n<li>Igualmente, se pueden establecer t\u00e9cnicas emocionales y neuronales para hacer que la relaci\u00f3n sea incluso m\u00e1s fuerte.<\/li>\n<\/ol>\n<h2>Ejemplo de marketing relacional<\/h2>\n<p>Uno de los ejemplos m\u00e1s destacados es la campa\u00f1a en redes sociales que lanz\u00f3 la aerol\u00ednea Iberia en 2012, consist\u00eda en compartir alg\u00fan mensaje emotivo que tuviera relaci\u00f3n con la compa\u00f1\u00eda por parte de sus clientes, estos deben utilizar el hashtag #tweetIBERIA con su aporte.<\/p>\n<p>La mejor historia ganar\u00eda un vuelo gratis a Nueva York para dos personas, <strong>la campa\u00f1a hizo que el v\u00ednculo entre los clientes y la marca se fortaleciera<\/strong> a\u00fan m\u00e1s. El mensaje ganador incluso se utiliz\u00f3 como r\u00f3tulo en uno de los aviones de la flota durante 2 meses seguidos, el mensaje conten\u00eda la frase \u201clo mejor de cada viaje es compartirlo contigo\u201d.<\/p>\n<p><script type=\"application\/ld+json\">{\"@context\":\"https:\/\/schema.org\",\"@type\":\"FAQPage\",\"mainEntity\":[ \n{\"@type\":\"Question\",\"name\":\"\ud83d\udccc \u00bfQu\u00e9 es marketing relacional?\",\"acceptedAnswer\":{\"@type\":\"Answer\",\"text\":\"<\/p>\n<p>Se basa en un conjunto de estrategias se basan en hacer que los clientes actuales establezcan una relaci\u00f3n fiel con la empresa, de esta forma, <strong>el marketing relacional permite facilitar la interacci\u00f3n con los clientes<\/strong> y crear experiencias m\u00e1s ajustadas a sus necesidades e intereses.<\/p>\n<p>Este tipo de publicidad suele utilizarse durante <a href='https:\/\/www.appyweb.es\/embudo-ventas-e-commerce\/'>la \u00faltima etapa del embudo de ventas<\/a>, ya que los resultados se pueden analizar despu\u00e9s de la compra. Lo importante es garantizar que el cliente tenga una experiencia de compra por encima de sus expectativas, para lograr que establecer una preferencia en sus futuras compras.<\/p>\n<p>\"}},\n{\"@type\":\"Question\",\"name\":\"\ud83d\udccc \u00bfPara qu\u00e9 sirve el marketing relacional?\",\"acceptedAnswer\":{\"@type\":\"Answer\",\"text\":\"<\/p>\n<p>Aunque es necesario <strong>generar un flujo constante de nuevos prospectos y clientes<\/strong>, actualmente es necesario tratar de mantener a los consumidores actuales, ya que son esas compras recurrentes que pueden incrementar sustancialmente los ingresos de la empresa. Pero aparte del beneficio monetario, tambi\u00e9n es importante garantizar que esos consumidores tambi\u00e9n puedan atraer a otros posibles clientes.<\/p>\n<p>El objetivo m\u00e1s importante este tipo de publicidad al <strong>hacer que los clientes actuales se conviertan en promotores<\/strong> o embajadores de la marca. Es decir, que promocionen los productos o servicios de la empresa con sus amigos o familiares constantemente. La ventaja de esto es que su c\u00edrculo de amistades tiene caracter\u00edsticas muy similares entre s\u00ed, los que lo hacen potenciales clientes.<\/p>\n<p>\"}},\n{\"@type\":\"Question\",\"name\":\"\ud83d\udccc C\u00f3mo hacer un plan de marketing relacional\",\"acceptedAnswer\":{\"@type\":\"Answer\",\"text\":\"<\/p>\n<\/p>\n<\/p>\n<ol>\n<\/p>\n<\/p>\n<li>Lo primero es recopilar datos y detalles importantes acerca de los clientes durante su viaje de compras.<\/li>\n<\/p>\n<\/p>\n<\/p>\n<\/p>\n<\/p>\n<\/p>\n<\/p>\n<li>Seguidamente, se realizan gestiones ajustadas a su personalidad, necesidades e intereses.<\/li>\n<\/p>\n<\/p>\n<\/p>\n<\/p>\n<\/p>\n<\/p>\n<\/p>\n<li>Despu\u00e9s, se analizan estrategias que se centran en la lealtad del cliente, por ejemplo, a conocer la raz\u00f3n de su <a href='https:\/\/www.appyweb.es\/conversion-web\/'>conversi\u00f3n con la empresa<\/a>, los canales a trav\u00e9s de los que prefiere comunicarse, entre otros.<\/li>\n<\/p>\n<\/p>\n<\/p>\n<\/p>\n<\/p>\n<\/p>\n<\/p>\n<li>Tambi\u00e9n se pueden <strong>utilizar estrategias que busquen establecer un compromiso a largo plazo<\/strong>, como un contrato.<\/li>\n<\/p>\n<\/p>\n<\/p>\n<\/p>\n<\/p>\n<\/p>\n<\/p>\n<li>Igualmente, se pueden establecer t\u00e9cnicas emocionales y neuronales para hacer que la relaci\u00f3n sea incluso m\u00e1s fuerte.<\/li>\n<\/p>\n<\/p>\n<\/p>\n<\/p>\n<\/p>\n<\/ol>\n<\/p>\n<\/p>\n<\/p>\n<\/p>\n<\/p>\n<p>\"}},\n{\"@type\":\"Question\",\"name\":\"\ud83d\udccc Ejemplo de marketing relacional\",\"acceptedAnswer\":{\"@type\":\"Answer\",\"text\":\"<\/p>\n<p>Uno de los ejemplos m\u00e1s destacados es la campa\u00f1a en redes sociales que lanz\u00f3 la aerol\u00ednea Iberia en 2012, consist\u00eda en compartir alg\u00fan mensaje emotivo que tuviera relaci\u00f3n con la compa\u00f1\u00eda por parte de sus clientes, estos deben utilizar el hashtag #tweetIBERIA con su aporte.<\/p>\n<p>La mejor historia ganar\u00eda un vuelo gratis a Nueva York para dos personas, <strong>la campa\u00f1a hizo que el v\u00ednculo entre los clientes y la marca se fortaleciera<\/strong> a\u00fan m\u00e1s. El mensaje ganador incluso se utiliz\u00f3 como r\u00f3tulo en uno de los aviones de la flota durante 2 meses seguidos, el mensaje conten\u00eda la frase \u201clo mejor de cada viaje es compartirlo contigo\u201d.<\/p>\n<p>\"}}\n]}<\/script><\/p>\n<h2>M\u00e1s informaci\u00f3n sobre marketing relacional<\/h2>\n<p>Mantener a los usuarios contentos <strong>puede ser el aspecto m\u00e1s importante para fidelizarlos<\/strong>, pero sin dudas, existen t\u00e9cnicas m\u00e1s efectivas para incluso hacer que se vuelvan embajadores de la marca. Sigue estos enlaces para tener m\u00e1s informaci\u00f3n.<\/p>\n<ul>\n<li><a href=\"https:\/\/www.appyweb.es\/diccionario\/crm\/\">\u00bfQu\u00e9 es el CRM y para qu\u00e9 sirve?<\/a><\/li>\n<li><a href=\"https:\/\/eltiempo.pe\/la-importancia-de-construir-relaciones-duraderas-con-los-clientes\/\" rel=\"nofollow noopener\" target=\"_blank\">La importancia de construir relaciones duraderas con los clientes<\/a><\/li>\n<\/ul>\n<p>&nbsp;<\/p>\n","protected":false},"excerpt":{"rendered":"<p>Es un tipo de publicidad que no intenta solamente aumentar las ventas, sino tambi\u00e9n fortalecer la relaci\u00f3n con el cliente. El objetivo final del marketing relacional es fidelizar a los clientes y convertirlos en promotores de la marca. \u00bfQu\u00e9 es marketing relacional? Se basa en un conjunto de estrategias se basan en hacer que los [&hellip;]<\/p>\n","protected":false},"author":1,"featured_media":16110,"parent":0,"menu_order":0,"comment_status":"open","ping_status":"closed","template":"","meta":{"inline_featured_image":false,"footnotes":""},"class_list":["post-3005","page","type-page","status-publish","has-post-thumbnail","hentry"],"_links":{"self":[{"href":"https:\/\/www.appyweb.es\/diccionario\/wp-json\/wp\/v2\/pages\/3005","targetHints":{"allow":["GET"]}}],"collection":[{"href":"https:\/\/www.appyweb.es\/diccionario\/wp-json\/wp\/v2\/pages"}],"about":[{"href":"https:\/\/www.appyweb.es\/diccionario\/wp-json\/wp\/v2\/types\/page"}],"author":[{"embeddable":true,"href":"https:\/\/www.appyweb.es\/diccionario\/wp-json\/wp\/v2\/users\/1"}],"replies":[{"embeddable":true,"href":"https:\/\/www.appyweb.es\/diccionario\/wp-json\/wp\/v2\/comments?post=3005"}],"version-history":[{"count":6,"href":"https:\/\/www.appyweb.es\/diccionario\/wp-json\/wp\/v2\/pages\/3005\/revisions"}],"predecessor-version":[{"id":16113,"href":"https:\/\/www.appyweb.es\/diccionario\/wp-json\/wp\/v2\/pages\/3005\/revisions\/16113"}],"wp:featuredmedia":[{"embeddable":true,"href":"https:\/\/www.appyweb.es\/diccionario\/wp-json\/wp\/v2\/media\/16110"}],"wp:attachment":[{"href":"https:\/\/www.appyweb.es\/diccionario\/wp-json\/wp\/v2\/media?parent=3005"}],"curies":[{"name":"wp","href":"https:\/\/api.w.org\/{rel}","templated":true}]}}