{"id":3008,"date":"2023-06-22T13:37:22","date_gmt":"2023-06-22T13:37:22","guid":{"rendered":"https:\/\/www.appyweb.es\/diccionario\/?post_type=project&#038;p=3008"},"modified":"2024-05-02T07:38:46","modified_gmt":"2024-05-02T07:38:46","slug":"marketing-transaccional","status":"publish","type":"page","link":"https:\/\/www.appyweb.es\/diccionario\/marketing-transaccional\/","title":{"rendered":"Marketing Transaccional"},"content":{"rendered":"<figure id=\"attachment_16115\" aria-describedby=\"caption-attachment-16115\" style=\"width: 1000px\" class=\"wp-caption alignnone\"><img loading=\"lazy\" decoding=\"async\" class=\"size-full wp-image-16115\" src=\"https:\/\/www.appyweb.es\/diccionario\/wp-content\/uploads\/2024\/05\/MarketingTransaccional.jpg\" alt=\"Marketing Transaccional\" width=\"1000\" height=\"600\" srcset=\"https:\/\/www.appyweb.es\/diccionario\/wp-content\/uploads\/2024\/05\/MarketingTransaccional.jpg 1000w, https:\/\/www.appyweb.es\/diccionario\/wp-content\/uploads\/2024\/05\/MarketingTransaccional-300x180.jpg 300w, https:\/\/www.appyweb.es\/diccionario\/wp-content\/uploads\/2024\/05\/MarketingTransaccional-768x461.jpg 768w\" sizes=\"auto, (max-width: 1000px) 100vw, 1000px\" \/><figcaption id=\"caption-attachment-16115\" class=\"wp-caption-text\">Tres personas con un megafono y una persona hablando con otra.<\/figcaption><\/figure>\n<p>Es un tipo de publicidad que consiste enfocarse directamente en las caracter\u00edsticas y cualidades del producto, m\u00e1s que en atenci\u00f3n al cliente. El <strong>marketing transaccional busca generar ventas directas y r\u00e1pidas,<\/strong> en lugar de centrarse en estrategias m\u00e1s elaboradas en torno al consumidor.<\/p>\n<h2>\u00bfQu\u00e9 es marketing transaccional?<\/h2>\n<p>El marketing transaccional es una t\u00e9cnica que se enfoca directamente a la venta masiva y no tanto a los consumidores. <strong>Se enfoca m\u00e1s en la forma en c\u00f3mo se abarca la publicidad para vender<\/strong>, mostrando las caracter\u00edsticas y beneficios del producto o servicio. Para esta se utilizan medios tradicionales y digitales <a href=\"https:\/\/www.appyweb.es\/videos-para-empresas\/\">como pueden ser los v\u00eddeos publicitarios<\/a>, spot de TV, campa\u00f1as de anuncios en redes sociales, entre otros.<\/p>\n<p>Este tipo de publicidad deja a un lado la experiencia con el usuario, ya que no es la prioridad. M\u00e1s bien, lo que busca es <strong>aumentar las ventas de forma eficiente y r\u00e1pida<\/strong>. La mayor\u00eda de las veces tampoco se concentra en mantener a los clientes a largo plazo, sino m\u00e1s bien conquistarlos en campa\u00f1as \u00fanicas.<\/p>\n<h2>\u00bfPara qu\u00e9 sirve el marketing transaccional?<\/h2>\n<p>Este tipo de publicidad sirve para que las empresas puedan <strong>lograr captar la atenci\u00f3n del p\u00fablico al que se dirige<\/strong>. Logrando que ellos compren y se conviertan de este modo, en clientes de corto plazo. A su vez la empresa se beneficia, ya que acaba la existencia de un producto de forma r\u00e1pida.<\/p>\n<p>Usualmente, estas t\u00e9cnicas se utilizan en conjunto con otras que s\u00ed permitan establecer una relaci\u00f3n a largo plazo con el cliente, <a href=\"https:\/\/www.appyweb.es\/marketing-de-atraccion\/\">como el marketing de atracci\u00f3n<\/a>. Sin embargo, algunas empresas prefieren utilizar el marketing transaccional de forma \u00fanica, ya que de esta forma no tienen que hacer una inversi\u00f3n tan grande para fidelizarlos.<\/p>\n<h2>Ventajas del marketing transaccional<\/h2>\n<ul>\n<li>Permite optimizar la calidad del producto, ya que esta estrategia se enfoca en las ventas se puede generar una buena reputaci\u00f3n por el nivel de calidad.<\/li>\n<li>Generar ventas en corto plazo, sin tener que trabajar la relaci\u00f3n con el cliente.<\/li>\n<li>Se utiliza <strong>para mostrar las ventajas y los beneficios del producto<\/strong>, esto genera compras repetidas y compulsivas.<\/li>\n<li>El impacto de las campa\u00f1as es inmediato, incluso se busca sorprender al usuario utilizando t\u00e9cnicas de neuromarketing.<\/li>\n<li>Este tipo de promociones son m\u00e1s baratas para invertir en publicidad.<\/li>\n<\/ul>\n<h2>Desventajas del marketing transaccional<\/h2>\n<ul>\n<li>Puede generar conflicto entre los competidores, ya que se basa en manipular los precios en contra de la competencia.<\/li>\n<li>La experiencia del usuario se genera sola en una acci\u00f3n, la de intercambio de dinero por bienes o servicios.<\/li>\n<li>No existe una comunicaci\u00f3n bidireccional o un intercambio de informaci\u00f3n, sino una \u00fanica acci\u00f3n de por medio.<\/li>\n<li>No garantiza una estabilidad de la empresa a largo plazo.<\/li>\n<\/ul>\n<p><script type=\"application\/ld+json\">{\"@context\":\"https:\/\/schema.org\",\"@type\":\"FAQPage\",\"mainEntity\":[ \n{\"@type\":\"Question\",\"name\":\"\ud83d\udccc \u00bfQu\u00e9 es marketing transaccional?\",\"acceptedAnswer\":{\"@type\":\"Answer\",\"text\":\"<\/p>\n<p>El marketing transaccional es una t\u00e9cnica que se enfoca directamente a la venta masiva y no tanto a los consumidores. <strong>Se enfoca m\u00e1s en la forma en c\u00f3mo se abarca la publicidad para vender<\/strong>, mostrando las caracter\u00edsticas y beneficios del producto o servicio. Para esta se utilizan medios tradicionales y digitales <a href='https:\/\/www.appyweb.es\/videos-para-empresas\/'>como pueden ser los v\u00eddeos publicitarios<\/a>, spot de TV, campa\u00f1as de anuncios en redes sociales, entre otros.<\/p>\n<p>Este tipo de publicidad deja a un lado la experiencia con el usuario, ya que no es la prioridad. M\u00e1s bien, lo que busca es <strong>aumentar las ventas de forma eficiente y r\u00e1pida<\/strong>. La mayor\u00eda de las veces tampoco se concentra en mantener a los clientes a largo plazo, sino m\u00e1s bien conquistarlos en campa\u00f1as \u00fanicas. <\/p>\n<p>\"}},\n{\"@type\":\"Question\",\"name\":\"\ud83d\udccc \u00bfPara qu\u00e9 sirve el marketing transaccional?\",\"acceptedAnswer\":{\"@type\":\"Answer\",\"text\":\"<\/p>\n<p>Este tipo de publicidad sirve para que las empresas puedan <strong>lograr captar la atenci\u00f3n del p\u00fablico al que se dirige<\/strong>. Logrando que ellos compren y se conviertan de este modo, en clientes de corto plazo. A su vez la empresa se beneficia, ya que acaba la existencia de un producto de forma r\u00e1pida.<\/p>\n<p>Usualmente, estas t\u00e9cnicas se utilizan en conjunto con otras que s\u00ed permitan establecer una relaci\u00f3n a largo plazo con el cliente, <a href='https:\/\/www.appyweb.es\/marketing-de-atraccion\/'>como el  marketing de atracci\u00f3n<\/a>. Sin embargo, algunas empresas prefieren utilizar el marketing transaccional de forma \u00fanica, ya que de esta forma no tienen que hacer una inversi\u00f3n tan grande para fidelizarlos.<\/p>\n<p>\"}},\n{\"@type\":\"Question\",\"name\":\"\ud83d\udccc Ventajas del marketing transaccional\",\"acceptedAnswer\":{\"@type\":\"Answer\",\"text\":\"<\/p>\n<\/p>\n<\/p>\n<ul>\n<\/p>\n<\/p>\n<li>Permite optimizar la calidad del producto, ya que esta estrategia se enfoca en las ventas se puede generar una buena reputaci\u00f3n por el nivel de calidad.<\/li>\n<\/p>\n<\/p>\n<\/p>\n<\/p>\n<\/p>\n<\/p>\n<\/p>\n<li>Generar ventas en corto plazo, sin tener que trabajar la relaci\u00f3n con el cliente.<\/li>\n<\/p>\n<\/p>\n<\/p>\n<\/p>\n<\/p>\n<\/p>\n<\/p>\n<li>Se utiliza <strong>para mostrar las ventajas y los beneficios del producto<\/strong>, esto genera compras repetidas y compulsivas.<\/li>\n<\/p>\n<\/p>\n<\/p>\n<\/p>\n<\/p>\n<\/p>\n<\/p>\n<li>El impacto de las campa\u00f1as es inmediato, incluso se busca sorprender al usuario utilizando t\u00e9cnicas de neuromarketing.<\/li>\n<\/p>\n<\/p>\n<\/p>\n<\/p>\n<\/p>\n<\/p>\n<\/p>\n<li>Este tipo de promociones son m\u00e1s baratas para invertir en publicidad.<\/li>\n<\/p>\n<\/p>\n<\/p>\n<\/p>\n<\/p>\n<\/ul>\n<\/p>\n<\/p>\n<\/p>\n<\/p>\n<\/p>\n<p>\"}},\n{\"@type\":\"Question\",\"name\":\"\ud83d\udccc Desventajas del marketing transaccional\",\"acceptedAnswer\":{\"@type\":\"Answer\",\"text\":\"<\/p>\n<\/p>\n<\/p>\n<ul>\n<\/p>\n<\/p>\n<li>Puede generar conflicto entre los competidores, ya que se basa en manipular los precios en contra de la competencia.<\/li>\n<\/p>\n<\/p>\n<\/p>\n<\/p>\n<\/p>\n<\/p>\n<\/p>\n<li>La experiencia del usuario se genera sola en una acci\u00f3n, la de intercambio de dinero por bienes o servicios.<\/li>\n<\/p>\n<\/p>\n<\/p>\n<\/p>\n<\/p>\n<\/p>\n<\/p>\n<li>No existe una comunicaci\u00f3n bidireccional o un intercambio de informaci\u00f3n, sino una \u00fanica acci\u00f3n de por medio.<\/li>\n<\/p>\n<\/p>\n<\/p>\n<\/p>\n<\/p>\n<\/p>\n<\/p>\n<li>No garantiza una estabilidad de la empresa a largo plazo.<\/li>\n<\/p>\n<\/p>\n<\/p>\n<\/p>\n<\/p>\n<\/ul>\n<\/p>\n<\/p>\n<\/p>\n<\/p>\n<\/p>\n<p>\"}}\n]}<\/script><\/p>\n<h2>M\u00e1s informaci\u00f3n sobre marketing transaccional<\/h2>\n<p>Aunque, actualmente las estrategias m\u00e1s efectivas tienen que ver con fomentar la relaci\u00f3n con el cliente, sin duda <strong>las transacciones r\u00e1pidas pueden ser una fuente de ingresos favorables<\/strong> para la empresa. Mira los siguientes enlaces para tener m\u00e1s informaci\u00f3n.<\/p>\n<ul>\n<li><a href=\"https:\/\/www.appyweb.es\/aumentar-ventas-tienda-online\/\">\u00bfC\u00f3mo aumentar las ventas en tu tienda online?<\/a><\/li>\n<li><a href=\"https:\/\/marketing4ecommerce.net\/quick-commerce-una-nueva-generacion-de-comercio-electronico-de-la-mano-de-delivery-hero-glovo\/\" rel=\"nofollow noopener\" target=\"_blank\">Quick Commerce: una nueva generaci\u00f3n de comercio electr\u00f3nico<\/a><\/li>\n<\/ul>\n<p>&nbsp;<\/p>\n","protected":false},"excerpt":{"rendered":"<p>Es un tipo de publicidad que consiste enfocarse directamente en las caracter\u00edsticas y cualidades del producto, m\u00e1s que en atenci\u00f3n al cliente. El marketing transaccional busca generar ventas directas y r\u00e1pidas, en lugar de centrarse en estrategias m\u00e1s elaboradas en torno al consumidor. \u00bfQu\u00e9 es marketing transaccional? El marketing transaccional es una t\u00e9cnica que se [&hellip;]<\/p>\n","protected":false},"author":1,"featured_media":16115,"parent":0,"menu_order":0,"comment_status":"open","ping_status":"closed","template":"","meta":{"inline_featured_image":false,"footnotes":""},"class_list":["post-3008","page","type-page","status-publish","has-post-thumbnail","hentry"],"_links":{"self":[{"href":"https:\/\/www.appyweb.es\/diccionario\/wp-json\/wp\/v2\/pages\/3008","targetHints":{"allow":["GET"]}}],"collection":[{"href":"https:\/\/www.appyweb.es\/diccionario\/wp-json\/wp\/v2\/pages"}],"about":[{"href":"https:\/\/www.appyweb.es\/diccionario\/wp-json\/wp\/v2\/types\/page"}],"author":[{"embeddable":true,"href":"https:\/\/www.appyweb.es\/diccionario\/wp-json\/wp\/v2\/users\/1"}],"replies":[{"embeddable":true,"href":"https:\/\/www.appyweb.es\/diccionario\/wp-json\/wp\/v2\/comments?post=3008"}],"version-history":[{"count":6,"href":"https:\/\/www.appyweb.es\/diccionario\/wp-json\/wp\/v2\/pages\/3008\/revisions"}],"predecessor-version":[{"id":16114,"href":"https:\/\/www.appyweb.es\/diccionario\/wp-json\/wp\/v2\/pages\/3008\/revisions\/16114"}],"wp:featuredmedia":[{"embeddable":true,"href":"https:\/\/www.appyweb.es\/diccionario\/wp-json\/wp\/v2\/media\/16115"}],"wp:attachment":[{"href":"https:\/\/www.appyweb.es\/diccionario\/wp-json\/wp\/v2\/media?parent=3008"}],"curies":[{"name":"wp","href":"https:\/\/api.w.org\/{rel}","templated":true}]}}