{"id":3011,"date":"2023-06-22T13:38:36","date_gmt":"2023-06-22T13:38:36","guid":{"rendered":"https:\/\/www.appyweb.es\/diccionario\/?post_type=project&#038;p=3011"},"modified":"2024-05-02T08:07:23","modified_gmt":"2024-05-02T08:07:23","slug":"marketplace","status":"publish","type":"page","link":"https:\/\/www.appyweb.es\/diccionario\/marketplace\/","title":{"rendered":"Marketplace"},"content":{"rendered":"<figure id=\"attachment_16122\" aria-describedby=\"caption-attachment-16122\" style=\"width: 1000px\" class=\"wp-caption alignnone\"><img loading=\"lazy\" decoding=\"async\" class=\"size-full wp-image-16122\" src=\"https:\/\/www.appyweb.es\/diccionario\/wp-content\/uploads\/2024\/05\/Marketplace.jpg\" alt=\"Marketplace\" width=\"1000\" height=\"600\" srcset=\"https:\/\/www.appyweb.es\/diccionario\/wp-content\/uploads\/2024\/05\/Marketplace.jpg 1000w, https:\/\/www.appyweb.es\/diccionario\/wp-content\/uploads\/2024\/05\/Marketplace-300x180.jpg 300w, https:\/\/www.appyweb.es\/diccionario\/wp-content\/uploads\/2024\/05\/Marketplace-768x461.jpg 768w\" sizes=\"auto, (max-width: 1000px) 100vw, 1000px\" \/><figcaption id=\"caption-attachment-16122\" class=\"wp-caption-text\">Personas apunto de comprar en una tienda desde un movil.<\/figcaption><\/figure>\n<p>Se trata de una plataforma que contiene la informaci\u00f3n de varios o muchos tipos de negocios en un solo lugar, <strong>un marketplace es como un centro comercial en Internet<\/strong>. Los consumidores pueden visualizar cientos de ofertas sin tener que visitar diferentes sitios web para encontrar lo que est\u00e1n buscando.<\/p>\n<h2>\u00bfQu\u00e9 es Marketplace?<\/h2>\n<p>En t\u00e9rminos generales, un Marketplace es un espacio en Internet donde las empresas, negocios o tiendas <strong>exhiben sus productos a disposici\u00f3n de los consumidores<\/strong>. Es una forma de tener un e-commerce disponible frente a una gran audiencia, incluso sin la necesidad de tener un sitio propio, en este caso, <a href=\"https:\/\/www.appyweb.es\/diseno-tienda-online\/\">el dise\u00f1o de una tienda online<\/a> se vuelve solo una opci\u00f3n.<\/p>\n<p>Actualmente, existen diferentes tipos de estas plataformas, enfocados a diferentes audiencias, hasta se pueden conseguir segmentaciones muy interesantes. Por ejemplo, <strong>el market place de Facebook es uno de los m\u00e1s utilizados<\/strong>, se emplea para difundir ofertas de todo tipo, pero se pueden categorizar por palabras clave y localizaciones. Los perfiles incluyen informaci\u00f3n del vendedor o la empresa para facilitar datos a cualquier cliente interesado.<\/p>\n<h2>\u00bfPara qu\u00e9 sirve Marketplace?<\/h2>\n<p>En primer lugar, tiene la funci\u00f3n de facilitarle a los usuarios un espacio donde puedan conseguir todo lo que necesitan, sin salir de la plataforma. Las herramientas de las redes sociales ofrecen esta funci\u00f3n debido a que un importante porcentaje de <strong>consumidores investigan sobre el producto previamente en esas redes<\/strong>, entonces tambi\u00e9n tiene la opci\u00f3n de comprar en el mismo lugar.<\/p>\n<p>Igualmente, funciona como herramienta para facilitar que las tiendas f\u00edsicas puedan trasladarse al mundo digital, especialmente aquellas que apenas est\u00e1n haciendo la transici\u00f3n desde las ventas tradicionales. De esta forma, incluso no tienen que gastar demasiado dinero para invertir en un sitio e-commerce, sino solamente tener un perfil gratuito y dise\u00f1ar una buena estrategia de publicidad.<\/p>\n<p>Esa ser\u00eda otra ventaja, los que se anuncian en este tipo de herramientas pueden acceder a dos tipos de posicionamiento, al igual que los sitios web, como el posicionamiento SEO y SEM. Esto quiere decir que pueden utilizar estrategias org\u00e1nicas y de pago. En este caso, <a href=\"https:\/\/www.appyweb.es\/campanas-facebook-ads\/\">Facebook Ads es una funci\u00f3n integrada<\/a> que ofrece opciones de publicidad ajustada a diferentes tipos de vendedores.<\/p>\n<h2>\u00bfC\u00f3mo funciona un marketplace?<\/h2>\n<p>Ya que la mayor\u00eda de estos sitios de comercio se pueden utilizar sin costo adicional, es natural que los vendedores tambi\u00e9n sean de lo m\u00e1s diversos. Por un lado, est\u00e1n las grandes empresas que simplemente quieren tener un canal de difusi\u00f3n m\u00e1s dentro del mundo digital, pero ya cuentan con su propio recurso de ventas. Tambi\u00e9n est\u00e1n las peque\u00f1as y medianas empresas <strong>que quieren acceder a un mercado con una audiencia m\u00e1s segmentada<\/strong>.<\/p>\n<p>Y, por \u00faltimo, est\u00e1n los aut\u00f3nomos, esos vendedores que es posible que no tengan una tienda f\u00edsica y est\u00e9n vendiendo desde la comodidad de su casa. Igualmente, cualquier usuario puede generar un perfil y vender cualquier tipo de producto dentro de las normas de la plataforma, como art\u00edculos de segunda mano.<\/p>\n<h2>\u00bfC\u00f3mo vender en Marketplace?<\/h2>\n<ol>\n<li>Lo primero es contar con un perfil dentro de la plataforma, con una cuenta en Facebook bastar\u00e1 para publicar en su herramienta.<\/li>\n<li>Seguidamente, se debe crear una publicaci\u00f3n, <strong>tambi\u00e9n se puede dise\u00f1ar un perfil de vendedor <\/strong>donde se muestra la informaci\u00f3n del mismo y una lista de productos publicados.<\/li>\n<li>En la publicaci\u00f3n se deben utilizar palabras clave en el t\u00edtulo, una localizaci\u00f3n espec\u00edfica, precio, fotograf\u00edas y descripci\u00f3n.<\/li>\n<li>Se recomienda optimizar esto al m\u00e1ximo para que pueda estar posicionado entre los mejores puestos de la b\u00fasqueda.<\/li>\n<li>Finalmente, antes de difundirlo, la plataforma deber\u00e1 aprobar el anuncio.<\/li>\n<\/ol>\n<p><script type=\"application\/ld+json\">{\"@context\":\"https:\/\/schema.org\",\"@type\":\"FAQPage\",\"mainEntity\":[ \n{\"@type\":\"Question\",\"name\":\"\u00bfQu\u00e9 es Marketplace?\",\"acceptedAnswer\":{\"@type\":\"Answer\",\"text\":\"<\/p>\n<p>En t\u00e9rminos generales, un Marketplace es un espacio en Internet donde las empresas, negocios o tiendas <strong>exhiben sus productos a disposici\u00f3n de los consumidores<\/strong>. Es una forma de tener un e-commerce disponible frente a una gran audiencia, incluso sin la necesidad de tener un sitio propio, en este caso, <a href='https:\/\/www.appyweb.es\/diseno-tienda-online\/'>el dise\u00f1o de una tienda online<\/a> se vuelve solo una opci\u00f3n.<\/p>\n<p>Actualmente, existen diferentes tipos de estas plataformas, enfocados a diferentes audiencias, hasta se pueden conseguir segmentaciones muy interesantes. Por ejemplo, <strong>el market place de Facebook es uno de los m\u00e1s utilizados<\/strong>, se emplea para difundir ofertas de todo tipo, pero se pueden categorizar por palabras clave y localizaciones. Los perfiles incluyen informaci\u00f3n del vendedor o la empresa para facilitar datos a cualquier cliente interesado.<\/p>\n<p>\"}},\n{\"@type\":\"Question\",\"name\":\"\u00bfPara qu\u00e9 sirve Marketplace?\",\"acceptedAnswer\":{\"@type\":\"Answer\",\"text\":\"<\/p>\n<p>En primer lugar, tiene la funci\u00f3n de facilitarle a los usuarios un espacio donde puedan conseguir todo lo que necesitan, sin salir de la plataforma. Las herramientas de las redes sociales ofrecen esta funci\u00f3n debido a que un importante porcentaje de <strong>consumidores investigan sobre el producto previamente en esas redes<\/strong>, entonces tambi\u00e9n tiene la opci\u00f3n de comprar en el mismo lugar.<\/p>\n<p>Igualmente, funciona como herramienta para facilitar que las tiendas f\u00edsicas puedan trasladarse al mundo digital, especialmente aquellas que apenas est\u00e1n haciendo la transici\u00f3n desde las ventas tradicionales. De esta forma, incluso no tienen que gastar demasiado dinero para invertir en un sitio e-commerce, sino solamente tener un perfil gratuito y dise\u00f1ar una buena estrategia de publicidad. <\/p>\n<p>Esa ser\u00eda otra ventaja, los que se anuncian en este tipo de herramientas pueden acceder a dos tipos de posicionamiento, al igual que los sitios web, como el posicionamiento SEO y SEM. Esto quiere decir que pueden utilizar estrategias org\u00e1nicas y de pago. En este caso, <a href='https:\/\/www.appyweb.es\/campanas-facebook-ads\/'>Facebook Ads es una funci\u00f3n integrada<\/a> que ofrece opciones de publicidad ajustada a diferentes tipos de vendedores.<\/p>\n<p>\"}},\n{\"@type\":\"Question\",\"name\":\"\u00bfC\u00f3mo funciona un marketplace?\",\"acceptedAnswer\":{\"@type\":\"Answer\",\"text\":\"<\/p>\n<p>Ya que la mayor\u00eda de estos sitios de comercio se pueden utilizar sin costo adicional, es natural que los vendedores tambi\u00e9n sean de lo m\u00e1s diversos. Por un lado, est\u00e1n las grandes empresas que simplemente quieren tener un canal de difusi\u00f3n m\u00e1s dentro del mundo digital, pero ya cuentan con su propio recurso de ventas. Tambi\u00e9n est\u00e1n las peque\u00f1as y medianas empresas <strong>que quieren acceder a un mercado con una audiencia m\u00e1s segmentada<\/strong>.<\/p>\n<p>Y, por \u00faltimo, est\u00e1n los aut\u00f3nomos, esos vendedores que es posible que no tengan una tienda f\u00edsica y est\u00e9n vendiendo desde la comodidad de su casa. Igualmente, cualquier usuario puede generar un perfil y vender cualquier tipo de producto dentro de las normas de la plataforma, como art\u00edculos de segunda mano.<\/p>\n<p>\"}},\n{\"@type\":\"Question\",\"name\":\"\u00bfC\u00f3mo vender en Marketplace?\",\"acceptedAnswer\":{\"@type\":\"Answer\",\"text\":\"<\/p>\n<\/p>\n<\/p>\n<\/p>\n<\/p>\n<ol>\n<\/p>\n<\/p>\n<\/p>\n<\/p>\n<li>Lo primero es contar con un perfil dentro de la plataforma, con una cuenta en Facebook bastar\u00e1 para publicar en su herramienta.<\/li>\n<\/p>\n<\/p>\n<\/p>\n<\/p>\n<\/p>\n<\/p>\n<\/p>\n<\/p>\n<\/p>\n<\/p>\n<\/p>\n<\/p>\n<\/p>\n<\/p>\n<\/p>\n<li>Seguidamente, se debe crear una publicaci\u00f3n, <strong>tambi\u00e9n se puede dise\u00f1ar un perfil de vendedor <\/strong>donde se muestra la informaci\u00f3n del mismo y una lista de productos publicados.<\/li>\n<\/p>\n<\/p>\n<\/p>\n<\/p>\n<\/p>\n<\/p>\n<\/p>\n<\/p>\n<\/p>\n<\/p>\n<\/p>\n<\/p>\n<\/p>\n<\/p>\n<\/p>\n<li>En la publicaci\u00f3n se deben utilizar palabras clave en el t\u00edtulo, una localizaci\u00f3n espec\u00edfica, precio, fotograf\u00edas y descripci\u00f3n.<\/li>\n<\/p>\n<\/p>\n<\/p>\n<\/p>\n<\/p>\n<\/p>\n<\/p>\n<\/p>\n<\/p>\n<\/p>\n<\/p>\n<\/p>\n<\/p>\n<\/p>\n<\/p>\n<li>Se recomienda optimizar esto al m\u00e1ximo para que pueda estar posicionado entre los mejores puestos de la b\u00fasqueda.<\/li>\n<\/p>\n<\/p>\n<\/p>\n<\/p>\n<\/p>\n<\/p>\n<\/p>\n<\/p>\n<\/p>\n<\/p>\n<\/p>\n<\/p>\n<\/p>\n<\/p>\n<\/p>\n<li>Finalmente, antes de difundirlo, la plataforma deber\u00e1 aprobar el anuncio.<\/li>\n<\/p>\n<\/p>\n<\/p>\n<\/p>\n<\/p>\n<\/p>\n<\/p>\n<\/p>\n<\/p>\n<\/p>\n<\/p>\n<\/ol>\n<\/p>\n<\/p>\n<\/p>\n<\/p>\n<\/p>\n<\/p>\n<\/p>\n<\/p>\n<\/p>\n<\/p>\n<\/p>\n<p>\"}}\n]}<\/script><\/p>\n<h2>M\u00e1s informaci\u00f3n sobre marketplace<\/h2>\n<p>Es un tema muy interesante, teniendo en cuenta que actualmente si no est\u00e1s en Internet pr\u00e1cticamente no existes, incluso si solo vas a vender caramelos desde tu casa. Conoce m\u00e1s sobre esto en los siguientes enlaces.<\/p>\n<ul>\n<li><a href=\"https:\/\/www.appyweb.es\/diccionario\/f-commerce\/\">\u00bfQu\u00e9 es el F-Commerce y para qu\u00e9 sirve?<\/a><\/li>\n<li><a href=\"https:\/\/blog.hubspot.es\/sales\/vender-facebook-marketplace\" rel=\"nofollow noopener\" target=\"_blank\">Marketplace de Facebook: 8 consejos para vender con \u00e9xito<\/a><\/li>\n<\/ul>\n<p>&nbsp;<\/p>\n","protected":false},"excerpt":{"rendered":"<p>Se trata de una plataforma que contiene la informaci\u00f3n de varios o muchos tipos de negocios en un solo lugar, un marketplace es como un centro comercial en Internet. Los consumidores pueden visualizar cientos de ofertas sin tener que visitar diferentes sitios web para encontrar lo que est\u00e1n buscando. \u00bfQu\u00e9 es Marketplace? En t\u00e9rminos generales, [&hellip;]<\/p>\n","protected":false},"author":1,"featured_media":16122,"parent":0,"menu_order":0,"comment_status":"open","ping_status":"closed","template":"","meta":{"inline_featured_image":false,"footnotes":""},"class_list":["post-3011","page","type-page","status-publish","has-post-thumbnail","hentry"],"_links":{"self":[{"href":"https:\/\/www.appyweb.es\/diccionario\/wp-json\/wp\/v2\/pages\/3011","targetHints":{"allow":["GET"]}}],"collection":[{"href":"https:\/\/www.appyweb.es\/diccionario\/wp-json\/wp\/v2\/pages"}],"about":[{"href":"https:\/\/www.appyweb.es\/diccionario\/wp-json\/wp\/v2\/types\/page"}],"author":[{"embeddable":true,"href":"https:\/\/www.appyweb.es\/diccionario\/wp-json\/wp\/v2\/users\/1"}],"replies":[{"embeddable":true,"href":"https:\/\/www.appyweb.es\/diccionario\/wp-json\/wp\/v2\/comments?post=3011"}],"version-history":[{"count":8,"href":"https:\/\/www.appyweb.es\/diccionario\/wp-json\/wp\/v2\/pages\/3011\/revisions"}],"predecessor-version":[{"id":16129,"href":"https:\/\/www.appyweb.es\/diccionario\/wp-json\/wp\/v2\/pages\/3011\/revisions\/16129"}],"wp:featuredmedia":[{"embeddable":true,"href":"https:\/\/www.appyweb.es\/diccionario\/wp-json\/wp\/v2\/media\/16122"}],"wp:attachment":[{"href":"https:\/\/www.appyweb.es\/diccionario\/wp-json\/wp\/v2\/media?parent=3011"}],"curies":[{"name":"wp","href":"https:\/\/api.w.org\/{rel}","templated":true}]}}