{"id":3018,"date":"2023-06-22T13:40:35","date_gmt":"2023-06-22T13:40:35","guid":{"rendered":"https:\/\/www.appyweb.es\/diccionario\/?post_type=project&#038;p=3018"},"modified":"2024-05-02T08:55:23","modified_gmt":"2024-05-02T08:55:23","slug":"matriz-gap","status":"publish","type":"page","link":"https:\/\/www.appyweb.es\/diccionario\/matriz-gap\/","title":{"rendered":"Matriz GAP"},"content":{"rendered":"<figure id=\"attachment_16145\" aria-describedby=\"caption-attachment-16145\" style=\"width: 1000px\" class=\"wp-caption alignnone\"><img loading=\"lazy\" decoding=\"async\" class=\"size-full wp-image-16145\" src=\"https:\/\/www.appyweb.es\/diccionario\/wp-content\/uploads\/2024\/05\/MatrizGAP.jpg\" alt=\"Matriz GAP\" width=\"1000\" height=\"600\" srcset=\"https:\/\/www.appyweb.es\/diccionario\/wp-content\/uploads\/2024\/05\/MatrizGAP.jpg 1000w, https:\/\/www.appyweb.es\/diccionario\/wp-content\/uploads\/2024\/05\/MatrizGAP-300x180.jpg 300w, https:\/\/www.appyweb.es\/diccionario\/wp-content\/uploads\/2024\/05\/MatrizGAP-768x461.jpg 768w\" sizes=\"auto, (max-width: 1000px) 100vw, 1000px\" \/><figcaption id=\"caption-attachment-16145\" class=\"wp-caption-text\">Grafica subiendo.<\/figcaption><\/figure>\n<p>Una de las estrategias m\u00e1s efectivas en el marketing digital son los contenidos, pero, el hecho de que generen buenos resultados no quiere decir que est\u00e1n dando todo su potencial. <strong>Para medir esto se puede utilizar la matriz GAP<\/strong>, un esquema de an\u00e1lisis para evaluar si los contenidos est\u00e1n funcionando y cu\u00e1les son sus puntos d\u00e9biles.<\/p>\n<h2>\u00bfQu\u00e9 es matriz GAP?<\/h2>\n<p>Es una herramienta de an\u00e1lisis con la que se puede medir e identificar los puntos d\u00e9biles que se deben <a href=\"https:\/\/www.appyweb.es\/marketing-de-contenidos\/\">mejorar en las estrategias de marketing de contenidos<\/a>. Tambi\u00e9n es conocida como <em>an\u00e1lisis de deficiencias<\/em>. Aunque se puede utilizar para determinar los puntos m\u00e1s exitosos de las campa\u00f1as, su objetivo principal es determinar cu\u00e1les son las debilidades que evitan aprovechar todo el potencial de las publicaciones.<\/p>\n<p>Entre sus funciones m\u00e1s importantes se encuentran <strong>encontrar nuevas oportunidades para mejorar los resultados de las campa\u00f1as<\/strong>, as\u00ed como determinar que los canales de difusi\u00f3n del contenido sean los m\u00e1s apropiados para el tipo de formato.<\/p>\n<h2>\u00bfPara qu\u00e9 sirve la matriz GAP?<\/h2>\n<p>La matriz GAP sirve principalmente para todos aquellos encargados de un sitio web o de la estrategia de contenidos de una empresa, bien sean los editores, desarrolladores o dise\u00f1adores. Ya que estos lo utilizan para medir los resultados de las campa\u00f1as, de forma <strong>que puedan determinar si se alcanzaron los objetivos propuestos<\/strong>, que pueden ser <a href=\"https:\/\/www.appyweb.es\/posicionamiento-web\/\">relacionados con el posicionamiento web del sitio<\/a> o las conversiones de usuarios que haya generado.<\/p>\n<p>Entre otras funciones importantes de esta herramienta de an\u00e1lisis se encuentran las siguientes.<\/p>\n<ul>\n<li>Permite trazar nuevos escenarios para dirigirse mejor a la audiencia.<\/li>\n<li>Se puede <strong>generar un mayor inter\u00e9s y un aumento en la tasa de conversiones<\/strong>.<\/li>\n<li>Permite analizar y organizar nuevas oportunidades de publicidad de contenidos.<\/li>\n<li>Mejora la imagen de la marca, ya que se busca una l\u00ednea editorial m\u00e1s coherente con la empresa.<\/li>\n<li>Se pueden acceder a nichos de mercado mejor segmentados y preparados para la compra.<\/li>\n<\/ul>\n<h2>C\u00f3mo hacer una matriz GAP<\/h2>\n<ol>\n<li>Lo primero es <strong>identificar los problemas que est\u00e1n afectando al negocio<\/strong> desde la perspectiva del contenido, aunque es preferible hacer el an\u00e1lisis por campa\u00f1as u objetivos.<\/li>\n<li>Tambi\u00e9n se debe analizar el funcionamiento actual del \u00e1rea de edici\u00f3n, creaci\u00f3n y dise\u00f1o de contenidos, conocer sus debilidades.<\/li>\n<li>Se establecen nuevos objetivos en funci\u00f3n a resolver esas debilidades.<\/li>\n<li>Seguidamente, se documenta el proceso, se analizan datos con los expertos, se eval\u00faa la informaci\u00f3n en el big data, entre otros.<\/li>\n<li>Una vez encontradas las mejores soluciones, se deben poner en pr\u00e1ctica y se eval\u00faan para determinar cu\u00e1l es la mejor opci\u00f3n.<\/li>\n<\/ol>\n<h2>Ejemplo de matriz GAP<\/h2>\n<p>Existen muchos ejemplos de <strong>c\u00f3mo poner en pr\u00e1ctica el gr\u00e1fico de la matriz GAP<\/strong>, pero, uno de los m\u00e1s utilizados es el esquema de 5 preguntas. Se utiliza para responder cinco interrogantes del \u00ab\u00bfqu\u00e9, c\u00f3mo, por qu\u00e9, d\u00f3nde y qui\u00e9n?\u00bb, entorno a las debilidades encontradas. Pero, la m\u00e1s popular es el esquema que indica cuatro variantes, \u00abentretener, inspirar, educar y convencer\u00bb. A continuaci\u00f3n, se puede ver una imagen con este estilo de an\u00e1lisis del contenido, principalmente para encontrar nuevas ideas para vender.<\/p>\n<p><script type=\"application\/ld+json\">{\"@context\":\"https:\/\/schema.org\",\"@type\":\"FAQPage\",\"mainEntity\":[ \n{\"@type\":\"Question\",\"name\":\"\u00bfQu\u00e9 es matriz GAP?\",\"acceptedAnswer\":{\"@type\":\"Answer\",\"text\":\"<\/p>\n<p>Es una herramienta de an\u00e1lisis con la que se puede medir e identificar los puntos d\u00e9biles que se deben <a href='https:\/\/www.appyweb.es\/marketing-de-contenidos\/'>mejorar en las estrategias de marketing de contenidos<\/a>. Tambi\u00e9n es conocida como <em>an\u00e1lisis de deficiencias<\/em>. Aunque se puede utilizar para determinar los puntos m\u00e1s exitosos de las campa\u00f1as, su objetivo principal es determinar cu\u00e1les son las debilidades que evitan aprovechar todo el potencial de las publicaciones.<\/p>\n<p>Entre sus funciones m\u00e1s importantes se encuentran <strong>encontrar nuevas oportunidades para mejorar los resultados de las campa\u00f1as<\/strong>, as\u00ed como determinar que los canales de difusi\u00f3n del contenido sean los m\u00e1s apropiados para el tipo de formato.<\/p>\n<p>\"}},\n{\"@type\":\"Question\",\"name\":\"\u00bfPara qu\u00e9 sirve la  matriz GAP?\",\"acceptedAnswer\":{\"@type\":\"Answer\",\"text\":\"<\/p>\n<p>La matriz GAP sirve principalmente para todos aquellos encargados de un sitio web o de la estrategia de contenidos de una empresa, bien sean los editores, desarrolladores o dise\u00f1adores. Ya que estos lo utilizan para medir los resultados de las campa\u00f1as, de forma <strong>que puedan determinar si se alcanzaron los objetivos propuestos<\/strong>, que pueden ser <a href='https:\/\/www.appyweb.es\/posicionamiento-web\/'>relacionados con el posicionamiento web del sitio<\/a> o las conversiones de usuarios que haya generado.<\/p>\n<p>Entre otras funciones importantes de esta herramienta de an\u00e1lisis se encuentran las siguientes.<\/p>\n<\/p>\n<\/p>\n<ul>\n<\/p>\n<\/p>\n<li>Permite trazar nuevos escenarios para dirigirse mejor a la audiencia.<\/li>\n<\/p>\n<\/p>\n<\/p>\n<\/p>\n<\/p>\n<\/p>\n<\/p>\n<li>Se puede <strong>generar un mayor inter\u00e9s y un aumento en la tasa de conversiones<\/strong>.<\/li>\n<\/p>\n<\/p>\n<\/p>\n<\/p>\n<\/p>\n<\/p>\n<\/p>\n<li>Permite analizar y organizar nuevas oportunidades de publicidad de contenidos.<\/li>\n<\/p>\n<\/p>\n<\/p>\n<\/p>\n<\/p>\n<\/p>\n<\/p>\n<li>Mejora la imagen de la marca, ya que se busca una l\u00ednea editorial m\u00e1s coherente con la empresa.<\/li>\n<\/p>\n<\/p>\n<\/p>\n<\/p>\n<\/p>\n<\/p>\n<\/p>\n<li>Se pueden acceder a nichos de mercado mejor segmentados y preparados para la compra.<\/li>\n<\/p>\n<\/p>\n<\/p>\n<\/p>\n<\/p>\n<\/ul>\n<\/p>\n<\/p>\n<\/p>\n<\/p>\n<\/p>\n<p>\"}},\n{\"@type\":\"Question\",\"name\":\"C\u00f3mo hacer una matriz GAP\",\"acceptedAnswer\":{\"@type\":\"Answer\",\"text\":\"<\/p>\n<\/p>\n<\/p>\n<ol>\n<\/p>\n<\/p>\n<li>Lo primero es <strong>identificar los problemas que est\u00e1n afectando al negocio<\/strong> desde la perspectiva del contenido, aunque es preferible hacer el an\u00e1lisis por campa\u00f1as u objetivos.<\/li>\n<\/p>\n<\/p>\n<\/p>\n<\/p>\n<\/p>\n<\/p>\n<\/p>\n<li>Tambi\u00e9n se debe analizar el funcionamiento actual del \u00e1rea de edici\u00f3n, creaci\u00f3n y dise\u00f1o de contenidos, conocer sus debilidades.<\/li>\n<\/p>\n<\/p>\n<\/p>\n<\/p>\n<\/p>\n<\/p>\n<\/p>\n<li>Se establecen nuevos objetivos en funci\u00f3n a resolver esas debilidades.<\/li>\n<\/p>\n<\/p>\n<\/p>\n<\/p>\n<\/p>\n<\/p>\n<\/p>\n<li>Seguidamente, se documenta el proceso, se analizan datos con los expertos, se eval\u00faa la informaci\u00f3n en el big data, entre otros.<\/li>\n<\/p>\n<\/p>\n<\/p>\n<\/p>\n<\/p>\n<\/p>\n<\/p>\n<li>Una vez encontradas las mejores soluciones, se deben poner en pr\u00e1ctica y se eval\u00faan para determinar cu\u00e1l es la mejor opci\u00f3n.<\/li>\n<\/p>\n<\/p>\n<\/p>\n<\/p>\n<\/p>\n<\/ol>\n<\/p>\n<\/p>\n<\/p>\n<\/p>\n<\/p>\n<p>\"}},\n{\"@type\":\"Question\",\"name\":\"Ejemplo de matriz GAP\",\"acceptedAnswer\":{\"@type\":\"Answer\",\"text\":\"<\/p>\n<p>Existen muchos ejemplos de <strong>c\u00f3mo poner en pr\u00e1ctica el gr\u00e1fico de la matriz GAP<\/strong>, pero, uno de los m\u00e1s utilizados es el esquema de 5 preguntas. Se utiliza para responder cinco interrogantes del '\u00bfqu\u00e9, c\u00f3mo, por qu\u00e9, d\u00f3nde y qui\u00e9n?', entorno a las debilidades encontradas. Pero, la m\u00e1s popular es el esquema que indica cuatro variantes, 'entretener, inspirar, educar y convencer'. A continuaci\u00f3n, se puede ver una imagen con este estilo de an\u00e1lisis del contenido, principalmente para encontrar nuevas ideas para vender.<\/p>\n<p>\"}}\n]}<\/script><\/p>\n<h2>M\u00e1s informaci\u00f3n sobre la matriz GAP<\/h2>\n<p>Dise\u00f1ar la mejor campa\u00f1a de contenidos no es tan f\u00e1cil como parece, pero bien puedes prepararte y conocer lo que necesitas para lograrlo. Obt\u00e9n m\u00e1s informaci\u00f3n en estos enlaces.<\/p>\n<ul>\n<li><a href=\"https:\/\/www.appyweb.es\/medir-triunfo-plan-contenidos\/\">C\u00f3mo medir el triunfo en tu plan de contenidos<\/a><\/li>\n<li><a href=\"https:\/\/www.emprender-facil.com\/plan-de-marketing-de-contenidos-6\/\" rel=\"nofollow noopener\" target=\"_blank\">7 Pasos para el plan de marketing de contenidos<\/a><\/li>\n<\/ul>\n<p>&nbsp;<\/p>\n","protected":false},"excerpt":{"rendered":"<p>Una de las estrategias m\u00e1s efectivas en el marketing digital son los contenidos, pero, el hecho de que generen buenos resultados no quiere decir que est\u00e1n dando todo su potencial. Para medir esto se puede utilizar la matriz GAP, un esquema de an\u00e1lisis para evaluar si los contenidos est\u00e1n funcionando y cu\u00e1les son sus puntos [&hellip;]<\/p>\n","protected":false},"author":1,"featured_media":16145,"parent":0,"menu_order":0,"comment_status":"open","ping_status":"closed","template":"","meta":{"inline_featured_image":false,"footnotes":""},"class_list":["post-3018","page","type-page","status-publish","has-post-thumbnail","hentry"],"_links":{"self":[{"href":"https:\/\/www.appyweb.es\/diccionario\/wp-json\/wp\/v2\/pages\/3018","targetHints":{"allow":["GET"]}}],"collection":[{"href":"https:\/\/www.appyweb.es\/diccionario\/wp-json\/wp\/v2\/pages"}],"about":[{"href":"https:\/\/www.appyweb.es\/diccionario\/wp-json\/wp\/v2\/types\/page"}],"author":[{"embeddable":true,"href":"https:\/\/www.appyweb.es\/diccionario\/wp-json\/wp\/v2\/users\/1"}],"replies":[{"embeddable":true,"href":"https:\/\/www.appyweb.es\/diccionario\/wp-json\/wp\/v2\/comments?post=3018"}],"version-history":[{"count":6,"href":"https:\/\/www.appyweb.es\/diccionario\/wp-json\/wp\/v2\/pages\/3018\/revisions"}],"predecessor-version":[{"id":16148,"href":"https:\/\/www.appyweb.es\/diccionario\/wp-json\/wp\/v2\/pages\/3018\/revisions\/16148"}],"wp:featuredmedia":[{"embeddable":true,"href":"https:\/\/www.appyweb.es\/diccionario\/wp-json\/wp\/v2\/media\/16145"}],"wp:attachment":[{"href":"https:\/\/www.appyweb.es\/diccionario\/wp-json\/wp\/v2\/media?parent=3018"}],"curies":[{"name":"wp","href":"https:\/\/api.w.org\/{rel}","templated":true}]}}