{"id":3028,"date":"2023-06-22T13:43:36","date_gmt":"2023-06-22T13:43:36","guid":{"rendered":"https:\/\/www.appyweb.es\/diccionario\/?post_type=project&#038;p=3028"},"modified":"2024-05-02T09:42:53","modified_gmt":"2024-05-02T09:42:53","slug":"medios-ganados","status":"publish","type":"page","link":"https:\/\/www.appyweb.es\/diccionario\/medios-ganados\/","title":{"rendered":"Medios Ganados"},"content":{"rendered":"<figure id=\"attachment_16171\" aria-describedby=\"caption-attachment-16171\" style=\"width: 1000px\" class=\"wp-caption alignnone\"><img loading=\"lazy\" decoding=\"async\" class=\"size-full wp-image-16171\" src=\"https:\/\/www.appyweb.es\/diccionario\/wp-content\/uploads\/2024\/05\/MediosGanados.jpg\" alt=\"Medios Ganados\" width=\"1000\" height=\"600\" srcset=\"https:\/\/www.appyweb.es\/diccionario\/wp-content\/uploads\/2024\/05\/MediosGanados.jpg 1000w, https:\/\/www.appyweb.es\/diccionario\/wp-content\/uploads\/2024\/05\/MediosGanados-300x180.jpg 300w, https:\/\/www.appyweb.es\/diccionario\/wp-content\/uploads\/2024\/05\/MediosGanados-768x461.jpg 768w\" sizes=\"auto, (max-width: 1000px) 100vw, 1000px\" \/><figcaption id=\"caption-attachment-16171\" class=\"wp-caption-text\">Persona mirando desde su portatil una pagina web.<\/figcaption><\/figure>\n<p>A parte de las estrategias org\u00e1nicas y de pago, que las empresas pueden utilizar para promocionarse en Internet, tambi\u00e9n existen <strong>canales adicionales que le permiten darse a conocer<\/strong>. Se les llaman <em>medios ganados<\/em>, ya que la empresa gener\u00f3 otros canales de difusi\u00f3n a partir de esas estrategias, por ejemplo, cuando un influencer comparte un post del blog de la empresa por iniciativa propia.<\/p>\n<h2>\u00bfQu\u00e9 son los medios ganados?<\/h2>\n<p>Es un t\u00e9rmino que hace referencia a la triada de <strong>canales adicionales que se generan a partir de la difusi\u00f3n de publicaciones<\/strong>, es un concepto muy <a href=\"https:\/\/www.appyweb.es\/marketing-de-contenidos\/\">relacionado con el marketing de contenidos<\/a> y el inbound, estos pueden ser ganados, propios o pagados. El primero se refiere a los derivados a partir del trabajo que se difunde a partir de estrategias de SEO, redes sociales o relaciones p\u00fablicas.<\/p>\n<p>En ingl\u00e9s se le conoce como \u201cearned media\u201d, son aquellos que son adquiridos directamente de la mano de la empresa. Con eso se da a entender que es por sus propios m\u00e9ritos, su esfuerzo y sobre todo con sus propios recursos. Son muy beneficiosos, ya que permiten difundir la imagen de la empresa m\u00e1s all\u00e1 de una campa\u00f1a, incluso sin tener que pagar por publicidad.<\/p>\n<h2>\u00bfPara qu\u00e9 sirven los medios ganados?<\/h2>\n<p>La principal <strong>funci\u00f3n de estos es aumentar la visibilidad de la marca en el mercado<\/strong>, incluso en nichos que no son el objetivo principal de las campa\u00f1as, pero que pueden provocar resultados sustanciales. Tambi\u00e9n es una forma de mejorar la imagen de marca y generar popularidad, cuando se involucran medios ganados la confiabilidad de la audiencia aumenta y existen <a href=\"https:\/\/www.appyweb.es\/conversion-web\/\">m\u00e1s probabilidades de generar conversiones web<\/a> y otros beneficios para la empresa.<\/p>\n<p>Igualmente, otra de las ventajas de estos recursos es que las empresas no tendr\u00e1n que hacer una inversi\u00f3n, de hecho, pueden verlo como <strong>una consecuencia de una campa\u00f1a de marketing excelente<\/strong>. Por ejemplo, un contenido que haya sido publicado en un blog puede hacerse viral r\u00e1pidamente (dependiendo de su posici\u00f3n y valor), as\u00ed que son los mismos usuarios que lo comparten en redes sociales u otros canales, esta acci\u00f3n no requiere una inversi\u00f3n adicional.<\/p>\n<h2>Tipos de medios ganados<\/h2>\n<p>Estos cuentan con una variedad incre\u00edble, es f\u00e1cil diferenciarlos porque no provienen de una fuente de pago, como los anuncios en Ads, sino que <strong>se generan a partir de la calidad y el valor de estrategias org\u00e1nicas<\/strong>. A continuaci\u00f3n, algunos tipos de medios ganados en marketing digital.<\/p>\n<ul>\n<li>Posts de blogs de otros usuarios o influencers en el sector.<\/li>\n<li>Tuits y compartidos en redes sociales.<\/li>\n<li><strong>Reviews realizadas por usuarios<\/strong>.<\/li>\n<li>Fotos, v\u00eddeos, etiquetas y menciones relacionadas con la marca.<\/li>\n<li>Referencias o recomendaciones en foros y chatgroups.<\/li>\n<li><strong>Creaci\u00f3n de enlaces hacia contenidos del blog<\/strong> de la marca.<\/li>\n<li>Difusi\u00f3n de recomendaciones a partir del boca a boca.<\/li>\n<\/ul>\n<h2>Beneficios de los medios ganados<\/h2>\n<p>Aunque estos recursos en realidad no generar\u00e1n un alcance monetario, <strong>s\u00ed es positivo para generar una difusi\u00f3n de imagen de la marca<\/strong>. Por ejemplo, con los contenidos virales la empresa ganar\u00e1 notoriedad, lo que se puede interpretar en una mayor cantidad de seguidores, con los que se puede trabajar despu\u00e9s para una estrategia de conversiones m\u00e1s elaborada.<\/p>\n<p>Aparte, tambi\u00e9n provoca confiabilidad entre los usuarios, ya que estos suelen tener mayor confianza en lo que les dice otro usuario, quiz\u00e1 con sus mismas caracter\u00edsticas como consumidor. Como sucede con el <em>boca a boca<\/em>, este tipo de marketing de recomendaci\u00f3n funciona porque los usuarios hacen sugerencias sobre la marca a sus amigos y familiares m\u00e1s cercanos.<\/p>\n<p><script type=\"application\/ld+json\">{\"@context\":\"https:\/\/schema.org\",\"@type\":\"FAQPage\",\"mainEntity\":[ \n{\"@type\":\"Question\",\"name\":\"\u00bfQu\u00e9 son los medios ganados?\",\"acceptedAnswer\":{\"@type\":\"Answer\",\"text\":\"<\/p>\n<p>Es un t\u00e9rmino que hace referencia a la triada de <strong>canales adicionales que se generan a partir de la difusi\u00f3n de publicaciones<\/strong>, es un concepto muy <a href='https:\/\/www.appyweb.es\/marketing-de-contenidos\/'>relacionado con el marketing de contenidos<\/a> y el inbound, estos pueden ser ganados, propios o pagados. El primero se refiere a los derivados a partir del trabajo que se difunde a partir de estrategias de SEO, redes sociales o relaciones p\u00fablicas.<\/p>\n<p>En ingl\u00e9s se le conoce como \u201cearned media\u201d, son aquellos que son adquiridos directamente de la mano de la empresa. Con eso se da a entender que es por sus propios m\u00e9ritos, su esfuerzo y sobre todo con sus propios recursos. Son muy beneficiosos, ya que permiten difundir la imagen de la empresa m\u00e1s all\u00e1 de una campa\u00f1a, incluso sin tener que pagar por publicidad.<\/p>\n<p>\"}},\n{\"@type\":\"Question\",\"name\":\"\u00bfPara qu\u00e9 sirven los medios ganados?\",\"acceptedAnswer\":{\"@type\":\"Answer\",\"text\":\"<\/p>\n<p>La principal <strong>funci\u00f3n de estos es aumentar la visibilidad de la marca en el mercado<\/strong>, incluso en nichos que no son el objetivo principal de las campa\u00f1as, pero que pueden provocar resultados sustanciales. Tambi\u00e9n es una forma de mejorar la imagen de marca y generar popularidad, cuando se involucran medios ganados la confiabilidad de la audiencia aumenta y existen <a href='https:\/\/www.appyweb.es\/conversion-web\/'>m\u00e1s probabilidades de generar conversiones web<\/a> y otros beneficios para la empresa.<\/p>\n<p>Igualmente, otra de las ventajas de estos recursos es que las empresas no tendr\u00e1n que hacer una inversi\u00f3n, de hecho, pueden verlo como <strong>una consecuencia de una campa\u00f1a de marketing excelente<\/strong>. Por ejemplo, un contenido que haya sido publicado en un blog puede hacerse viral r\u00e1pidamente (dependiendo de su posici\u00f3n y valor), as\u00ed que son los mismos usuarios que lo comparten en redes sociales u otros canales, esta acci\u00f3n no requiere una inversi\u00f3n adicional.<\/p>\n<p>\"}},\n{\"@type\":\"Question\",\"name\":\"Tipos de medios ganados\",\"acceptedAnswer\":{\"@type\":\"Answer\",\"text\":\"<\/p>\n<p>Estos cuentan con una variedad incre\u00edble, es f\u00e1cil diferenciarlos porque no provienen de una fuente de pago, como los anuncios en Ads, sino que <strong>se generan a partir de la calidad y el valor de estrategias org\u00e1nicas<\/strong>. A continuaci\u00f3n, algunos tipos de medios ganados en marketing digital.<\/p>\n<\/p>\n<\/p>\n<\/p>\n<\/p>\n<ul>\n<\/p>\n<\/p>\n<\/p>\n<\/p>\n<li>Posts de blogs de otros usuarios o influencers en el sector.<\/li>\n<\/p>\n<\/p>\n<\/p>\n<\/p>\n<\/p>\n<\/p>\n<\/p>\n<\/p>\n<\/p>\n<\/p>\n<\/p>\n<\/p>\n<\/p>\n<\/p>\n<\/p>\n<li>Tuits y compartidos en redes sociales.<\/li>\n<\/p>\n<\/p>\n<\/p>\n<\/p>\n<\/p>\n<\/p>\n<\/p>\n<\/p>\n<\/p>\n<\/p>\n<\/p>\n<\/p>\n<\/p>\n<\/p>\n<\/p>\n<li><strong>Reviews realizadas por usuarios<\/strong>.<\/li>\n<\/p>\n<\/p>\n<\/p>\n<\/p>\n<\/p>\n<\/p>\n<\/p>\n<\/p>\n<\/p>\n<\/p>\n<\/p>\n<\/p>\n<\/p>\n<\/p>\n<\/p>\n<li>Fotos, v\u00eddeos, etiquetas y menciones relacionadas con la marca.<\/li>\n<\/p>\n<\/p>\n<\/p>\n<\/p>\n<\/p>\n<\/p>\n<\/p>\n<\/p>\n<\/p>\n<\/p>\n<\/p>\n<\/p>\n<\/p>\n<\/p>\n<\/p>\n<li>Referencias o recomendaciones en foros y chatgroups.<\/li>\n<\/p>\n<\/p>\n<\/p>\n<\/p>\n<\/p>\n<\/p>\n<\/p>\n<\/p>\n<\/p>\n<\/p>\n<\/p>\n<\/p>\n<\/p>\n<\/p>\n<\/p>\n<li><strong>Creaci\u00f3n de enlaces hacia contenidos del blog<\/strong> de la marca.<\/li>\n<\/p>\n<\/p>\n<\/p>\n<\/p>\n<\/p>\n<\/p>\n<\/p>\n<\/p>\n<\/p>\n<\/p>\n<\/p>\n<\/p>\n<\/p>\n<\/p>\n<\/p>\n<li>Difusi\u00f3n de recomendaciones a partir del boca a boca.<\/li>\n<\/p>\n<\/p>\n<\/p>\n<\/p>\n<\/p>\n<\/p>\n<\/p>\n<\/p>\n<\/p>\n<\/p>\n<\/p>\n<\/ul>\n<\/p>\n<\/p>\n<\/p>\n<\/p>\n<\/p>\n<\/p>\n<\/p>\n<\/p>\n<\/p>\n<\/p>\n<\/p>\n<p>\"}},\n{\"@type\":\"Question\",\"name\":\"Beneficios de los medios ganados\",\"acceptedAnswer\":{\"@type\":\"Answer\",\"text\":\"<\/p>\n<p>Aunque estos recursos en realidad no generar\u00e1n un alcance monetario, <strong>s\u00ed es positivo para generar una difusi\u00f3n de imagen de la marca<\/strong>. Por ejemplo, con los contenidos virales la empresa ganar\u00e1 notoriedad, lo que se puede interpretar en una mayor cantidad de seguidores, con los que se puede trabajar despu\u00e9s para una estrategia de conversiones m\u00e1s elaborada.<\/p>\n<p>Aparte, tambi\u00e9n provoca confiabilidad entre los usuarios, ya que estos suelen tener mayor confianza en lo que les dice otro usuario, quiz\u00e1 con sus mismas caracter\u00edsticas como consumidor. Como sucede con el <em>boca a boca<\/em>, este tipo de marketing de recomendaci\u00f3n funciona porque los usuarios hacen sugerencias sobre la marca a sus amigos y familiares m\u00e1s cercanos.<\/p>\n<p>\"}}\n]}<\/script><\/p>\n<h2>M\u00e1s informaci\u00f3n sobre los medios ganados<\/h2>\n<p>Este tipo de relaci\u00f3n p\u00fablica sin duda puede hacer <strong>que tu empresa alcance objetivos de reconocimiento en poco tiempo<\/strong>, si quieres ponerla en pr\u00e1ctica obt\u00e9n m\u00e1s informaci\u00f3n al respecto en estos enlaces.<\/p>\n<ul>\n<li><a href=\"https:\/\/www.appyweb.es\/11-estrategias-aumentar-conversion-la-fidelizacion-clientes\/\">11 estrategias para aumentar la conversi\u00f3n y fidelizaci\u00f3n<\/a><\/li>\n<li><a href=\"https:\/\/www.merca20.com\/metricas-esenciales-de-relaciones-publicas-para-medir-los-medios-ganados\/\" rel=\"nofollow noopener\" target=\"_blank\">M\u00e9tricas esenciales de relaciones p\u00fablicas para medir los medios ganados<\/a><\/li>\n<\/ul>\n<p>&nbsp;<\/p>\n","protected":false},"excerpt":{"rendered":"<p>A parte de las estrategias org\u00e1nicas y de pago, que las empresas pueden utilizar para promocionarse en Internet, tambi\u00e9n existen canales adicionales que le permiten darse a conocer. Se les llaman medios ganados, ya que la empresa gener\u00f3 otros canales de difusi\u00f3n a partir de esas estrategias, por ejemplo, cuando un influencer comparte un post [&hellip;]<\/p>\n","protected":false},"author":1,"featured_media":16171,"parent":0,"menu_order":0,"comment_status":"open","ping_status":"closed","template":"","meta":{"inline_featured_image":false,"footnotes":""},"class_list":["post-3028","page","type-page","status-publish","has-post-thumbnail","hentry"],"_links":{"self":[{"href":"https:\/\/www.appyweb.es\/diccionario\/wp-json\/wp\/v2\/pages\/3028","targetHints":{"allow":["GET"]}}],"collection":[{"href":"https:\/\/www.appyweb.es\/diccionario\/wp-json\/wp\/v2\/pages"}],"about":[{"href":"https:\/\/www.appyweb.es\/diccionario\/wp-json\/wp\/v2\/types\/page"}],"author":[{"embeddable":true,"href":"https:\/\/www.appyweb.es\/diccionario\/wp-json\/wp\/v2\/users\/1"}],"replies":[{"embeddable":true,"href":"https:\/\/www.appyweb.es\/diccionario\/wp-json\/wp\/v2\/comments?post=3028"}],"version-history":[{"count":7,"href":"https:\/\/www.appyweb.es\/diccionario\/wp-json\/wp\/v2\/pages\/3028\/revisions"}],"predecessor-version":[{"id":16176,"href":"https:\/\/www.appyweb.es\/diccionario\/wp-json\/wp\/v2\/pages\/3028\/revisions\/16176"}],"wp:featuredmedia":[{"embeddable":true,"href":"https:\/\/www.appyweb.es\/diccionario\/wp-json\/wp\/v2\/media\/16171"}],"wp:attachment":[{"href":"https:\/\/www.appyweb.es\/diccionario\/wp-json\/wp\/v2\/media?parent=3028"}],"curies":[{"name":"wp","href":"https:\/\/api.w.org\/{rel}","templated":true}]}}