{"id":3032,"date":"2023-06-22T13:44:55","date_gmt":"2023-06-22T13:44:55","guid":{"rendered":"https:\/\/www.appyweb.es\/diccionario\/?post_type=project&#038;p=3032"},"modified":"2024-05-02T09:58:01","modified_gmt":"2024-05-02T09:58:01","slug":"member-get-member","status":"publish","type":"page","link":"https:\/\/www.appyweb.es\/diccionario\/member-get-member\/","title":{"rendered":"Member get a Member"},"content":{"rendered":"<figure id=\"attachment_16180\" aria-describedby=\"caption-attachment-16180\" style=\"width: 1000px\" class=\"wp-caption alignnone\"><img loading=\"lazy\" decoding=\"async\" class=\"size-full wp-image-16180\" src=\"https:\/\/www.appyweb.es\/diccionario\/wp-content\/uploads\/2024\/05\/MembergetaMember.jpg\" alt=\"Member get a Member\" width=\"1000\" height=\"600\" srcset=\"https:\/\/www.appyweb.es\/diccionario\/wp-content\/uploads\/2024\/05\/MembergetaMember.jpg 1000w, https:\/\/www.appyweb.es\/diccionario\/wp-content\/uploads\/2024\/05\/MembergetaMember-300x180.jpg 300w, https:\/\/www.appyweb.es\/diccionario\/wp-content\/uploads\/2024\/05\/MembergetaMember-768x461.jpg 768w\" sizes=\"auto, (max-width: 1000px) 100vw, 1000px\" \/><figcaption id=\"caption-attachment-16180\" class=\"wp-caption-text\">Personas hablando.<\/figcaption><\/figure>\n<p>Una empresa o marca siempre est\u00e1 en la b\u00fasqueda de usuarios o clientes potenciales para vender, es por eso que utilizan diferentes tipos de t\u00e9cnicas de marketing. <strong>Una bastante conocida Member get a Member<\/strong>, consiste en incentivar a los usuarios para que atraigan otros miembros por su cuenta.<\/p>\n<h2>\u00bfQu\u00e9 es?<\/h2>\n<p>Member get a member <strong>tambi\u00e9n es conocido por s\u00f3lo las siglas MGM<\/strong>, es una t\u00e9cnica de marketing, que se basa en que un cliente o un empleado de la empresa atraiga nuevos miembros. El objetivo de esto en marketing digital es lograr <a href=\"https:\/\/www.appyweb.es\/conversion-web\/\">una alta tasa de conversiones web<\/a> que generen potenciales compras en el futuro.<\/p>\n<p>La forma en que se incentiva a los usuarios o miembros a que hagan est\u00e1n invitaciones, es algo muy parecido a lo que sucede con los referidos. Ya que los que consigan atraer a nuevas personas a la empresa, obtienen un beneficio, bien sea en productos o servicio de la empresa, pudi\u00e9ndose tratar tambi\u00e9n de rebajas a la hora de comprar.<\/p>\n<h2>\u00bfPara qu\u00e9 sirve?<\/h2>\n<p>La principal funcionalidad de esta estrategia es que la empresa <strong>atraer\u00e1 usuarios con necesidades similares a los clientes actuales<\/strong>. Cuando \u00e9ste est\u00e1 dispuesto a buscar nuevos miembros para la empresa, lo har\u00e1 en su c\u00edrculo familiar o de amigos, los que naturalmente comparten muchas caracter\u00edsticas en com\u00fan como consumidores. Esto permite que el viaje de los <a href=\"https:\/\/www.appyweb.es\/embudo-ventas-e-commerce\/\">nuevos miembros en el embudo de ventas<\/a> sea m\u00e1s r\u00e1pido y f\u00e1cil.<\/p>\n<p>Asimismo, tambi\u00e9n es un m\u00e9todo que funciona para reducir los gastos en publicidad, sin embargo, la recompensa por <strong>atraer nuevos miembros debe ser lo suficientemente atractiva<\/strong>. Igualmente, la empresa generar\u00e1 un buen nivel de fidelizaci\u00f3n con sus clientes actuales por estas acciones, incluso puede que se conviertan en embajadores de la marca.<\/p>\n<h2>Ventajas de las acciones MGM<\/h2>\n<ul>\n<li>Es una estrategia muy barata y rentable, es ideal para los que cuentan con una gran base de datos de clientes.<\/li>\n<li>No requiere de mucha planificaci\u00f3n, pero s\u00ed de seguimiento.<\/li>\n<li>Las recompensas <strong>permiten fortalecer la relaci\u00f3n con los clientes actuales<\/strong>.<\/li>\n<li>Los nuevos miembros suelen estar al tanto de los productos o servicios previamente, son m\u00e1s f\u00e1ciles de convencer en el proceso de compra.<\/li>\n<li>Se pueden aprovechar estrategias en tendencia por cualquier canal, redes sociales, apps de mensajer\u00eda, apps m\u00f3viles, etc.<\/li>\n<\/ul>\n<h2>Ejemplo de member get a member<\/h2>\n<p>Las personas que llevan a cabo las invitaciones de MGM lo hacen <strong>para obtener mejores precios y servicios especiales<\/strong>, lo que es muy positivo para un segmento de clientes actuales. Como ejemplo es necesario hablar de una de las campa\u00f1as de Burger King para Navidad. Consist\u00eda en la promoci\u00f3n de tarjetas de navidad, con tarjetas de regalo de descuento para comprar la t\u00edpica hamburguesa doble de queso.<\/p>\n<p>Los clientes adquir\u00edan la promoci\u00f3n con una acogedora presentaci\u00f3n navide\u00f1a y sorprend\u00edan a sus seres queridos, a\u00f1adiendo un valor adicional que ser\u00eda el descuento. Sin dudas, es una buena t\u00e9cnica para obtener m\u00e1s clientes en \u00e9poca decembrina.<\/p>\n<p><script type=\"application\/ld+json\">{\"@context\":\"https:\/\/schema.org\",\"@type\":\"FAQPage\",\"mainEntity\":[ \n{\"@type\":\"Question\",\"name\":\"\ud83d\udccc \u00bfQu\u00e9 es?\",\"acceptedAnswer\":{\"@type\":\"Answer\",\"text\":\"<\/p>\n<p>Member get a member <strong>tambi\u00e9n es conocido por s\u00f3lo las siglas MGM<\/strong>, es una t\u00e9cnica de marketing, que se basa en que un cliente o un empleado de la empresa atraiga nuevos miembros. El objetivo de esto en marketing digital es lograr <a href='https:\/\/www.appyweb.es\/conversion-web\/'>una alta tasa de conversiones web<\/a> que generen potenciales compras en el futuro.<\/p>\n<p>La forma en que se incentiva a los usuarios o miembros a que hagan est\u00e1n invitaciones, es algo muy parecido a lo que sucede con los referidos. Ya que los que consigan atraer a nuevas personas a la empresa, obtienen un beneficio, bien sea en productos o servicio de la empresa, pudi\u00e9ndose tratar tambi\u00e9n de rebajas a la hora de comprar.<\/p>\n<p>\"}},\n{\"@type\":\"Question\",\"name\":\"\ud83d\udccc \u00bfPara qu\u00e9 sirve?\",\"acceptedAnswer\":{\"@type\":\"Answer\",\"text\":\"<\/p>\n<p>La principal funcionalidad de esta estrategia es que la empresa <strong>atraer\u00e1 usuarios con necesidades similares a los clientes actuales<\/strong>. Cuando \u00e9ste est\u00e1 dispuesto a buscar nuevos miembros para la empresa, lo har\u00e1 en su c\u00edrculo familiar o de amigos, los que naturalmente comparten muchas caracter\u00edsticas en com\u00fan como consumidores. Esto permite que el viaje de los <a href='https:\/\/www.appyweb.es\/embudo-ventas-e-commerce\/'>nuevos miembros en el embudo de ventas<\/a> sea m\u00e1s r\u00e1pido y f\u00e1cil.<\/p>\n<p>Asimismo, tambi\u00e9n es un m\u00e9todo que funciona para reducir los gastos en publicidad, sin embargo, la recompensa por <strong>atraer nuevos miembros debe ser lo suficientemente atractiva<\/strong>. Igualmente, la empresa generar\u00e1 un buen nivel de fidelizaci\u00f3n con sus clientes actuales por estas acciones, incluso puede que se conviertan en embajadores de la marca.<\/p>\n<p>\"}},\n{\"@type\":\"Question\",\"name\":\"\ud83d\udccc Ventajas de las acciones MGM\",\"acceptedAnswer\":{\"@type\":\"Answer\",\"text\":\"<\/p>\n<\/p>\n<ul>\n<\/p>\n<li>Es una estrategia muy barata y rentable, es ideal para los que cuentan con una gran base de datos de clientes.<\/li>\n<\/p>\n<\/p>\n<\/p>\n<li>No requiere de mucha planificaci\u00f3n, pero s\u00ed de seguimiento.<\/li>\n<\/p>\n<\/p>\n<\/p>\n<li>Las recompensas <strong>permiten fortalecer la relaci\u00f3n con los clientes actuales<\/strong>.<\/li>\n<\/p>\n<\/p>\n<\/p>\n<li>Los nuevos miembros suelen estar al tanto de los productos o servicios previamente, son m\u00e1s f\u00e1ciles de convencer en el proceso de compra.<\/li>\n<\/p>\n<\/p>\n<\/p>\n<li>Se pueden aprovechar estrategias en tendencia por cualquier canal, redes sociales, apps de mensajer\u00eda, apps m\u00f3viles, etc.<\/li>\n<\/p>\n<\/p>\n<\/ul>\n<\/p>\n<\/p>\n<p>\"}},\n{\"@type\":\"Question\",\"name\":\"\ud83d\udccc Ejemplo de member get a member\",\"acceptedAnswer\":{\"@type\":\"Answer\",\"text\":\"<\/p>\n<p>Las personas que llevan a cabo las invitaciones de MGM lo hacen <strong>para obtener mejores precios y servicios especiales<\/strong>, lo que es muy positivo para un segmento de clientes actuales. Como ejemplo es necesario hablar de una de las campa\u00f1as de Burger King para Navidad. Consist\u00eda en la promoci\u00f3n de tarjetas de navidad, con tarjetas de regalo de descuento para comprar la t\u00edpica hamburguesa doble de queso.<\/p>\n<p>Los clientes adquir\u00edan la promoci\u00f3n con una acogedora presentaci\u00f3n navide\u00f1a y sorprend\u00edan a sus seres queridos, a\u00f1adiendo un valor adicional que ser\u00eda el descuento. Sin dudas, es una buena t\u00e9cnica para obtener m\u00e1s clientes en \u00e9poca decembrina.<\/p>\n<p>\"}}\n]}<\/script><\/p>\n<h2>M\u00e1s informaci\u00f3n sobre member get a member<\/h2>\n<p>\u00bfCrees que esta estrategia no dar\u00e1 buenos resultados para tu negocio? Ya conoces todas las ventajas, pero si a\u00fan necesitas un poco m\u00e1s de inspiraci\u00f3n mira los siguientes enlaces.<\/p>\n<ul>\n<li><a href=\"https:\/\/www.appyweb.es\/diccionario\/afiliado\/\">\u00bfQu\u00e9 es el Afiliado y para qu\u00e9 sirve?<\/a><\/li>\n<li><a href=\"https:\/\/www.actionsdata.com\/blog\/por-que-el-mgm-es-una-buena-idea\" rel=\"nofollow noopener\" target=\"_blank\">\u00bfPor qu\u00e9 el MGM es una buena idea?<\/a><\/li>\n<\/ul>\n<p>&nbsp;<\/p>\n","protected":false},"excerpt":{"rendered":"<p>Una empresa o marca siempre est\u00e1 en la b\u00fasqueda de usuarios o clientes potenciales para vender, es por eso que utilizan diferentes tipos de t\u00e9cnicas de marketing. Una bastante conocida Member get a Member, consiste en incentivar a los usuarios para que atraigan otros miembros por su cuenta. \u00bfQu\u00e9 es? Member get a member tambi\u00e9n [&hellip;]<\/p>\n","protected":false},"author":1,"featured_media":16180,"parent":0,"menu_order":0,"comment_status":"open","ping_status":"closed","template":"","meta":{"inline_featured_image":false,"footnotes":""},"class_list":["post-3032","page","type-page","status-publish","has-post-thumbnail","hentry"],"_links":{"self":[{"href":"https:\/\/www.appyweb.es\/diccionario\/wp-json\/wp\/v2\/pages\/3032","targetHints":{"allow":["GET"]}}],"collection":[{"href":"https:\/\/www.appyweb.es\/diccionario\/wp-json\/wp\/v2\/pages"}],"about":[{"href":"https:\/\/www.appyweb.es\/diccionario\/wp-json\/wp\/v2\/types\/page"}],"author":[{"embeddable":true,"href":"https:\/\/www.appyweb.es\/diccionario\/wp-json\/wp\/v2\/users\/1"}],"replies":[{"embeddable":true,"href":"https:\/\/www.appyweb.es\/diccionario\/wp-json\/wp\/v2\/comments?post=3032"}],"version-history":[{"count":5,"href":"https:\/\/www.appyweb.es\/diccionario\/wp-json\/wp\/v2\/pages\/3032\/revisions"}],"predecessor-version":[{"id":16182,"href":"https:\/\/www.appyweb.es\/diccionario\/wp-json\/wp\/v2\/pages\/3032\/revisions\/16182"}],"wp:featuredmedia":[{"embeddable":true,"href":"https:\/\/www.appyweb.es\/diccionario\/wp-json\/wp\/v2\/media\/16180"}],"wp:attachment":[{"href":"https:\/\/www.appyweb.es\/diccionario\/wp-json\/wp\/v2\/media?parent=3032"}],"curies":[{"name":"wp","href":"https:\/\/api.w.org\/{rel}","templated":true}]}}