{"id":304,"date":"2023-06-19T14:36:15","date_gmt":"2023-06-19T14:36:15","guid":{"rendered":"https:\/\/www.appyweb.es\/diccionario\/?page_id=304"},"modified":"2024-03-11T22:46:21","modified_gmt":"2024-03-11T22:46:21","slug":"boletin-de-noticias","status":"publish","type":"page","link":"https:\/\/www.appyweb.es\/diccionario\/boletin-de-noticias\/","title":{"rendered":"Bolet\u00edn de noticias"},"content":{"rendered":"<h1 class=\"entry-title main_title\"><img loading=\"lazy\" decoding=\"async\" class=\" wp-image-10340 aligncenter\" src=\"https:\/\/www.appyweb.es\/diccionario\/wp-content\/uploads\/2023\/09\/que-es-boletin-de-noticias-300x218.jpg\" alt=\"\" width=\"893\" height=\"649\" srcset=\"https:\/\/www.appyweb.es\/diccionario\/wp-content\/uploads\/2023\/09\/que-es-boletin-de-noticias-300x218.jpg 300w, https:\/\/www.appyweb.es\/diccionario\/wp-content\/uploads\/2023\/09\/que-es-boletin-de-noticias-1024x744.jpg 1024w, https:\/\/www.appyweb.es\/diccionario\/wp-content\/uploads\/2023\/09\/que-es-boletin-de-noticias-768x558.jpg 768w, https:\/\/www.appyweb.es\/diccionario\/wp-content\/uploads\/2023\/09\/que-es-boletin-de-noticias.jpg 1080w\" sizes=\"auto, (max-width: 893px) 100vw, 893px\" \/><\/h1>\n<p>Es una herramienta que permite dar a conocer varios temas de cualquier documento o situaci\u00f3n pol\u00edtica, econ\u00f3mica, de entretenimiento o comercial. Igualmente, un bolet\u00edn de noticias puede englobar\u00a0<strong>varios temas de inter\u00e9s para los clientes de una empresa espec\u00edfica<\/strong>, en casos de marketing se le conoce como newsletter.<\/p>\n<h2>\u00bfQu\u00e9 es un bolet\u00edn de noticias?<\/h2>\n<p>Es un mecanismo que utilizan las empresas para <strong>hacer llegar informaci\u00f3n de manera r\u00e1pida y eficaz<\/strong>, sobre todo cuando se trata de promocionar nuevos productos o difundir campa\u00f1as publicitarias en general. Actualmente, <a href=\"https:\/\/diseno20.appyweb.es\/redaccion-textos-seo\/\" rel=\"nofollow noopener\" target=\"_blank\">realizar una gesti\u00f3n de newsletter<\/a> es una de las mejores estrategias de email marketing.<\/p>\n<p>Para llevarlo a cabo se emplean herramientas de env\u00edos masivos, <strong>con la posibilidad de incluir estrategias de segmentaci\u00f3n y personalizaci\u00f3n<\/strong>.<br \/>\nDe esta forma, no solo se utilizan para informar, sino tambi\u00e9n para seleccionar a los usuarios m\u00e1s preparados para comprar.<br \/>\nEs ideal tambi\u00e9n para las estrategias de Inbound Marketing en cuanto a la etapa posterior a la conversi\u00f3n.<\/p>\n<h2>\u00bfPara qu\u00e9 sirve un bolet\u00edn de noticias?<\/h2>\n<p>Esta herramienta sirve para hacer llegar informaci\u00f3n \u00fatil y variada de una empresa espec\u00edfica, la mayor\u00eda de los env\u00edos tiene que ver con productos en oferta o promociones.<br \/>\nPero, tambi\u00e9n se emplea para difundir contenidos, de esta forma, se crea un canal m\u00e1s natural para el desenvolvimiento de mejores <a href=\"https:\/\/diseno20.appyweb.es\/email-marketing-para-empresas\/\" rel=\"nofollow noopener\" target=\"_blank\">estrategias de email marketing<\/a>.<\/p>\n<p>Asimismo, tambi\u00e9n funciona <strong>para darle una imagen m\u00e1s profesional a una empresa<\/strong>, sobre todo cuando se trata de difundir notas de prensa para medios de comunicaci\u00f3n.<br \/>\nEstos env\u00edos tambi\u00e9n suelen ofrecer un sistema de comunicaci\u00f3n m\u00e1s personal con los clientes, ya que garantiza un nivel de confianza incluso m\u00e1s alto que los chats en redes sociales.<\/p>\n<h2>Ejemplos de bolet\u00edn de noticias<\/h2>\n<p>Uno de los mejores ejemplos es <em>BuzzFeed Daily<\/em> ya que <strong>incluye una campa\u00f1a de env\u00edos basado en la segmentaci\u00f3n<\/strong>, el suscriptor es capaz de elegir cu\u00e1les son los contenidos que quiere recibir, puede ser de pol\u00edtica, entretenimiento, literatura o bricolaje. Estos env\u00edos tienen un toque visual atractivo y muy diferenciado de otras empresas, por lo que suele ser un \u00e9xito en cada campa\u00f1a.<\/p>\n<p><script type=\"application\/ld+json\">{\"@context\":\"https:\/\/schema.org\",\"@type\":\"FAQPage\",\"mainEntity\":[ \n{\"@type\":\"Question\",\"name\":\"\u00bfQu\u00e9 es un bolet\u00edn de noticias?\",\"acceptedAnswer\":{\"@type\":\"Answer\",\"text\":\"<\/p>\n<\/p>\n<\/p>\n<p>Es un mecanismo que utilizan las empresas para <strong>hacer llegar informaci\u00f3n de manera r\u00e1pida y eficaz<\/strong>, sobre todo cuando se trata de promocionar nuevos productos o difundir campa\u00f1as publicitarias en general. Actualmente, <a href='https:\/\/diseno20.appyweb.es\/redaccion-textos-seo\/'>realizar una gesti\u00f3n de newsletter<\/a> es una de las mejores estrategias de email marketing.<\/p>\n<\/p>\n<\/p>\n<\/p>\n<\/p>\n<p>Para llevarlo a cabo se emplean herramientas de env\u00edos masivos, <strong>con la posibilidad de incluir estrategias de segmentaci\u00f3n y personalizaci\u00f3n<\/strong>. <br \/>De esta forma, no solo se utilizan para informar, sino tambi\u00e9n para seleccionar a los usuarios m\u00e1s preparados para comprar. <br \/>Es ideal tambi\u00e9n para las estrategias de Inbound Marketing en cuanto a la etapa posterior a la conversi\u00f3n.<\/p>\n<\/p>\n<\/p>\n<p>\"}},\n{\"@type\":\"Question\",\"name\":\"\u00bfPara qu\u00e9 sirve un bolet\u00edn de noticias?\",\"acceptedAnswer\":{\"@type\":\"Answer\",\"text\":\"<\/p>\n<\/p>\n<\/p>\n<p>Esta herramienta sirve para hacer llegar informaci\u00f3n \u00fatil y variada de una empresa espec\u00edfica, la mayor\u00eda de los env\u00edos tiene que ver con productos en oferta o promociones. <br \/>Pero, tambi\u00e9n se emplea para difundir contenidos, de esta forma, se crea un canal m\u00e1s natural para el desenvolvimiento de mejores <a href='https:\/\/diseno20.appyweb.es\/email-marketing-para-empresas\/'>estrategias de email marketing<\/a>.<\/p>\n<\/p>\n<\/p>\n<\/p>\n<\/p>\n<p>Asimismo, tambi\u00e9n funciona <strong>para darle una imagen m\u00e1s profesional a una empresa<\/strong>, sobre todo cuando se trata de difundir notas de prensa para medios de comunicaci\u00f3n. <br \/>Estos env\u00edos tambi\u00e9n suelen ofrecer un sistema de comunicaci\u00f3n m\u00e1s personal con los clientes, ya que garantiza un nivel de confianza incluso m\u00e1s alto que los chats en redes sociales.<\/p>\n<\/p>\n<\/p>\n<p>\"}},\n{\"@type\":\"Question\",\"name\":\"Ejemplos de bolet\u00edn de noticias\",\"acceptedAnswer\":{\"@type\":\"Answer\",\"text\":\"<\/p>\n<\/p>\n<\/p>\n<p>Uno de los mejores ejemplos es <em>BuzzFeed Daily<\/em> ya que <strong>incluye una campa\u00f1a de env\u00edos basado en la segmentaci\u00f3n<\/strong>, el suscriptor es capaz de elegir cu\u00e1les son los contenidos que quiere recibir, puede ser de pol\u00edtica, entretenimiento, literatura o bricolaje. Estos env\u00edos tienen un toque visual atractivo y muy diferenciado de otras empresas, por lo que suele ser un \u00e9xito en cada campa\u00f1a.<\/p>\n<\/p>\n<\/p>\n<p>\"}}\n]}<\/script><\/p>\n<p><img decoding=\"async\" src=\"https:\/\/www.appyweb.es\/wp-content\/uploads\/2020\/08\/boletin-de-noticias.jpg\" alt=\"bolet\u00edn de ejemplo\" \/><\/p>\n<p>&nbsp;<\/p>\n<h2><span id=\"%F0%9F%93%8C_Mas_informacion_sobre_boletin_de_noticias\" class=\"ez-toc-section\"><\/span>M\u00e1s informaci\u00f3n sobre bolet\u00edn de noticias<\/h2>\n<ul>\n<li><a href=\"https:\/\/es.wikipedia.org\/wiki\/Bolet%C3%ADn_informativo\" rel=\"nofollow noopener\" target=\"_blank\">Bolet\u00edn informativo<\/a>.<\/li>\n<\/ul>\n<p>&nbsp;<\/p>\n","protected":false},"excerpt":{"rendered":"<p>Es una herramienta que permite dar a conocer varios temas de cualquier documento o situaci\u00f3n pol\u00edtica, econ\u00f3mica, de entretenimiento o comercial. Igualmente, un bolet\u00edn de noticias puede englobar\u00a0varios temas de inter\u00e9s para los clientes de una empresa espec\u00edfica, en casos de marketing se le conoce como newsletter. \u00bfQu\u00e9 es un bolet\u00edn de noticias? Es un [&hellip;]<\/p>\n","protected":false},"author":1,"featured_media":10340,"parent":0,"menu_order":0,"comment_status":"closed","ping_status":"closed","template":"","meta":{"inline_featured_image":false,"footnotes":""},"class_list":["post-304","page","type-page","status-publish","has-post-thumbnail","hentry"],"_links":{"self":[{"href":"https:\/\/www.appyweb.es\/diccionario\/wp-json\/wp\/v2\/pages\/304","targetHints":{"allow":["GET"]}}],"collection":[{"href":"https:\/\/www.appyweb.es\/diccionario\/wp-json\/wp\/v2\/pages"}],"about":[{"href":"https:\/\/www.appyweb.es\/diccionario\/wp-json\/wp\/v2\/types\/page"}],"author":[{"embeddable":true,"href":"https:\/\/www.appyweb.es\/diccionario\/wp-json\/wp\/v2\/users\/1"}],"replies":[{"embeddable":true,"href":"https:\/\/www.appyweb.es\/diccionario\/wp-json\/wp\/v2\/comments?post=304"}],"version-history":[{"count":9,"href":"https:\/\/www.appyweb.es\/diccionario\/wp-json\/wp\/v2\/pages\/304\/revisions"}],"predecessor-version":[{"id":11392,"href":"https:\/\/www.appyweb.es\/diccionario\/wp-json\/wp\/v2\/pages\/304\/revisions\/11392"}],"wp:featuredmedia":[{"embeddable":true,"href":"https:\/\/www.appyweb.es\/diccionario\/wp-json\/wp\/v2\/media\/10340"}],"wp:attachment":[{"href":"https:\/\/www.appyweb.es\/diccionario\/wp-json\/wp\/v2\/media?parent=304"}],"curies":[{"name":"wp","href":"https:\/\/api.w.org\/{rel}","templated":true}]}}