{"id":3047,"date":"2023-06-22T13:49:33","date_gmt":"2023-06-22T13:49:33","guid":{"rendered":"https:\/\/www.appyweb.es\/diccionario\/?post_type=project&#038;p=3047"},"modified":"2024-05-02T11:17:11","modified_gmt":"2024-05-02T11:17:11","slug":"meneame","status":"publish","type":"page","link":"https:\/\/www.appyweb.es\/diccionario\/meneame\/","title":{"rendered":"Men\u00e9ame"},"content":{"rendered":"<figure id=\"attachment_16201\" aria-describedby=\"caption-attachment-16201\" style=\"width: 1000px\" class=\"wp-caption alignnone\"><img loading=\"lazy\" decoding=\"async\" class=\"size-full wp-image-16201\" src=\"https:\/\/www.appyweb.es\/diccionario\/wp-content\/uploads\/2024\/05\/Meneame.jpg\" alt=\"Men\u00e9ame\" width=\"1000\" height=\"600\" srcset=\"https:\/\/www.appyweb.es\/diccionario\/wp-content\/uploads\/2024\/05\/Meneame.jpg 1000w, https:\/\/www.appyweb.es\/diccionario\/wp-content\/uploads\/2024\/05\/Meneame-300x180.jpg 300w, https:\/\/www.appyweb.es\/diccionario\/wp-content\/uploads\/2024\/05\/Meneame-768x461.jpg 768w\" sizes=\"auto, (max-width: 1000px) 100vw, 1000px\" \/><figcaption id=\"caption-attachment-16201\" class=\"wp-caption-text\">Periodico con las noticias un cafe y unas gafas.<\/figcaption><\/figure>\n<p>Es un sitio web muy similar a una red social, pero en ella se comparten y se votan por historias que realizan los mismos miembros. Aquellas que obtengan <strong>mejores valoraciones pasar\u00e1 a la p\u00e1gina principal de Men\u00e9ame<\/strong>, por lo que tendr\u00e1n una mayor visualizaci\u00f3n.<\/p>\n<h2>\u00bfQu\u00e9 es Men\u00e9ame?<\/h2>\n<p>As\u00ed como muchas plataformas, <strong>Men\u00e9ame es una red social que est\u00e1 destinada a la visualizaci\u00f3n de noticias<\/strong> importantes. Pero, cuenta con la particularidad de que \u00e9stas son puestas a votaci\u00f3n en la comunidad de usuarios, de esta forma, buscan posicionar las publicaciones que consideren importantes en la p\u00e1gina principal.<\/p>\n<p>Aquellas publicaciones que obtengan m\u00e1s votaciones y vistos buenos que llegan a la portada, suelen tener una gran visibilidad, lo que es <a href=\"https:\/\/www.appyweb.es\/posicionamiento-web\/\">sustancial para el posicionamiento web<\/a> y el reconocimiento de la comunidad de lectores.<\/p>\n<h2>\u00bfPara qu\u00e9 sirve Men\u00e9ame?<\/h2>\n<p>Principalmente, los usuarios comunes <strong>lo utilizan para ganar notoriedad en la comunidad<\/strong>, ya que ganar\u00eda un perfil de experto dentro de la plataforma. Esta misma situaci\u00f3n puede favorecer a las marcas personales, pero tambi\u00e9n pueden utilizarse para fortalecer estrategias de contenidos y atraer clientes.<\/p>\n<p>Una de las mejores funcionalidades de esta plataforma, que tambi\u00e9n tiene una versi\u00f3n app para m\u00f3viles, es que permite segmentar las historias. As\u00ed que las <strong>estrategias estar\u00e1n dirigidas a una audiencia que tenga caracter\u00edsticas clave<\/strong> para las t\u00e9cnicas de promoci\u00f3n.<\/p>\n<h2>\u00bfPor qu\u00e9 es importante Men\u00e9ame?<\/h2>\n<p>Todas las redes sociales tienen un punto importante para sus usuarios, en el caso de Men\u00e9ame no es la excepci\u00f3n. Ya que muchos la utilizan para estar informados o al tanto de los contenidos virales en la comunidad, <strong>aunque otros la prefieren para hacer m\u00e1s visibles sus p\u00e1ginas<\/strong>. En este caso, se pueden poner en pr\u00e1ctica varias <a href=\"https:\/\/www.appyweb.es\/link-building\/\">estrategias adicionales como el linkbuilding<\/a> anexando enlaces de un sitio web ajeno a la plataforma.<\/p>\n<p>La manera de utilizar esta red social es que los usuarios \u201cmenen\u201d las noticias, hasta toparse con una de su inter\u00e9s. Si ese es el caso, el usuario de la una aprobaci\u00f3n y la puede hacer m\u00e1s visible para otros visitantes. Es importante mencionar que la plataforma cuenta con una gran confiabilidad, ya que est\u00e1n muy al tanto de las fake news y las historias que violen la normativa de la comunidad.<\/p>\n<h2>Caracter\u00edsticas de Men\u00e9ame<\/h2>\n<p>Esta plataforma no tiene un tipo de tem\u00e1tica en especial, de hecho, los usuarios pueden publicar cualquier tipo de historia que les parezca interesante, as\u00ed que pueden ser noticias, posts, v\u00eddeos, podcast, entre otros tipos de contenido. Otras caracter\u00edsticas relevantes de este sitio son las siguientes.<\/p>\n<ul>\n<li>Todas las historias ser\u00e1n revisadas por los \u00abmeneantes\u00bb que se encargan de que el contenido sea de calidad.<\/li>\n<li>Se puede <strong>elegir el tipo de comunidad o tem\u00e1tica donde aparecer\u00e1 la publicaci\u00f3n<\/strong>.<\/li>\n<li>Incluye una funci\u00f3n llamada <em>menea-etiqueta<\/em> donde se pueden localizar tem\u00e1ticas de todo tipo.<\/li>\n<li>Tambi\u00e9n cuenta con una secci\u00f3n llamada <em>n\u00f3tame<\/em> para encontrar consejos o recomendaciones de otros usuarios.<\/li>\n<\/ul>\n<p><script type=\"application\/ld+json\">{\"@context\":\"https:\/\/schema.org\",\"@type\":\"FAQPage\",\"mainEntity\":[ \n{\"@type\":\"Question\",\"name\":\"\ud83d\udccc \u00bfQu\u00e9 es Men\u00e9ame?\",\"acceptedAnswer\":{\"@type\":\"Answer\",\"text\":\"<\/p>\n<p>As\u00ed como muchas plataformas, <strong>Men\u00e9ame es una red social que est\u00e1 destinada a la visualizaci\u00f3n de noticias<\/strong> importantes. Pero, cuenta con la particularidad de que \u00e9stas son puestas a votaci\u00f3n en la comunidad de usuarios,  de esta forma, buscan posicionar las publicaciones que consideren importantes en la p\u00e1gina principal.<\/p>\n<p>Aquellas publicaciones que obtengan m\u00e1s votaciones y vistos buenos que llegan a la portada, suelen tener una gran visibilidad, lo que es <a href='https:\/\/www.appyweb.es\/posicionamiento-web\/'>sustancial para el posicionamiento web<\/a> y el reconocimiento de la comunidad de lectores.<\/p>\n<p>\"}},\n{\"@type\":\"Question\",\"name\":\"\ud83d\udccc \u00bfPara qu\u00e9 sirve Men\u00e9ame?\",\"acceptedAnswer\":{\"@type\":\"Answer\",\"text\":\"<\/p>\n<p>Principalmente, los usuarios comunes <strong>lo utilizan para ganar notoriedad en la comunidad<\/strong>, ya que ganar\u00eda un perfil de experto dentro de la plataforma. Esta misma situaci\u00f3n puede favorecer a las marcas personales, pero tambi\u00e9n pueden utilizarse para fortalecer estrategias de contenidos y atraer clientes.<\/p>\n<p>Una de las mejores funcionalidades de esta plataforma, que tambi\u00e9n tiene una versi\u00f3n app para m\u00f3viles, es que permite segmentar las historias. As\u00ed que las <strong>estrategias estar\u00e1n dirigidas a una audiencia que tenga caracter\u00edsticas clave<\/strong> para las t\u00e9cnicas de promoci\u00f3n.<\/p>\n<p>\"}},\n{\"@type\":\"Question\",\"name\":\"\ud83d\udccc \u00bfPor qu\u00e9 es importante Men\u00e9ame?\",\"acceptedAnswer\":{\"@type\":\"Answer\",\"text\":\"<\/p>\n<p>Todas las redes sociales tienen un punto importante para sus usuarios, en el caso de Men\u00e9ame no es la excepci\u00f3n. Ya que muchos la utilizan para estar informados o al tanto de los contenidos virales en la comunidad, <strong>aunque otros la prefieren para hacer m\u00e1s visibles sus p\u00e1ginas<\/strong>. En este caso, se pueden poner en pr\u00e1ctica varias <a href='https:\/\/www.appyweb.es\/link-building\/'>estrategias adicionales como el linkbuilding<\/a> anexando enlaces de un sitio web ajeno a la plataforma.<\/p>\n<p>La manera de utilizar esta red social es que los usuarios \u201cmenen\u201d las noticias, hasta toparse con una de su inter\u00e9s. Si ese es el caso, el usuario de la una aprobaci\u00f3n y la puede hacer m\u00e1s visible para otros visitantes. Es importante mencionar que la plataforma cuenta con una gran confiabilidad, ya que est\u00e1n muy al tanto de las fake news y las historias que violen la normativa de la comunidad.<\/p>\n<p>\"}},\n{\"@type\":\"Question\",\"name\":\"\ud83d\udccc Caracter\u00edsticas de Men\u00e9ame\",\"acceptedAnswer\":{\"@type\":\"Answer\",\"text\":\"<\/p>\n<p>Esta plataforma no tiene un tipo de tem\u00e1tica en especial, de hecho, los usuarios pueden publicar cualquier tipo de historia que les parezca interesante, as\u00ed que pueden ser noticias, posts, v\u00eddeos, podcast, entre otros tipos de contenido. Otras caracter\u00edsticas relevantes de este sitio son las siguientes.<\/p>\n<\/p>\n<\/p>\n<ul>\n<\/p>\n<\/p>\n<li>Todas las historias ser\u00e1n revisadas por los 'meneantes' que se encargan de que el contenido sea de calidad.<\/li>\n<\/p>\n<\/p>\n<\/p>\n<\/p>\n<\/p>\n<\/p>\n<\/p>\n<li>Se puede <strong>elegir el tipo de comunidad o tem\u00e1tica donde aparecer\u00e1 la publicaci\u00f3n<\/strong>.<\/li>\n<\/p>\n<\/p>\n<\/p>\n<\/p>\n<\/p>\n<\/p>\n<\/p>\n<li>Incluye una funci\u00f3n llamada <em>menea-etiqueta<\/em> donde se pueden localizar tem\u00e1ticas de todo tipo.<\/li>\n<\/p>\n<\/p>\n<\/p>\n<\/p>\n<\/p>\n<\/p>\n<\/p>\n<li>Tambi\u00e9n cuenta con una secci\u00f3n llamada <em>n\u00f3tame<\/em> para encontrar consejos o recomendaciones de otros usuarios.<\/li>\n<\/p>\n<\/p>\n<\/p>\n<\/p>\n<\/p>\n<\/ul>\n<\/p>\n<\/p>\n<\/p>\n<\/p>\n<\/p>\n<p>\"}}\n]}<\/script><\/p>\n<h2>M\u00e1s informaci\u00f3n sobre Men\u00e9ame<\/h2>\n<p>Sin dudas es <strong>un recurso especial para llevar a cabo estrategias de contenidos<\/strong>, posicionamiento y difusi\u00f3n, \u00bfquieres saber un poco m\u00e1s sobre ella? mira estos enlaces.<\/p>\n<ul>\n<li><a href=\"https:\/\/www.appyweb.es\/diccionario\/fake-news\/\">\u00bfQu\u00e9 son las Fake news y para qu\u00e9 sirven?<\/a><\/li>\n<li><a href=\"https:\/\/es.wikipedia.org\/wiki\/Men%C3%A9ame#Funcionamiento\" rel=\"nofollow noopener\" target=\"_blank\">Funcionamiento y c\u00f3mo se clasifican los votos negativos en Men\u00e9ame<\/a><\/li>\n<\/ul>\n<p>&nbsp;<\/p>\n","protected":false},"excerpt":{"rendered":"<p>Es un sitio web muy similar a una red social, pero en ella se comparten y se votan por historias que realizan los mismos miembros. Aquellas que obtengan mejores valoraciones pasar\u00e1 a la p\u00e1gina principal de Men\u00e9ame, por lo que tendr\u00e1n una mayor visualizaci\u00f3n. \u00bfQu\u00e9 es Men\u00e9ame? As\u00ed como muchas plataformas, Men\u00e9ame es una red [&hellip;]<\/p>\n","protected":false},"author":1,"featured_media":16201,"parent":0,"menu_order":0,"comment_status":"open","ping_status":"closed","template":"","meta":{"inline_featured_image":false,"footnotes":""},"class_list":["post-3047","page","type-page","status-publish","has-post-thumbnail","hentry"],"_links":{"self":[{"href":"https:\/\/www.appyweb.es\/diccionario\/wp-json\/wp\/v2\/pages\/3047","targetHints":{"allow":["GET"]}}],"collection":[{"href":"https:\/\/www.appyweb.es\/diccionario\/wp-json\/wp\/v2\/pages"}],"about":[{"href":"https:\/\/www.appyweb.es\/diccionario\/wp-json\/wp\/v2\/types\/page"}],"author":[{"embeddable":true,"href":"https:\/\/www.appyweb.es\/diccionario\/wp-json\/wp\/v2\/users\/1"}],"replies":[{"embeddable":true,"href":"https:\/\/www.appyweb.es\/diccionario\/wp-json\/wp\/v2\/comments?post=3047"}],"version-history":[{"count":6,"href":"https:\/\/www.appyweb.es\/diccionario\/wp-json\/wp\/v2\/pages\/3047\/revisions"}],"predecessor-version":[{"id":16204,"href":"https:\/\/www.appyweb.es\/diccionario\/wp-json\/wp\/v2\/pages\/3047\/revisions\/16204"}],"wp:featuredmedia":[{"embeddable":true,"href":"https:\/\/www.appyweb.es\/diccionario\/wp-json\/wp\/v2\/media\/16201"}],"wp:attachment":[{"href":"https:\/\/www.appyweb.es\/diccionario\/wp-json\/wp\/v2\/media?parent=3047"}],"curies":[{"name":"wp","href":"https:\/\/api.w.org\/{rel}","templated":true}]}}