{"id":3055,"date":"2023-06-22T13:56:34","date_gmt":"2023-06-22T13:56:34","guid":{"rendered":"https:\/\/www.appyweb.es\/diccionario\/?post_type=project&#038;p=3055"},"modified":"2024-05-02T11:49:39","modified_gmt":"2024-05-02T11:49:39","slug":"merchandising","status":"publish","type":"page","link":"https:\/\/www.appyweb.es\/diccionario\/merchandising\/","title":{"rendered":"Merchandising"},"content":{"rendered":"<figure id=\"attachment_16208\" aria-describedby=\"caption-attachment-16208\" style=\"width: 1000px\" class=\"wp-caption alignnone\"><img loading=\"lazy\" decoding=\"async\" class=\"size-full wp-image-16208\" src=\"https:\/\/www.appyweb.es\/diccionario\/wp-content\/uploads\/2024\/05\/Merchandising.jpg\" alt=\"Merchandising\" width=\"1000\" height=\"600\" srcset=\"https:\/\/www.appyweb.es\/diccionario\/wp-content\/uploads\/2024\/05\/Merchandising.jpg 1000w, https:\/\/www.appyweb.es\/diccionario\/wp-content\/uploads\/2024\/05\/Merchandising-300x180.jpg 300w, https:\/\/www.appyweb.es\/diccionario\/wp-content\/uploads\/2024\/05\/Merchandising-768x461.jpg 768w\" sizes=\"auto, (max-width: 1000px) 100vw, 1000px\" \/><figcaption id=\"caption-attachment-16208\" class=\"wp-caption-text\">Ropa y accesorios del mismo color haciendo referencia a Merchandising.<\/figcaption><\/figure>\n<p>Es un tipo de marketing que consiste en promocionar una marca dentro y fuera del punto de venta. Algunas de las <strong>estrategias m\u00e1s utilizadas en el merchandising es la promoci\u00f3n de art\u00edculos<\/strong> adicionales con la imagen corporativa, como tazas, camisetas, etc.<\/p>\n<h2>\u00bfQu\u00e9 es merchandising?<\/h2>\n<p>Es una estrategia donde se utilizan diferentes recursos para asuntos publicitarios, el <strong>objetivo principal del merchandising es lograr atraer nuevos clientes<\/strong> y garantizar la venta de los productos. Cuando se utilizan <a href=\"https:\/\/www.appyweb.es\/marketing-de-atraccion\/\">estas t\u00e9cnicas de marketing de atracci\u00f3n<\/a> se combinan con eventos o cualquier actividad que garantice la afluencia de una audiencia acorde a los objetivos de venta.<\/p>\n<p>Actualmente, se utiliza como un grupo de <strong>art\u00edculos o productos que pueden estar relacionados con los productos principales<\/strong> para la venta. Usualmente, este concepto se utiliza para definir los productos publicitarios para promocionar a un artista o grupo musical. Las camisetas, los eventos de meet&amp;greet, los brazaletes, posters, etc., son recursos propios de esta estrategia.<\/p>\n<h2>\u00bfPara qu\u00e9 sirve el merchandising?<\/h2>\n<p>Sirve para <strong>hacer un refuerzo a la visibilidad de una empresa o marca<\/strong>, as\u00ed el consumidor tambi\u00e9n tendr\u00e1 un contacto frecuente con ella, es por esto que tambi\u00e9n es una <a href=\"https:\/\/www.appyweb.es\/videos-para-empresas\/\">oportunidad ideal para hacer v\u00eddeos publicitarios<\/a>. De esta forma, fomenta la fidelizaci\u00f3n de los clientes, esto quiere decir que acudir\u00e1n a la misma marca en el futuro.<\/p>\n<p>Adicionalmente, se puede utilizar para alcanzar objetivos de marketing emocional, los art\u00edculos utilizados en este tipo de campa\u00f1a pueden tener un valor adicional, por ejemplo, que sea algo exclusivo y dif\u00edcil de conseguir en otras partes el mercado. Esto aumenta la confiabilidad con la empresa, e incluso los clientes pueden volverse embajadores de la marca.<\/p>\n<h2>Tipos de merchandising<\/h2>\n<ul>\n<li><strong>Visual<\/strong>: Consiste en optimizar la presentaci\u00f3n del producto, por ejemplo, el empaque para ser entregado a delivery.<\/li>\n<li><strong>De seducci\u00f3n<\/strong>: Usualmente involucra los cinco sentidos del consumidor para llamar su atenci\u00f3n.<\/li>\n<li><strong>Estrat\u00e9gico<\/strong>: Por ejemplo, promocionar la venta de un producto con un premio adicional o 2&#215;1.<\/li>\n<li><strong>Personalizado<\/strong>: Consiste en presentar el producto de forma personalizada, ajustada a cada tipo de cliente.<\/li>\n<\/ul>\n<h2>Ejemplo de merchandising<\/h2>\n<p>Esta estrategia <strong>se presenta con frecuencia dentro de las tiendas f\u00edsicas<\/strong>, sobre todo las t\u00e9cnicas visuales. Una de las favoritas son ordenar los escaparates de los productos por colores y segmentos. De esta forma, se busca llamar la atenci\u00f3n del consumidor y lo ayuda a encontrar r\u00e1pidamente un producto que se ajuste a lo que busca.<\/p>\n<p>Por ejemplo, en la tienda virtual y franquicias de la marca Kylie Cosmetics se suelen incluir un orden seg\u00fan las l\u00edneas b\u00e1sicas de la marca, como labios, piel, ojos, etc. Igualmente, utilizan productos t\u00edpicos de la estrategia <strong>como llaveros o carcasas de m\u00f3vil con el logo de la marca<\/strong>, incluso si la empresa tiene como producto principal el maquillaje.<\/p>\n<p><script type=\"application\/ld+json\">{\"@context\":\"https:\/\/schema.org\",\"@type\":\"FAQPage\",\"mainEntity\":[ \n{\"@type\":\"Question\",\"name\":\"\ud83d\udccc \u00bfQu\u00e9 es merchandising?\",\"acceptedAnswer\":{\"@type\":\"Answer\",\"text\":\"<\/p>\n<p>Es una estrategia donde se utilizan diferentes recursos para asuntos publicitarios, el <strong>objetivo principal del merchandising es lograr atraer nuevos clientes<\/strong> y garantizar la venta de los productos. Cuando se utilizan <a href='https:\/\/www.appyweb.es\/marketing-de-atraccion\/'>estas t\u00e9cnicas de marketing de atracci\u00f3n<\/a> se combinan con eventos o cualquier actividad que garantice la afluencia de una audiencia acorde a los objetivos de venta.<\/p>\n<p>Actualmente, se utiliza como un grupo de <strong>art\u00edculos o productos que pueden estar relacionados con los productos principales<\/strong> para la venta. Usualmente, este concepto se utiliza para definir los productos publicitarios para promocionar a un artista o grupo musical. Las camisetas, los eventos de  meet&greet, los brazaletes, posters, etc., son recursos propios de esta estrategia.<\/p>\n<p>\"}},\n{\"@type\":\"Question\",\"name\":\"\ud83d\udccc \u00bfPara qu\u00e9 sirve el merchandising?\",\"acceptedAnswer\":{\"@type\":\"Answer\",\"text\":\"<\/p>\n<p>Sirve para <strong>hacer un refuerzo a la visibilidad de una empresa o marca<\/strong>, as\u00ed el consumidor tambi\u00e9n tendr\u00e1 un contacto frecuente con ella, es por esto que tambi\u00e9n es una <a href='https:\/\/www.appyweb.es\/videos-para-empresas\/'>oportunidad ideal para hacer v\u00eddeos publicitarios<\/a>. De esta forma, fomenta la fidelizaci\u00f3n de los clientes, esto quiere decir que acudir\u00e1n a la misma marca en el futuro.<\/p>\n<p>Adicionalmente, se puede utilizar para alcanzar objetivos de marketing emocional, los art\u00edculos utilizados en este tipo de campa\u00f1a pueden tener un valor adicional, por ejemplo, que sea algo exclusivo y dif\u00edcil de conseguir en otras partes el mercado. Esto aumenta la confiabilidad con la empresa, e incluso los clientes pueden volverse embajadores de la marca.<\/p>\n<p>\"}},\n{\"@type\":\"Question\",\"name\":\"\ud83d\udccc Tipos de merchandising\",\"acceptedAnswer\":{\"@type\":\"Answer\",\"text\":\"<\/p>\n<\/p>\n<\/p>\n<ul>\n<\/p>\n<\/p>\n<li><strong>Visual<\/strong>: Consiste en optimizar la presentaci\u00f3n del producto, por ejemplo, el empaque para ser entregado a delivery.<\/li>\n<\/p>\n<\/p>\n<\/p>\n<\/p>\n<\/p>\n<\/p>\n<\/p>\n<li><strong>De seducci\u00f3n<\/strong>: Usualmente involucra los cinco sentidos del consumidor para llamar su atenci\u00f3n.<\/li>\n<\/p>\n<\/p>\n<\/p>\n<\/p>\n<\/p>\n<\/p>\n<\/p>\n<li><strong>Estrat\u00e9gico<\/strong>: Por ejemplo, promocionar la venta de un producto con un premio adicional o 2x1.<\/li>\n<\/p>\n<\/p>\n<\/p>\n<\/p>\n<\/p>\n<\/p>\n<\/p>\n<li><strong>Personalizado<\/strong>: Consiste en presentar el producto de forma personalizada, ajustada a cada tipo de cliente.<\/li>\n<\/p>\n<\/p>\n<\/p>\n<\/p>\n<\/p>\n<\/ul>\n<\/p>\n<\/p>\n<\/p>\n<\/p>\n<\/p>\n<p>\"}},\n{\"@type\":\"Question\",\"name\":\"\ud83d\udccc Ejemplo de merchandising\",\"acceptedAnswer\":{\"@type\":\"Answer\",\"text\":\"<\/p>\n<p>Esta estrategia <strong>se presenta con frecuencia dentro de las tiendas f\u00edsicas<\/strong>, sobre todo las t\u00e9cnicas visuales. Una de las favoritas son ordenar los escaparates de los productos por colores y segmentos. De esta forma, se busca llamar la atenci\u00f3n del consumidor y lo ayuda a encontrar r\u00e1pidamente un producto que se ajuste a lo que busca.<\/p>\n<p>Por ejemplo, en la tienda virtual y franquicias de la marca Kylie Cosmetics se suelen incluir un orden seg\u00fan las l\u00edneas b\u00e1sicas de la marca, como labios, piel, ojos, etc. Igualmente, utilizan productos t\u00edpicos de la estrategia <strong>como llaveros o carcasas de m\u00f3vil con el logo de la marca<\/strong>, incluso si la empresa tiene como producto principal el maquillaje.<\/p>\n<p>\"}}\n]}<\/script><\/p>\n<h2>M\u00e1s informaci\u00f3n sobre merchandising<\/h2>\n<p>\u00bfTe gustar\u00eda impulsar tu marca con esta t\u00e9cnica? mira los siguientes enlaces y ten m\u00e1s informaci\u00f3n al respecto.<\/p>\n<ul>\n<li><a href=\"https:\/\/www.appyweb.es\/branding-exito-posicionando-una-marca\/\">El branding y c\u00f3mo posicionar exitosamente una marca<\/a><\/li>\n<li><a href=\"https:\/\/www.america-retail.com\/category-management\/catman-tipos-de-merchandising-que-te-ayudaran-a-impulsar-tus-acciones-de-trade-marketing\/\" rel=\"nofollow noopener\" target=\"_blank\">Tipos de merchandising que te ayudar\u00e1n a impulsar tu trade marketing en el punto de venta<\/a><\/li>\n<\/ul>\n<p>&nbsp;<\/p>\n","protected":false},"excerpt":{"rendered":"<p>Es un tipo de marketing que consiste en promocionar una marca dentro y fuera del punto de venta. Algunas de las estrategias m\u00e1s utilizadas en el merchandising es la promoci\u00f3n de art\u00edculos adicionales con la imagen corporativa, como tazas, camisetas, etc. \u00bfQu\u00e9 es merchandising? Es una estrategia donde se utilizan diferentes recursos para asuntos publicitarios, [&hellip;]<\/p>\n","protected":false},"author":1,"featured_media":16208,"parent":0,"menu_order":0,"comment_status":"open","ping_status":"closed","template":"","meta":{"inline_featured_image":false,"footnotes":""},"class_list":["post-3055","page","type-page","status-publish","has-post-thumbnail","hentry"],"_links":{"self":[{"href":"https:\/\/www.appyweb.es\/diccionario\/wp-json\/wp\/v2\/pages\/3055","targetHints":{"allow":["GET"]}}],"collection":[{"href":"https:\/\/www.appyweb.es\/diccionario\/wp-json\/wp\/v2\/pages"}],"about":[{"href":"https:\/\/www.appyweb.es\/diccionario\/wp-json\/wp\/v2\/types\/page"}],"author":[{"embeddable":true,"href":"https:\/\/www.appyweb.es\/diccionario\/wp-json\/wp\/v2\/users\/1"}],"replies":[{"embeddable":true,"href":"https:\/\/www.appyweb.es\/diccionario\/wp-json\/wp\/v2\/comments?post=3055"}],"version-history":[{"count":6,"href":"https:\/\/www.appyweb.es\/diccionario\/wp-json\/wp\/v2\/pages\/3055\/revisions"}],"predecessor-version":[{"id":16211,"href":"https:\/\/www.appyweb.es\/diccionario\/wp-json\/wp\/v2\/pages\/3055\/revisions\/16211"}],"wp:featuredmedia":[{"embeddable":true,"href":"https:\/\/www.appyweb.es\/diccionario\/wp-json\/wp\/v2\/media\/16208"}],"wp:attachment":[{"href":"https:\/\/www.appyweb.es\/diccionario\/wp-json\/wp\/v2\/media?parent=3055"}],"curies":[{"name":"wp","href":"https:\/\/api.w.org\/{rel}","templated":true}]}}