{"id":3063,"date":"2023-06-22T13:58:33","date_gmt":"2023-06-22T13:58:33","guid":{"rendered":"https:\/\/www.appyweb.es\/diccionario\/?post_type=project&#038;p=3063"},"modified":"2024-05-02T13:43:26","modified_gmt":"2024-05-02T13:43:26","slug":"meta-keywords","status":"publish","type":"page","link":"https:\/\/www.appyweb.es\/diccionario\/meta-keywords\/","title":{"rendered":"Meta Keywords"},"content":{"rendered":"<figure id=\"attachment_16219\" aria-describedby=\"caption-attachment-16219\" style=\"width: 1000px\" class=\"wp-caption alignnone\"><img loading=\"lazy\" decoding=\"async\" class=\"size-full wp-image-16219\" src=\"https:\/\/www.appyweb.es\/diccionario\/wp-content\/uploads\/2024\/05\/MetaKeywords.jpg\" alt=\"Meta Keywords\" width=\"1000\" height=\"600\" srcset=\"https:\/\/www.appyweb.es\/diccionario\/wp-content\/uploads\/2024\/05\/MetaKeywords.jpg 1000w, https:\/\/www.appyweb.es\/diccionario\/wp-content\/uploads\/2024\/05\/MetaKeywords-300x180.jpg 300w, https:\/\/www.appyweb.es\/diccionario\/wp-content\/uploads\/2024\/05\/MetaKeywords-768x461.jpg 768w\" sizes=\"auto, (max-width: 1000px) 100vw, 1000px\" \/><figcaption id=\"caption-attachment-16219\" class=\"wp-caption-text\">Personas haciendo una pagina web con html.<\/figcaption><\/figure>\n<p>Se trata de las etiquetas que se a\u00f1aden en el HTML para indicarle al algoritmo cu\u00e1l es el tema que se describe dentro del contenido. Aunque no son obligatorias para el posicionamiento, <strong>las meta keywords se utilizan para ayudar al algoritmo identificar la informaci\u00f3n<\/strong> m\u00e1s importante del sitio.<\/p>\n<h2>\u00bfQu\u00e9 son las meta keywords?<\/h2>\n<p>Anteriormente, los motores de b\u00fasqueda utilizaban s\u00f3lo un par de elementos para <a href=\"https:\/\/www.appyweb.es\/posicionamiento-web\/\">posicionar los sitios web en las p\u00e1ginas de resultados<\/a> o SERP\\&#8217;s, entre ellos se encontraban las etiquetas que incluyen el t\u00edtulo, la descripci\u00f3n, la URL y las palabras claves, a esta \u00faltima se reconocen como meta keywords.<\/p>\n<p>Est\u00e1s ayudaban al algoritmo <strong>identificar el tipo de informaci\u00f3n que conten\u00eda el sitio web<\/strong>, sin embargo, actualmente su relevancia ya no es la misma, sino que es utilizada por los algoritmos como una peque\u00f1a referencia. Igualmente, estos pueden analizar el texto y las palabras clave que se encuentran en ellos, sin la necesidad de realizar la etiqueta.<\/p>\n<h2>\u00bfPara qu\u00e9 sirven las meta keywords?<\/h2>\n<p>Anteriormente, se utilizaban para indicarle a los algoritmos el tipo de informaci\u00f3n dentro del contenido, o dentro los c\u00f3digos HTML de los sitios. Su funci\u00f3n era <strong>mostrar de forma corta y concisa lo que se encontraba dentro del sitio web<\/strong>, de esta forma, tambi\u00e9n indicaban el nivel de importancia de ciertos temas dentro del contenido.<\/p>\n<p>Sin embargo, como se mencion\u00f3 anteriormente, en la actualidad los motores de b\u00fasqueda <strong>ya no las utilizan como un elemento imprescindible para posicionar<\/strong> en la p\u00e1gina de resultados. Por tanto, han dejado de ser un elemento para <a href=\"https:\/\/www.appyweb.es\/auditoria-seo\/\">analizar dentro de las auditor\u00edas SEO<\/a>.<\/p>\n<h2>\u00bfUtilizar o no utilizar meta keywords?<\/h2>\n<p>Los buscadores de alta relevancia, como Google, indicado que las palabras clave dentro del c\u00f3digo HTML ya no tienen una gran relevancia, pero algunos expertos siguen impulsando su utilizaci\u00f3n. Estos especialistas en SEO prefieren utilizarlas ya que nunca est\u00e1 de m\u00e1s hacer una optimizaci\u00f3n para posicionar. Sin embargo, otros aseguran que utilizarlas indica que el sitio web en realidad no cuenta <strong>con los cambios necesarios para lo que realmente el algoritmo necesita evaluar<\/strong>.<\/p>\n<p>Est\u00e1s etiquetas fueron creadas en 1995 y solo son utilizadas por motores de b\u00fasqueda muy antiguos, as\u00ed que lo mejor es no utilizarlas, ya que existen otra etiquetas que son m\u00e1s relevantes. Aunque los expertos aseguran que <strong>es mejor enfocarse en la calidad del contenido y la usabilidad del sitio<\/strong>.<\/p>\n<h2>Ejemplo de las meta keywords<\/h2>\n<p>Como se puede observar en la siguiente imagen, las etiquetas de palabras clave se incluyen antes de la etiqueta de descripci\u00f3n y t\u00edtulo. Son varias versiones de c\u00f3mo un usuario escribir\u00eda \u00abpalabra clave\u00bb en el buscador. Esto se hace para que el sitio web tenga relevancia en cualquiera de esas consultas (incluso si tienen errores ortogr\u00e1ficos).<\/p>\n<p><script type=\"application\/ld+json\">{\"@context\":\"https:\/\/schema.org\",\"@type\":\"FAQPage\",\"mainEntity\":[ \n{\"@type\":\"Question\",\"name\":\"\ud83d\udccc \u00bfQu\u00e9 son las meta keywords?\",\"acceptedAnswer\":{\"@type\":\"Answer\",\"text\":\"<\/p>\n<p>Anteriormente, los motores de b\u00fasqueda utilizaban s\u00f3lo un par de elementos para <a href='https:\/\/www.appyweb.es\/posicionamiento-web\/'>posicionar los sitios web en las p\u00e1ginas de resultados<\/a> o SERP\\'s, entre ellos se encontraban las etiquetas que incluyen el t\u00edtulo, la descripci\u00f3n, la URL y las palabras claves, a esta \u00faltima se reconocen como meta keywords.<\/p>\n<p>Est\u00e1s ayudaban al algoritmo <strong>identificar el tipo de informaci\u00f3n que conten\u00eda el sitio web<\/strong>, sin embargo, actualmente su relevancia ya no es la misma, sino que es utilizada por los algoritmos como una peque\u00f1a referencia. Igualmente, estos pueden analizar el texto y las palabras clave que se encuentran en ellos, sin la necesidad de realizar la etiqueta.<\/p>\n<p>\"}},\n{\"@type\":\"Question\",\"name\":\"\ud83d\udccc \u00bfPara qu\u00e9 sirven las meta keywords?\",\"acceptedAnswer\":{\"@type\":\"Answer\",\"text\":\"<\/p>\n<p>Anteriormente, se utilizaban para indicarle a los algoritmos el tipo de informaci\u00f3n dentro del contenido, o dentro los c\u00f3digos HTML de los sitios. Su funci\u00f3n era <strong>mostrar de forma corta y concisa lo que se encontraba dentro del sitio web<\/strong>, de esta forma, tambi\u00e9n indicaban el nivel de importancia de ciertos temas dentro del contenido.<\/p>\n<p>Sin embargo, como se mencion\u00f3 anteriormente, en la actualidad los motores de b\u00fasqueda <strong>ya no las utilizan como un elemento imprescindible para posicionar<\/strong> en la p\u00e1gina de resultados. Por tanto, han dejado de ser un elemento para <a href='https:\/\/www.appyweb.es\/auditoria-seo\/'>analizar dentro de las auditor\u00edas SEO<\/a>. <\/p>\n<p>\"}},\n{\"@type\":\"Question\",\"name\":\"\ud83d\udccc \u00bfUtilizar o no utilizar meta keywords?\",\"acceptedAnswer\":{\"@type\":\"Answer\",\"text\":\"<\/p>\n<p>Los buscadores de alta relevancia, como Google, indicado que las palabras clave dentro del c\u00f3digo HTML ya no tienen una gran relevancia, pero algunos expertos siguen impulsando su utilizaci\u00f3n. Estos especialistas en SEO prefieren utilizarlas ya que nunca est\u00e1 de m\u00e1s hacer una optimizaci\u00f3n para posicionar. Sin embargo, otros aseguran que utilizarlas indica que el sitio web en realidad no cuenta <strong>con los cambios necesarios para lo que realmente el algoritmo necesita evaluar<\/strong>.<\/p>\n<p>Est\u00e1s etiquetas fueron creadas en 1995 y solo son utilizadas por motores de b\u00fasqueda muy antiguos, as\u00ed que lo mejor es no utilizarlas, ya que existen otra etiquetas que son m\u00e1s relevantes. Aunque los expertos aseguran que <strong>es mejor enfocarse en la calidad del contenido y la usabilidad del sitio<\/strong>.<\/p>\n<p>\"}},\n{\"@type\":\"Question\",\"name\":\"\ud83d\udccc Ejemplo de las meta keywords\",\"acceptedAnswer\":{\"@type\":\"Answer\",\"text\":\"<\/p>\n<p>Como se puede observar en la siguiente imagen, las etiquetas de palabras clave se incluyen antes de la etiqueta de descripci\u00f3n y t\u00edtulo. Son varias versiones de c\u00f3mo un usuario escribir\u00eda 'palabra clave' en el buscador. Esto se hace para que el sitio web tenga relevancia en cualquiera de esas consultas (incluso si tienen errores ortogr\u00e1ficos).<\/p>\n<p>\"}}\n]}<\/script><\/p>\n<h2>M\u00e1s informaci\u00f3n sobre meta keywords<\/h2>\n<p>Existen algunas etiquetas a las que debes prestar m\u00e1s atenci\u00f3n, especialmente <strong>para lograr un mejor posicionamiento en Google<\/strong> o cualquier otro motor de b\u00fasqueda. Obt\u00e9n m\u00e1s informaci\u00f3n al respecto en los siguientes enlaces.<\/p>\n<ul>\n<li><a href=\"https:\/\/www.appyweb.es\/diccionario\/meta-title\/\">\u00bfQu\u00e9 es el Meta Title y para qu\u00e9 sirve?<\/a><\/li>\n<li><a href=\"https:\/\/www.trecebits.com\/2020\/12\/11\/las-etiquetas-html-mas-importantes-para-el-posicionamiento-seo\/\" rel=\"nofollow noopener\" target=\"_blank\">Las etiquetas HTML m\u00e1s importantes para el posicionamiento<\/a><\/li>\n<\/ul>\n<p>&nbsp;<\/p>\n","protected":false},"excerpt":{"rendered":"<p>Se trata de las etiquetas que se a\u00f1aden en el HTML para indicarle al algoritmo cu\u00e1l es el tema que se describe dentro del contenido. Aunque no son obligatorias para el posicionamiento, las meta keywords se utilizan para ayudar al algoritmo identificar la informaci\u00f3n m\u00e1s importante del sitio. \u00bfQu\u00e9 son las meta keywords? Anteriormente, los [&hellip;]<\/p>\n","protected":false},"author":1,"featured_media":16219,"parent":0,"menu_order":0,"comment_status":"open","ping_status":"closed","template":"","meta":{"inline_featured_image":false,"footnotes":""},"class_list":["post-3063","page","type-page","status-publish","has-post-thumbnail","hentry"],"_links":{"self":[{"href":"https:\/\/www.appyweb.es\/diccionario\/wp-json\/wp\/v2\/pages\/3063","targetHints":{"allow":["GET"]}}],"collection":[{"href":"https:\/\/www.appyweb.es\/diccionario\/wp-json\/wp\/v2\/pages"}],"about":[{"href":"https:\/\/www.appyweb.es\/diccionario\/wp-json\/wp\/v2\/types\/page"}],"author":[{"embeddable":true,"href":"https:\/\/www.appyweb.es\/diccionario\/wp-json\/wp\/v2\/users\/1"}],"replies":[{"embeddable":true,"href":"https:\/\/www.appyweb.es\/diccionario\/wp-json\/wp\/v2\/comments?post=3063"}],"version-history":[{"count":5,"href":"https:\/\/www.appyweb.es\/diccionario\/wp-json\/wp\/v2\/pages\/3063\/revisions"}],"predecessor-version":[{"id":16220,"href":"https:\/\/www.appyweb.es\/diccionario\/wp-json\/wp\/v2\/pages\/3063\/revisions\/16220"}],"wp:featuredmedia":[{"embeddable":true,"href":"https:\/\/www.appyweb.es\/diccionario\/wp-json\/wp\/v2\/media\/16219"}],"wp:attachment":[{"href":"https:\/\/www.appyweb.es\/diccionario\/wp-json\/wp\/v2\/media?parent=3063"}],"curies":[{"name":"wp","href":"https:\/\/api.w.org\/{rel}","templated":true}]}}