{"id":3066,"date":"2023-06-22T13:59:42","date_gmt":"2023-06-22T13:59:42","guid":{"rendered":"https:\/\/www.appyweb.es\/diccionario\/?post_type=project&#038;p=3066"},"modified":"2024-05-02T13:51:16","modified_gmt":"2024-05-02T13:51:16","slug":"meta-refresh","status":"publish","type":"page","link":"https:\/\/www.appyweb.es\/diccionario\/meta-refresh\/","title":{"rendered":"Meta Refresh"},"content":{"rendered":"<figure id=\"attachment_16222\" aria-describedby=\"caption-attachment-16222\" style=\"width: 1000px\" class=\"wp-caption alignnone\"><img loading=\"lazy\" decoding=\"async\" class=\"size-full wp-image-16222\" src=\"https:\/\/www.appyweb.es\/diccionario\/wp-content\/uploads\/2024\/05\/MetaRefresh.jpg\" alt=\"Meta Refresh\" width=\"1000\" height=\"600\" srcset=\"https:\/\/www.appyweb.es\/diccionario\/wp-content\/uploads\/2024\/05\/MetaRefresh.jpg 1000w, https:\/\/www.appyweb.es\/diccionario\/wp-content\/uploads\/2024\/05\/MetaRefresh-300x180.jpg 300w, https:\/\/www.appyweb.es\/diccionario\/wp-content\/uploads\/2024\/05\/MetaRefresh-768x461.jpg 768w\" sizes=\"auto, (max-width: 1000px) 100vw, 1000px\" \/><figcaption id=\"caption-attachment-16222\" class=\"wp-caption-text\">Personas mirando una lista de paginas webs.<\/figcaption><\/figure>\n<p>Es una etiqueta que se utiliza para indicar al algoritmo cada cu\u00e1nto tiempo aparecen nuevos contenidos en un sitio web. La <strong>meta-refresh permite que el algoritmo del buscador indexe la p\u00e1gina<\/strong> cada vez que se actualiza para proceder a posicionarla en las SERP\u2019s.<\/p>\n<h2>\u00bfQu\u00e9 es meta refresh?<\/h2>\n<p>Se trata de una etiqueta que permite indicar al algoritmo de buscadores <strong>cada cu\u00e1nto tiempo se sube nueva informaci\u00f3n o contenido a un sitio web<\/strong>. De esta forma, no es necesario que el propietario del mismo tenga que solicitar la evaluaci\u00f3n manualmente, especialmente cuando las actualizaciones se llevan a cabo de forma constante.<\/p>\n<p>Al utilizarla es posible <a href=\"https:\/\/www.appyweb.es\/posicionamiento-web\/\">acceder al posicionamiento web de forma r\u00e1pida<\/a> y permite mantener actualizados los resultados de b\u00fasqueda. Aunque no es obligatorio utilizarlo, algunos expertos indican que al emplearla los algoritmos est\u00e1n m\u00e1s al tanto de las actualizaciones.<\/p>\n<h2>\u00bfPara qu\u00e9 sirve la meta refresh?<\/h2>\n<p>El primer beneficio de utilizar <strong>estas etiquetas es que podr\u00e1 mantener el sitio web actualizado<\/strong>, sin necesidad de llevar a cabo la solicitud de evaluaci\u00f3n para las SERP\u2019s de forma manual. De esta forma, permite que <strong>el presupuesto por indexaci\u00f3n pueda ser distribuido<\/strong> de forma equitativa.<\/p>\n<p>Igualmente, tambi\u00e9n es un factor a <a href=\"https:\/\/www.appyweb.es\/auditoria-seo\/\">analizar durante la auditor\u00eda SEO<\/a> para determinar si las actualizaciones de los contenidos se est\u00e1n llevando a cabo en el tiempo correcto. Sobre todo para esos <strong>sitios web de noticias que suelen publicar contenidos constantemente<\/strong> y requieren que est\u00e9n actualizadas y disponibles en el buscador de forma inmediata.<\/p>\n<h2>\u00bfC\u00f3mo utilizar la meta refresh?<\/h2>\n<p>Algunos usuarios aseguran que utilizar esta etiqueta es una indicativo de malas pr\u00e1cticas de SEO dentro de Google, por eso no se recomienda su utilizaci\u00f3n actualmente. Sin embargo, algunos especialistas del marketing org\u00e1nico que indican que s\u00ed puede ser relevante pero es importante saber c\u00f3mo utilizarlo.<\/p>\n<p>Bien se puede indicar el intervalo de actualizaci\u00f3n en \u201c0\u201d para <strong>indicarle al algoritmo que la actualizaci\u00f3n puede realizarse de forma autom\u00e1tica<\/strong>. Lo importante es que si se utiliza un intervalo de tiempo m\u00e1s largo se deben utilizar nuevas URL, si se emplean redireccionamientos, es decir, una URL que apunta al mismo contenido existente, se trata de una mala pr\u00e1ctica y ser\u00e1 penalizada por el buscador.<\/p>\n<h2>Ejemplos de meta refresh<\/h2>\n<p>Este c\u00f3digo se escribe de la siguiente forma dentro del HTML, <em>meta http-equiv=\u00bbrefresh\u201d<\/em>, despu\u00e9s, para escribir el intervalo exacto de cada actualizaci\u00f3n se a\u00f1ade lo siguiente <em>\u00abcontent=5\u00bb <\/em>(en caso de que se requiera cada 5 segundos). Seguidamente, se a\u00f1ade la URL que se est\u00e1 actualizando as\u00ed, <em>\u00aburl=http:\/\/sitio.com\u00bb<\/em>. A continuaci\u00f3n, se puede ver un ejemplo de c\u00f3mo se a\u00f1ade la etiqueta para 30 segundos.<\/p>\n<p><script type=\"application\/ld+json\">{\"@context\":\"https:\/\/schema.org\",\"@type\":\"FAQPage\",\"mainEntity\":[ \n{\"@type\":\"Question\",\"name\":\"\ud83d\udccc \u00bfQu\u00e9 es meta refresh?\",\"acceptedAnswer\":{\"@type\":\"Answer\",\"text\":\"<\/p>\n<p>Se trata de una etiqueta que permite indicar al algoritmo de buscadores <strong>cada cu\u00e1nto tiempo se sube nueva informaci\u00f3n o contenido a un sitio web<\/strong>. De esta forma, no es necesario que el propietario del mismo tenga que solicitar la evaluaci\u00f3n manualmente, especialmente cuando las actualizaciones se llevan a cabo de forma constante.<\/p>\n<p>Al utilizarla es posible <a href='https:\/\/www.appyweb.es\/posicionamiento-web\/'>acceder al posicionamiento web de forma r\u00e1pida<\/a> y permite mantener actualizados los resultados de b\u00fasqueda. Aunque no es obligatorio utilizarlo, algunos expertos indican que al emplearla los algoritmos est\u00e1n m\u00e1s al tanto de las actualizaciones.<\/p>\n<p>\"}},\n{\"@type\":\"Question\",\"name\":\"\ud83d\udccc \u00bfPara qu\u00e9 sirve la meta refresh?\",\"acceptedAnswer\":{\"@type\":\"Answer\",\"text\":\"<\/p>\n<p>El primer beneficio de utilizar <strong>estas etiquetas es que podr\u00e1 mantener el sitio web actualizado<\/strong>, sin necesidad de llevar a cabo la solicitud de evaluaci\u00f3n para las SERP\u2019s de forma manual. De esta forma, permite que <strong>el presupuesto por indexaci\u00f3n pueda ser distribuido<\/strong> de forma equitativa.<\/p>\n<p>Igualmente, tambi\u00e9n es un factor a <a href='https:\/\/www.appyweb.es\/auditoria-seo\/'>analizar durante la auditor\u00eda SEO<\/a> para determinar si las actualizaciones de los contenidos se est\u00e1n llevando a cabo en el tiempo correcto. Sobre todo para esos <strong>sitios web de noticias que suelen publicar contenidos constantemente<\/strong> y requieren que est\u00e9n actualizadas y disponibles en el buscador de forma inmediata.<\/p>\n<p>\"}},\n{\"@type\":\"Question\",\"name\":\"\ud83d\udccc \u00bfC\u00f3mo utilizar la meta refresh?\",\"acceptedAnswer\":{\"@type\":\"Answer\",\"text\":\"<\/p>\n<p>Algunos usuarios aseguran que utilizar esta etiqueta es una indicativo de malas pr\u00e1cticas de SEO dentro de Google, por eso no se recomienda su utilizaci\u00f3n actualmente. Sin embargo, algunos especialistas del marketing org\u00e1nico que indican que s\u00ed puede ser relevante pero es importante saber c\u00f3mo utilizarlo.<\/p>\n<p>Bien se puede indicar el intervalo de actualizaci\u00f3n en \u201c0\u201d para <strong>indicarle al algoritmo que la actualizaci\u00f3n puede realizarse de forma autom\u00e1tica<\/strong>. Lo importante es que si se utiliza un intervalo de tiempo m\u00e1s largo se deben utilizar nuevas URL, si se emplean redireccionamientos, es decir, una URL que apunta al mismo contenido existente, se trata de una mala pr\u00e1ctica y ser\u00e1 penalizada por el buscador.<\/p>\n<p>\"}},\n{\"@type\":\"Question\",\"name\":\"\ud83d\udccc Ejemplos de meta refresh\",\"acceptedAnswer\":{\"@type\":\"Answer\",\"text\":\"<\/p>\n<p>Este c\u00f3digo se escribe de la siguiente forma dentro del HTML, <em>meta http-equiv='refresh\u201d<\/em>, despu\u00e9s, para escribir el intervalo exacto de cada actualizaci\u00f3n se a\u00f1ade lo siguiente <em>'content=5' <\/em>(en caso de que se requiera cada 5 segundos). Seguidamente, se a\u00f1ade la URL que se est\u00e1 actualizando as\u00ed, <em>'url=http:\/\/sitio.com'<\/em>. A continuaci\u00f3n, se puede ver un ejemplo de c\u00f3mo se a\u00f1ade la etiqueta para 30 segundos.<\/p>\n<p>\"}}\n]}<\/script><\/p>\n<h2>M\u00e1s informaci\u00f3n sobre meta refresh<\/h2>\n<p>Ya sabes que si va a utilizar esta etiqueta debes hacerlo con cuidado, <strong>evitando los redireccionamientos que pueden acarrear una penalizaci\u00f3n<\/strong>. Mira los siguientes enlaces para tener m\u00e1s informaci\u00f3n.<\/p>\n<ul>\n<li><a href=\"https:\/\/www.appyweb.es\/factores-importantes-html-seo\/\">5 factores importantes en el HTML de tu web para el SEO<\/a><\/li>\n<li><a href=\"http:\/\/www.matiacosta.com\/301-versus-meta-refresh\/\" rel=\"nofollow noopener\" target=\"_blank\">\u00bfCu\u00e1l es la diferencia entre un meta refresh y un redireccionamiento 301?<\/a><\/li>\n<\/ul>\n<p>&nbsp;<\/p>\n","protected":false},"excerpt":{"rendered":"<p>Es una etiqueta que se utiliza para indicar al algoritmo cada cu\u00e1nto tiempo aparecen nuevos contenidos en un sitio web. La meta-refresh permite que el algoritmo del buscador indexe la p\u00e1gina cada vez que se actualiza para proceder a posicionarla en las SERP\u2019s. \u00bfQu\u00e9 es meta refresh? Se trata de una etiqueta que permite indicar [&hellip;]<\/p>\n","protected":false},"author":1,"featured_media":16222,"parent":0,"menu_order":0,"comment_status":"open","ping_status":"closed","template":"","meta":{"inline_featured_image":false,"footnotes":""},"class_list":["post-3066","page","type-page","status-publish","has-post-thumbnail","hentry"],"_links":{"self":[{"href":"https:\/\/www.appyweb.es\/diccionario\/wp-json\/wp\/v2\/pages\/3066","targetHints":{"allow":["GET"]}}],"collection":[{"href":"https:\/\/www.appyweb.es\/diccionario\/wp-json\/wp\/v2\/pages"}],"about":[{"href":"https:\/\/www.appyweb.es\/diccionario\/wp-json\/wp\/v2\/types\/page"}],"author":[{"embeddable":true,"href":"https:\/\/www.appyweb.es\/diccionario\/wp-json\/wp\/v2\/users\/1"}],"replies":[{"embeddable":true,"href":"https:\/\/www.appyweb.es\/diccionario\/wp-json\/wp\/v2\/comments?post=3066"}],"version-history":[{"count":5,"href":"https:\/\/www.appyweb.es\/diccionario\/wp-json\/wp\/v2\/pages\/3066\/revisions"}],"predecessor-version":[{"id":16223,"href":"https:\/\/www.appyweb.es\/diccionario\/wp-json\/wp\/v2\/pages\/3066\/revisions\/16223"}],"wp:featuredmedia":[{"embeddable":true,"href":"https:\/\/www.appyweb.es\/diccionario\/wp-json\/wp\/v2\/media\/16222"}],"wp:attachment":[{"href":"https:\/\/www.appyweb.es\/diccionario\/wp-json\/wp\/v2\/media?parent=3066"}],"curies":[{"name":"wp","href":"https:\/\/api.w.org\/{rel}","templated":true}]}}