{"id":3070,"date":"2023-06-22T14:00:45","date_gmt":"2023-06-22T14:00:45","guid":{"rendered":"https:\/\/www.appyweb.es\/diccionario\/?post_type=project&#038;p=3070"},"modified":"2024-05-02T14:01:30","modified_gmt":"2024-05-02T14:01:30","slug":"meta-tags","status":"publish","type":"page","link":"https:\/\/www.appyweb.es\/diccionario\/meta-tags\/","title":{"rendered":"Meta Tags"},"content":{"rendered":"<figure id=\"attachment_16225\" aria-describedby=\"caption-attachment-16225\" style=\"width: 1000px\" class=\"wp-caption alignnone\"><img loading=\"lazy\" decoding=\"async\" class=\"size-full wp-image-16225\" src=\"https:\/\/www.appyweb.es\/diccionario\/wp-content\/uploads\/2024\/05\/MetaTags.jpg\" alt=\"Meta Tags\" width=\"1000\" height=\"600\" srcset=\"https:\/\/www.appyweb.es\/diccionario\/wp-content\/uploads\/2024\/05\/MetaTags.jpg 1000w, https:\/\/www.appyweb.es\/diccionario\/wp-content\/uploads\/2024\/05\/MetaTags-300x180.jpg 300w, https:\/\/www.appyweb.es\/diccionario\/wp-content\/uploads\/2024\/05\/MetaTags-768x461.jpg 768w\" sizes=\"auto, (max-width: 1000px) 100vw, 1000px\" \/><figcaption id=\"caption-attachment-16225\" class=\"wp-caption-text\">Personas programando en diferentes lenguajes de programacion.<\/figcaption><\/figure>\n<p>Son etiquetas o c\u00f3digos que se utilizan en el HTML para indicar informaci\u00f3n relevante sobre el contenido de un sitio web. Las <strong>meta tags son una ayuda para el algoritmo de los buscadores<\/strong>, as\u00ed que pueden utilizarse para mejorar el posicionamiento web<\/p>\n<h2>\u00bfQu\u00e9 son las meta tags?<\/h2>\n<p>Es un concepto en ingl\u00e9s que se utiliza <strong>para definir las metas etiquetas dentro del c\u00f3digo HTML<\/strong>, son peque\u00f1os trozos del c\u00f3digo en el que se indica informaci\u00f3n como el t\u00edtulo del contenido, la URL, la descripci\u00f3n, entre otros. Estos son detectados por los motores de b\u00fasqueda durante la indexaci\u00f3n, por lo tanto, son elementos <a href=\"https:\/\/www.appyweb.es\/posicionamiento-web\/\">indispensables para el posicionamiento web<\/a> y la visualizaci\u00f3n en p\u00e1ginas de resultados.<\/p>\n<p>En este sentido, est\u00e1s etiquetas son las que se utilizar\u00e1n dentro de la p\u00e1gina de resultados de b\u00fasqueda, tambi\u00e9n conocidas como SERP. La tr\u00edada principal que se muestra es la URL, el t\u00edtulo y la descripci\u00f3n. Por tanto, aparte de ayudar al algoritmo al posicionamiento, tambi\u00e9n se pueden utilizar para atraer a los usuarios y aumentar la tasa de clics.<\/p>\n<h2>\u00bfPara qu\u00e9 sirven las meta tags?<\/h2>\n<p>Las meta tags sirven para indicarle a Google cu\u00e1l es el tipo de contenido que se ofrece y as\u00ed poder <strong>lograr un buen posicionamiento en los resultados de los motores de b\u00fasqueda<\/strong>. Estos elementos deben ser <a href=\"https:\/\/www.appyweb.es\/auditoria-seo\/\">analizados constantemente en las auditor\u00edas SEO<\/a> para garantizar que est\u00e9n correctamente optimizadas y preparadas para la indexaci\u00f3n.<\/p>\n<p>Por parte de los usuarios, tiene una utilidad m\u00e1s informativa ya que les permite <strong>visualizar la relaci\u00f3n que tiene el sitio web con la b\u00fasqueda<\/strong> que est\u00e1n haciendo. Las etiquetas principales, que son el t\u00edtulo, la URL y descripci\u00f3n, tambi\u00e9n deben contener estrategias de seducci\u00f3n para lograr atraer una gran cantidad de tr\u00e1fico.<\/p>\n<h2>Tipos de meta tags<\/h2>\n<p>Son muchos elementos que se utilizan dentro del HTML algunos de los m\u00e1s importantes son los siguientes.<\/p>\n<ul>\n<li><strong>Title<\/strong>: Es la que se utiliza para el t\u00edtulo, debe incluir las palabras claves m\u00e1s importantes dentro del contenido, es el que se mostrar\u00e1 en la SERP y no necesariamente debe ser el mismo dentro del sitio web.<\/li>\n<li><strong>URL<\/strong>: Aqu\u00ed se indica la direcci\u00f3n asignada al contenido dentro del sitio web.<\/li>\n<li><strong>Description<\/strong>: Incluye un peque\u00f1o resumen de lo que se muestra en el contenido, tambi\u00e9n debe incluir palabras clave.<\/li>\n<li><strong>Refresh<\/strong>: Se utiliza para indicar el intervalo de tiempo en el que se actualiza el sitio web, de forma que sea una referencia para la algoritmo sobre cada cu\u00e1nto tiempo debe hacer la indexaci\u00f3n.<\/li>\n<li><strong>Encabezados<\/strong>: Son las que se utilizan dentro del contenido, indican el nivel de t\u00edtulo en el texto.<\/li>\n<\/ul>\n<h2>Ejemplo de meta tag<\/h2>\n<p>Para implementar las etiquetas se debe utilizar una sintaxis simple, s\u00f3lo se escribe la palabra \u201cmeta\u201d y seguidamente el nombre de la etiqueta junto a su contenido, de la siguiente forma <em>\u00abmeta name=\u00bbtitle\u00bb content=\u00bb\u00bfQu\u00e9 son las etiquetas?\u00bb<\/em>. A continuaci\u00f3n, se puede ver una imagen de c\u00f3mo se utiliza actualmente dentro del c\u00f3digo HTML.<\/p>\n<p><script type=\"application\/ld+json\">{\"@context\":\"https:\/\/schema.org\",\"@type\":\"FAQPage\",\"mainEntity\":[ \n{\"@type\":\"Question\",\"name\":\"\ud83d\udccc \u00bfQu\u00e9 son las meta tags?\",\"acceptedAnswer\":{\"@type\":\"Answer\",\"text\":\"<\/p>\n<p>Es un concepto en ingl\u00e9s que se utiliza <strong>para definir las metas etiquetas dentro del c\u00f3digo HTML<\/strong>, son peque\u00f1os trozos del c\u00f3digo en el que se indica informaci\u00f3n como el t\u00edtulo del contenido, la URL, la descripci\u00f3n, entre otros. Estos son detectados por los motores de b\u00fasqueda durante la indexaci\u00f3n, por lo tanto, son elementos <a href='https:\/\/www.appyweb.es\/posicionamiento-web\/'>indispensables para el posicionamiento web<\/a> y la visualizaci\u00f3n en p\u00e1ginas de resultados.<\/p>\n<p>En este sentido, est\u00e1s etiquetas son las que se utilizar\u00e1n dentro de la p\u00e1gina de resultados de b\u00fasqueda, tambi\u00e9n conocidas como SERP. La tr\u00edada principal que se muestra es la URL, el t\u00edtulo y la descripci\u00f3n. Por tanto, aparte de ayudar al algoritmo al posicionamiento, tambi\u00e9n se pueden utilizar para atraer a los usuarios y aumentar la tasa de clics.<\/p>\n<p>\"}},\n{\"@type\":\"Question\",\"name\":\"\ud83d\udccc \u00bfPara qu\u00e9 sirven las meta tags?\",\"acceptedAnswer\":{\"@type\":\"Answer\",\"text\":\"<\/p>\n<p>Las meta tags sirven para indicarle a Google cu\u00e1l es el tipo de contenido que se ofrece y as\u00ed poder <strong>lograr un buen posicionamiento en los resultados de los motores de b\u00fasqueda<\/strong>. Estos elementos deben ser <a href='https:\/\/www.appyweb.es\/auditoria-seo\/'>analizados constantemente en las auditor\u00edas SEO<\/a> para garantizar que est\u00e9n correctamente optimizadas y preparadas para la indexaci\u00f3n.<\/p>\n<p>Por parte de los usuarios, tiene una utilidad m\u00e1s informativa ya que les permite <strong>visualizar la relaci\u00f3n que tiene el sitio web con la b\u00fasqueda<\/strong> que est\u00e1n haciendo. Las etiquetas principales, que son el t\u00edtulo, la URL y descripci\u00f3n, tambi\u00e9n deben contener estrategias de seducci\u00f3n para lograr atraer una gran cantidad de tr\u00e1fico.<\/p>\n<p>\"}},\n{\"@type\":\"Question\",\"name\":\"\ud83d\udccc Tipos de meta tags\",\"acceptedAnswer\":{\"@type\":\"Answer\",\"text\":\"<\/p>\n<p>Son muchos elementos que se utilizan dentro del HTML algunos de los m\u00e1s importantes son los siguientes.<\/p>\n<\/p>\n<\/p>\n<\/p>\n<\/p>\n<ul>\n<\/p>\n<\/p>\n<\/p>\n<\/p>\n<li><strong>Title<\/strong>: Es la que se utiliza para el t\u00edtulo, debe incluir las palabras claves m\u00e1s importantes dentro del contenido, es el que se mostrar\u00e1 en la SERP y no necesariamente debe ser el mismo dentro del sitio web.<\/li>\n<\/p>\n<\/p>\n<\/p>\n<\/p>\n<\/p>\n<\/p>\n<\/p>\n<\/p>\n<\/p>\n<\/p>\n<\/p>\n<\/p>\n<\/p>\n<\/p>\n<\/p>\n<li><strong>URL<\/strong>: Aqu\u00ed se indica la direcci\u00f3n asignada al contenido dentro del sitio web.<\/li>\n<\/p>\n<\/p>\n<\/p>\n<\/p>\n<\/p>\n<\/p>\n<\/p>\n<\/p>\n<\/p>\n<\/p>\n<\/p>\n<\/p>\n<\/p>\n<\/p>\n<\/p>\n<li><strong>Description<\/strong>: Incluye un peque\u00f1o resumen de lo que se muestra en el contenido, tambi\u00e9n debe incluir palabras clave.<\/li>\n<\/p>\n<\/p>\n<\/p>\n<\/p>\n<\/p>\n<\/p>\n<\/p>\n<\/p>\n<\/p>\n<\/p>\n<\/p>\n<\/p>\n<\/p>\n<\/p>\n<\/p>\n<li><strong>Refresh<\/strong>: Se utiliza para indicar el intervalo de tiempo en el que se actualiza el sitio web, de forma que sea una referencia para la algoritmo sobre cada cu\u00e1nto tiempo debe hacer la indexaci\u00f3n.<\/li>\n<\/p>\n<\/p>\n<\/p>\n<\/p>\n<\/p>\n<\/p>\n<\/p>\n<\/p>\n<\/p>\n<\/p>\n<\/p>\n<\/p>\n<\/p>\n<\/p>\n<\/p>\n<li><strong>Encabezados<\/strong>: Son las que se utilizan dentro del contenido, indican el nivel de t\u00edtulo en el texto.<\/li>\n<\/p>\n<\/p>\n<\/p>\n<\/p>\n<\/p>\n<\/p>\n<\/p>\n<\/p>\n<\/p>\n<\/p>\n<\/p>\n<\/ul>\n<\/p>\n<\/p>\n<\/p>\n<\/p>\n<\/p>\n<\/p>\n<\/p>\n<\/p>\n<\/p>\n<\/p>\n<\/p>\n<p>\"}},\n{\"@type\":\"Question\",\"name\":\"\ud83d\udccc Ejemplo de meta tag\",\"acceptedAnswer\":{\"@type\":\"Answer\",\"text\":\"<\/p>\n<p>Para implementar las etiquetas se debe utilizar una sintaxis simple, s\u00f3lo se escribe la palabra \u201cmeta\u201d y seguidamente el nombre de la etiqueta junto a su contenido, de la siguiente forma <em>'meta name='title' content='\u00bfQu\u00e9 son las etiquetas?'<\/em>. A continuaci\u00f3n, se puede ver una imagen de c\u00f3mo se utiliza actualmente dentro del c\u00f3digo HTML.<\/p>\n<p>\"}}\n]}<\/script><\/p>\n<h2>M\u00e1s informaci\u00f3n sobre meta tag<\/h2>\n<p>Cuando se est\u00e9n haciendo los cambios t\u00e9cnicos para posicionar tu sitio web, <strong>es importante que tengas en cuenta c\u00f3mo se utiliza cada etiqueta<\/strong>. Mira los siguientes enlaces para tener m\u00e1s informaci\u00f3n.<\/p>\n<ul>\n<li><a href=\"https:\/\/www.appyweb.es\/diccionario\/meta-title\/\">\u00bfQu\u00e9 es el Meta Title y para qu\u00e9 sirve?<\/a><\/li>\n<li><a href=\"https:\/\/es.wikipedia.org\/wiki\/Etiqueta_meta#Caracter%C3%ADsticas\" rel=\"nofollow noopener\" target=\"_blank\">Caracter\u00edsticas de las meta-tags<\/a><\/li>\n<\/ul>\n<p>&nbsp;<\/p>\n","protected":false},"excerpt":{"rendered":"<p>Son etiquetas o c\u00f3digos que se utilizan en el HTML para indicar informaci\u00f3n relevante sobre el contenido de un sitio web. Las meta tags son una ayuda para el algoritmo de los buscadores, as\u00ed que pueden utilizarse para mejorar el posicionamiento web \u00bfQu\u00e9 son las meta tags? Es un concepto en ingl\u00e9s que se utiliza [&hellip;]<\/p>\n","protected":false},"author":1,"featured_media":16225,"parent":0,"menu_order":0,"comment_status":"open","ping_status":"closed","template":"","meta":{"inline_featured_image":false,"footnotes":""},"class_list":["post-3070","page","type-page","status-publish","has-post-thumbnail","hentry"],"_links":{"self":[{"href":"https:\/\/www.appyweb.es\/diccionario\/wp-json\/wp\/v2\/pages\/3070","targetHints":{"allow":["GET"]}}],"collection":[{"href":"https:\/\/www.appyweb.es\/diccionario\/wp-json\/wp\/v2\/pages"}],"about":[{"href":"https:\/\/www.appyweb.es\/diccionario\/wp-json\/wp\/v2\/types\/page"}],"author":[{"embeddable":true,"href":"https:\/\/www.appyweb.es\/diccionario\/wp-json\/wp\/v2\/users\/1"}],"replies":[{"embeddable":true,"href":"https:\/\/www.appyweb.es\/diccionario\/wp-json\/wp\/v2\/comments?post=3070"}],"version-history":[{"count":7,"href":"https:\/\/www.appyweb.es\/diccionario\/wp-json\/wp\/v2\/pages\/3070\/revisions"}],"predecessor-version":[{"id":16231,"href":"https:\/\/www.appyweb.es\/diccionario\/wp-json\/wp\/v2\/pages\/3070\/revisions\/16231"}],"wp:featuredmedia":[{"embeddable":true,"href":"https:\/\/www.appyweb.es\/diccionario\/wp-json\/wp\/v2\/media\/16225"}],"wp:attachment":[{"href":"https:\/\/www.appyweb.es\/diccionario\/wp-json\/wp\/v2\/media?parent=3070"}],"curies":[{"name":"wp","href":"https:\/\/api.w.org\/{rel}","templated":true}]}}