{"id":3074,"date":"2023-06-22T14:02:05","date_gmt":"2023-06-22T14:02:05","guid":{"rendered":"https:\/\/www.appyweb.es\/diccionario\/?post_type=project&#038;p=3074"},"modified":"2024-05-02T14:17:00","modified_gmt":"2024-05-02T14:17:00","slug":"meta-title","status":"publish","type":"page","link":"https:\/\/www.appyweb.es\/diccionario\/meta-title\/","title":{"rendered":"Meta Title"},"content":{"rendered":"<figure id=\"attachment_16233\" aria-describedby=\"caption-attachment-16233\" style=\"width: 1000px\" class=\"wp-caption alignnone\"><img loading=\"lazy\" decoding=\"async\" class=\"size-full wp-image-16233\" src=\"https:\/\/www.appyweb.es\/diccionario\/wp-content\/uploads\/2024\/05\/MetaTitle.jpg\" alt=\"Meta Title\" width=\"1000\" height=\"600\" srcset=\"https:\/\/www.appyweb.es\/diccionario\/wp-content\/uploads\/2024\/05\/MetaTitle.jpg 1000w, https:\/\/www.appyweb.es\/diccionario\/wp-content\/uploads\/2024\/05\/MetaTitle-300x180.jpg 300w, https:\/\/www.appyweb.es\/diccionario\/wp-content\/uploads\/2024\/05\/MetaTitle-768x461.jpg 768w\" sizes=\"auto, (max-width: 1000px) 100vw, 1000px\" \/><figcaption id=\"caption-attachment-16233\" class=\"wp-caption-text\">Personas haciendo una pagina web con html.<\/figcaption><\/figure>\n<p>Es una de las etiquetas de la cabecera del HTML y se utiliza para indicar el t\u00edtulo de un contenido de una p\u00e1gina web. El <strong>meta-title es uno de los elementos m\u00e1s importantes<\/strong> que se muestran en la p\u00e1gina de resultados de b\u00fasqueda o SERP&#8217;s.<\/p>\n<h2>\u00bfQu\u00e9 es meta title?<\/h2>\n<p>Es un elemento que se utiliza para indicar el t\u00edtulo de un sitio web, <strong>tiene gran relevancia para la p\u00e1gina de resultados de b\u00fasqueda o SERP<\/strong>, porque es el elemento que se muestra para hacer clic sobre \u00e9l. Su importancia tiene dos vertientes, la primera est\u00e1 <a href=\"https:\/\/www.appyweb.es\/posicionamiento-web\/\">relacionada con el posicionamiento web<\/a>, si se utiliza un buen t\u00edtulo, empleando las palabras claves correctas, se garantizar\u00e1 una buena visualizaci\u00f3n.<\/p>\n<p>La segunda vertiente se refiere a su importante frente a los usuarios, ya que a trav\u00e9s del t\u00edtulo podr\u00e1n <strong>determinar si la informaci\u00f3n es relevante para su b\u00fasqueda o no<\/strong>. Es necesario no confundir el meta-title con la etiqueta h1, que bien ambas cumplen el rol de mostrar un t\u00edtulo, pero el primero est\u00e1 dirigido a la p\u00e1gina de resultados y el segundo al contenido dentro de la p\u00e1gina.<\/p>\n<h2>\u00bfPara qu\u00e9 sirve un meta title?<\/h2>\n<p>Su funci\u00f3n b\u00e1sica es mostrar la idea principal del contenido en <strong>una sola frase que se mostrar\u00e1 en las SERP\\&#8217;s<\/strong>, si se optimiza de forma correcta este puede generar un buen posicionamiento web dentro de la misma. Asimismo, tambi\u00e9n tiene la funci\u00f3n de llamar la atenci\u00f3n de los usuarios para que hagan clic dentro de sitio web. As\u00ed que tambi\u00e9n es uno de los aspectos m\u00e1s importantes a <a href=\"https:\/\/www.appyweb.es\/auditoria-seo\/\">evaluar durante las auditor\u00edas SEO<\/a>.<\/p>\n<p>Con el t\u00edtulo tambi\u00e9n se puede hacer una diferenciaci\u00f3n de la competencia, se puede crear uno jugando con diferentes palabras claves para atraer nuevos nichos de mercado. Se puede decir <strong>que el t\u00edtulo es el elemento m\u00e1s importante<\/strong> durante la construcci\u00f3n de la cabecera del c\u00f3digo HTML del sitio, ya que sin t\u00edtulo el resto del c\u00f3digo puede ser irrelevante.<\/p>\n<h2>C\u00f3mo escribir un meta title<\/h2>\n<ul>\n<li>Para empezar, el t\u00edtulo siempre debe ser original, nunca debe ser una copia de otro t\u00edtulo o sitio en Internet, ya que esto se considera plagio. Tampoco debe ser exactamente igual a cualquier otro t\u00edtulo dentro del mismo sitio.<\/li>\n<li>Es importante realizar una investigaci\u00f3n de palabras clave, especialmente para <strong>utilizar keywords que tengan un nivel de b\u00fasqueda m\u00e1s apropiado<\/strong> para la estrategia de posicionamiento.<\/li>\n<li>Es recomendable que el t\u00edtulo no tenga m\u00e1s de 50 caracteres.<\/li>\n<li>Si se utilizan palabras clave de cola larga existen m\u00e1s probabilidades de posicionarse en nichos de mercados espec\u00edficos.<\/li>\n<li>Tambi\u00e9n es importante escribir para los usuarios, no solo para el posicionamiento con el robot.<\/li>\n<\/ul>\n<h2>Ejemplo de meta title<\/h2>\n<p>Encontrar un ejemplo de meta title es bastante f\u00e1cil, solo es cuesti\u00f3n de <strong>hacer una b\u00fasqueda en Google y visualizar las frases resaltadas<\/strong> con el t\u00edpico color azul. Aqu\u00ed tienes una imagen para que sepas c\u00f3mo identificarlo.<\/p>\n<p><script type=\"application\/ld+json\">{\"@context\":\"https:\/\/schema.org\",\"@type\":\"FAQPage\",\"mainEntity\":[ \n{\"@type\":\"Question\",\"name\":\"\ud83d\udccc \u00bfQu\u00e9 es meta title?\",\"acceptedAnswer\":{\"@type\":\"Answer\",\"text\":\"<\/p>\n<p>Es un elemento que se utiliza para indicar el t\u00edtulo de un sitio web, <strong>tiene gran relevancia para la p\u00e1gina de resultados de b\u00fasqueda o SERP<\/strong>, porque es el elemento que se muestra para hacer clic sobre \u00e9l. Su importancia tiene dos vertientes, la primera est\u00e1 <a href='https:\/\/www.appyweb.es\/posicionamiento-web\/'>relacionada con el posicionamiento web<\/a>, si se utiliza un buen t\u00edtulo, empleando las palabras claves correctas, se garantizar\u00e1 una buena visualizaci\u00f3n.<\/p>\n<p>La segunda vertiente se refiere a su importante frente a los usuarios, ya que a trav\u00e9s del t\u00edtulo podr\u00e1n <strong>determinar si la informaci\u00f3n es relevante para su b\u00fasqueda o no<\/strong>. Es necesario no confundir el meta-title con la etiqueta h1, que bien ambas cumplen el rol de mostrar un t\u00edtulo, pero el primero est\u00e1 dirigido a la p\u00e1gina de resultados y el segundo al contenido dentro de la p\u00e1gina.<\/p>\n<p>\"}},\n{\"@type\":\"Question\",\"name\":\"\ud83d\udccc \u00bfPara qu\u00e9 sirve un meta title?\",\"acceptedAnswer\":{\"@type\":\"Answer\",\"text\":\"<\/p>\n<p>Su funci\u00f3n b\u00e1sica es mostrar la idea principal del contenido en <strong>una sola frase que se mostrar\u00e1 en las SERP\\'s<\/strong>, si se optimiza de forma correcta este puede generar un buen posicionamiento web dentro de la misma. Asimismo, tambi\u00e9n tiene la funci\u00f3n de llamar la atenci\u00f3n de los usuarios para que hagan clic dentro de sitio web. As\u00ed que tambi\u00e9n es uno de los aspectos m\u00e1s importantes a <a href='https:\/\/www.appyweb.es\/auditoria-seo\/'>evaluar durante las auditor\u00edas SEO<\/a>.<\/p>\n<p>Con el t\u00edtulo tambi\u00e9n se puede hacer una diferenciaci\u00f3n de la competencia, se puede crear uno jugando con diferentes palabras claves para atraer nuevos nichos de mercado. Se puede decir <strong>que el t\u00edtulo es el elemento m\u00e1s importante<\/strong> durante la construcci\u00f3n de la cabecera del c\u00f3digo HTML del sitio, ya que sin t\u00edtulo el resto del c\u00f3digo puede ser irrelevante.<\/p>\n<p>\"}},\n{\"@type\":\"Question\",\"name\":\"\ud83d\udccc C\u00f3mo escribir un meta title\",\"acceptedAnswer\":{\"@type\":\"Answer\",\"text\":\"<\/p>\n<\/p>\n<\/p>\n<ul>\n<\/p>\n<\/p>\n<li>Para empezar, el t\u00edtulo siempre debe ser original, nunca debe ser una copia de otro t\u00edtulo o sitio en Internet, ya que esto se considera plagio. Tampoco debe ser exactamente igual a cualquier otro t\u00edtulo dentro del mismo sitio.<\/li>\n<\/p>\n<\/p>\n<\/p>\n<\/p>\n<\/p>\n<\/p>\n<\/p>\n<li>Es importante realizar una investigaci\u00f3n de palabras clave, especialmente para <strong>utilizar keywords que tengan un nivel de b\u00fasqueda m\u00e1s apropiado<\/strong> para la estrategia de posicionamiento.<\/li>\n<\/p>\n<\/p>\n<\/p>\n<\/p>\n<\/p>\n<\/p>\n<\/p>\n<li>Es recomendable que el t\u00edtulo no tenga m\u00e1s de 50 caracteres.<\/li>\n<\/p>\n<\/p>\n<\/p>\n<\/p>\n<\/p>\n<\/p>\n<\/p>\n<li>Si se utilizan palabras clave de cola larga existen m\u00e1s probabilidades de posicionarse en nichos de mercados espec\u00edficos.<\/li>\n<\/p>\n<\/p>\n<\/p>\n<\/p>\n<\/p>\n<\/p>\n<\/p>\n<li>Tambi\u00e9n es importante escribir para los usuarios, no solo para el posicionamiento con el robot.<\/li>\n<\/p>\n<\/p>\n<\/p>\n<\/p>\n<\/p>\n<\/ul>\n<\/p>\n<\/p>\n<\/p>\n<\/p>\n<\/p>\n<p>\"}},\n{\"@type\":\"Question\",\"name\":\"\ud83d\udccc Ejemplo de meta title\",\"acceptedAnswer\":{\"@type\":\"Answer\",\"text\":\"<\/p>\n<p>Encontrar un ejemplo de meta title es bastante f\u00e1cil, solo es cuesti\u00f3n de <strong>hacer una b\u00fasqueda en Google y visualizar las frases resaltadas<\/strong> con el t\u00edpico color azul. Aqu\u00ed tienes una imagen para que sepas c\u00f3mo identificarlo.<\/p>\n<p>\"}}\n]}<\/script><\/p>\n<h2>M\u00e1s informaci\u00f3n sobre meta title<\/h2>\n<p>Aunque es uno de los elementos m\u00e1s importantes, tambi\u00e9n puede ser el m\u00e1s dif\u00edcil de redactar. Si quieres tener <strong>algunas ideas para hacer un t\u00edtulo perfecto para posicionar<\/strong> mira los siguientes enlaces.<\/p>\n<ul>\n<li><a href=\"https:\/\/www.appyweb.es\/factores-importantes-html-seo\/\">5 factores importantes en el HTML de tu web para el SEO<\/a><\/li>\n<li><a href=\"https:\/\/es.semrush.com\/blog\/meta-title-guia-seo\/\" rel=\"nofollow noopener\" target=\"_blank\">Meta title: gu\u00eda SEO para aprender a escribirla eficazmente<\/a><\/li>\n<\/ul>\n<p>&nbsp;<\/p>\n","protected":false},"excerpt":{"rendered":"<p>Es una de las etiquetas de la cabecera del HTML y se utiliza para indicar el t\u00edtulo de un contenido de una p\u00e1gina web. El meta-title es uno de los elementos m\u00e1s importantes que se muestran en la p\u00e1gina de resultados de b\u00fasqueda o SERP&#8217;s. \u00bfQu\u00e9 es meta title? Es un elemento que se utiliza [&hellip;]<\/p>\n","protected":false},"author":1,"featured_media":16233,"parent":0,"menu_order":0,"comment_status":"open","ping_status":"closed","template":"","meta":{"inline_featured_image":false,"footnotes":""},"class_list":["post-3074","page","type-page","status-publish","has-post-thumbnail","hentry"],"_links":{"self":[{"href":"https:\/\/www.appyweb.es\/diccionario\/wp-json\/wp\/v2\/pages\/3074","targetHints":{"allow":["GET"]}}],"collection":[{"href":"https:\/\/www.appyweb.es\/diccionario\/wp-json\/wp\/v2\/pages"}],"about":[{"href":"https:\/\/www.appyweb.es\/diccionario\/wp-json\/wp\/v2\/types\/page"}],"author":[{"embeddable":true,"href":"https:\/\/www.appyweb.es\/diccionario\/wp-json\/wp\/v2\/users\/1"}],"replies":[{"embeddable":true,"href":"https:\/\/www.appyweb.es\/diccionario\/wp-json\/wp\/v2\/comments?post=3074"}],"version-history":[{"count":6,"href":"https:\/\/www.appyweb.es\/diccionario\/wp-json\/wp\/v2\/pages\/3074\/revisions"}],"predecessor-version":[{"id":16238,"href":"https:\/\/www.appyweb.es\/diccionario\/wp-json\/wp\/v2\/pages\/3074\/revisions\/16238"}],"wp:featuredmedia":[{"embeddable":true,"href":"https:\/\/www.appyweb.es\/diccionario\/wp-json\/wp\/v2\/media\/16233"}],"wp:attachment":[{"href":"https:\/\/www.appyweb.es\/diccionario\/wp-json\/wp\/v2\/media?parent=3074"}],"curies":[{"name":"wp","href":"https:\/\/api.w.org\/{rel}","templated":true}]}}