{"id":3078,"date":"2023-06-22T14:03:04","date_gmt":"2023-06-22T14:03:04","guid":{"rendered":"https:\/\/www.appyweb.es\/diccionario\/?post_type=project&#038;p=3078"},"modified":"2024-05-02T14:37:08","modified_gmt":"2024-05-02T14:37:08","slug":"metabuscadores","status":"publish","type":"page","link":"https:\/\/www.appyweb.es\/diccionario\/metabuscadores\/","title":{"rendered":"Metabuscadores"},"content":{"rendered":"<figure id=\"attachment_16240\" aria-describedby=\"caption-attachment-16240\" style=\"width: 1000px\" class=\"wp-caption alignnone\"><img loading=\"lazy\" decoding=\"async\" class=\"size-full wp-image-16240\" src=\"https:\/\/www.appyweb.es\/diccionario\/wp-content\/uploads\/2024\/05\/Metabuscadores.jpg\" alt=\"Metabuscadores\" width=\"1000\" height=\"600\" srcset=\"https:\/\/www.appyweb.es\/diccionario\/wp-content\/uploads\/2024\/05\/Metabuscadores.jpg 1000w, https:\/\/www.appyweb.es\/diccionario\/wp-content\/uploads\/2024\/05\/Metabuscadores-300x180.jpg 300w, https:\/\/www.appyweb.es\/diccionario\/wp-content\/uploads\/2024\/05\/Metabuscadores-768x461.jpg 768w\" sizes=\"auto, (max-width: 1000px) 100vw, 1000px\" \/><figcaption id=\"caption-attachment-16240\" class=\"wp-caption-text\">Persona mirando con una lupa un buscador de un navegador.<\/figcaption><\/figure>\n<p>Son sistemas o algoritmos que utilizan las bases de datos de otros motores de b\u00fasqueda, para mostrar una p\u00e1gina de resultados. Los <strong>metabuscadores utilizan informaci\u00f3n de otros buscadores<\/strong> para mostrar los resultados m\u00e1s relevantes de cada uno.<\/p>\n<h2>\u00bfQu\u00e9 son los metabuscadores?<\/h2>\n<p>Un meta buscador es una herramienta donde es posible <strong>realizar una b\u00fasqueda en otros buscadores al mismo tiempo<\/strong>. De esta forma, no utiliza una base de datos propia sino de otras herramientas. Es muy \u00fatil porque se pueden visualizar cu\u00e1les son los sitios web que <a href=\"https:\/\/www.appyweb.es\/posicionamiento-web\/\">tienen un mejor posicionamiento web<\/a> desde la perspectiva de una herramienta de b\u00fasqueda m\u00e1s amplia.<\/p>\n<p>De esta forma, se puede decir que los resultados que ofrecen son m\u00e1s avanzados y mejor posicionados que con herramientas m\u00e1s espec\u00edficas, ya que tienen acceso a una <strong>gran cantidad de informaci\u00f3n para una sola palabra clave o consulta<\/strong>. Puede ser utilizado por cualquier tipo de usuario, pero es m\u00e1s frecuente por parte de profesionales de SEO.<\/p>\n<h2>\u00bfPara qu\u00e9 sirven los metabuscadores?<\/h2>\n<p>La funci\u00f3n principal es ofrecer resultados de calidad y en mucha cantidad, puede ser sustancial para <strong>encontrar la mejor informaci\u00f3n que exista sobre una consulta en Internet<\/strong>. Es por esto que son muy <a href=\"https:\/\/www.appyweb.es\/auditoria-seo\/\">utilizados durante las auditor\u00edas SEO<\/a>, ya que permiten hacer comparaciones con los sitios web que est\u00e1n mejor posicionados.<\/p>\n<p>Tambi\u00e9n es importante mencionar que algunas de estas herramientas incluyen funcionalidades adicionales, como puede ser la organizaci\u00f3n de los resultados seg\u00fan su relevancia esto permite hacer un an\u00e1lisis de posicionamiento m\u00e1s efectivo.<\/p>\n<h2>Desventajas de los metabuscadores<\/h2>\n<p>Uno de los contras m\u00e1s destacados cuando se trata de utilizar este tipo de herramientas es que <strong>no tienen un sistema de sintaxis de b\u00fasqueda propia<\/strong>, al utilizar una base de datos a partir de terceros no son capaces de distinguir entre los elementos de evaluaci\u00f3n para las SERP\\&#8217;s. De forma que ser\u00e1 muy dif\u00edcil encontrar informaci\u00f3n muy espec\u00edfica al utilizarlos.<\/p>\n<p>Aparte, al tener que posicionar en diferentes resultados de muchas fuentes a la vez, puede que el tiempo de b\u00fasqueda sea incluso m\u00e1s largo. Sin embargo algunos incluyen un sistema para establecer un tiempo m\u00e1ximo al realizar la b\u00fasqueda.<\/p>\n<h2>Ejemplo de metabuscadores<\/h2>\n<p>Existen muchos tipos de metabuscadores, pero los m\u00e1s utilizados son para el sector turismo. Ya que permiten encontrar ofertas en viajes, vuelos y hoteles en un solo destino, a partir de diferentes sitios web o buscadores generales. Algunos de los m\u00e1s utilizados son Trivago, Kayak, Tripadvisor, entre otros.<\/p>\n<p>En cuanto a b\u00fasquedas m\u00e1s generales, podemos nombrar a Ixquick que es una herramienta que <strong>permite seleccionar de d\u00f3nde se quiere extraer la informaci\u00f3n<\/strong>, entre esas opciones incluye Google, Messenger, Yahoo, entre otros.<\/p>\n<p><script type=\"application\/ld+json\">{\"@context\":\"https:\/\/schema.org\",\"@type\":\"FAQPage\",\"mainEntity\":[ \n{\"@type\":\"Question\",\"name\":\"\ud83d\udccc \u00bfQu\u00e9 son los metabuscadores?\",\"acceptedAnswer\":{\"@type\":\"Answer\",\"text\":\"<\/p>\n<\/p>\n<\/p>\n<\/p>\n<\/p>\n<p>Un meta buscador es una herramienta donde es posible <strong>realizar una b\u00fasqueda en otros buscadores al mismo tiempo<\/strong>. De esta forma, no utiliza una base de datos propia sino de otras herramientas. Es muy \u00fatil porque se pueden visualizar cu\u00e1les son los sitios web que <a href='https:\/\/www.appyweb.es\/posicionamiento-web\/'>tienen un mejor posicionamiento web<\/a>  desde la perspectiva de una herramienta de b\u00fasqueda m\u00e1s amplia.<\/p>\n<\/p>\n<\/p>\n<\/p>\n<\/p>\n<\/p>\n<\/p>\n<\/p>\n<\/p>\n<p>De esta forma, se puede decir que los resultados que ofrecen son m\u00e1s avanzados y mejor posicionados que con herramientas m\u00e1s espec\u00edficas, ya que tienen acceso a una <strong>gran cantidad de informaci\u00f3n para una sola palabra clave o consulta<\/strong>. Puede ser utilizado por cualquier tipo de usuario, pero es m\u00e1s frecuente por parte de profesionales de SEO.<\/p>\n<\/p>\n<\/p>\n<\/p>\n<\/p>\n<p>\"}},\n{\"@type\":\"Question\",\"name\":\"\ud83d\udccc \u00bfPara qu\u00e9 sirven los metabuscadores?\",\"acceptedAnswer\":{\"@type\":\"Answer\",\"text\":\"<\/p>\n<\/p>\n<\/p>\n<\/p>\n<\/p>\n<p>La funci\u00f3n principal es ofrecer resultados de calidad y en mucha cantidad, puede ser sustancial para <strong>encontrar la mejor informaci\u00f3n que exista sobre una consulta en Internet<\/strong>. Es por esto que son muy <a href='https:\/\/www.appyweb.es\/auditoria-seo\/'>utilizados durante las auditor\u00edas SEO<\/a>,  ya que permiten hacer comparaciones con los sitios web que est\u00e1n mejor posicionados.<\/p>\n<\/p>\n<\/p>\n<\/p>\n<\/p>\n<\/p>\n<\/p>\n<\/p>\n<\/p>\n<p>Tambi\u00e9n es importante mencionar que algunas de estas herramientas incluyen funcionalidades adicionales, como puede ser la organizaci\u00f3n de los resultados seg\u00fan su relevancia esto permite hacer un an\u00e1lisis de posicionamiento m\u00e1s efectivo.<\/p>\n<\/p>\n<\/p>\n<\/p>\n<\/p>\n<p>\"}},\n{\"@type\":\"Question\",\"name\":\"\ud83d\udccc Desventajas de los metabuscadores\",\"acceptedAnswer\":{\"@type\":\"Answer\",\"text\":\"<\/p>\n<\/p>\n<\/p>\n<\/p>\n<\/p>\n<p>Uno de los contras m\u00e1s destacados cuando se trata de utilizar este tipo de herramientas es que <strong>no tienen un sistema de sintaxis de b\u00fasqueda propia<\/strong>, al utilizar una base de datos a partir de terceros no son capaces de distinguir entre los elementos de evaluaci\u00f3n para las SERP\\'s. De forma que ser\u00e1 muy dif\u00edcil encontrar informaci\u00f3n muy espec\u00edfica al utilizarlos.<\/p>\n<\/p>\n<\/p>\n<\/p>\n<\/p>\n<\/p>\n<\/p>\n<\/p>\n<\/p>\n<p>Aparte, al tener que posicionar en diferentes resultados de muchas fuentes a la vez, puede que el tiempo de b\u00fasqueda sea incluso m\u00e1s largo. Sin embargo algunos incluyen un sistema para establecer un tiempo m\u00e1ximo al realizar la b\u00fasqueda.<\/p>\n<\/p>\n<\/p>\n<\/p>\n<\/p>\n<p>\"}},\n{\"@type\":\"Question\",\"name\":\"\ud83d\udccc Ejemplo de metabuscadores\",\"acceptedAnswer\":{\"@type\":\"Answer\",\"text\":\"<\/p>\n<\/p>\n<\/p>\n<\/p>\n<\/p>\n<p>Existen muchos tipos de metabuscadores, pero los m\u00e1s utilizados son para el sector turismo. Ya que permiten encontrar ofertas en viajes, vuelos y hoteles en un solo destino, a partir de diferentes sitios web o buscadores generales. Algunos de los m\u00e1s utilizados son Trivago, Kayak, Tripadvisor, entre otros.<\/p>\n<\/p>\n<\/p>\n<\/p>\n<\/p>\n<\/p>\n<\/p>\n<\/p>\n<\/p>\n<p>En cuanto a b\u00fasquedas m\u00e1s generales, podemos nombrar a Ixquick que es una herramienta que <strong>permite seleccionar de d\u00f3nde se quiere extraer la informaci\u00f3n<\/strong>, entre esas opciones incluye Google, Messenger, Yahoo, entre otros.<\/p>\n<\/p>\n<\/p>\n<\/p>\n<\/p>\n<p>\"}}\n]}<\/script><\/p>\n<h2>M\u00e1s informaci\u00f3n sobre metabuscadores<\/h2>\n<p>Si tienes un negocio dirigido al turismo de viajes es importante que sepas c\u00f3mo utilizar estas herramientas. Si quieres conocer un poco m\u00e1s al respecto mira los siguientes enlaces.<\/p>\n<ul>\n<li><a href=\"https:\/\/www.appyweb.es\/diccionario\/marketing-en-buscadores\/\">\u00bfQu\u00e9 es el Marketing en Buscadores y para qu\u00e9 sirve?<\/a><\/li>\n<li><a href=\"https:\/\/www.hosteltur.com\/comunidad\/nota\/023864_como-sacarle-mayor-rentabilidad-a-los-metabuscadores.html\" rel=\"nofollow noopener\" target=\"_blank\">C\u00f3mo sacarle mayor rentabilidad a los metabuscadores<\/a><\/li>\n<\/ul>\n<p>&nbsp;<\/p>\n","protected":false},"excerpt":{"rendered":"<p>Son sistemas o algoritmos que utilizan las bases de datos de otros motores de b\u00fasqueda, para mostrar una p\u00e1gina de resultados. Los metabuscadores utilizan informaci\u00f3n de otros buscadores para mostrar los resultados m\u00e1s relevantes de cada uno. \u00bfQu\u00e9 son los metabuscadores? Un meta buscador es una herramienta donde es posible realizar una b\u00fasqueda en otros [&hellip;]<\/p>\n","protected":false},"author":1,"featured_media":16240,"parent":0,"menu_order":0,"comment_status":"open","ping_status":"closed","template":"","meta":{"inline_featured_image":false,"footnotes":""},"class_list":["post-3078","page","type-page","status-publish","has-post-thumbnail","hentry"],"_links":{"self":[{"href":"https:\/\/www.appyweb.es\/diccionario\/wp-json\/wp\/v2\/pages\/3078","targetHints":{"allow":["GET"]}}],"collection":[{"href":"https:\/\/www.appyweb.es\/diccionario\/wp-json\/wp\/v2\/pages"}],"about":[{"href":"https:\/\/www.appyweb.es\/diccionario\/wp-json\/wp\/v2\/types\/page"}],"author":[{"embeddable":true,"href":"https:\/\/www.appyweb.es\/diccionario\/wp-json\/wp\/v2\/users\/1"}],"replies":[{"embeddable":true,"href":"https:\/\/www.appyweb.es\/diccionario\/wp-json\/wp\/v2\/comments?post=3078"}],"version-history":[{"count":5,"href":"https:\/\/www.appyweb.es\/diccionario\/wp-json\/wp\/v2\/pages\/3078\/revisions"}],"predecessor-version":[{"id":16244,"href":"https:\/\/www.appyweb.es\/diccionario\/wp-json\/wp\/v2\/pages\/3078\/revisions\/16244"}],"wp:featuredmedia":[{"embeddable":true,"href":"https:\/\/www.appyweb.es\/diccionario\/wp-json\/wp\/v2\/media\/16240"}],"wp:attachment":[{"href":"https:\/\/www.appyweb.es\/diccionario\/wp-json\/wp\/v2\/media?parent=3078"}],"curies":[{"name":"wp","href":"https:\/\/api.w.org\/{rel}","templated":true}]}}