{"id":3095,"date":"2023-06-22T14:06:56","date_gmt":"2023-06-22T14:06:56","guid":{"rendered":"https:\/\/www.appyweb.es\/diccionario\/?post_type=project&#038;p=3095"},"modified":"2024-05-09T11:17:49","modified_gmt":"2024-05-09T11:17:49","slug":"microblogging","status":"publish","type":"page","link":"https:\/\/www.appyweb.es\/diccionario\/microblogging\/","title":{"rendered":"Microblogging"},"content":{"rendered":"<figure id=\"attachment_16321\" aria-describedby=\"caption-attachment-16321\" style=\"width: 1000px\" class=\"wp-caption alignnone\"><img loading=\"lazy\" decoding=\"async\" class=\"size-full wp-image-16321\" src=\"https:\/\/www.appyweb.es\/diccionario\/wp-content\/uploads\/2024\/05\/Microblogging.jpg\" alt=\"Microblogging\" width=\"1000\" height=\"600\" srcset=\"https:\/\/www.appyweb.es\/diccionario\/wp-content\/uploads\/2024\/05\/Microblogging.jpg 1000w, https:\/\/www.appyweb.es\/diccionario\/wp-content\/uploads\/2024\/05\/Microblogging-300x180.jpg 300w, https:\/\/www.appyweb.es\/diccionario\/wp-content\/uploads\/2024\/05\/Microblogging-768x461.jpg 768w\" sizes=\"auto, (max-width: 1000px) 100vw, 1000px\" \/><figcaption id=\"caption-attachment-16321\" class=\"wp-caption-text\">Personas en un portatil escribiendo mensajes de texto para un blog.<\/figcaption><\/figure>\n<p>Es una tendencia de blogueo que consiste en enviar mensajes, en su mayor\u00eda de solo texto. El microblogging, tambi\u00e9n conocido como nanoblogging, <strong>es una pr\u00e1ctica que se difunde a trav\u00e9s de algunas redes sociales<\/strong>, SMS y otras plataformas.<\/p>\n<h2>\u00bfQu\u00e9 es Microblogging?<\/h2>\n<p>Es un tipo de difusi\u00f3n de contenidos que consiste en enviar mensajes cortos, pero concisos. El <strong>microblogging se utiliza con frecuencia en la mensajer\u00eda instant\u00e1nea<\/strong>, como pueden ser los mensajes de texto \u201cSMS\u201d, aplicaciones como Telegram o Whastapp, Line, etc. Se puede decir que es una <a href=\"https:\/\/www.appyweb.es\/marketing-de-contenidos\/\">estrategia de marketing de contenidos<\/a> instant\u00e1nea, efectiva e ideal para promocionarse.<\/p>\n<p>Se puede decir que es una estrategia personalizada, ya que la empresa puede interactuar con los usuarios de forma individual por los mensajes. Es muy recomendado para las empresas que quieren segmentar sus servicios y hacer campa\u00f1as dirigidas especialmente a un tipo de cliente.<\/p>\n<h2>\u00bfPara qu\u00e9 se utiliza el microblogging?<\/h2>\n<p>La funci\u00f3n principal de esta pr\u00e1ctica es <strong>facilitar la interacci\u00f3n personalizada con la audiencia<\/strong>, si se env\u00eda una campa\u00f1a v\u00eda SMS es posible que se genere un feedback que puede ser m\u00e1s \u00edntimo que a trav\u00e9s de otros canales. A parte, las respuestas de las campa\u00f1as son r\u00e1pidas y cortas, lo que permite conocer la eficiencia de las mismas de primera mano.<\/p>\n<p>Igualmente, el nanoblogging tiene mucha popularidad cuando se trata de hacer publicidad, enviar anuncios, hacer difusi\u00f3n de eventos, etc. Lo mejor es que actualmente existen herramientas que cuentan con funcionalidades para a\u00f1adir elementos gr\u00e1ficos y mejorar la experiencia con el usuario.<\/p>\n<h2>Ventajas y desventajas del microblogging<\/h2>\n<p>La principal ventaja es que es un canal de difusi\u00f3n muy econ\u00f3mico, a diferencia de un blog normal, no es necesario pagar por un dominio, almacenamiento, entre otros gastos adicionales de <a href=\"https:\/\/www.appyweb.es\/gestion-blog-empresas\/\">la gesti\u00f3n del blog de empresas<\/a>. Los perfiles en redes sociales y las aplicaciones <strong>son gratis en su mayor\u00eda y son f\u00e1ciles de administrar<\/strong>. Otros beneficios son los siguientes.<\/p>\n<ul>\n<li>No es necesario investigar demasiado, ya que el mensaje es corto, la investigaci\u00f3n tambi\u00e9n lo ser\u00e1.<\/li>\n<li>La acci\u00f3n social es directa, no es necesario difundirlo previamente con un enlace.<\/li>\n<li>Se pueden <strong>visualizar desde cualquier dispositivo m\u00f3vil<\/strong>, sin hacer modificaciones responsivas.<\/li>\n<li>Tienen varias opciones de multimedia, fotos, v\u00eddeos, gifs, etc.<\/li>\n<\/ul>\n<p>Por otro lado, sus desventajas se enfocan en el SEO, es m\u00e1s dif\u00edcil posicionar en un perfil de redes sociales que con un sitio web. Aparte, el contenido es muy limitado y requiere de una buena tasa de seguidores para que no pierda su relevancia.<\/p>\n<h2>Ejemplo de microblogging<\/h2>\n<p>El ejemplo m\u00e1s destacado de nanoblogging es la red social Twitter, cuenta con <strong>hasta 280 caracteres para desarrollar un micro-contenido<\/strong>, es ideal por su popularidad y nivel de difusi\u00f3n. Aparte, cuenta con elementos como los hashtags para clasificar el contenido, ofrece privacidad y muchas funciones adicionales como hacer encuestas, preguntas, etc.<\/p>\n<p><script type=\"application\/ld+json\">{\"@context\":\"https:\/\/schema.org\",\"@type\":\"FAQPage\",\"mainEntity\":[ \n{\"@type\":\"Question\",\"name\":\"\ud83d\udccc \u00bfQu\u00e9 es Microblogging?\",\"acceptedAnswer\":{\"@type\":\"Answer\",\"text\":\"<\/p>\n<p>Es un tipo de difusi\u00f3n de contenidos que consiste en enviar mensajes cortos, pero concisos. El <strong>microblogging se utiliza con frecuencia en la mensajer\u00eda instant\u00e1nea<\/strong>, como pueden ser los mensajes de texto \u201cSMS\u201d, aplicaciones como Telegram o Whastapp, Line, etc. Se puede decir que es una <a href='https:\/\/www.appyweb.es\/marketing-de-contenidos\/'>estrategia de marketing de contenidos<\/a> instant\u00e1nea, efectiva e ideal para promocionarse.<\/p>\n<p>Se puede decir que es una estrategia personalizada, ya que la empresa puede interactuar con los usuarios de forma individual por los mensajes. Es muy recomendado para las empresas que quieren segmentar sus servicios y hacer campa\u00f1as dirigidas especialmente a un tipo de cliente.<\/p>\n<p>\"}},\n{\"@type\":\"Question\",\"name\":\"\ud83d\udccc \u00bfPara qu\u00e9 se utiliza el microblogging?\",\"acceptedAnswer\":{\"@type\":\"Answer\",\"text\":\"<\/p>\n<p>La funci\u00f3n principal de esta pr\u00e1ctica es <strong>facilitar la interacci\u00f3n personalizada con la audiencia<\/strong>, si se env\u00eda una campa\u00f1a v\u00eda SMS es posible que se genere un feedback que puede ser m\u00e1s \u00edntimo que a trav\u00e9s de otros canales. A parte, las respuestas de las campa\u00f1as son r\u00e1pidas y cortas, lo que permite conocer la eficiencia de las mismas de primera mano.<\/p>\n<p>Igualmente, el nanoblogging tiene mucha popularidad cuando se trata de hacer publicidad, enviar anuncios, hacer difusi\u00f3n de eventos, etc. Lo mejor es que actualmente existen herramientas que cuentan con funcionalidades para a\u00f1adir elementos gr\u00e1ficos y mejorar la experiencia con el usuario.<\/p>\n<p>\"}},\n{\"@type\":\"Question\",\"name\":\"\ud83d\udccc Ventajas y desventajas del microblogging\",\"acceptedAnswer\":{\"@type\":\"Answer\",\"text\":\"<\/p>\n<p>La principal ventaja es que es un canal de difusi\u00f3n muy econ\u00f3mico, a diferencia de un blog normal, no es necesario pagar por un dominio, almacenamiento, entre otros gastos adicionales de <a href='https:\/\/www.appyweb.es\/gestion-blog-empresas\/'>la gesti\u00f3n del blog de empresas<\/a>. Los perfiles en redes sociales y las aplicaciones <strong>son gratis en su mayor\u00eda y son f\u00e1ciles de administrar<\/strong>. Otros beneficios son los siguientes.<\/p>\n<\/p>\n<\/p>\n<ul>\n<\/p>\n<\/p>\n<li>No es necesario investigar demasiado, ya que el mensaje es corto, la investigaci\u00f3n tambi\u00e9n lo ser\u00e1.<\/li>\n<\/p>\n<\/p>\n<\/p>\n<\/p>\n<\/p>\n<\/p>\n<\/p>\n<li>La acci\u00f3n social es directa, no es necesario difundirlo previamente con un enlace.<\/li>\n<\/p>\n<\/p>\n<\/p>\n<\/p>\n<\/p>\n<\/p>\n<\/p>\n<li>Se pueden <strong>visualizar desde cualquier dispositivo m\u00f3vil<\/strong>, sin hacer modificaciones responsivas.<\/li>\n<\/p>\n<\/p>\n<\/p>\n<\/p>\n<\/p>\n<\/p>\n<\/p>\n<li>Tienen varias opciones de multimedia, fotos, v\u00eddeos, gifs, etc.<\/li>\n<\/p>\n<\/p>\n<\/p>\n<\/p>\n<\/p>\n<\/ul>\n<\/p>\n<\/p>\n<\/p>\n<\/p>\n<\/p>\n<p>Por otro lado, sus desventajas se enfocan en el SEO, es m\u00e1s dif\u00edcil posicionar en un perfil de redes sociales que con un sitio web. Aparte, el contenido es muy limitado y requiere de una buena tasa de seguidores para que no pierda su relevancia.<\/p>\n<p>\"}},\n{\"@type\":\"Question\",\"name\":\"\ud83d\udccc Ejemplo de microblogging\",\"acceptedAnswer\":{\"@type\":\"Answer\",\"text\":\"<\/p>\n<p>El ejemplo m\u00e1s destacado de nanoblogging es  la red social Twitter, cuenta con <strong>hasta 280 caracteres para desarrollar un micro-contenido<\/strong>, es ideal por su popularidad y nivel de difusi\u00f3n. Aparte, cuenta con elementos como los hashtags para clasificar el contenido, ofrece privacidad y muchas funciones adicionales como hacer encuestas, preguntas, etc.<\/p>\n<p>\"}}\n]}<\/script><\/p>\n<h2>M\u00e1s informaci\u00f3n sobre microblogging<\/h2>\n<p>\u00bfEstas interesado en esta tendencia? puede ayudarte a fortalecer tus estrategias de difusi\u00f3n, mira un poco m\u00e1s de informaci\u00f3n en los siguientes enlaces.<\/p>\n<ul>\n<li><a href=\"https:\/\/www.appyweb.es\/4-consejos-una-estrategia-marketing-las-redes-sociales\/\">4 consejos para una estrategia de marketing en las redes<\/a><\/li>\n<li><a href=\"https:\/\/escuelainenka.com\/microblogging\/\" rel=\"nofollow noopener\" target=\"_blank\">Microblogging: la t\u00e9cnica de la brevedad y la inmediatez<\/a><\/li>\n<\/ul>\n<p>&nbsp;<\/p>\n","protected":false},"excerpt":{"rendered":"<p>Es una tendencia de blogueo que consiste en enviar mensajes, en su mayor\u00eda de solo texto. El microblogging, tambi\u00e9n conocido como nanoblogging, es una pr\u00e1ctica que se difunde a trav\u00e9s de algunas redes sociales, SMS y otras plataformas. \u00bfQu\u00e9 es Microblogging? Es un tipo de difusi\u00f3n de contenidos que consiste en enviar mensajes cortos, pero [&hellip;]<\/p>\n","protected":false},"author":1,"featured_media":16321,"parent":0,"menu_order":0,"comment_status":"open","ping_status":"closed","template":"","meta":{"inline_featured_image":false,"footnotes":""},"class_list":["post-3095","page","type-page","status-publish","has-post-thumbnail","hentry"],"_links":{"self":[{"href":"https:\/\/www.appyweb.es\/diccionario\/wp-json\/wp\/v2\/pages\/3095","targetHints":{"allow":["GET"]}}],"collection":[{"href":"https:\/\/www.appyweb.es\/diccionario\/wp-json\/wp\/v2\/pages"}],"about":[{"href":"https:\/\/www.appyweb.es\/diccionario\/wp-json\/wp\/v2\/types\/page"}],"author":[{"embeddable":true,"href":"https:\/\/www.appyweb.es\/diccionario\/wp-json\/wp\/v2\/users\/1"}],"replies":[{"embeddable":true,"href":"https:\/\/www.appyweb.es\/diccionario\/wp-json\/wp\/v2\/comments?post=3095"}],"version-history":[{"count":6,"href":"https:\/\/www.appyweb.es\/diccionario\/wp-json\/wp\/v2\/pages\/3095\/revisions"}],"predecessor-version":[{"id":16324,"href":"https:\/\/www.appyweb.es\/diccionario\/wp-json\/wp\/v2\/pages\/3095\/revisions\/16324"}],"wp:featuredmedia":[{"embeddable":true,"href":"https:\/\/www.appyweb.es\/diccionario\/wp-json\/wp\/v2\/media\/16321"}],"wp:attachment":[{"href":"https:\/\/www.appyweb.es\/diccionario\/wp-json\/wp\/v2\/media?parent=3095"}],"curies":[{"name":"wp","href":"https:\/\/api.w.org\/{rel}","templated":true}]}}