{"id":3105,"date":"2023-06-22T14:10:06","date_gmt":"2023-06-22T14:10:06","guid":{"rendered":"https:\/\/www.appyweb.es\/diccionario\/?post_type=project&#038;p=3105"},"modified":"2024-05-09T11:38:26","modified_gmt":"2024-05-09T11:38:26","slug":"microsyscom","status":"publish","type":"page","link":"https:\/\/www.appyweb.es\/diccionario\/microsyscom\/","title":{"rendered":"Microsyscom"},"content":{"rendered":"<figure id=\"attachment_16334\" aria-describedby=\"caption-attachment-16334\" style=\"width: 1000px\" class=\"wp-caption alignnone\"><img loading=\"lazy\" decoding=\"async\" class=\"size-full wp-image-16334\" src=\"https:\/\/www.appyweb.es\/diccionario\/wp-content\/uploads\/2024\/05\/Microsyscom.jpg\" alt=\"Microsyscom\" width=\"1000\" height=\"600\" srcset=\"https:\/\/www.appyweb.es\/diccionario\/wp-content\/uploads\/2024\/05\/Microsyscom.jpg 1000w, https:\/\/www.appyweb.es\/diccionario\/wp-content\/uploads\/2024\/05\/Microsyscom-300x180.jpg 300w, https:\/\/www.appyweb.es\/diccionario\/wp-content\/uploads\/2024\/05\/Microsyscom-768x461.jpg 768w\" sizes=\"auto, (max-width: 1000px) 100vw, 1000px\" \/><figcaption id=\"caption-attachment-16334\" class=\"wp-caption-text\">Persona mirando los pines de un procesador.<\/figcaption><\/figure>\n<p>Se trata de una empresa de mantenimiento y gesti\u00f3n inform\u00e1tica para empresas, <strong>Microsyscom tiene su sede principal en Madrid<\/strong> donde ofrecen servicios en ingenier\u00eda, consultas, redes de ordenadores, entre otros.<\/p>\n<h2>\u00bfQu\u00e9 es Microsyscom?<\/h2>\n<p>Se trata de una empresa que se dedica a hacer mantenimiento a todo lo relacionado con la inform\u00e1tica, <strong>Microsyscom tambi\u00e9n son reconocidos por la implementaci\u00f3n de infraestructuras inform\u00e1ticas<\/strong> de alta seguridad, perfecta para empresas. De esta forma, prometen <a href=\"https:\/\/www.appyweb.es\/optimizacion-velocidad-web\/\">garantizar una buena optimizaci\u00f3n WPO<\/a> para el funcionamiento del sitio web y todos los equipos asociados a la red de su cliente.<\/p>\n<p>Su sede est\u00e1 localizada en Vallecas, provincia espa\u00f1ola de la comunidad de Madrid. En la calle casas de Miravete, 24A, 3, 2, 28031. Sus clientes aseguran que est\u00e1n siempre al tanto de las nuevas tecnolog\u00edas y tendencias en el sector, siendo capaces de trabajar para todo tipo de equipo y sistema.<\/p>\n<h2>Origen de Microsystem<\/h2>\n<p>Esta empresa de ingenier\u00eda y consultor\u00eda en tecnolog\u00edas de la informaci\u00f3n se cre\u00f3 en 2005, a partir de un grupo de profesionales del sector que cumpl\u00edan con bases de cercan\u00eda y experiencia en el sector. La empresa se cre\u00f3 con el objetivo de ayudar a los clientes a <strong>centrarse en sus objetivos en conjunto con las tecnolog\u00edas inform\u00e1ticas<\/strong>, as\u00ed que empezaron a participar en la preparaci\u00f3n de equipos para todo tipo de proyectos como <a href=\"https:\/\/www.appyweb.es\/desarrollo-app\/\">desarrollos de programas<\/a>, implementaci\u00f3n de servidores, etc.<\/p>\n<p>Con el paso del tiempo, se relevaron varios valores que valen la pena destacar de esta empresa de mantenimiento inform\u00e1tico, como la cercan\u00eda con el cliente, la posibilidad de informar sobre la situaci\u00f3n incluso para aquellos que no est\u00e1n familiarizados con la inform\u00e1tica, la responsabilidad, eficiencia y evoluci\u00f3n.<\/p>\n<h2>Empleos en Microsystem<\/h2>\n<p>En Microsystem siempre est\u00e1n buscando profesionales con experiencia para trabajar en el equipo, pero los profesionales m\u00e1s j\u00f3venes tambi\u00e9n tienen una oportunidad para enviar su curr\u00edculo y ser evaluados para conseguir un primer trabajo aqu\u00ed.<\/p>\n<p>Se pueden conseguir empleos diferentes enfocados al sector, como el \u00e1rea de mantenimiento o fabricaci\u00f3n, el equipo de atenci\u00f3n al p\u00fablico en general o en el \u00e1rea de gesti\u00f3n y comunicaci\u00f3n. Hay <strong>varias formas de contactar con ellos para enviar la hoja de vida<\/strong>, por medio de su n\u00famero telef\u00f3nico (+34 902 00 94 04), <a href=\"https:\/\/microsyscom.com\/unete-a-nosotros\" rel=\"nofollow noopener\" target=\"_blank\">enviando el curr\u00edculo en la p\u00e1gina principal<\/a> o simplemente llenando unas planillas de atenci\u00f3n al cliente.<\/p>\n<h2>Opiniones sobre Microsyscom<\/h2>\n<p>Seg\u00fan las valoraciones de Google, cuenta con un promedio de 4,1 estrellas, pero las opiniones hablan por s\u00ed mismas. En general, <strong>sus clientes est\u00e1n muy complacidos con sus servicios<\/strong>, sobre todo por la profesionalidad, pueden solucionar problemas de forma efectiva y sin p\u00e9rdidas, lo que es muy beneficioso para las empresas que los contratan por incidencias en la informaci\u00f3n o p\u00e9rdida de datos.<\/p>\n<p>Igualmente, reflejan transparencia con algunos comentarios no tan llamativos, donde indican que la inmediatez en sus trabajos no es su fuerte. Sin embargo, se concentran en que el resultado final sea preciso y duradero.<\/p>\n<p><script type=\"application\/ld+json\">{\"@context\":\"https:\/\/schema.org\",\"@type\":\"FAQPage\",\"mainEntity\":[ \n{\"@type\":\"Question\",\"name\":\"\ud83d\udccc \u00bfQu\u00e9 es Microsyscom?\",\"acceptedAnswer\":{\"@type\":\"Answer\",\"text\":\"<\/p>\n<p>Se trata de una empresa que se dedica a hacer mantenimiento a todo lo relacionado con la inform\u00e1tica, <strong>Microsyscom tambi\u00e9n son reconocidos por la implementaci\u00f3n de infraestructuras inform\u00e1ticas<\/strong> de alta seguridad, perfecta para empresas. De esta forma, prometen <a href='https:\/\/www.appyweb.es\/optimizacion-velocidad-web\/'>garantizar una buena optimizaci\u00f3n WPO<\/a> para el funcionamiento del sitio web y todos los equipos asociados a la red de su cliente. <\/p>\n<p>Su sede est\u00e1 localizada en Vallecas, provincia espa\u00f1ola de la comunidad de Madrid. En la calle casas de Miravete, 24A, 3, 2, 28031. Sus clientes aseguran que est\u00e1n siempre al tanto de las nuevas tecnolog\u00edas y tendencias en el sector, siendo capaces de trabajar para todo tipo de equipo y sistema.<\/p>\n<p>\"}},\n{\"@type\":\"Question\",\"name\":\"\ud83d\udccc Origen de Microsystem\",\"acceptedAnswer\":{\"@type\":\"Answer\",\"text\":\"<\/p>\n<p>Esta empresa de ingenier\u00eda y consultor\u00eda en tecnolog\u00edas de la informaci\u00f3n se cre\u00f3 en 2005, a partir de un grupo de profesionales del sector que cumpl\u00edan con bases de cercan\u00eda y experiencia en el sector. La empresa se cre\u00f3 con el objetivo de ayudar a los clientes a <strong>centrarse en sus objetivos en conjunto con las tecnolog\u00edas inform\u00e1ticas<\/strong>, as\u00ed que empezaron a participar en la preparaci\u00f3n de equipos para todo tipo de proyectos como <a href='https:\/\/www.appyweb.es\/desarrollo-app\/'>desarrollos de programas<\/a>, implementaci\u00f3n de servidores, etc.<\/p>\n<p>Con el paso del tiempo, se relevaron varios valores que valen la pena destacar de esta empresa de mantenimiento inform\u00e1tico, como la cercan\u00eda con el cliente, la posibilidad de informar sobre la situaci\u00f3n incluso para aquellos que no est\u00e1n familiarizados con la inform\u00e1tica, la responsabilidad, eficiencia y evoluci\u00f3n.<\/p>\n<p>\"}},\n{\"@type\":\"Question\",\"name\":\"\ud83d\udccc Empleos en Microsystem\",\"acceptedAnswer\":{\"@type\":\"Answer\",\"text\":\"<\/p>\n<p>En Microsystem siempre est\u00e1n buscando profesionales con experiencia para trabajar en el equipo, pero los profesionales m\u00e1s j\u00f3venes tambi\u00e9n tienen una oportunidad para enviar su curr\u00edculo y ser evaluados para conseguir un primer trabajo aqu\u00ed. <\/p>\n<p>Se pueden conseguir empleos diferentes enfocados al sector, como el \u00e1rea de mantenimiento o fabricaci\u00f3n, el equipo de atenci\u00f3n al p\u00fablico en general o en el \u00e1rea de gesti\u00f3n y comunicaci\u00f3n. Hay <strong>varias formas de contactar con ellos para enviar la hoja de vida<\/strong>, por medio de su n\u00famero telef\u00f3nico (+34 902 00 94 04), <a href='https:\/\/microsyscom.com\/unete-a-nosotros'>enviando el curr\u00edculo en la p\u00e1gina principal<\/a> o simplemente llenando unas planillas de atenci\u00f3n al cliente.<\/p>\n<p>\"}},\n{\"@type\":\"Question\",\"name\":\"\ud83d\udccc Opiniones sobre Microsyscom\",\"acceptedAnswer\":{\"@type\":\"Answer\",\"text\":\"<\/p>\n<p>Seg\u00fan las valoraciones de Google, cuenta con un promedio de 4,1 estrellas, pero las opiniones hablan por s\u00ed mismas. En general, <strong>sus clientes est\u00e1n muy complacidos con sus servicios<\/strong>, sobre todo por la profesionalidad, pueden solucionar problemas de forma efectiva y sin p\u00e9rdidas, lo que es muy beneficioso para las empresas que los contratan por incidencias en la informaci\u00f3n o p\u00e9rdida de datos.<\/p>\n<p>Igualmente, reflejan transparencia con algunos comentarios no tan llamativos, donde indican que la inmediatez en sus trabajos no es su fuerte. Sin embargo, se concentran en que el resultado final sea preciso y duradero.<\/p>\n<p>\"}}\n]}<\/script><\/p>\n<h2>M\u00e1s informaci\u00f3n sobre Microsystem<\/h2>\n<p>A veces puede ser dif\u00edcil <strong>encontrar un buen servicio de mantenimiento en inform\u00e1tica<\/strong>, si quieres saber con qu\u00e9 otras \u00e1reas te puede ayudar esta empresa, mira estos enlaces.<\/p>\n<ul>\n<li><a href=\"https:\/\/microsyscom.com\/contacto\/\" rel=\"nofollow noopener\" target=\"_blank\">Contacta con el grupo de profesionales de Microsystem<\/a><\/li>\n<li><a href=\"https:\/\/www.appyweb.es\/diccionario\/firewall\/\">\u00bfQu\u00e9 es el Firewall y para qu\u00e9 sirve?<\/a><\/li>\n<\/ul>\n<p>&nbsp;<\/p>\n","protected":false},"excerpt":{"rendered":"<p>Se trata de una empresa de mantenimiento y gesti\u00f3n inform\u00e1tica para empresas, Microsyscom tiene su sede principal en Madrid donde ofrecen servicios en ingenier\u00eda, consultas, redes de ordenadores, entre otros. \u00bfQu\u00e9 es Microsyscom? Se trata de una empresa que se dedica a hacer mantenimiento a todo lo relacionado con la inform\u00e1tica, Microsyscom tambi\u00e9n son reconocidos [&hellip;]<\/p>\n","protected":false},"author":1,"featured_media":16334,"parent":0,"menu_order":0,"comment_status":"open","ping_status":"closed","template":"","meta":{"inline_featured_image":false,"footnotes":""},"class_list":["post-3105","page","type-page","status-publish","has-post-thumbnail","hentry"],"_links":{"self":[{"href":"https:\/\/www.appyweb.es\/diccionario\/wp-json\/wp\/v2\/pages\/3105","targetHints":{"allow":["GET"]}}],"collection":[{"href":"https:\/\/www.appyweb.es\/diccionario\/wp-json\/wp\/v2\/pages"}],"about":[{"href":"https:\/\/www.appyweb.es\/diccionario\/wp-json\/wp\/v2\/types\/page"}],"author":[{"embeddable":true,"href":"https:\/\/www.appyweb.es\/diccionario\/wp-json\/wp\/v2\/users\/1"}],"replies":[{"embeddable":true,"href":"https:\/\/www.appyweb.es\/diccionario\/wp-json\/wp\/v2\/comments?post=3105"}],"version-history":[{"count":5,"href":"https:\/\/www.appyweb.es\/diccionario\/wp-json\/wp\/v2\/pages\/3105\/revisions"}],"predecessor-version":[{"id":16336,"href":"https:\/\/www.appyweb.es\/diccionario\/wp-json\/wp\/v2\/pages\/3105\/revisions\/16336"}],"wp:featuredmedia":[{"embeddable":true,"href":"https:\/\/www.appyweb.es\/diccionario\/wp-json\/wp\/v2\/media\/16334"}],"wp:attachment":[{"href":"https:\/\/www.appyweb.es\/diccionario\/wp-json\/wp\/v2\/media?parent=3105"}],"curies":[{"name":"wp","href":"https:\/\/api.w.org\/{rel}","templated":true}]}}