{"id":3113,"date":"2023-06-22T14:12:09","date_gmt":"2023-06-22T14:12:09","guid":{"rendered":"https:\/\/www.appyweb.es\/diccionario\/?post_type=project&#038;p=3113"},"modified":"2024-05-09T11:46:58","modified_gmt":"2024-05-09T11:46:58","slug":"midtail-seo","status":"publish","type":"page","link":"https:\/\/www.appyweb.es\/diccionario\/midtail-seo\/","title":{"rendered":"Midtail SEO"},"content":{"rendered":"<figure id=\"attachment_16338\" aria-describedby=\"caption-attachment-16338\" style=\"width: 1000px\" class=\"wp-caption alignnone\"><img loading=\"lazy\" decoding=\"async\" class=\"size-full wp-image-16338\" src=\"https:\/\/www.appyweb.es\/diccionario\/wp-content\/uploads\/2024\/05\/MidtailSEO.jpg\" alt=\"Midtail SEO\" width=\"1000\" height=\"600\" srcset=\"https:\/\/www.appyweb.es\/diccionario\/wp-content\/uploads\/2024\/05\/MidtailSEO.jpg 1000w, https:\/\/www.appyweb.es\/diccionario\/wp-content\/uploads\/2024\/05\/MidtailSEO-300x180.jpg 300w, https:\/\/www.appyweb.es\/diccionario\/wp-content\/uploads\/2024\/05\/MidtailSEO-768x461.jpg 768w\" sizes=\"auto, (max-width: 1000px) 100vw, 1000px\" \/><figcaption id=\"caption-attachment-16338\" class=\"wp-caption-text\">Palabras SEO KEYWORDS y un fondo rosa.<\/figcaption><\/figure>\n<p>Son estrategias de posicionamiento que involucra la utilizaci\u00f3n de palabras clave de \u00abmedia cola\u00bb. El <strong>Midtail SEO consiste en evaluar las palabras clave que no son generales<\/strong> pero tampoco tan espec\u00edficas y que pueden ayudar a tener acceso a diferentes tipos de audiencia en buscadores.<\/p>\n<h2>\u00bfQu\u00e9 es el Midtail SEO?<\/h2>\n<p>Es una t\u00e9cnica que <a href=\"https:\/\/www.appyweb.es\/posicionamiento-web\/\">se utiliza en las estrategias de posicionamiento web<\/a>, donde se emplean palabras claves que no tienen una gran cantidad de tr\u00e1fico, pero tampoco muy poco, as\u00ed que son palabras clave de \u00abmedia cola\u00bb.<\/p>\n<p>Son <strong>utilizadas con frecuencia para mejorar la posici\u00f3n de un sitio web<\/strong> en la p\u00e1gina de resultados de b\u00fasqueda (SERP\u2019s), aparte, permite que un negocio tenga mayor reconocimiento en poco tiempo. Este estilo de keyword es muy \u00fatil para hacer referencia a servicios y compras de productos.<\/p>\n<h2>\u00bfPara qu\u00e9 sirve?<\/h2>\n<p>Es una pr\u00e1ctica que busca explotar el potencial de las <strong>palabras clave de media cola en las estrategias de posicionamiento<\/strong>, con el objetivo principal de aumentar la visibilidad de un sitio web. Con esto, es posible aplicar <a href=\"https:\/\/www.appyweb.es\/marketing-de-atraccion\/\">diferentes m\u00e9todos del marketing de atracci\u00f3n<\/a> en buscadores, para llamar la atenci\u00f3n de un nicho de consumidores m\u00e1s bajo, a diferencia de las estrategias con palabras clave cortas.<\/p>\n<p>Aunque puede ser contradictorio, que el midtail SEO atraiga a una cantidad menor de tr\u00e1fico, la verdad es que <strong>tiene la ventaja de que la competencia de posicionamiento en menor<\/strong>, como ocurre con el m\u00e9todo de longtail keyword. As\u00ed que la empresa se podr\u00e1 posicionar m\u00e1s f\u00e1cilmente que compitiendo con palabras clave m\u00e1s generales.<\/p>\n<h2>Clasificaci\u00f3n y ejemplo<\/h2>\n<p>Las b\u00fasquedas a las que se pretende posicionar pueden estar clasificadas seg\u00fan el objetivo en esta estrategia, pueden ser <strong>informativas<\/strong> (por ejemplo, c\u00f3mo hacer galletas de avena, organizar fiesta infantil, cortes de cabello), <strong>transaccionales<\/strong> (c\u00f3mo hacer una compra o descargar un programa), <strong>navegacionales<\/strong> (va espec\u00edfica a una p\u00e1gina particular como Facebook, Instagram).<\/p>\n<p>Como se puede notar, estas tienen una extensi\u00f3n de 3 a 4 palabras, el lugar de utilizar una shorttail como \u00abgalletas\u00bb se utilizan b\u00fasquedas un poco m\u00e1s espec\u00edficas como \u00bb hacer galletas de avena\u00bb, pero sin llegar a ser demasiado detalladas como una longtail, similar a \u00abd\u00f3nde comprar galletas de avenas en Madrid\u00bb.<\/p>\n<h2>\u00bfQu\u00e9 ventajas pueden existir con este modelo?<\/h2>\n<ul>\n<li>Es clave para tener un mejor posicionamiento en el mercado.<\/li>\n<li>Permiten la mayor visibilidad en la b\u00fasqueda de los servicios que se ofertan.<\/li>\n<li><strong>La informaci\u00f3n del contenido es m\u00e1s precisa<\/strong>.<\/li>\n<li>Aumenta las visitas a la p\u00e1gina.<\/li>\n<\/ul>\n<p><script type=\"application\/ld+json\">{\"@context\":\"https:\/\/schema.org\",\"@type\":\"FAQPage\",\"mainEntity\":[ \n{\"@type\":\"Question\",\"name\":\"\ud83d\udccc \u00bfQu\u00e9 es el Midtail SEO?\",\"acceptedAnswer\":{\"@type\":\"Answer\",\"text\":\"<\/p>\n<p>Es una t\u00e9cnica que <a href='https:\/\/www.appyweb.es\/posicionamiento-web\/'>se utiliza en las estrategias de posicionamiento web<\/a>, donde se emplean palabras claves que no tienen una gran cantidad de tr\u00e1fico, pero tampoco muy poco, as\u00ed que son palabras clave de 'media cola'.<\/p>\n<p>Son <strong>utilizadas con frecuencia para mejorar la posici\u00f3n de un sitio web<\/strong> en la p\u00e1gina de resultados de b\u00fasqueda (SERP\u2019s), aparte, permite que un negocio tenga mayor reconocimiento en poco tiempo. Este estilo de keyword es muy \u00fatil para hacer referencia a servicios y compras de productos.<\/p>\n<p>\"}},\n{\"@type\":\"Question\",\"name\":\"\ud83d\udccc \u00bfPara qu\u00e9 sirve?\",\"acceptedAnswer\":{\"@type\":\"Answer\",\"text\":\"<\/p>\n<p>Es una pr\u00e1ctica que busca explotar el potencial de las <strong>palabras clave de media cola en las estrategias de posicionamiento<\/strong>, con el objetivo principal de aumentar la visibilidad de un sitio web. Con esto, es posible aplicar <a href='https:\/\/www.appyweb.es\/marketing-de-atraccion\/'>diferentes m\u00e9todos del marketing de atracci\u00f3n<\/a> en buscadores, para llamar la atenci\u00f3n de un nicho de consumidores m\u00e1s bajo, a diferencia de las estrategias con palabras clave cortas.<\/p>\n<p>Aunque puede ser contradictorio, que el midtail SEO atraiga a una cantidad menor de tr\u00e1fico, la verdad es que <strong>tiene la ventaja de que la competencia de posicionamiento en menor<\/strong>, como ocurre con el m\u00e9todo de longtail keyword. As\u00ed que la empresa se podr\u00e1 posicionar m\u00e1s f\u00e1cilmente que compitiendo con palabras clave m\u00e1s generales.<\/p>\n<p>\"}},\n{\"@type\":\"Question\",\"name\":\"\ud83d\udccc Clasificaci\u00f3n y ejemplo\",\"acceptedAnswer\":{\"@type\":\"Answer\",\"text\":\"<\/p>\n<p>Las b\u00fasquedas a las que se pretende posicionar pueden estar clasificadas seg\u00fan el objetivo en esta estrategia, pueden ser <strong>informativas<\/strong> (por ejemplo, c\u00f3mo hacer galletas de avena, organizar fiesta infantil, cortes de cabello), <strong>transaccionales<\/strong> (c\u00f3mo hacer una compra o descargar un programa), <strong>navegacionales<\/strong> (va espec\u00edfica a una p\u00e1gina particular como Facebook, Instagram).<\/p>\n<p>Como se puede notar, estas tienen una extensi\u00f3n de 3 a 4 palabras, el lugar de utilizar una shorttail como 'galletas' se utilizan b\u00fasquedas un poco m\u00e1s espec\u00edficas como ' hacer galletas de avena', pero sin llegar a ser demasiado detalladas como una longtail, similar a 'd\u00f3nde comprar galletas de avenas en Madrid'.<\/p>\n<p>\"}},\n{\"@type\":\"Question\",\"name\":\"\ud83d\udccc \u00bfQu\u00e9 ventajas pueden existir con este modelo?\",\"acceptedAnswer\":{\"@type\":\"Answer\",\"text\":\"<\/p>\n<\/p>\n<\/p>\n<ul>\n<\/p>\n<\/p>\n<li>Es clave para tener un mejor posicionamiento en el mercado.<\/li>\n<\/p>\n<\/p>\n<\/p>\n<\/p>\n<\/p>\n<\/p>\n<\/p>\n<li>Permiten la mayor visibilidad en la b\u00fasqueda de los servicios que se ofertan.<\/li>\n<\/p>\n<\/p>\n<\/p>\n<\/p>\n<\/p>\n<\/p>\n<\/p>\n<li><strong>La informaci\u00f3n del contenido es m\u00e1s precisa<\/strong>.<\/li>\n<\/p>\n<\/p>\n<\/p>\n<\/p>\n<\/p>\n<\/p>\n<\/p>\n<li>Aumenta las visitas a la p\u00e1gina.<\/li>\n<\/p>\n<\/p>\n<\/p>\n<\/p>\n<\/p>\n<\/ul>\n<\/p>\n<\/p>\n<\/p>\n<\/p>\n<\/p>\n<p>\"}}\n]}<\/script><\/p>\n<h2>M\u00e1s informaci\u00f3n sobre midtail SEO<\/h2>\n<p>Si quieres <strong>aplicar estas estrategias en tu marketing digital,<\/strong> tienes que aprender algunos trucos adicionales, obt\u00e9n m\u00e1s informaci\u00f3n en los siguientes enlaces.<\/p>\n<ul>\n<li><a href=\"https:\/\/www.appyweb.es\/diccionario\/headtail-seo\/\">\u00bfQu\u00e9 es Headtail SEO y para qu\u00e9 sirve?<\/a><\/li>\n<li><a href=\"https:\/\/www.trecebits.com\/2020\/09\/23\/como-hacer-una-busqueda-de-keywords-paso-a-paso\/\" rel=\"nofollow noopener\" target=\"_blank\">C\u00f3mo hacer una b\u00fasqueda de keywords paso a paso<\/a><\/li>\n<\/ul>\n<p>&nbsp;<\/p>\n","protected":false},"excerpt":{"rendered":"<p>Son estrategias de posicionamiento que involucra la utilizaci\u00f3n de palabras clave de \u00abmedia cola\u00bb. El Midtail SEO consiste en evaluar las palabras clave que no son generales pero tampoco tan espec\u00edficas y que pueden ayudar a tener acceso a diferentes tipos de audiencia en buscadores. \u00bfQu\u00e9 es el Midtail SEO? Es una t\u00e9cnica que se [&hellip;]<\/p>\n","protected":false},"author":1,"featured_media":16338,"parent":0,"menu_order":0,"comment_status":"open","ping_status":"closed","template":"","meta":{"inline_featured_image":false,"footnotes":""},"class_list":["post-3113","page","type-page","status-publish","has-post-thumbnail","hentry"],"_links":{"self":[{"href":"https:\/\/www.appyweb.es\/diccionario\/wp-json\/wp\/v2\/pages\/3113","targetHints":{"allow":["GET"]}}],"collection":[{"href":"https:\/\/www.appyweb.es\/diccionario\/wp-json\/wp\/v2\/pages"}],"about":[{"href":"https:\/\/www.appyweb.es\/diccionario\/wp-json\/wp\/v2\/types\/page"}],"author":[{"embeddable":true,"href":"https:\/\/www.appyweb.es\/diccionario\/wp-json\/wp\/v2\/users\/1"}],"replies":[{"embeddable":true,"href":"https:\/\/www.appyweb.es\/diccionario\/wp-json\/wp\/v2\/comments?post=3113"}],"version-history":[{"count":6,"href":"https:\/\/www.appyweb.es\/diccionario\/wp-json\/wp\/v2\/pages\/3113\/revisions"}],"predecessor-version":[{"id":16343,"href":"https:\/\/www.appyweb.es\/diccionario\/wp-json\/wp\/v2\/pages\/3113\/revisions\/16343"}],"wp:featuredmedia":[{"embeddable":true,"href":"https:\/\/www.appyweb.es\/diccionario\/wp-json\/wp\/v2\/media\/16338"}],"wp:attachment":[{"href":"https:\/\/www.appyweb.es\/diccionario\/wp-json\/wp\/v2\/media?parent=3113"}],"curies":[{"name":"wp","href":"https:\/\/api.w.org\/{rel}","templated":true}]}}