{"id":3117,"date":"2023-06-22T14:13:02","date_gmt":"2023-06-22T14:13:02","guid":{"rendered":"https:\/\/www.appyweb.es\/diccionario\/?post_type=project&#038;p=3117"},"modified":"2024-05-09T11:53:30","modified_gmt":"2024-05-09T11:53:30","slug":"mobile-first","status":"publish","type":"page","link":"https:\/\/www.appyweb.es\/diccionario\/mobile-first\/","title":{"rendered":"Mobile First"},"content":{"rendered":"<figure id=\"attachment_16345\" aria-describedby=\"caption-attachment-16345\" style=\"width: 1000px\" class=\"wp-caption alignnone\"><img loading=\"lazy\" decoding=\"async\" class=\"size-full wp-image-16345\" src=\"https:\/\/www.appyweb.es\/diccionario\/wp-content\/uploads\/2024\/05\/MobileFirst.jpg\" alt=\"Mobile First\" width=\"1000\" height=\"600\" srcset=\"https:\/\/www.appyweb.es\/diccionario\/wp-content\/uploads\/2024\/05\/MobileFirst.jpg 1000w, https:\/\/www.appyweb.es\/diccionario\/wp-content\/uploads\/2024\/05\/MobileFirst-300x180.jpg 300w, https:\/\/www.appyweb.es\/diccionario\/wp-content\/uploads\/2024\/05\/MobileFirst-768x461.jpg 768w\" sizes=\"auto, (max-width: 1000px) 100vw, 1000px\" \/><figcaption id=\"caption-attachment-16345\" class=\"wp-caption-text\">Chico con un movil en la mano.<\/figcaption><\/figure>\n<p>Es una tendencia de dise\u00f1o web y marketing digital donde se le da prioridad a las estrategias dirigidas a m\u00f3viles. En ocasiones, <strong>el mobile first hace referencia a los sitios web que se dise\u00f1an especialmente responsivos<\/strong> y solo para visualizaci\u00f3n desde dispositivos m\u00f3viles.<\/p>\n<h2>\u00bfQu\u00e9 es el mobile first?<\/h2>\n<p>Con el aumento de las conexiones de los usuarios a trav\u00e9s de sus m\u00f3viles, las empresas han ideado un modelo de <a href=\"https:\/\/www.appyweb.es\/diseno-web\/\">maquetaci\u00f3n de p\u00e1ginas y dise\u00f1o web<\/a> basado en m\u00f3viles como prioridad. En espa\u00f1ol, mobile first se traduce como \u00abm\u00f3vil primero\u00bb, de forma que todas las estrategias estar\u00e1n dirigidas a estos dispositivos y despu\u00e9s se adaptar\u00e1n a otras plataformas.<\/p>\n<p>Esta tendencia es cada vez m\u00e1s importante desde que buscadores como Google han <strong>priorizado el posicionamiento a sitios web que cuentan con dise\u00f1os responsivos<\/strong>, esto quiere decir que se adaptan a diferentes tipos de pantallas. Pero tambi\u00e9n gan\u00f3 popularidad desde que los usuarios est\u00e1n m\u00e1s acostumbrados a utilizar sus m\u00f3viles para navegar en Internet.<\/p>\n<h2>\u00bfPara qu\u00e9 sirve el mobile first?<\/h2>\n<p>El prop\u00f3sito principal de esta estrategia es presentar el contenido de un sitio web de forma \u00f3ptima, \u00fatil e intuitiva <strong>a los usuarios que acceden desde dispositivos m\u00f3viles<\/strong>. Muchos interesados en este modelo de maquetaci\u00f3n no tienen <a href=\"https:\/\/www.appyweb.es\/diseno-tienda-online\/\">como prioridad dise\u00f1ar una tienda online<\/a> que est\u00e9 disponible desde un ordenador.<\/p>\n<p>Es por eso que muchas empresas tambi\u00e9n optan por desarrollar aplicaciones m\u00f3viles, ya que les permite obtener datos m\u00e1s precisos de los usuarios, aparte, pueden ser m\u00e1s interesantes para los consumidores que un sitio web.<\/p>\n<p>De esta forma, tambi\u00e9n es una herramienta que <strong>permite aumentar la visibilidad de un sitio web<\/strong> desde diferentes dispositivos, aumenta el tr\u00e1fico desde el buscador m\u00f3vil de Google y se pueden implementar estrategias m\u00e1s din\u00e1micas como el SEO para buscadores por voz.<\/p>\n<h2>\u00bfCu\u00e1les son las ventajas del mobile first?<\/h2>\n<ul>\n<li>Aumento las ventas de los productos o servicios.<\/li>\n<li>Amplifica la cartera de clientes fieles en la compra de productos o servicios.<\/li>\n<li>Visualizaci\u00f3n desde cualquier m\u00f3vil, sin afectar el dise\u00f1o del mismo, ofreciendo mejores resultados de las b\u00fasquedas.<\/li>\n<li>Es un <strong>m\u00e9todo m\u00e1s inteligente y permite aplicar estrategias ajustadas<\/strong> al comportamiento de los usuarios de equipos m\u00f3viles.<\/li>\n<li>El texto que presenta este dise\u00f1o se adecua al tama\u00f1o de la pantalla del m\u00f3vil, de modo que pueda ser le\u00edda con facilidad.<\/li>\n<li>Optimiza la velocidad, estas p\u00e1ginas cargan m\u00e1s r\u00e1pido en los m\u00f3viles y tablets.<\/li>\n<li>Permite mayor facilidad al momento de compartir los contenidos en las redes sociales.<\/li>\n<\/ul>\n<h2>Ejemplos del mobile first<\/h2>\n<p>Como se trata de un modelo de dise\u00f1o web puede ser un poco dif\u00edcil de explicar de forma t\u00e9cnica, lo cierto es que se deben utilizar lenguajes compatibles con los sistemas operativos m\u00f3viles y otros detalles. Pero, para hacerlo m\u00e1s simple, mira la siguiente imagen, el primer ejemplo indica un dise\u00f1o de un <strong>anuncio de email correctamente ajustado a dispositivos m\u00f3viles<\/strong>, mientras que los dem\u00e1s simplemente no tienen cualidades del mobile first.<\/p>\n<p><script type=\"application\/ld+json\">{\"@context\":\"https:\/\/schema.org\",\"@type\":\"FAQPage\",\"mainEntity\":[ \n{\"@type\":\"Question\",\"name\":\"\ud83d\udccc \u00bfQu\u00e9 es el mobile first?\",\"acceptedAnswer\":{\"@type\":\"Answer\",\"text\":\"<\/p>\n<p>Con el aumento de las conexiones de los usuarios a trav\u00e9s de sus m\u00f3viles, las empresas han ideado un modelo de <a href='https:\/\/www.appyweb.es\/diseno-web\/'>maquetaci\u00f3n de p\u00e1ginas y dise\u00f1o web<\/a> basado en m\u00f3viles como prioridad. En espa\u00f1ol, mobile first se traduce como 'm\u00f3vil primero', de forma que todas las estrategias estar\u00e1n dirigidas a estos dispositivos y despu\u00e9s se adaptar\u00e1n a otras plataformas.<\/p>\n<p>Esta tendencia es cada vez m\u00e1s importante desde que buscadores como Google han <strong>priorizado el posicionamiento a sitios web que cuentan con dise\u00f1os responsivos<\/strong>, esto quiere decir que se adaptan a diferentes tipos de pantallas. Pero tambi\u00e9n gan\u00f3 popularidad desde que los usuarios est\u00e1n m\u00e1s acostumbrados a utilizar sus m\u00f3viles para navegar en Internet.<\/p>\n<p>\"}},\n{\"@type\":\"Question\",\"name\":\"\ud83d\udccc \u00bfPara qu\u00e9 sirve el mobile first?\",\"acceptedAnswer\":{\"@type\":\"Answer\",\"text\":\"<\/p>\n<p>El prop\u00f3sito principal de esta estrategia es presentar el contenido de un sitio web de forma \u00f3ptima, \u00fatil e intuitiva <strong>a los usuarios que acceden desde dispositivos m\u00f3viles<\/strong>. Muchos interesados en este modelo de maquetaci\u00f3n no tienen <a href='https:\/\/www.appyweb.es\/diseno-tienda-online\/'>como prioridad dise\u00f1ar una tienda online<\/a> que est\u00e9 disponible desde un ordenador.<\/p>\n<p>Es por eso que muchas empresas tambi\u00e9n optan por desarrollar aplicaciones m\u00f3viles, ya que les permite obtener datos m\u00e1s precisos de los usuarios, aparte, pueden ser m\u00e1s interesantes para los consumidores que un sitio web. <\/p>\n<p>De esta forma, tambi\u00e9n es una herramienta que <strong>permite aumentar la visibilidad de un sitio web<\/strong> desde diferentes dispositivos, aumenta el tr\u00e1fico desde el buscador m\u00f3vil de Google y se pueden implementar estrategias m\u00e1s din\u00e1micas como el SEO para buscadores por voz.<\/p>\n<p>\"}},\n{\"@type\":\"Question\",\"name\":\"\ud83d\udccc \u00bfCu\u00e1les son las ventajas del mobile first?\",\"acceptedAnswer\":{\"@type\":\"Answer\",\"text\":\"<\/p>\n<\/p>\n<\/p>\n<\/p>\n<\/p>\n<ul>\n<\/p>\n<\/p>\n<\/p>\n<\/p>\n<li>Aumento las ventas de los productos o servicios.<\/li>\n<\/p>\n<\/p>\n<\/p>\n<\/p>\n<\/p>\n<\/p>\n<\/p>\n<\/p>\n<\/p>\n<\/p>\n<\/p>\n<\/p>\n<\/p>\n<\/p>\n<\/p>\n<li>Amplifica la cartera de clientes fieles en la compra de productos o servicios.<\/li>\n<\/p>\n<\/p>\n<\/p>\n<\/p>\n<\/p>\n<\/p>\n<\/p>\n<\/p>\n<\/p>\n<\/p>\n<\/p>\n<\/p>\n<\/p>\n<\/p>\n<\/p>\n<li>Visualizaci\u00f3n desde cualquier m\u00f3vil, sin afectar el dise\u00f1o del mismo, ofreciendo mejores resultados de las b\u00fasquedas.<\/li>\n<\/p>\n<\/p>\n<\/p>\n<\/p>\n<\/p>\n<\/p>\n<\/p>\n<\/p>\n<\/p>\n<\/p>\n<\/p>\n<\/p>\n<\/p>\n<\/p>\n<\/p>\n<li>Es un <strong>m\u00e9todo m\u00e1s inteligente y permite aplicar estrategias ajustadas<\/strong> al comportamiento de los usuarios de equipos m\u00f3viles.<\/li>\n<\/p>\n<\/p>\n<\/p>\n<\/p>\n<\/p>\n<\/p>\n<\/p>\n<\/p>\n<\/p>\n<\/p>\n<\/p>\n<\/p>\n<\/p>\n<\/p>\n<\/p>\n<li>El texto que presenta este dise\u00f1o se adecua al tama\u00f1o de la pantalla del m\u00f3vil, de modo que pueda ser le\u00edda con facilidad.<\/li>\n<\/p>\n<\/p>\n<\/p>\n<\/p>\n<\/p>\n<\/p>\n<\/p>\n<\/p>\n<\/p>\n<\/p>\n<\/p>\n<\/p>\n<\/p>\n<\/p>\n<\/p>\n<li>Optimiza la velocidad, estas p\u00e1ginas cargan m\u00e1s r\u00e1pido en los m\u00f3viles y tablets.<\/li>\n<\/p>\n<\/p>\n<\/p>\n<\/p>\n<\/p>\n<\/p>\n<\/p>\n<\/p>\n<\/p>\n<\/p>\n<\/p>\n<\/p>\n<\/p>\n<\/p>\n<\/p>\n<li>Permite mayor facilidad al momento de compartir los contenidos en las redes sociales.<\/li>\n<\/p>\n<\/p>\n<\/p>\n<\/p>\n<\/p>\n<\/p>\n<\/p>\n<\/p>\n<\/p>\n<\/p>\n<\/p>\n<\/ul>\n<\/p>\n<\/p>\n<\/p>\n<\/p>\n<\/p>\n<\/p>\n<\/p>\n<\/p>\n<\/p>\n<\/p>\n<\/p>\n<p>\"}},\n{\"@type\":\"Question\",\"name\":\"\ud83d\udccc Ejemplos del mobile first\",\"acceptedAnswer\":{\"@type\":\"Answer\",\"text\":\"<\/p>\n<p>Como se trata de un modelo de dise\u00f1o web puede ser un poco dif\u00edcil de explicar de forma t\u00e9cnica, lo cierto es que se deben utilizar lenguajes compatibles con los sistemas operativos m\u00f3viles y otros detalles. Pero, para hacerlo m\u00e1s simple, mira la siguiente imagen, el primer ejemplo indica un dise\u00f1o de un <strong>anuncio de email correctamente ajustado a dispositivos m\u00f3viles<\/strong>, mientras que los dem\u00e1s simplemente no tienen cualidades del mobile first.<\/p>\n<p>\"}}\n]}<\/script><\/p>\n<h2>M\u00e1s informaci\u00f3n sobre mobile first<\/h2>\n<p>Incluso si tienes un sitio web para ordenadores, tienes la oportunidad de aplicar muchas t\u00e9cnicas propias de esta tendencia para aprovechar sus ventajas, mira esta informaci\u00f3n adicional en los siguientes enlaces.<\/p>\n<ul>\n<li><a href=\"https:\/\/www.appyweb.es\/app-nativa-o-web-mobile\/\">\u00bfApp nativa o una web mobile para nuestro negocio?<\/a><\/li>\n<li><a href=\"https:\/\/marketing4ecommerce.net\/que-es-el-diseno-web-responsive\/\" rel=\"nofollow noopener\" target=\"_blank\">Qu\u00e9 es el dise\u00f1o web responsive y por qu\u00e9 debes adoptarlo<\/a><\/li>\n<\/ul>\n<p>&nbsp;<\/p>\n","protected":false},"excerpt":{"rendered":"<p>Es una tendencia de dise\u00f1o web y marketing digital donde se le da prioridad a las estrategias dirigidas a m\u00f3viles. En ocasiones, el mobile first hace referencia a los sitios web que se dise\u00f1an especialmente responsivos y solo para visualizaci\u00f3n desde dispositivos m\u00f3viles. \u00bfQu\u00e9 es el mobile first? Con el aumento de las conexiones de [&hellip;]<\/p>\n","protected":false},"author":1,"featured_media":16345,"parent":0,"menu_order":0,"comment_status":"open","ping_status":"closed","template":"","meta":{"inline_featured_image":false,"footnotes":""},"class_list":["post-3117","page","type-page","status-publish","has-post-thumbnail","hentry"],"_links":{"self":[{"href":"https:\/\/www.appyweb.es\/diccionario\/wp-json\/wp\/v2\/pages\/3117","targetHints":{"allow":["GET"]}}],"collection":[{"href":"https:\/\/www.appyweb.es\/diccionario\/wp-json\/wp\/v2\/pages"}],"about":[{"href":"https:\/\/www.appyweb.es\/diccionario\/wp-json\/wp\/v2\/types\/page"}],"author":[{"embeddable":true,"href":"https:\/\/www.appyweb.es\/diccionario\/wp-json\/wp\/v2\/users\/1"}],"replies":[{"embeddable":true,"href":"https:\/\/www.appyweb.es\/diccionario\/wp-json\/wp\/v2\/comments?post=3117"}],"version-history":[{"count":7,"href":"https:\/\/www.appyweb.es\/diccionario\/wp-json\/wp\/v2\/pages\/3117\/revisions"}],"predecessor-version":[{"id":16348,"href":"https:\/\/www.appyweb.es\/diccionario\/wp-json\/wp\/v2\/pages\/3117\/revisions\/16348"}],"wp:featuredmedia":[{"embeddable":true,"href":"https:\/\/www.appyweb.es\/diccionario\/wp-json\/wp\/v2\/media\/16345"}],"wp:attachment":[{"href":"https:\/\/www.appyweb.es\/diccionario\/wp-json\/wp\/v2\/media?parent=3117"}],"curies":[{"name":"wp","href":"https:\/\/api.w.org\/{rel}","templated":true}]}}