{"id":312,"date":"2023-06-19T14:38:45","date_gmt":"2023-06-19T14:38:45","guid":{"rendered":"https:\/\/www.appyweb.es\/diccionario\/?page_id=312"},"modified":"2024-03-17T16:55:06","modified_gmt":"2024-03-17T16:55:06","slug":"brand-ambassador","status":"publish","type":"page","link":"https:\/\/www.appyweb.es\/diccionario\/brand-ambassador\/","title":{"rendered":"Brand Ambassador"},"content":{"rendered":"<h1 class=\"entry-title main_title\"><img loading=\"lazy\" decoding=\"async\" class=\" wp-image-10365 aligncenter\" src=\"https:\/\/www.appyweb.es\/diccionario\/wp-content\/uploads\/2023\/09\/Brand-Ambassador-significado-300x300.jpg\" alt=\"\" width=\"723\" height=\"723\" srcset=\"https:\/\/www.appyweb.es\/diccionario\/wp-content\/uploads\/2023\/09\/Brand-Ambassador-significado-300x300.jpg 300w, https:\/\/www.appyweb.es\/diccionario\/wp-content\/uploads\/2023\/09\/Brand-Ambassador-significado-1024x1024.jpg 1024w, https:\/\/www.appyweb.es\/diccionario\/wp-content\/uploads\/2023\/09\/Brand-Ambassador-significado-150x150.jpg 150w, https:\/\/www.appyweb.es\/diccionario\/wp-content\/uploads\/2023\/09\/Brand-Ambassador-significado-768x768.jpg 768w, https:\/\/www.appyweb.es\/diccionario\/wp-content\/uploads\/2023\/09\/Brand-Ambassador-significado.jpg 1080w\" sizes=\"auto, (max-width: 723px) 100vw, 723px\" \/><\/h1>\n<p>El Brand Ambassador\u00a0es un empleado en empresas que buscan crecer cada vez m\u00e1s.<br \/>\n<strong>Esto involucra la promoci\u00f3n de su imagen profesionalmente<\/strong>, lo que va a derivar en un amplio reconocimiento de la misma, siendo as\u00ed una parte importante para la promoci\u00f3n de sus productos.<\/p>\n<h2>\u00bfQu\u00e9 es Brand Ambassador?<\/h2>\n<p>El Brand Ambassador o embajador de marca es la persona o grupo de personas encargadas de <strong>representar la imagen corporativa de una empresa u organizaci\u00f3n<\/strong> de cualquier tipo.<br \/>\nPromoviendo la imagen, los productos, servicios y valores que ofrecen dicha empresa al p\u00fablico.<\/p>\n<p>Estas personas tambi\u00e9n se encargan de demostrar al p\u00fablico c\u00f3mo funciona la empresa mediante la exposici\u00f3n de sus experiencias y recomendaciones, <a href=\"https:\/\/diseno20.appyweb.es\/videos-para-empresas\/\" rel=\"nofollow noopener\" target=\"_blank\">a trav\u00e9s de v\u00eddeos publicitarios<\/a>, redes sociales o medios tradicionales, de forma que busca fomentar que la audiencia se interese en ellos.<\/p>\n<h2>\u00bfPara qu\u00e9 sirve un Brand Ambassador?<\/h2>\n<p>Consiste en atraer mediante publicaciones, bien sea en redes sociales o anuncios en general, <strong>utilizando su influencia para atraer p\u00fablico<\/strong>.<br \/>\nLa utilizaci\u00f3n de embajadores en las estrategias de marketing no buscan captar una gran cantidad de cliente, sino aquellos que tengan afinidad con este profesional, ya que ser\u00e1n los que est\u00e9n mejor vinculados a la empresa.<\/p>\n<p>Las empresas u organizaciones utilizan este m\u00e9todo de marketing, para tener un <strong>gran crecimiento en cuanto a sus ventas y servicios<\/strong>, <a href=\"https:\/\/diseno20.appyweb.es\/social-media-manager\/\" rel=\"nofollow noopener\" target=\"_blank\">especialmente a trav\u00e9s de redes sociales<\/a>.<br \/>\nNormalmente, la interacci\u00f3n con el profesional proviene de all\u00ed, ya que ese espacio permite la creaci\u00f3n de comunidades con intereses en com\u00fan.<\/p>\n<h2>\u00bfCu\u00e1nto cobra un Brand Ambassador?<\/h2>\n<p>Su ganancia monetaria depender\u00e1 del tipo de empresa que est\u00e1 promocionando, por ejemplo, si se trata de una marca de ropa muy reconocida puede cobrar hasta 30.000 euros mensuales.<br \/>\nPero, es importante reconocer que algunos embajadores incluso pueden <strong>realizar esta labor de promoci\u00f3n sin cobrar dinero a cambio<\/strong>, sino m\u00e1s bien una bonificaci\u00f3n con productos de la empresa.<\/p>\n<h2>Ejemplo de Brand Ambassador<\/h2>\n<p>Para ser un buen embajador en una empresa se debe contar con <strong>un gran desempe\u00f1o en redes sociales<\/strong> y los <a href=\"https:\/\/diseno20.appyweb.es\/camapanas-influencers\/\" rel=\"nofollow noopener\" target=\"_blank\">medios elegidos<\/a> para promover la imagen<strong>.<br \/>\n<\/strong>Un ejemplo de \u00e9xito es el de Mariana Paj\u00f3n, ciclista de BMX y medallista de los Juegos Panamericanos, como embajadora de la marca Toyota.<\/p>\n<p>Su primera campa\u00f1a consisti\u00f3 en la entrega de una Toyota RAV4 2019 como regalo para ella, aparte de algunas demostraciones en su BMX.<br \/>\nEs una gran combinaci\u00f3n ya que dicho producto est\u00e1 dirigido especialmente para deportistas y consumidores que aman la aventura.<\/p>\n<p><script type=\"application\/ld+json\">{\"@context\":\"https:\/\/schema.org\",\"@type\":\"FAQPage\",\"mainEntity\":[ \n{\"@type\":\"Question\",\"name\":\"\u00bfQu\u00e9 es Brand Ambassador?\",\"acceptedAnswer\":{\"@type\":\"Answer\",\"text\":\"<\/p>\n<\/p>\n<\/p>\n<p>El Brand Ambassador o embajador de marca es la persona o grupo de personas encargadas de <strong>representar la imagen corporativa de una empresa u organizaci\u00f3n<\/strong> de cualquier tipo. <br \/>Promoviendo la imagen, los productos, servicios y valores que ofrecen dicha empresa al p\u00fablico.<\/p>\n<\/p>\n<\/p>\n<\/p>\n<\/p>\n<p>Estas personas tambi\u00e9n se encargan de demostrar al p\u00fablico c\u00f3mo funciona la empresa mediante la exposici\u00f3n de sus experiencias y recomendaciones, <a href='https:\/\/diseno20.appyweb.es\/videos-para-empresas\/'>a trav\u00e9s de v\u00eddeos publicitarios<\/a>, redes sociales o medios tradicionales, de forma que busca fomentar que la audiencia se interese en ellos.<\/p>\n<\/p>\n<\/p>\n<p>\"}},\n{\"@type\":\"Question\",\"name\":\"\u00bfPara qu\u00e9 sirve un Brand Ambassador?\",\"acceptedAnswer\":{\"@type\":\"Answer\",\"text\":\"<\/p>\n<\/p>\n<\/p>\n<p>Consiste en atraer mediante publicaciones, bien sea en redes sociales o anuncios en general, <strong>utilizando su influencia para atraer p\u00fablico<\/strong>. <br \/>La utilizaci\u00f3n de embajadores en las estrategias de marketing no buscan captar una gran cantidad de cliente, sino aquellos que tengan afinidad con este profesional, ya que ser\u00e1n los que est\u00e9n mejor vinculados a la empresa.<\/p>\n<\/p>\n<\/p>\n<\/p>\n<\/p>\n<p>Las empresas u organizaciones utilizan este m\u00e9todo de marketing, para tener un <strong>gran crecimiento en cuanto a sus ventas y servicios<\/strong>, <a href='https:\/\/diseno20.appyweb.es\/social-media-manager\/'>especialmente a trav\u00e9s de redes sociales<\/a>. <br \/>Normalmente, la interacci\u00f3n con el profesional proviene de all\u00ed, ya que ese espacio permite la creaci\u00f3n de comunidades con intereses en com\u00fan.<\/p>\n<\/p>\n<\/p>\n<p>\"}},\n{\"@type\":\"Question\",\"name\":\"\u00bfCu\u00e1nto cobra un Brand Ambassador?\",\"acceptedAnswer\":{\"@type\":\"Answer\",\"text\":\"<\/p>\n<\/p>\n<\/p>\n<p>Su ganancia monetaria depender\u00e1 del tipo de empresa que est\u00e1 promocionando, por ejemplo, si se trata de una marca de ropa muy reconocida puede cobrar hasta 30.000 euros mensuales. <br \/>Pero, es importante reconocer que algunos embajadores incluso pueden <strong>realizar esta labor de promoci\u00f3n sin cobrar dinero a cambio<\/strong>, sino m\u00e1s bien una bonificaci\u00f3n con productos de la empresa.<\/p>\n<\/p>\n<\/p>\n<p>\"}},\n{\"@type\":\"Question\",\"name\":\"Ejemplo de Brand Ambassador\",\"acceptedAnswer\":{\"@type\":\"Answer\",\"text\":\"<\/p>\n<\/p>\n<\/p>\n<p>Para ser un buen embajador en una empresa se debe contar con <strong>un gran desempe\u00f1o en redes sociales<\/strong> y los <a href='https:\/\/diseno20.appyweb.es\/camapanas-influencers\/'>medios elegidos<\/a> para promover la imagen<strong>. <br \/><\/strong>Un ejemplo de \u00e9xito es el de Mariana Paj\u00f3n, ciclista de BMX y medallista de los Juegos Panamericanos, como embajadora de la marca Toyota.<\/p>\n<\/p>\n<\/p>\n<\/p>\n<\/p>\n<p>Su primera campa\u00f1a consisti\u00f3 en la entrega de una Toyota RAV4 2019 como regalo para ella, aparte de algunas demostraciones en su BMX. <br \/>Es una gran combinaci\u00f3n ya que dicho producto est\u00e1 dirigido especialmente para deportistas y consumidores que aman la aventura.<\/p>\n<\/p>\n<\/p>\n<p>\"}}\n]}<\/script><\/p>\n<h2><span id=\"%F0%9F%93%8C_Mas_informacion_sobre_Brand_Ambassador\" class=\"ez-toc-section\"><\/span>M\u00e1s informaci\u00f3n sobre Brand Ambassador<\/h2>\n<ul>\n<li><a href=\"https:\/\/blogs.imf-formacion.com\/blog\/marketing\/que-son-brand-ambassadors\/\" rel=\"nofollow noopener\" target=\"_blank\">Brand Ambassadors: \u00bfQu\u00e9 son y c\u00f3mo conseguir los mejores?<\/a><\/li>\n<\/ul>\n<p>&nbsp;<\/p>\n","protected":false},"excerpt":{"rendered":"<p>El Brand Ambassador\u00a0es un empleado en empresas que buscan crecer cada vez m\u00e1s. Esto involucra la promoci\u00f3n de su imagen profesionalmente, lo que va a derivar en un amplio reconocimiento de la misma, siendo as\u00ed una parte importante para la promoci\u00f3n de sus productos. \u00bfQu\u00e9 es Brand Ambassador? El Brand Ambassador o embajador de marca [&hellip;]<\/p>\n","protected":false},"author":1,"featured_media":10365,"parent":0,"menu_order":0,"comment_status":"closed","ping_status":"closed","template":"","meta":{"inline_featured_image":false,"footnotes":""},"class_list":["post-312","page","type-page","status-publish","has-post-thumbnail","hentry"],"_links":{"self":[{"href":"https:\/\/www.appyweb.es\/diccionario\/wp-json\/wp\/v2\/pages\/312","targetHints":{"allow":["GET"]}}],"collection":[{"href":"https:\/\/www.appyweb.es\/diccionario\/wp-json\/wp\/v2\/pages"}],"about":[{"href":"https:\/\/www.appyweb.es\/diccionario\/wp-json\/wp\/v2\/types\/page"}],"author":[{"embeddable":true,"href":"https:\/\/www.appyweb.es\/diccionario\/wp-json\/wp\/v2\/users\/1"}],"replies":[{"embeddable":true,"href":"https:\/\/www.appyweb.es\/diccionario\/wp-json\/wp\/v2\/comments?post=312"}],"version-history":[{"count":9,"href":"https:\/\/www.appyweb.es\/diccionario\/wp-json\/wp\/v2\/pages\/312\/revisions"}],"predecessor-version":[{"id":11409,"href":"https:\/\/www.appyweb.es\/diccionario\/wp-json\/wp\/v2\/pages\/312\/revisions\/11409"}],"wp:featuredmedia":[{"embeddable":true,"href":"https:\/\/www.appyweb.es\/diccionario\/wp-json\/wp\/v2\/media\/10365"}],"wp:attachment":[{"href":"https:\/\/www.appyweb.es\/diccionario\/wp-json\/wp\/v2\/media?parent=312"}],"curies":[{"name":"wp","href":"https:\/\/api.w.org\/{rel}","templated":true}]}}