{"id":3121,"date":"2023-06-22T14:13:56","date_gmt":"2023-06-22T14:13:56","guid":{"rendered":"https:\/\/www.appyweb.es\/diccionario\/?post_type=project&#038;p=3121"},"modified":"2024-05-09T13:09:47","modified_gmt":"2024-05-09T13:09:47","slug":"mobile-marketing","status":"publish","type":"page","link":"https:\/\/www.appyweb.es\/diccionario\/mobile-marketing\/","title":{"rendered":"Mobile Marketing"},"content":{"rendered":"<figure id=\"attachment_16352\" aria-describedby=\"caption-attachment-16352\" style=\"width: 1000px\" class=\"wp-caption alignnone\"><img loading=\"lazy\" decoding=\"async\" class=\"size-full wp-image-16352\" src=\"https:\/\/www.appyweb.es\/diccionario\/wp-content\/uploads\/2024\/05\/MobileMarketing.jpg\" alt=\"Mobile Marketing\" width=\"1000\" height=\"600\" srcset=\"https:\/\/www.appyweb.es\/diccionario\/wp-content\/uploads\/2024\/05\/MobileMarketing.jpg 1000w, https:\/\/www.appyweb.es\/diccionario\/wp-content\/uploads\/2024\/05\/MobileMarketing-300x180.jpg 300w, https:\/\/www.appyweb.es\/diccionario\/wp-content\/uploads\/2024\/05\/MobileMarketing-768x461.jpg 768w\" sizes=\"auto, (max-width: 1000px) 100vw, 1000px\" \/><figcaption id=\"caption-attachment-16352\" class=\"wp-caption-text\">Chico y detras un movil de color azul.<\/figcaption><\/figure>\n<p>Son estrategias de publicidad digital dirigidas a usuarios de dispositivos m\u00f3viles, el <strong>mobile marketing tiene la ventaja de ser m\u00e1s segmentado<\/strong> y personalizado, lo que garantiza m\u00e1s ventas y clientes fidelizados.<\/p>\n<h2>\u00bfQu\u00e9 es?<\/h2>\n<p>Actualmente, los usuarios de Internet <strong>acceden desde dispositivos m\u00f3viles con mayor frecuencia<\/strong> que desde ordenadores, esto puede limitar un poco estrategias aptas solo para sitios web con versi\u00f3n de escritorio. Pero, con ayuda del mobile marketing es posible <a href=\"https:\/\/www.appyweb.es\/marketing-de-atraccion\/\">ajustar esas estrategias de atracci\u00f3n<\/a> a dispositivos m\u00e1s peque\u00f1os.<\/p>\n<p>De esta forma, al igual que en la publicidad digital y tradicional, estas estrategias deben planificarse, estudiar el target, las necesidades del cliente, dise\u00f1ar soluciones, analizar a la competencia, mejorar la oferta, vigilar el cumplimiento de los objetivos, entre otras tareas.<\/p>\n<h2>\u00bfPara qu\u00e9 sirve?<\/h2>\n<p>Aumenta la visualizaci\u00f3n de una marca, as\u00ed como su posibilidad de captar y fidelizar clientes. Es efectivo pues <strong>pueden planificarse estrategias para un momento espec\u00edfico<\/strong>, como eventos en vivo o conferencias. Al mismo tiempo, permite hacer campa\u00f1as muy segmentadas y personalizadas sin esperar que el usuario use su ordenador.<\/p>\n<p>Igualmente, son modelos muy vers\u00e1tiles para obtener informaci\u00f3n sobre los usuarios, que puede ser necesaria para futuras estrategias. Por ejemplo, el <a href=\"https:\/\/www.appyweb.es\/desarrollo-app\/\">desarrollo de apps m\u00f3viles<\/a> es una de las tantas pr\u00e1cticas que permiten vender, cautivar y fidelizar.<\/p>\n<h2>\u00bfC\u00f3mo funciona el mobile marketing?<\/h2>\n<p>Lo principal es adaptar el contenido del sitio web para dispositivos m\u00f3viles, <strong>significa que se deben hacer modificaciones de dise\u00f1o responsive<\/strong>. Es importante tener en cuenta que los usuarios buscan respuestas m\u00e1s visuales, cortas y precisas al hacer b\u00fasquedas desde sus dispositivos m\u00f3viles, as\u00ed que se deben realizar optimizaciones SEO apropiadas.<\/p>\n<p>Tambi\u00e9n es necesario incluir otro tipo de posicionamiento que es la b\u00fasqueda por voz, es la oportunidad perfecta para utilizar estrategias de publicidad digital con palabras clave de cola larga, o long tail keywords. Los c\u00f3digos QR <strong>son otra posibilidad que ofrece el mobile marketing<\/strong>, pueden ser utilizados como cupones de descuentos, en suscripciones o para acceder a informaci\u00f3n importante, en estas estrategias tambi\u00e9n se incluyen los SMS, e-mails, llamadas telef\u00f3nicas, entre otros.<\/p>\n<h2>Tipos de mobile marketing<\/h2>\n<p>Como se mencion\u00f3 arriba, existe una gran <strong>variedad de t\u00e9cnicas sujetas a la publicidad para m\u00f3viles<\/strong>, algunas de las m\u00e1s utilizadas son las siguientes.<\/p>\n<ul>\n<li><strong>V\u00eddeos verticales<\/strong>: Es una tendencia impulsada por redes sociales, facilita la visibilidad de los v\u00eddeos, sin tener que desactivar la opci\u00f3n de rotaci\u00f3n o girar el dispositivo.<\/li>\n<li><strong>Publicidad local<\/strong>: Los resultados de posicionamiento por AMP, sobre todo en Google, suelen ser m\u00e1s locales cuando se realizan desde un dispositivo m\u00f3vil.<\/li>\n<li><strong>Email marketing<\/strong>: Tiene m\u00e1s efectividad porque es m\u00e1s directo, inmediato y f\u00e1cil de personalizar.<\/li>\n<li><strong>Social Ads<\/strong>: Las <strong>aplicaciones de redes sociales son las m\u00e1s utilizadas en estos dispositivos<\/strong>, as\u00ed que los anuncios en ellas son m\u00e1s efectivos.<\/li>\n<\/ul>\n<p><script type=\"application\/ld+json\">{\"@context\":\"https:\/\/schema.org\",\"@type\":\"FAQPage\",\"mainEntity\":[ \n{\"@type\":\"Question\",\"name\":\"\ud83d\udccc \u00bfQu\u00e9 es?\",\"acceptedAnswer\":{\"@type\":\"Answer\",\"text\":\"<\/p>\n<p>Actualmente, los usuarios de Internet <strong>acceden desde dispositivos m\u00f3viles con mayor frecuencia<\/strong> que desde ordenadores, esto puede limitar un poco estrategias aptas solo para sitios web con versi\u00f3n de escritorio. Pero, con ayuda del mobile marketing es posible <a href='https:\/\/www.appyweb.es\/marketing-de-atraccion\/'>ajustar esas estrategias de atracci\u00f3n<\/a> a dispositivos m\u00e1s peque\u00f1os.<\/p>\n<p>De esta forma, al igual que en la publicidad digital y tradicional, estas estrategias deben planificarse, estudiar el target, las necesidades del cliente, dise\u00f1ar soluciones, analizar a la competencia, mejorar la oferta, vigilar el cumplimiento de los objetivos, entre otras tareas.<\/p>\n<p>\"}},\n{\"@type\":\"Question\",\"name\":\"\ud83d\udccc \u00bfPara qu\u00e9 sirve?\",\"acceptedAnswer\":{\"@type\":\"Answer\",\"text\":\"<\/p>\n<p>Aumenta la visualizaci\u00f3n de una marca, as\u00ed como su posibilidad de captar y fidelizar clientes. Es efectivo pues <strong>pueden planificarse estrategias para un momento espec\u00edfico<\/strong>, como eventos en vivo o conferencias. Al mismo tiempo, permite hacer campa\u00f1as muy segmentadas y personalizadas sin esperar que el usuario use su ordenador.<\/p>\n<p>Igualmente, son modelos muy vers\u00e1tiles para obtener informaci\u00f3n sobre los usuarios, que puede ser necesaria para futuras estrategias. Por ejemplo, el <a href='https:\/\/www.appyweb.es\/desarrollo-app\/'>desarrollo de apps m\u00f3viles<\/a> es una de las tantas pr\u00e1cticas que permiten vender, cautivar y fidelizar.<\/p>\n<p>\"}},\n{\"@type\":\"Question\",\"name\":\"\ud83d\udccc \u00bfC\u00f3mo funciona el mobile marketing?\",\"acceptedAnswer\":{\"@type\":\"Answer\",\"text\":\"<\/p>\n<p>Lo principal es adaptar el contenido del sitio web para dispositivos m\u00f3viles, <strong>significa que se deben hacer modificaciones de dise\u00f1o responsive<\/strong>. Es importante tener en cuenta que los usuarios buscan respuestas m\u00e1s visuales, cortas y precisas al hacer b\u00fasquedas desde sus dispositivos m\u00f3viles, as\u00ed que se deben realizar optimizaciones SEO apropiadas.<\/p>\n<p>Tambi\u00e9n es necesario incluir otro tipo de posicionamiento que es la b\u00fasqueda por voz, es la oportunidad perfecta para utilizar estrategias de publicidad digital con palabras clave de cola larga, o long tail keywords.  Los c\u00f3digos QR <strong>son otra posibilidad que ofrece el mobile marketing<\/strong>, pueden ser utilizados como cupones de descuentos, en suscripciones o para acceder a informaci\u00f3n importante, en estas estrategias tambi\u00e9n se incluyen los SMS, e-mails, llamadas telef\u00f3nicas, entre otros.<\/p>\n<p>\"}},\n{\"@type\":\"Question\",\"name\":\"\ud83d\udccc Tipos de mobile marketing\",\"acceptedAnswer\":{\"@type\":\"Answer\",\"text\":\"<\/p>\n<p>Como se mencion\u00f3 arriba, existe una gran <strong>variedad de t\u00e9cnicas sujetas a la publicidad para m\u00f3viles<\/strong>, algunas de las m\u00e1s utilizadas son las siguientes.<\/p>\n<\/p>\n<\/p>\n<\/p>\n<\/p>\n<ul>\n<\/p>\n<\/p>\n<\/p>\n<\/p>\n<li><strong>V\u00eddeos verticales<\/strong>: Es una tendencia impulsada por redes sociales, facilita la visibilidad de los v\u00eddeos, sin tener que desactivar la opci\u00f3n de rotaci\u00f3n o girar el dispositivo.<\/li>\n<\/p>\n<\/p>\n<\/p>\n<\/p>\n<\/p>\n<\/p>\n<\/p>\n<\/p>\n<\/p>\n<\/p>\n<\/p>\n<\/p>\n<\/p>\n<\/p>\n<\/p>\n<li><strong>Publicidad local<\/strong>: Los resultados de posicionamiento por AMP, sobre todo en Google, suelen ser m\u00e1s locales cuando se realizan desde un dispositivo m\u00f3vil.<\/li>\n<\/p>\n<\/p>\n<\/p>\n<\/p>\n<\/p>\n<\/p>\n<\/p>\n<\/p>\n<\/p>\n<\/p>\n<\/p>\n<\/p>\n<\/p>\n<\/p>\n<\/p>\n<li><strong>Email marketing<\/strong>: Tiene m\u00e1s efectividad porque es m\u00e1s directo, inmediato y f\u00e1cil de personalizar.<\/li>\n<\/p>\n<\/p>\n<\/p>\n<\/p>\n<\/p>\n<\/p>\n<\/p>\n<\/p>\n<\/p>\n<\/p>\n<\/p>\n<\/p>\n<\/p>\n<\/p>\n<\/p>\n<li><strong>Social Ads<\/strong>: Las <strong>aplicaciones de redes sociales son las m\u00e1s utilizadas en estos dispositivos<\/strong>, as\u00ed que los anuncios en ellas son m\u00e1s efectivos.<\/li>\n<\/p>\n<\/p>\n<\/p>\n<\/p>\n<\/p>\n<\/p>\n<\/p>\n<\/p>\n<\/p>\n<\/p>\n<\/p>\n<\/ul>\n<\/p>\n<\/p>\n<\/p>\n<\/p>\n<\/p>\n<\/p>\n<\/p>\n<\/p>\n<\/p>\n<\/p>\n<\/p>\n<p>\"}}\n]}<\/script><\/p>\n<h2>M\u00e1s informaci\u00f3n sobre mobile marketing<\/h2>\n<p>\u00bfQuieres <strong>empezar tu campa\u00f1a para dispositivos de todos los tama\u00f1os<\/strong>? mira los siguientes enlaces y obt\u00e9n la informaci\u00f3n que te falta para tener \u00e9xito.<\/p>\n<ul>\n<li><a href=\"https:\/\/www.appyweb.es\/diccionario\/amp\/\">\u00bfQu\u00e9 es AMP y para qu\u00e9 sirve?<\/a><\/li>\n<li><a href=\"https:\/\/www.iebschool.com\/blog\/acciones-mobile-marketing\/\" rel=\"nofollow noopener\" target=\"_blank\">Acciones de Marketing Mobile para generar conversiones<\/a><\/li>\n<\/ul>\n<p>&nbsp;<\/p>\n","protected":false},"excerpt":{"rendered":"<p>Son estrategias de publicidad digital dirigidas a usuarios de dispositivos m\u00f3viles, el mobile marketing tiene la ventaja de ser m\u00e1s segmentado y personalizado, lo que garantiza m\u00e1s ventas y clientes fidelizados. \u00bfQu\u00e9 es? Actualmente, los usuarios de Internet acceden desde dispositivos m\u00f3viles con mayor frecuencia que desde ordenadores, esto puede limitar un poco estrategias aptas [&hellip;]<\/p>\n","protected":false},"author":1,"featured_media":16352,"parent":0,"menu_order":0,"comment_status":"open","ping_status":"closed","template":"","meta":{"inline_featured_image":false,"footnotes":""},"class_list":["post-3121","page","type-page","status-publish","has-post-thumbnail","hentry"],"_links":{"self":[{"href":"https:\/\/www.appyweb.es\/diccionario\/wp-json\/wp\/v2\/pages\/3121","targetHints":{"allow":["GET"]}}],"collection":[{"href":"https:\/\/www.appyweb.es\/diccionario\/wp-json\/wp\/v2\/pages"}],"about":[{"href":"https:\/\/www.appyweb.es\/diccionario\/wp-json\/wp\/v2\/types\/page"}],"author":[{"embeddable":true,"href":"https:\/\/www.appyweb.es\/diccionario\/wp-json\/wp\/v2\/users\/1"}],"replies":[{"embeddable":true,"href":"https:\/\/www.appyweb.es\/diccionario\/wp-json\/wp\/v2\/comments?post=3121"}],"version-history":[{"count":7,"href":"https:\/\/www.appyweb.es\/diccionario\/wp-json\/wp\/v2\/pages\/3121\/revisions"}],"predecessor-version":[{"id":16356,"href":"https:\/\/www.appyweb.es\/diccionario\/wp-json\/wp\/v2\/pages\/3121\/revisions\/16356"}],"wp:featuredmedia":[{"embeddable":true,"href":"https:\/\/www.appyweb.es\/diccionario\/wp-json\/wp\/v2\/media\/16352"}],"wp:attachment":[{"href":"https:\/\/www.appyweb.es\/diccionario\/wp-json\/wp\/v2\/media?parent=3121"}],"curies":[{"name":"wp","href":"https:\/\/api.w.org\/{rel}","templated":true}]}}