{"id":3126,"date":"2023-06-22T14:14:42","date_gmt":"2023-06-22T14:14:42","guid":{"rendered":"https:\/\/www.appyweb.es\/diccionario\/?post_type=project&#038;p=3126"},"modified":"2024-05-09T13:12:49","modified_gmt":"2024-05-09T13:12:49","slug":"mockup","status":"publish","type":"page","link":"https:\/\/www.appyweb.es\/diccionario\/mockup\/","title":{"rendered":"Mockup"},"content":{"rendered":"<figure id=\"attachment_16357\" aria-describedby=\"caption-attachment-16357\" style=\"width: 1000px\" class=\"wp-caption alignnone\"><img loading=\"lazy\" decoding=\"async\" class=\"size-full wp-image-16357\" src=\"https:\/\/www.appyweb.es\/diccionario\/wp-content\/uploads\/2024\/05\/Mockup.jpg\" alt=\"Mockup\" width=\"1000\" height=\"600\" srcset=\"https:\/\/www.appyweb.es\/diccionario\/wp-content\/uploads\/2024\/05\/Mockup.jpg 1000w, https:\/\/www.appyweb.es\/diccionario\/wp-content\/uploads\/2024\/05\/Mockup-300x180.jpg 300w, https:\/\/www.appyweb.es\/diccionario\/wp-content\/uploads\/2024\/05\/Mockup-768x461.jpg 768w\" sizes=\"auto, (max-width: 1000px) 100vw, 1000px\" \/><figcaption id=\"caption-attachment-16357\" class=\"wp-caption-text\">Persona haciendo fotos a otras tres personas.<\/figcaption><\/figure>\n<p>Este t\u00e9rmino se utiliza dentro del campo del dise\u00f1o gr\u00e1fico para describir los fotomontajes o bosquejos de los proyectos. Un <strong>mockup permite que los dise\u00f1adores muestren al cliente\u00a0c\u00f3mo podr\u00eda verse el resultado final<\/strong>.<\/p>\n<h2>\u00bfQu\u00e9 es un mockup?<\/h2>\n<p>Es un t\u00e9rmino que se utiliza <a href=\"https:\/\/www.appyweb.es\/diseno-grafico\/\">dentro del campo del dise\u00f1o gr\u00e1fico<\/a> para definir los fotomontajes que se utilizan para mostrar a un cliente c\u00f3mo ser\u00eda el resultado final de su proyecto. Este recurso permite <strong>revelar ideas por parte del profesional creativo<\/strong>, al mismo tiempo que se a\u00f1aden detalles por parte del cliente.<\/p>\n<p>Tiene una ventaja que <strong>permite ahorrar en costes de impresi\u00f3n y de montajes finales<\/strong>, ya que se muestran directamente en la herramienta, por ejemplo, en la tableta gr\u00e1fica. De esta forma, por medio de estas maquetas se pueden mostrar resultados muy realistas y que se aproximen a la exigencia de los clientes.<\/p>\n<h2>\u00bfPara qu\u00e9 sirve?<\/h2>\n<p>Su funci\u00f3n principal es mostrarle al cliente c\u00f3mo ser\u00e1 el resultado final de su idea, en conjunto con las ideas del dise\u00f1ador. Por medio de estos, se plantean <strong>alternativas o inconvenientes que pudieran suceder con el trabajo final<\/strong>, en caso de que las ideas propuestas por el cliente no sean tan realistas o dif\u00edciles de llevar a cabo.<\/p>\n<p>Mockup tambi\u00e9n es el nombre que se le dan a las plantillas o <a href=\"https:\/\/www.appyweb.es\/diseno-web\/\">ideas b\u00e1sicas de dise\u00f1os web<\/a> o proyectos de desarrollo de sitios web. Con estos, se plantea dise\u00f1ar una ruta de navegaci\u00f3n que sea intuitiva para el usuario y que alcance las expectativas del cliente.<\/p>\n<h2>C\u00f3mo hacer un mockup<\/h2>\n<p>Existen muchas herramientas donde se pueden conseguir <strong>plantillas para hacer fotomontajes con efectos muy realistas<\/strong>. Por ejemplo, Freepik, GraphicBurguer, Creative Market, entre otros. Varios son gratuitos y otros de nivel Premium, que son los m\u00e1s solicitados por que garantizan un alto nivel de calidad.<\/p>\n<p>Pero, un buen dise\u00f1ador tambi\u00e9n tiene la opci\u00f3n de <strong>utilizar Photoshop para crear un boceto r\u00e1pido<\/strong> de la misma forma, aparte, es m\u00e1s conveniente por que se pueden a\u00f1adir detalles muy espec\u00edficos.<\/p>\n<h2>Ejemplo de Mockup<\/h2>\n<p>En Internet existen infinidad de bocetos aplicables para cada dise\u00f1ador, con gran variedad de tem\u00e1ticas y estilos que se adaptan a los clientes m\u00e1s exigentes. Los m\u00e1s creativos suelen utilizar im\u00e1genes de apoyo para crear otros dise\u00f1os a partir de estos. Por ejemplo, en el siguiente v\u00eddeo se puede ver <strong>c\u00f3mo hacer un mockup de un casco de futbol americano<\/strong>.<\/p>\n<p><script type=\"application\/ld+json\">{\"@context\":\"https:\/\/schema.org\",\"@type\":\"FAQPage\",\"mainEntity\":[ \n{\"@type\":\"Question\",\"name\":\"\ud83d\udccc \u00bfQu\u00e9 es un mockup?\",\"acceptedAnswer\":{\"@type\":\"Answer\",\"text\":\"<\/p>\n<p>Es un t\u00e9rmino que se utiliza <a href='https:\/\/www.appyweb.es\/diseno-grafico\/'>dentro del campo del dise\u00f1o gr\u00e1fico<\/a> para definir los fotomontajes que se utilizan para mostrar a un cliente c\u00f3mo ser\u00eda el resultado final de su proyecto. Este recurso permite <strong>revelar ideas por parte del profesional creativo<\/strong>, al mismo tiempo que se a\u00f1aden detalles por parte del cliente.<\/p>\n<p>Tiene una ventaja que <strong>permite ahorrar en costes de impresi\u00f3n y de montajes finales<\/strong>, ya que se muestran directamente en la herramienta, por ejemplo, en la tableta gr\u00e1fica. De esta forma, por medio de estas maquetas se pueden mostrar resultados muy realistas y que se aproximen a la exigencia de los clientes.<\/p>\n<p>\"}},\n{\"@type\":\"Question\",\"name\":\"\ud83d\udccc \u00bfPara qu\u00e9 sirve?\",\"acceptedAnswer\":{\"@type\":\"Answer\",\"text\":\"<\/p>\n<p>Su funci\u00f3n principal es mostrarle al cliente c\u00f3mo ser\u00e1 el resultado final de su idea, en conjunto con las ideas del dise\u00f1ador. Por medio de estos, se plantean <strong>alternativas o inconvenientes que pudieran suceder con el trabajo final<\/strong>, en caso de que las ideas propuestas por el cliente no sean tan realistas o dif\u00edciles de llevar a cabo.<\/p>\n<p>Mockup tambi\u00e9n es el nombre que se le dan a las plantillas o <a href='https:\/\/www.appyweb.es\/diseno-web\/'>ideas b\u00e1sicas de dise\u00f1os web<\/a> o proyectos de desarrollo de sitios web. Con estos, se plantea dise\u00f1ar una ruta de navegaci\u00f3n que sea intuitiva para el usuario y que alcance las expectativas del cliente.<\/p>\n<p>\"}},\n{\"@type\":\"Question\",\"name\":\"\ud83d\udccc C\u00f3mo hacer un mockup\",\"acceptedAnswer\":{\"@type\":\"Answer\",\"text\":\"<\/p>\n<p>Existen muchas herramientas donde se pueden conseguir <strong>plantillas para hacer fotomontajes con efectos muy realistas<\/strong>. Por ejemplo, Freepik, GraphicBurguer, Creative Market, entre otros. Varios son gratuitos y otros de nivel Premium, que son los m\u00e1s solicitados por que garantizan un alto nivel de calidad.<\/p>\n<p>Pero, un buen dise\u00f1ador tambi\u00e9n tiene la opci\u00f3n de <strong>utilizar Photoshop para crear un boceto r\u00e1pido<\/strong> de la misma forma, aparte, es m\u00e1s conveniente por que se pueden a\u00f1adir detalles muy espec\u00edficos.<\/p>\n<p>\"}},\n{\"@type\":\"Question\",\"name\":\"\ud83d\udccc Ejemplo de Mockup\",\"acceptedAnswer\":{\"@type\":\"Answer\",\"text\":\"<\/p>\n<p>En Internet existen infinidad de bocetos aplicables para cada dise\u00f1ador, con gran variedad de tem\u00e1ticas y estilos que se adaptan a los clientes m\u00e1s exigentes. Los m\u00e1s creativos suelen utilizar im\u00e1genes de apoyo para crear otros dise\u00f1os a partir de estos. Por ejemplo, en el siguiente v\u00eddeo se puede ver <strong>c\u00f3mo hacer un mockup de un casco de futbol americano<\/strong>.<\/p>\n<p>\"}}\n]}<\/script><\/p>\n<h2>M\u00e1s informaci\u00f3n de mockup<\/h2>\n<p>Estos bocetos son esenciales <strong>para lograr que el cliente final est\u00e9 satisfecho con el proyecto<\/strong>, \u00bfcrees que te hace falta conocer m\u00e1s al respecto? mira estos enlaces.<\/p>\n<ul>\n<li><a href=\"https:\/\/www.appyweb.es\/diccionario\/boceto\/\">\u00bfQu\u00e9 es un Boceto y para qu\u00e9 sirve?<\/a><\/li>\n<li><a href=\"https:\/\/www.creativosonline.org\/10-mockup-gratuitos-que-debes-conocer-como-disenador.html#Ventajas_de_usar_mockups_para_tus_disenos\" rel=\"nofollow noopener\" target=\"_blank\">Ventajas de usar mockups para tus dise\u00f1os<\/a><\/li>\n<\/ul>\n<p>&nbsp;<\/p>\n","protected":false},"excerpt":{"rendered":"<p>Este t\u00e9rmino se utiliza dentro del campo del dise\u00f1o gr\u00e1fico para describir los fotomontajes o bosquejos de los proyectos. Un mockup permite que los dise\u00f1adores muestren al cliente\u00a0c\u00f3mo podr\u00eda verse el resultado final. \u00bfQu\u00e9 es un mockup? Es un t\u00e9rmino que se utiliza dentro del campo del dise\u00f1o gr\u00e1fico para definir los fotomontajes que se [&hellip;]<\/p>\n","protected":false},"author":1,"featured_media":16357,"parent":0,"menu_order":0,"comment_status":"open","ping_status":"closed","template":"","meta":{"inline_featured_image":false,"footnotes":""},"class_list":["post-3126","page","type-page","status-publish","has-post-thumbnail","hentry"],"_links":{"self":[{"href":"https:\/\/www.appyweb.es\/diccionario\/wp-json\/wp\/v2\/pages\/3126","targetHints":{"allow":["GET"]}}],"collection":[{"href":"https:\/\/www.appyweb.es\/diccionario\/wp-json\/wp\/v2\/pages"}],"about":[{"href":"https:\/\/www.appyweb.es\/diccionario\/wp-json\/wp\/v2\/types\/page"}],"author":[{"embeddable":true,"href":"https:\/\/www.appyweb.es\/diccionario\/wp-json\/wp\/v2\/users\/1"}],"replies":[{"embeddable":true,"href":"https:\/\/www.appyweb.es\/diccionario\/wp-json\/wp\/v2\/comments?post=3126"}],"version-history":[{"count":5,"href":"https:\/\/www.appyweb.es\/diccionario\/wp-json\/wp\/v2\/pages\/3126\/revisions"}],"predecessor-version":[{"id":16359,"href":"https:\/\/www.appyweb.es\/diccionario\/wp-json\/wp\/v2\/pages\/3126\/revisions\/16359"}],"wp:featuredmedia":[{"embeddable":true,"href":"https:\/\/www.appyweb.es\/diccionario\/wp-json\/wp\/v2\/media\/16357"}],"wp:attachment":[{"href":"https:\/\/www.appyweb.es\/diccionario\/wp-json\/wp\/v2\/media?parent=3126"}],"curies":[{"name":"wp","href":"https:\/\/api.w.org\/{rel}","templated":true}]}}