{"id":3138,"date":"2023-06-22T14:17:59","date_gmt":"2023-06-22T14:17:59","guid":{"rendered":"https:\/\/www.appyweb.es\/diccionario\/?post_type=project&#038;p=3138"},"modified":"2024-05-09T13:35:38","modified_gmt":"2024-05-09T13:35:38","slug":"modelo-predictivo","status":"publish","type":"page","link":"https:\/\/www.appyweb.es\/diccionario\/modelo-predictivo\/","title":{"rendered":"Modelo Predictivo"},"content":{"rendered":"<figure id=\"attachment_16374\" aria-describedby=\"caption-attachment-16374\" style=\"width: 1000px\" class=\"wp-caption alignnone\"><img loading=\"lazy\" decoding=\"async\" class=\"size-full wp-image-16374\" src=\"https:\/\/www.appyweb.es\/diccionario\/wp-content\/uploads\/2024\/05\/ModeloPredictivo.jpg\" alt=\"Modelo Predictivo\" width=\"1000\" height=\"600\" srcset=\"https:\/\/www.appyweb.es\/diccionario\/wp-content\/uploads\/2024\/05\/ModeloPredictivo.jpg 1000w, https:\/\/www.appyweb.es\/diccionario\/wp-content\/uploads\/2024\/05\/ModeloPredictivo-300x180.jpg 300w, https:\/\/www.appyweb.es\/diccionario\/wp-content\/uploads\/2024\/05\/ModeloPredictivo-768x461.jpg 768w\" sizes=\"auto, (max-width: 1000px) 100vw, 1000px\" \/><figcaption id=\"caption-attachment-16374\" class=\"wp-caption-text\">Personas mirando unas carpetas con archivos.<\/figcaption><\/figure>\n<p>Es un m\u00e9todo que involucra una serie de actividades que consiste en recopilar datos e informaci\u00f3n para hacer predicciones de mercado. <strong>El modelo predictivo tiene como objetivo determinar oportunidades de negocio<\/strong> que pueden ser beneficiosas para el futuro de una empresa.<\/p>\n<h2>\u00bfQu\u00e9 es?<\/h2>\n<p>Es un mecanismo que permite analizar datos estad\u00edsticos, para as\u00ed predecir lo que va a ocurrir en el futuro, <strong>este modelo predictivo es muy \u00fatil e<\/strong><strong>n el \u00e1rea de los negocios<\/strong>. Extraen patrones de los datos hist\u00f3ricos y transaccionales para identificar riesgos y oportunidades en marketing o en las <a href=\"https:\/\/www.appyweb.es\/embudo-ventas-e-commerce\/\">ventas dentro del embudo<\/a>, toda esta t\u00e9cnica conlleva a un an\u00e1lisis que provea una puntuaci\u00f3n o probabilidad.<\/p>\n<p>Gracias a los avances en la tecnolog\u00eda, estos m\u00e9todos analizan grandes vol\u00famenes de datos, tambi\u00e9n conocido como Big Data. Tambi\u00e9n se utilizan practicas avanzadas como la miner\u00eda de datos y el aprendizaje automatizado, <strong>para as\u00ed simular el comportamiento del consumidor ante est\u00edmulos<\/strong> o situaciones espec\u00edficas.<\/p>\n<h2>\u00bfPara qu\u00e9 sirve?<\/h2>\n<p>Se basa en descubrir oportunidades y prevenir situaciones contrarias, por ejemplo, con ayuda de los modelos y an\u00e1lisis predictivos es posible <strong>determinar si existe una probabilidad de una crisis econ\u00f3mica o de la baja demanda<\/strong> de un producto en el mercado. Pero, tambi\u00e9n es utilizado con frecuencia para pre-visualizar la aparici\u00f3n de nuevos nichos de mercado y aprovecharlos al m\u00e1ximo.<\/p>\n<p>Tambi\u00e9n tiene mucha relevancia en el mundo actual del marketing digital, ya que <strong>permite predecir el comportamiento de los consumidores<\/strong>, para as\u00ed evaluar el nivel de influencia que pudiera alcanzar con determinadas maniobras en el mercado. Igualmente, es muy \u00fatil para describir <a href=\"https:\/\/www.appyweb.es\/diseno-web\/\">tendencias en dise\u00f1o web<\/a>, nuevos aspectos para el posicionamiento, entre otros.<\/p>\n<h2>\u00bfC\u00f3mo hacer un modelo predictivo?<\/h2>\n<p>Existen muchas t\u00e9cnicas para llevar a cabo estos m\u00e9todos, en todos es necesaria la ayuda de algoritmos, <strong>especialmente de an\u00e1lisis de big data o aprendizaje autom\u00e1tico<\/strong>. Estas m\u00e1quinas pueden actuar de forma similar a un ser humano, por lo que la probabilidad de acierto puede ser m\u00e1s alta con respecto a los an\u00e1lisis del consumidor. Algunas formas de aplicar esto son las siguientes.<\/p>\n<ul>\n<li><strong>Arboles de decisi\u00f3n<\/strong>: Son sistemas ramificados de forma similar a un \u00e1rbol, empiezan desde un \u00fanico nodo y se desenvuelve en otras variables.<\/li>\n<li><strong>An\u00e1lisis de regresi\u00f3n<\/strong>: Eval\u00faan las relaciones que tienen las variables de cada cuesti\u00f3n o consulta.<\/li>\n<li><strong>Redes neuronales<\/strong>: Son los que imitan el comportamiento del cerebro humano, reconocen patrones y aprenden con cada nueva informaci\u00f3n.<\/li>\n<\/ul>\n<h2>Ejemplo<\/h2>\n<p>Los sistemas de CRM o Customer Relationship Management son un claro de jemplo de un modelo predictivo, con estos las empresas pueden <strong>clasificar la probabilidad de que cada nuevo lead acceda a una compra<\/strong> en los pr\u00f3ximos d\u00edas. Algunos incluso analizan el comportamiento del mismo a trav\u00e9s de sus interacciones con la empresa, para mostrarles contenido u ofertas ajustadas a ellos.<\/p>\n<p>Un m\u00e9todo m\u00e1s avanzado es <em>Scikit Learn<\/em>, una biblioteca de aprendizaje autom\u00e1tico dise\u00f1ado para Phyton, el lenguaje de programaci\u00f3n. Es una herramienta que incluye varias opciones de algoritmos de predicci\u00f3n como clasificaci\u00f3n, an\u00e1lisis de grupos, bosques aleatorios, etc.<\/p>\n<p><script type=\"application\/ld+json\">{\"@context\":\"https:\/\/schema.org\",\"@type\":\"FAQPage\",\"mainEntity\":[ \n{\"@type\":\"Question\",\"name\":\"\ud83d\udccc \u00bfQu\u00e9 es?\",\"acceptedAnswer\":{\"@type\":\"Answer\",\"text\":\"<\/p>\n<p>Es un mecanismo que permite analizar datos estad\u00edsticos, para as\u00ed predecir lo que va a ocurrir en el futuro, <strong>este modelo predictivo es muy \u00fatil e<\/strong><strong>n el \u00e1rea de los negocios<\/strong>. Extraen patrones de los datos hist\u00f3ricos y transaccionales para identificar riesgos y oportunidades en marketing o en las <a href='https:\/\/www.appyweb.es\/embudo-ventas-e-commerce\/'>ventas dentro del embudo<\/a>, toda esta t\u00e9cnica conlleva a un an\u00e1lisis que provea una puntuaci\u00f3n o probabilidad.<\/p>\n<p>Gracias a los avances en la tecnolog\u00eda, estos m\u00e9todos analizan grandes vol\u00famenes de datos, tambi\u00e9n conocido como Big Data. Tambi\u00e9n se utilizan practicas avanzadas como la miner\u00eda de datos y el aprendizaje automatizado, <strong>para as\u00ed simular el comportamiento del consumidor ante est\u00edmulos<\/strong> o situaciones espec\u00edficas.<\/p>\n<p>\"}},\n{\"@type\":\"Question\",\"name\":\"\ud83d\udccc \u00bfPara qu\u00e9 sirve?\",\"acceptedAnswer\":{\"@type\":\"Answer\",\"text\":\"<\/p>\n<p>Se basa en descubrir oportunidades y prevenir situaciones contrarias, por ejemplo, con ayuda de los modelos y an\u00e1lisis predictivos es posible <strong>determinar si existe una probabilidad de una crisis econ\u00f3mica o de la baja demanda<\/strong> de un producto en el mercado. Pero, tambi\u00e9n es utilizado con frecuencia para pre-visualizar la aparici\u00f3n de nuevos nichos de mercado y aprovecharlos al m\u00e1ximo.<\/p>\n<p>Tambi\u00e9n tiene mucha relevancia en el mundo actual del marketing digital, ya que <strong>permite predecir el comportamiento de los consumidores<\/strong>, para as\u00ed evaluar el nivel de influencia que pudiera alcanzar con determinadas maniobras en el mercado. Igualmente, es muy \u00fatil para describir <a href='https:\/\/www.appyweb.es\/diseno-web\/'>tendencias en dise\u00f1o web<\/a>, nuevos aspectos para el posicionamiento, entre otros.<\/p>\n<p>\"}},\n{\"@type\":\"Question\",\"name\":\"\ud83d\udccc \u00bfC\u00f3mo hacer un modelo predictivo?\",\"acceptedAnswer\":{\"@type\":\"Answer\",\"text\":\"<\/p>\n<p>Existen muchas t\u00e9cnicas para llevar a cabo estos m\u00e9todos, en todos es necesaria la ayuda de algoritmos, <strong>especialmente de an\u00e1lisis de big data o aprendizaje autom\u00e1tico<\/strong>. Estas m\u00e1quinas pueden actuar de forma similar a un ser humano, por lo que la probabilidad de acierto puede ser m\u00e1s alta con respecto a los an\u00e1lisis del consumidor. Algunas formas de aplicar esto son las siguientes.<\/p>\n<\/p>\n<ul>\n<\/p>\n<li><strong>Arboles de decisi\u00f3n<\/strong>: Son sistemas ramificados de forma similar a un \u00e1rbol, empiezan desde un \u00fanico nodo y se desenvuelve en otras variables.<\/li>\n<\/p>\n<\/p>\n<\/p>\n<li><strong>An\u00e1lisis de regresi\u00f3n<\/strong>: Eval\u00faan las relaciones que tienen las variables de cada cuesti\u00f3n o consulta.<\/li>\n<\/p>\n<\/p>\n<\/p>\n<li><strong>Redes neuronales<\/strong>: Son los que imitan el comportamiento del cerebro humano, reconocen patrones y aprenden con cada nueva informaci\u00f3n.<\/li>\n<\/p>\n<\/p>\n<\/ul>\n<\/p>\n<\/p>\n<p>\"}},\n{\"@type\":\"Question\",\"name\":\"\ud83d\udccc Ejemplo\",\"acceptedAnswer\":{\"@type\":\"Answer\",\"text\":\"<\/p>\n<p>Los sistemas de CRM o Customer Relationship Management son un claro dejemplo de un modelo predictivo, con estos las empresas pueden <strong>clasificar la probabilidad de que cada nuevo lead acceda a una compra<\/strong> en los pr\u00f3ximos d\u00edas. Algunos incluso analizan el comportamiento del mismo a trav\u00e9s de sus interacciones con la empresa, para mostrarles contenido u ofertas ajustadas a ellos.<\/p>\n<p>Un m\u00e9todo m\u00e1s avanzado es <em>Scikit Learn<\/em>, una biblioteca de aprendizaje autom\u00e1tico dise\u00f1ado para Phyton, el lenguaje de programaci\u00f3n. Es una herramienta que incluye varias opciones de algoritmos de predicci\u00f3n como clasificaci\u00f3n, an\u00e1lisis de grupos, bosques aleatorios, etc.<\/p>\n<p>\"}}\n]}<\/script><\/p>\n<h2>M\u00e1s informaci\u00f3n sobre modelos predictivos<\/h2>\n<p>Si tienes ganas de empezar a aplicar estas t\u00e9cnicas para conocer el futuro de tus ventas, tienes que tener m\u00e1s informaci\u00f3n al respecto, mira los siguientes enlaces.<\/p>\n<ul>\n<li><a href=\"https:\/\/www.appyweb.es\/5-practicas-rentables-automatizacion-email-marketing-pymes\/\">5 pr\u00e1cticas rentables de automatizaci\u00f3n de email marketing<\/a><\/li>\n<li><a href=\"https:\/\/www.lavanguardia.com\/vida\/20210126\/6199209\/revolucion-machine-learning-brl.html\" rel=\"nofollow noopener\" target=\"_blank\">La revoluci\u00f3n del \u2018Machine Learning\u2019<\/a><\/li>\n<\/ul>\n<p>&nbsp;<\/p>\n","protected":false},"excerpt":{"rendered":"<p>Es un m\u00e9todo que involucra una serie de actividades que consiste en recopilar datos e informaci\u00f3n para hacer predicciones de mercado. El modelo predictivo tiene como objetivo determinar oportunidades de negocio que pueden ser beneficiosas para el futuro de una empresa. \u00bfQu\u00e9 es? Es un mecanismo que permite analizar datos estad\u00edsticos, para as\u00ed predecir lo [&hellip;]<\/p>\n","protected":false},"author":1,"featured_media":16374,"parent":0,"menu_order":0,"comment_status":"open","ping_status":"closed","template":"","meta":{"inline_featured_image":false,"footnotes":""},"class_list":["post-3138","page","type-page","status-publish","has-post-thumbnail","hentry"],"_links":{"self":[{"href":"https:\/\/www.appyweb.es\/diccionario\/wp-json\/wp\/v2\/pages\/3138","targetHints":{"allow":["GET"]}}],"collection":[{"href":"https:\/\/www.appyweb.es\/diccionario\/wp-json\/wp\/v2\/pages"}],"about":[{"href":"https:\/\/www.appyweb.es\/diccionario\/wp-json\/wp\/v2\/types\/page"}],"author":[{"embeddable":true,"href":"https:\/\/www.appyweb.es\/diccionario\/wp-json\/wp\/v2\/users\/1"}],"replies":[{"embeddable":true,"href":"https:\/\/www.appyweb.es\/diccionario\/wp-json\/wp\/v2\/comments?post=3138"}],"version-history":[{"count":5,"href":"https:\/\/www.appyweb.es\/diccionario\/wp-json\/wp\/v2\/pages\/3138\/revisions"}],"predecessor-version":[{"id":16376,"href":"https:\/\/www.appyweb.es\/diccionario\/wp-json\/wp\/v2\/pages\/3138\/revisions\/16376"}],"wp:featuredmedia":[{"embeddable":true,"href":"https:\/\/www.appyweb.es\/diccionario\/wp-json\/wp\/v2\/media\/16374"}],"wp:attachment":[{"href":"https:\/\/www.appyweb.es\/diccionario\/wp-json\/wp\/v2\/media?parent=3138"}],"curies":[{"name":"wp","href":"https:\/\/api.w.org\/{rel}","templated":true}]}}