{"id":3154,"date":"2023-06-22T14:21:39","date_gmt":"2023-06-22T14:21:39","guid":{"rendered":"https:\/\/www.appyweb.es\/diccionario\/?post_type=project&#038;p=3154"},"modified":"2023-09-04T09:31:58","modified_gmt":"2023-09-04T09:31:58","slug":"motores-de-busqueda","status":"publish","type":"page","link":"https:\/\/www.appyweb.es\/diccionario\/motores-de-busqueda\/","title":{"rendered":"Motores de B\u00fasqueda"},"content":{"rendered":"<h1><\/h1>\n<p>Son los sistemas inform\u00e1ticos\u00a0que tienen la funci\u00f3n de buscar documentos almacenados en los diferentes servidores, con ayuda de una ara\u00f1a o bot, tambi\u00e9n conocido como crawler. Los motores de b\u00fasqueda, <strong>llamados tradicionalmente como buscadores<\/strong>, utilizan la informaci\u00f3n que recogen los crawlers para elaborar p\u00e1ginas de resultados.<\/p>\n<h2>\u00bfQu\u00e9 son los motores de b\u00fasqueda?<\/h2>\n<p>Son sistemas que est\u00e1n facultados con algoritmos que buscan la informaci\u00f3n que proporcionan los servidores de sitios en Internet, <a href=\"https:\/\/www.appyweb.es\/posicionamiento-web\/\">para llevar a cabo un posicionamiento web<\/a> de acuerdo a la relevancia con las consultas de los usuarios. Por ejemplo, Google es un motor de b\u00fasqueda, <strong>utiliza sus propios crawlers para clasificar<\/strong> y analizar la informaci\u00f3n en Internet.<\/p>\n<p>Entre sus funciones tienen la particularidad de que operan autom\u00e1ticamente, por lo que entre sus directorios online tienen accesibilidad a dicha informaci\u00f3n. Construy\u00e9ndose a partir de consultas o de avisos, ofrecidos por los creadores de p\u00e1ginas.<\/p>\n<p>Teniendo en cuenta la accesibilidad de los motores de b\u00fasqueda, la mayor\u00eda de los especialistas de <strong>marketing digital est\u00e1n inclinados en el estudio del posicionamiento de la p\u00e1gina<\/strong>. Ya que si logran descifrar las caracter\u00edsticas del posicionamiento, podr\u00e1n optimizar sus sitios web y garantizar los mejores lugares en las SERP\\&#8217;s (p\u00e1gina de resultados de consultas)<\/p>\n<h2>\u00bfPara qu\u00e9 sirve?<\/h2>\n<p>Su principal funci\u00f3n es organizar la informaci\u00f3n en Internet, con ayuda de los motores de b\u00fasqueda es m\u00e1s f\u00e1cil para los usuarios <strong>encontrar el mejor contenido sobre un tema<\/strong>. Por ejemplo, Google emplea funciones avanzadas (la mayor\u00eda secretas para el p\u00fablico) para encontrar y clasificar el contenido m\u00e1s relevante y de mejor calidad en Internet<\/p>\n<p>Estos recursos son necesarios debido a la gran cantidad de datos existentes en la web, de esta forma, permiten que la navegaci\u00f3n sea m\u00e1s f\u00e1cil para los usuarios, mientras que admiten que los sitios web puedan poner en marcha <a href=\"https:\/\/www.appyweb.es\/marketing-de-atraccion\/\">estrategias de marketing de atracci\u00f3n<\/a> cada vez m\u00e1s naturales para conseguir clics.<\/p>\n<h2>Tipos de buscadores<\/h2>\n<p>Se clasifican en tres, dependiendo de c\u00f3mo funcionen sus algoritmos y los resultados que ofrecen, son los siguientes.<\/p>\n<ul>\n<li><strong>Buscadores jer\u00e1rquicos<\/strong>: Son los que <strong>utilizan crawlers o ara\u00f1as para indexar la informaci\u00f3n<\/strong>, Google entra en esta categor\u00eda.<\/li>\n<li><strong>Directorios<\/strong>: Est\u00e1n estructurados por categor\u00edas y subcategor\u00edas, aparte, en ocasiones es necesario que el directorio eval\u00fae el sitio web por completo antes de decidir si incluirlo o no.<\/li>\n<li><strong>Metabuscadores<\/strong>: Son los que utilizan otros buscadores para organizar su SERP, es decir, escogen los mejores resultados de cada motor y lo posicionan en una sola p\u00e1gina.<\/li>\n<\/ul>\n<h2>\u00bfC\u00f3mo funcionan los motores de b\u00fasqueda?<\/h2>\n<p>Todo depender\u00e1 del tipo de indexaci\u00f3n que lleve a cabo, pero todos tienen una base en com\u00fan en cuanto a su funcionamiento. Estos se activan a trav\u00e9s de la utilizaci\u00f3n de palabras clave, cuando una persona utiliza uno de estos recursos escribiendo un par de palabras clave, el crawler se encargar\u00e1 de revisar todos los datos relacionados a esas palabras.<\/p>\n<p>Por ejemplo, si alguien busca en Google \u00abc\u00f3mo hacer un pie de lim\u00f3n\u00bb, el bot buscar\u00e1 todos los sitios web que tengan las palabras clave \u00abpie de lim\u00f3n\u00bb en ellos. Despu\u00e9s, buscar\u00e1 las palabras exactas \u00abc\u00f3mo hacer pie de lim\u00f3n\u00bb. Una vez tenga las opciones, evaluar\u00e1 otros aspectos como la relevancia, autoridad, calidad, etc. Con esto, <strong>mostrar\u00e1 la lista clasificada de las mejores en las SERP\\&#8217;s<\/strong>. Por su puesto que esto ocurre en cuesti\u00f3n de milisegundos.<\/p>\n<p>Tambi\u00e9n es importante considerar que actualmente los algoritmos han evolucionado tanto que este proceso incluso ya cuenta con modificaciones sem\u00e1nticas y de redes neuronales. Se puede decir que Google trabaja de forma similar al cerebro humano, busca las relaciones sem\u00e1nticas, por ejemplo, sabe que \u00abpie de lim\u00f3n\u00bb hace referencia a \u00abreposter\u00eda\u00bb. Igualmente, aprende de las consultas anteriores del usuario, modificando los resultados a sus intereses.<\/p>\n<p><script type=\"application\/ld+json\">{\"@context\":\"https:\/\/schema.org\",\"@type\":\"FAQPage\",\"mainEntity\":[ \n{\"@type\":\"Question\",\"name\":\"\ud83d\udccc \u00bfQu\u00e9 son los motores de b\u00fasqueda?\",\"acceptedAnswer\":{\"@type\":\"Answer\",\"text\":\"<\/p>\n<p>Son sistemas que est\u00e1n facultados con algoritmos que buscan la informaci\u00f3n que proporcionan los servidores de sitios en Internet, <a href='https:\/\/www.appyweb.es\/posicionamiento-web\/'>para llevar a cabo un posicionamiento web<\/a> de acuerdo a la relevancia con las consultas de los usuarios. Por ejemplo, Google es un motor de b\u00fasqueda, <strong>utiliza sus propios crawlers para clasificar<\/strong> y analizar la informaci\u00f3n en Internet.<\/p>\n<p>Entre sus funciones tienen la particularidad de que operan autom\u00e1ticamente, por lo que entre sus directorios online tienen accesibilidad a dicha informaci\u00f3n. Construy\u00e9ndose a partir de consultas o de avisos, ofrecidos por los creadores de p\u00e1ginas.<\/p>\n<p>Teniendo en cuenta la accesibilidad de los motores de b\u00fasqueda, la mayor\u00eda de los especialistas de <strong>marketing digital est\u00e1n inclinados en el estudio del posicionamiento de la p\u00e1gina<\/strong>. Ya que si logran descifrar las caracter\u00edsticas del posicionamiento, podr\u00e1n optimizar sus sitios web y garantizar los mejores lugares en las SERP\\'s (p\u00e1gina de resultados de consultas) <\/p>\n<p>\"}},\n{\"@type\":\"Question\",\"name\":\"\ud83d\udccc \u00bfPara qu\u00e9 sirve?\",\"acceptedAnswer\":{\"@type\":\"Answer\",\"text\":\"<\/p>\n<p>Su principal funci\u00f3n es organizar la informaci\u00f3n en Internet, con ayuda de los motores de b\u00fasqueda es m\u00e1s f\u00e1cil para los usuarios <strong>encontrar el mejor contenido sobre un tema<\/strong>. Por ejemplo, Google emplea funciones avanzadas (la mayor\u00eda secretas para el p\u00fablico) para encontrar y clasificar el contenido m\u00e1s relevante y de mejor calidad en Internet<\/p>\n<p>Estos recursos son necesarios debido a la gran cantidad de datos existentes en la web, de esta forma, permiten que la navegaci\u00f3n sea m\u00e1s f\u00e1cil para los usuarios, mientras que admiten que los sitios web puedan poner en marcha estrategias de marketing de atracci\u00f3n https:\/\/www.appyweb.es\/marketing-de-atraccion\/ cada vez m\u00e1s naturales para conseguir clics.<\/p>\n<p>\"}},\n{\"@type\":\"Question\",\"name\":\"\ud83d\udccc Tipos de buscadores\",\"acceptedAnswer\":{\"@type\":\"Answer\",\"text\":\"<\/p>\n<p>Se clasifican en tres, dependiendo de c\u00f3mo funcionen sus algoritmos y los resultados que ofrecen, son los siguientes.<\/p>\n<ul>\n<li><strong>Buscadores jer\u00e1rquicos<\/strong>: Son los que <strong>utilizan crawlers o ara\u00f1as para indexar la informaci\u00f3n<\/strong>, Google entra en esta categor\u00eda.<\/li>\n<\/p>\n<li><strong>Directorios<\/strong>: Est\u00e1n estructurados por categor\u00edas y subcategor\u00edas, aparte, en ocasiones es necesario que el directorio eval\u00fae el sitio web por completo antes de decidir si incluirlo o no.<\/li>\n<\/p>\n<li><strong>Metabuscadores<\/strong>: Son los que utilizan otros buscadores para organizar su SERP, es decir, escogen los mejores resultados de cada motor y lo posicionan en una sola p\u00e1gina.<\/li>\n<\/p>\n<\/ul>\n<\/p>\n<p>\"}},\n{\"@type\":\"Question\",\"name\":\"\ud83d\udccc \u00bfC\u00f3mo funcionan los motores de b\u00fasqueda?\",\"acceptedAnswer\":{\"@type\":\"Answer\",\"text\":\"<\/p>\n<p>Todo depender\u00e1 del tipo de indexaci\u00f3n que lleve a cabo, pero todos tienen una base en com\u00fan en cuanto a su funcionamiento. Estos se activan a trav\u00e9s de la utilizaci\u00f3n de palabras clave, cuando una persona utiliza uno de estos recursos escribiendo un par de palabras clave, el crawler se encargar\u00e1 de revisar todos los datos relacionados a esas palabras.<\/p>\n<p>Por ejemplo, si alguien busca en Google 'c\u00f3mo hacer un pie de lim\u00f3n', el bot buscar\u00e1 todos los sitios web que tengan las palabras clave 'pie de lim\u00f3n' en ellos. Despu\u00e9s, buscar\u00e1 las palabras exactas 'c\u00f3mo hacer pie de lim\u00f3n'. Una vez tenga las opciones, evaluar\u00e1 otros aspectos como la relevancia, autoridad, calidad, etc. Con esto, <strong>mostrar\u00e1 la lista clasificada de las mejores en las SERP\\'s<\/strong>. Por su puesto que esto ocurre en cuesti\u00f3n de milisegundos.<\/p>\n<p>Tambi\u00e9n es importante considerar que actualmente los algoritmos han evolucionado tanto que este proceso incluso ya cuenta con modificaciones sem\u00e1nticas y de redes neuronales. Se puede decir que Google trabaja de forma similar al cerebro humano, busca las relaciones sem\u00e1nticas, por ejemplo, sabe que 'pie de lim\u00f3n' hace referencia a 'reposter\u00eda'. Igualmente, aprende de las consultas anteriores del usuario, modificando los resultados a sus intereses.<\/p>\n<p>\"}}\n]}<\/script><\/p>\n<h2>M\u00e1s informaci\u00f3n sobre motores de b\u00fasqueda<\/h2>\n<p>\u00bfTe has puesto a pensar qu\u00e9 ser\u00eda de la vida sin buscadores? son cada vez m\u00e1s imprescindibles en todos los aspectos modernos. Si quieres saber un poco m\u00e1s sobre ellos mira estos enlaces.<\/p>\n<ul>\n<li><a href=\"https:\/\/www.appyweb.es\/diccionario\/marketing-en-buscadores\/\">\u00bfQu\u00e9 es el Marketing en Buscadores y para qu\u00e9 sirve?<\/a><\/li>\n<li><a href=\"https:\/\/www.noticias.ltda\/sociedad-digital\/motores-de-busqueda-mas-usados\/\" rel=\"nofollow noopener\" target=\"_blank\">Los 10 motores de b\u00fasqueda m\u00e1s usados en el mundo<\/a><\/li>\n<\/ul>\n<p>&nbsp;<\/p>\n","protected":false},"excerpt":{"rendered":"<p>Son los sistemas inform\u00e1ticos\u00a0que tienen la funci\u00f3n de buscar documentos almacenados en los diferentes servidores, con ayuda de una ara\u00f1a o bot, tambi\u00e9n conocido como crawler. Los motores de b\u00fasqueda, llamados tradicionalmente como buscadores, utilizan la informaci\u00f3n que recogen los crawlers para elaborar p\u00e1ginas de resultados. \u00bfQu\u00e9 son los motores de b\u00fasqueda? Son sistemas que [&hellip;]<\/p>\n","protected":false},"author":1,"featured_media":0,"parent":0,"menu_order":0,"comment_status":"open","ping_status":"closed","template":"","meta":{"inline_featured_image":false,"footnotes":""},"class_list":["post-3154","page","type-page","status-publish","hentry"],"_links":{"self":[{"href":"https:\/\/www.appyweb.es\/diccionario\/wp-json\/wp\/v2\/pages\/3154","targetHints":{"allow":["GET"]}}],"collection":[{"href":"https:\/\/www.appyweb.es\/diccionario\/wp-json\/wp\/v2\/pages"}],"about":[{"href":"https:\/\/www.appyweb.es\/diccionario\/wp-json\/wp\/v2\/types\/page"}],"author":[{"embeddable":true,"href":"https:\/\/www.appyweb.es\/diccionario\/wp-json\/wp\/v2\/users\/1"}],"replies":[{"embeddable":true,"href":"https:\/\/www.appyweb.es\/diccionario\/wp-json\/wp\/v2\/comments?post=3154"}],"version-history":[{"count":3,"href":"https:\/\/www.appyweb.es\/diccionario\/wp-json\/wp\/v2\/pages\/3154\/revisions"}],"predecessor-version":[{"id":9294,"href":"https:\/\/www.appyweb.es\/diccionario\/wp-json\/wp\/v2\/pages\/3154\/revisions\/9294"}],"wp:attachment":[{"href":"https:\/\/www.appyweb.es\/diccionario\/wp-json\/wp\/v2\/media?parent=3154"}],"curies":[{"name":"wp","href":"https:\/\/api.w.org\/{rel}","templated":true}]}}