{"id":3161,"date":"2023-06-22T14:23:19","date_gmt":"2023-06-22T14:23:19","guid":{"rendered":"https:\/\/www.appyweb.es\/diccionario\/?post_type=project&#038;p=3161"},"modified":"2023-09-04T09:32:09","modified_gmt":"2023-09-04T09:32:09","slug":"moz","status":"publish","type":"page","link":"https:\/\/www.appyweb.es\/diccionario\/moz\/","title":{"rendered":"MOZ"},"content":{"rendered":"<h1><\/h1>\n<p>Es una de las herramientas m\u00e1s importantes en el mundo del marketing digital, <strong>MOZ contiene una serie de recursos para mejorar el SEO<\/strong> y evaluar muchos aspectos de un sitio web tanto on page como off page.<\/p>\n<h2>\u00bfQu\u00e9 es MOZ?<\/h2>\n<p>Es una empresa especializada en el funcionamiento SEO y c\u00f3mo mejorar el trabajo de este para otras empresas. Con el paso de los a\u00f1os, <strong>MOZ ha evolucionado hasta convertirse en la herramienta m\u00e1s usada por expertos en SEO<\/strong>, para evaluar sus estrategias, <a href=\"https:\/\/www.appyweb.es\/auditoria-seo\/\">hacer auditor\u00edas SEO<\/a>, estudiar a la competencia, mejorar t\u00e9cnicas y m\u00e1s.<\/p>\n<p>La compa\u00f1\u00eda ha dise\u00f1ado software con distintos recursos que ayudan, complementan y hacen m\u00e1s efectivo el SEO de un sitio web. Estos recursos son necesarios para medir el impacto de un sitio en buscadores, as\u00ed como en otras plataformas como las redes sociales. Es una de las herramientas m\u00e1s completas para evaluar el marketing digital.<\/p>\n<h2>\u00bfPara qu\u00e9 sirve?<\/h2>\n<p>Al principio, los recursos de MOZ estaban dirigidos <strong>a estudiar c\u00f3mo funcionaba el algoritmo de los motores de b\u00fasqueda<\/strong>. Con el paso del tiempo, Google empez\u00f3 a dar menos informaci\u00f3n sobre el Page Rank, por lo que evaluar el posicionamiento era m\u00e1s dif\u00edcil. Pero con las herramientas de esta empresa de pueden conseguir un aproximado de las caracter\u00edsticas nuevas del algoritmo.<\/p>\n<p>Igualmente, tambi\u00e9n facilita algunas m\u00e9tricas para <a href=\"https:\/\/www.appyweb.es\/marketing-de-atraccion\/\">medir el alcance del Inbound Marketing<\/a> de una marca, permitiendo <strong>que el trabajo del experto SEO sea m\u00e1s r\u00e1pido y eficiente<\/strong>. Igualmente, ofrece herramientas para la redacci\u00f3n de contenidos, b\u00fasqueda de keywords, elecci\u00f3n de temas para el contenido, niveles de autoridad de un dominio y mejoras de las estrategias usadas en redes sociales.<\/p>\n<h2>Herramientas MOZ<\/h2>\n<p>Cada una cumple una funci\u00f3n espec\u00edfica <strong>para cada aspecto del SEO y del inbound marketing<\/strong>, entre las que m\u00e1s destacan se encuentran las siguientes.<\/p>\n<ul>\n<li><strong>MozBar<\/strong>:Es el recurso que otorga la puntuaci\u00f3n de autoridad de dominio y de p\u00e1gina de un sitio. De hecho, estas dependen de MOZ exclusivamente, pues ha suplantado en importancia del Page Rank de Google.<\/li>\n<li><strong>Keyword difficult<\/strong>:Es otro de sus recursos y muestra el nivel de dificultad que tiene una keyword para posicionarse. Es ideal <strong>a la hora de redactar contenido y elegir las palabras m\u00e1s adecuadas<\/strong> para cada post.<\/li>\n<li><strong>Crawl test<\/strong>:Muestra datos que son importantes sobre el SEO interno, como los enlaces rotos del sitio o la velocidad en la respuesta del servidor al cargarlo, entre otros m\u00e1s.<\/li>\n<\/ul>\n<h2>Precio de MOZ<\/h2>\n<p>Una vez que un usuario inicia una cuenta en MOZ empieza a transcurrir un free trial, pero una vez finalizado <strong>es necesario acceder a uno de sus planes<\/strong>, son cuatro tarifas en total. Hay que tener en cuenta que no todas cuentan con el mismo nivel de acceso a todas las herramientas de la empresa, as\u00ed como hay funcionalidades exclusivas, que solo se obtienen con una cuenta Premium.<\/p>\n<ul>\n<li><strong>Est\u00e1ndar<\/strong>: Cuenta 99$ al mes.<\/li>\n<li><strong>Medio<\/strong>: 149$ al mes.<\/li>\n<li><strong>Grande<\/strong>: 249 $ al mes.<\/li>\n<li><strong>Premium<\/strong>: 599 $ al mes.<\/li>\n<\/ul>\n<p><script type=\"application\/ld+json\">{\"@context\":\"https:\/\/schema.org\",\"@type\":\"FAQPage\",\"mainEntity\":[ \n{\"@type\":\"Question\",\"name\":\"\ud83d\udccc \u00bfQu\u00e9 es MOZ?\",\"acceptedAnswer\":{\"@type\":\"Answer\",\"text\":\"<\/p>\n<p>Es una empresa especializada en el funcionamiento SEO y c\u00f3mo mejorar el trabajo de este para otras empresas. Con el paso de los a\u00f1os, <strong>MOZ ha evolucionado hasta convertirse en la herramienta m\u00e1s usada por expertos en SEO<\/strong>, para evaluar sus estrategias, <a href='https:\/\/www.appyweb.es\/auditoria-seo\/'>hacer auditor\u00edas SEO<\/a>, estudiar a la competencia, mejorar t\u00e9cnicas y m\u00e1s.<\/p>\n<p>La compa\u00f1\u00eda ha dise\u00f1ado software con distintos recursos que ayudan, complementan y hacen m\u00e1s efectivo el SEO de un sitio web. Estos recursos son necesarios para medir el impacto de un sitio en buscadores, as\u00ed como en otras plataformas como las redes sociales. Es una de las herramientas m\u00e1s completas para evaluar el marketing digital.<\/p>\n<p>\"}},\n{\"@type\":\"Question\",\"name\":\"\ud83d\udccc \u00bfPara qu\u00e9 sirve?\",\"acceptedAnswer\":{\"@type\":\"Answer\",\"text\":\"<\/p>\n<p>Al principio, los recursos de MOZ estaban dirigidos <strong>a estudiar c\u00f3mo funcionaba el algoritmo de los motores de b\u00fasqueda<\/strong>. Con el paso del tiempo, Google empez\u00f3 a dar menos informaci\u00f3n sobre el Page Rank, por lo que evaluar el posicionamiento era m\u00e1s dif\u00edcil. Pero con las herramientas de esta empresa de pueden conseguir un aproximado de las caracter\u00edsticas nuevas del algoritmo.<\/p>\n<p>Igualmente, tambi\u00e9n facilita algunas m\u00e9tricas para <a href='https:\/\/www.appyweb.es\/marketing-de-atraccion\/'>medir el alcance del Inbound Marketing<\/a> de una marca, permitiendo <strong>que el trabajo del experto SEO sea m\u00e1s r\u00e1pido y eficiente<\/strong>. Igualmente,  ofrece herramientas para la redacci\u00f3n de contenidos, b\u00fasqueda de keywords, elecci\u00f3n de temas para el contenido, niveles de autoridad de un dominio y mejoras de las estrategias usadas en redes sociales.<\/p>\n<p>\"}},\n{\"@type\":\"Question\",\"name\":\"\ud83d\udccc Herramientas MOZ\",\"acceptedAnswer\":{\"@type\":\"Answer\",\"text\":\"<\/p>\n<p>Cada una cumple una funci\u00f3n espec\u00edfica <strong>para cada aspecto del SEO y del inbound marketing<\/strong>, entre las que m\u00e1s destacan se encuentran las siguientes.<\/p>\n<ul>\n<li><strong>MozBar<\/strong>:Es el recurso que otorga la puntuaci\u00f3n de autoridad de dominio y de p\u00e1gina de un sitio. De hecho, estas dependen de MOZ exclusivamente, pues ha suplantado en importancia del Page Rank de Google.<\/li>\n<\/p>\n<li><strong>Keyword difficult<\/strong>:Es otro de sus recursos y muestra el nivel de dificultad que tiene una keyword para posicionarse. Es ideal <strong>a la hora de redactar contenido y elegir las palabras m\u00e1s adecuadas<\/strong> para cada post.<\/li>\n<\/p>\n<li><strong>Crawl test<\/strong>:Muestra datos que son importantes sobre el SEO interno, como los enlaces rotos del sitio o la velocidad en la respuesta del servidor al cargarlo, entre otros m\u00e1s.<\/li>\n<\/p>\n<\/ul>\n<\/p>\n<p>\"}},\n{\"@type\":\"Question\",\"name\":\"\ud83d\udccc Precio de MOZ\",\"acceptedAnswer\":{\"@type\":\"Answer\",\"text\":\"<\/p>\n<p>Una vez que un usuario inicia una cuenta en MOZ empieza a transcurrir un free trial, pero una vez finalizado <strong>es necesario acceder a uno de sus planes<\/strong>, son cuatro tarifas en total. Hay que tener en cuenta que no todas cuentan con el mismo nivel de acceso a todas las herramientas de la empresa, as\u00ed como hay funcionalidades exclusivas, que solo se obtienen con una cuenta Premium.<\/p>\n<ul>\n<li><strong>Est\u00e1ndar<\/strong>: Cuenta 99$ al mes.<\/li>\n<\/p>\n<li><strong>Medio<\/strong>: 149$ al mes.<\/li>\n<\/p>\n<li><strong>Grande<\/strong>: 249 $ al mes.<\/li>\n<\/p>\n<li><strong>Premium<\/strong>: 599 $ al mes.<\/li>\n<\/p>\n<\/ul>\n<\/p>\n<p>\"}}\n]}<\/script><\/p>\n<h2>M\u00e1s informaci\u00f3n sobre MOZ<\/h2>\n<p>Para aprovechar al m\u00e1ximo las bondades de estas herramienta debes aprender un poco sobre c\u00f3mo funcionan, obt\u00e9n m\u00e1s informaci\u00f3n al respecto en estos enlaces.<\/p>\n<ul>\n<li><a href=\"https:\/\/www.appyweb.es\/diccionario\/domain-authority\/\">\u00bfQu\u00e9 es el Domain Authority y para qu\u00e9 sirve?<\/a><\/li>\n<li><a href=\"https:\/\/onlinezebra.com\/blog\/moz-pro-seomoz-herramienta-seo\/\" rel=\"nofollow noopener\" target=\"_blank\">Moz Pro: Conoce a fondo esta potente herramienta SEO<\/a><\/li>\n<\/ul>\n<p>&nbsp;<\/p>\n","protected":false},"excerpt":{"rendered":"<p>Es una de las herramientas m\u00e1s importantes en el mundo del marketing digital, MOZ contiene una serie de recursos para mejorar el SEO y evaluar muchos aspectos de un sitio web tanto on page como off page. \u00bfQu\u00e9 es MOZ? Es una empresa especializada en el funcionamiento SEO y c\u00f3mo mejorar el trabajo de este [&hellip;]<\/p>\n","protected":false},"author":1,"featured_media":0,"parent":0,"menu_order":0,"comment_status":"open","ping_status":"closed","template":"","meta":{"inline_featured_image":false,"footnotes":""},"class_list":["post-3161","page","type-page","status-publish","hentry"],"_links":{"self":[{"href":"https:\/\/www.appyweb.es\/diccionario\/wp-json\/wp\/v2\/pages\/3161","targetHints":{"allow":["GET"]}}],"collection":[{"href":"https:\/\/www.appyweb.es\/diccionario\/wp-json\/wp\/v2\/pages"}],"about":[{"href":"https:\/\/www.appyweb.es\/diccionario\/wp-json\/wp\/v2\/types\/page"}],"author":[{"embeddable":true,"href":"https:\/\/www.appyweb.es\/diccionario\/wp-json\/wp\/v2\/users\/1"}],"replies":[{"embeddable":true,"href":"https:\/\/www.appyweb.es\/diccionario\/wp-json\/wp\/v2\/comments?post=3161"}],"version-history":[{"count":3,"href":"https:\/\/www.appyweb.es\/diccionario\/wp-json\/wp\/v2\/pages\/3161\/revisions"}],"predecessor-version":[{"id":9296,"href":"https:\/\/www.appyweb.es\/diccionario\/wp-json\/wp\/v2\/pages\/3161\/revisions\/9296"}],"wp:attachment":[{"href":"https:\/\/www.appyweb.es\/diccionario\/wp-json\/wp\/v2\/media?parent=3161"}],"curies":[{"name":"wp","href":"https:\/\/api.w.org\/{rel}","templated":true}]}}