{"id":3167,"date":"2023-06-22T14:24:45","date_gmt":"2023-06-22T14:24:45","guid":{"rendered":"https:\/\/www.appyweb.es\/diccionario\/?post_type=project&#038;p=3167"},"modified":"2023-09-04T09:32:15","modified_gmt":"2023-09-04T09:32:15","slug":"mtv","status":"publish","type":"page","link":"https:\/\/www.appyweb.es\/diccionario\/mtv\/","title":{"rendered":"MTV"},"content":{"rendered":"<p>MVT o \u00a0Multi Variant Testing (Test Multivariante en castellano) <strong>es una prueba donde se eval\u00faan diferentes aspectos de un sitio web<\/strong>, cambiando algunas variables. Tiene la finalidad de estudiar el nivel de usabilidad de cada versi\u00f3n.<\/p>\n<h2>\u00bfQu\u00e9 es MVT?<\/h2>\n<p>Es una especie de test que se utiliza durante las modificaciones del UX o <a href=\"https:\/\/www.appyweb.es\/diseno-web\/\">experiencia de usuario del dise\u00f1o web<\/a>, cuyo fin es mejorar la percepci\u00f3n y usabilidad del sitio web. El test multivariante intenta mostrar diferentes variables de una versi\u00f3n y comprarla con otra.<\/p>\n<p>Es similar a los test A\/B, pero a diferencia de \u00e9ste, donde se modifica una sola variable, <strong>el MVT busca analizar varias entre s\u00ed<\/strong>. Igualmente, se pueden realizar m\u00faltiples versiones y no solo dos (A y B). Con esto se busca entender los puntos positivos y negativos del dise\u00f1o web final.<\/p>\n<h2>\u00bfPara qu\u00e9 sirve?<\/h2>\n<p>A trav\u00e9s de este test se plantean diferentes contextos de una misma p\u00e1gina, con base en peque\u00f1os cambios. Luego de un an\u00e1lisis, se <strong>detecta cu\u00e1les son los que realmente presentan mejoras para los usuarios<\/strong>. Son recursos que <a href=\"https:\/\/www.appyweb.es\/rediseno-web\/\">se utilizan con frecuencia en el redise\u00f1o web<\/a> para mejorar la usabilidad, seg\u00fan las nuevas tendencias de navegaci\u00f3n.<\/p>\n<p>Con ayuda de los resultados del test MVT es posible mejorar el posicionamiento web de una p\u00e1gina, ya que buscadores como Google est\u00e1n teniendo <strong>la usabilidad como principal caracter\u00edstica para posicionar<\/strong>. Igualmente, es una gran ayuda para hacer que el sitio sea m\u00e1s intuitivo para los usuarios en diferentes plataformas y dispositivos.<\/p>\n<h2>\u00bfQu\u00e9 es MVT sistema operativo?<\/h2>\n<p>Por otro lado, estas siglas tambi\u00e9n pueden hacer referencia a lo que se conoce como <em>Multi-programming with a variable number of task<\/em>, que hace referencia a <strong>un sistema operativo de multi-programaci\u00f3n con un n\u00famero variable de tareas<\/strong>. As\u00ed que no tiene nada que ver con el tipo de prueba que se define al principio.<\/p>\n<h2>Ejemplo de MVT<\/h2>\n<p>La principal tarea de esta prueba es <strong>lograr utilizar la versi\u00f3n que tenga m\u00e1s vistas o interacciones con el p\u00fablico<\/strong>, as\u00ed que se pueden poner en pr\u00e1ctica cada versi\u00f3n de una p\u00e1gina por un tiempo determinado o en varias al mismo tiempo.<\/p>\n<p>Por ejemplo, si en nuestra empresa queremos hacer un reforzamiento de visitantes en la secci\u00f3n de \u201ccont\u00e1ctanos\u201d, lo que haremos es a\u00f1adir enlaces en las otras p\u00e1ginas con contenido con m\u00e1s informaci\u00f3n, para ver cu\u00e1nto tr\u00e1fico logra atraer.<\/p>\n<p>En otra versi\u00f3n, utilizamos gu\u00edas, checklists y otros recursos en lugar de los enlaces con contenidos. Pero, tambi\u00e9n cambiamos el bot\u00f3n y las im\u00e1genes. <strong>La versi\u00f3n que genere m\u00e1s visitas ser\u00e1 la que utilizaremos<\/strong>.<\/p>\n<p><script type=\"application\/ld+json\">{\"@context\":\"https:\/\/schema.org\",\"@type\":\"FAQPage\",\"mainEntity\":[ \n{\"@type\":\"Question\",\"name\":\"\ud83d\udccc \u00bfQu\u00e9 es MVT?\",\"acceptedAnswer\":{\"@type\":\"Answer\",\"text\":\"<\/p>\n<p>Es una especie de test que se utiliza durante las modificaciones del UX o <a href='https:\/\/www.appyweb.es\/diseno-web\/'>experiencia de usuario del dise\u00f1o web<\/a>, cuyo fin es mejorar la percepci\u00f3n y usabilidad del sitio web. El test multivariante intenta mostrar diferentes variables de una versi\u00f3n y comprarla con otra.<\/p>\n<p>Es similar a los test A\/B, pero a diferencia de \u00e9ste, donde se modifica una sola variable, <strong>el MVT busca analizar varias entre s\u00ed<\/strong>. Igualmente, se pueden realizar m\u00faltiples versiones y no solo dos (A y B). Con esto se busca entender los puntos positivos y negativos del dise\u00f1o web final.<\/p>\n<p>\"}},\n{\"@type\":\"Question\",\"name\":\"\ud83d\udccc \u00bfPara qu\u00e9 sirve?\",\"acceptedAnswer\":{\"@type\":\"Answer\",\"text\":\"<\/p>\n<p>A trav\u00e9s de este test se plantean diferentes contextos de una misma p\u00e1gina, con base en peque\u00f1os cambios. Luego de un an\u00e1lisis, se <strong>detecta cu\u00e1les son los que realmente presentan mejoras para los usuarios<\/strong>. Son recursos que <a href='https:\/\/www.appyweb.es\/rediseno-web\/'>se utilizan con frecuencia en el redise\u00f1o web<\/a> para mejorar la usabilidad, seg\u00fan las nuevas tendencias de navegaci\u00f3n.<\/p>\n<p>Con ayuda de los resultados del test MVT es posible mejorar el posicionamiento web de una p\u00e1gina, ya que buscadores como Google est\u00e1n teniendo <strong>la usabilidad como principal caracter\u00edstica para posicionar<\/strong>. Igualmente, es una gran ayuda para hacer que el sitio sea m\u00e1s intuitivo para los usuarios en diferentes plataformas y dispositivos.<\/p>\n<p>\"}},\n{\"@type\":\"Question\",\"name\":\"\ud83d\udccc \u00bfQu\u00e9 es MVT sistema operativo?\",\"acceptedAnswer\":{\"@type\":\"Answer\",\"text\":\"<\/p>\n<p>Por otro lado, estas siglas tambi\u00e9n pueden hacer referencia a lo que se conoce como <em>Multi-programming with a variable number of task<\/em>, que hace referencia a <strong>un sistema operativo de multi-programaci\u00f3n con un n\u00famero variable de tareas<\/strong>. As\u00ed que no tiene nada que ver con el tipo de prueba que se define al principio.<\/p>\n<p>\"}},\n{\"@type\":\"Question\",\"name\":\"\ud83d\udccc Ejemplo de MVT\",\"acceptedAnswer\":{\"@type\":\"Answer\",\"text\":\"<\/p>\n<p>La principal tarea de esta prueba es <strong>lograr utilizar la versi\u00f3n que tenga m\u00e1s vistas o interacciones con el p\u00fablico<\/strong>, as\u00ed que se pueden poner en pr\u00e1ctica cada versi\u00f3n de una p\u00e1gina por un tiempo determinado o en varias al mismo tiempo. <\/p>\n<p>Por ejemplo,  si en nuestra empresa queremos hacer un reforzamiento de visitantes en la secci\u00f3n de \u201ccont\u00e1ctanos\u201d, lo que haremos es a\u00f1adir enlaces en las otras p\u00e1ginas con contenido con  m\u00e1s informaci\u00f3n, para ver cu\u00e1nto tr\u00e1fico logra atraer.<\/p>\n<p>En otra versi\u00f3n, utilizamos gu\u00edas, checklists y otros recursos en lugar de los enlaces con contenidos. Pero, tambi\u00e9n cambiamos el bot\u00f3n y las im\u00e1genes. <strong>La versi\u00f3n que genere m\u00e1s visitas ser\u00e1 la que utilizaremos<\/strong>.<\/p>\n<p>\"}}\n]}<\/script><\/p>\n<h2>M\u00e1s informaci\u00f3n sobre MVT<\/h2>\n<p>Tanto Google como otras herramientas, tienen funcionalidades que permiten hacer estas pruebas de forma m\u00e1s sencilla, aqu\u00ed tienes varios enlaces para obtener m\u00e1s informaci\u00f3n.<\/p>\n<ul>\n<li><a href=\"https:\/\/www.appyweb.es\/diccionario\/analisis-heuristico\/\">\u00bfQu\u00e9 es el An\u00e1lisis Heur\u00edstico y para qu\u00e9 sirve?<\/a><\/li>\n<li><a href=\"https:\/\/support.google.com\/optimize\/answer\/7012154?hl=es\" rel=\"nofollow noopener\" target=\"_blank\">Tipos de experimentos, ayuda de Google Optimize<\/a><\/li>\n<\/ul>\n<p>&nbsp;<\/p>\n","protected":false},"excerpt":{"rendered":"<p>MVT o \u00a0Multi Variant Testing (Test Multivariante en castellano) es una prueba donde se eval\u00faan diferentes aspectos de un sitio web, cambiando algunas variables. Tiene la finalidad de estudiar el nivel de usabilidad de cada versi\u00f3n. \u00bfQu\u00e9 es MVT? Es una especie de test que se utiliza durante las modificaciones del UX o experiencia de [&hellip;]<\/p>\n","protected":false},"author":1,"featured_media":0,"parent":0,"menu_order":0,"comment_status":"open","ping_status":"closed","template":"","meta":{"inline_featured_image":false,"footnotes":""},"class_list":["post-3167","page","type-page","status-publish","hentry"],"_links":{"self":[{"href":"https:\/\/www.appyweb.es\/diccionario\/wp-json\/wp\/v2\/pages\/3167","targetHints":{"allow":["GET"]}}],"collection":[{"href":"https:\/\/www.appyweb.es\/diccionario\/wp-json\/wp\/v2\/pages"}],"about":[{"href":"https:\/\/www.appyweb.es\/diccionario\/wp-json\/wp\/v2\/types\/page"}],"author":[{"embeddable":true,"href":"https:\/\/www.appyweb.es\/diccionario\/wp-json\/wp\/v2\/users\/1"}],"replies":[{"embeddable":true,"href":"https:\/\/www.appyweb.es\/diccionario\/wp-json\/wp\/v2\/comments?post=3167"}],"version-history":[{"count":3,"href":"https:\/\/www.appyweb.es\/diccionario\/wp-json\/wp\/v2\/pages\/3167\/revisions"}],"predecessor-version":[{"id":9297,"href":"https:\/\/www.appyweb.es\/diccionario\/wp-json\/wp\/v2\/pages\/3167\/revisions\/9297"}],"wp:attachment":[{"href":"https:\/\/www.appyweb.es\/diccionario\/wp-json\/wp\/v2\/media?parent=3167"}],"curies":[{"name":"wp","href":"https:\/\/api.w.org\/{rel}","templated":true}]}}