{"id":3171,"date":"2023-06-22T14:25:32","date_gmt":"2023-06-22T14:25:32","guid":{"rendered":"https:\/\/www.appyweb.es\/diccionario\/?post_type=project&#038;p=3171"},"modified":"2023-09-04T09:32:20","modified_gmt":"2023-09-04T09:32:20","slug":"mysql","status":"publish","type":"page","link":"https:\/\/www.appyweb.es\/diccionario\/mysql\/","title":{"rendered":"MySQL"},"content":{"rendered":"<h1><\/h1>\n<p>Es un sistema que tiene como finalidad gestionar bases de datos relacionales, <strong>MySQL es de c\u00f3digo abierto y es uno de los programas m\u00e1s populares<\/strong> en cuanto a RDBMS.<\/p>\n<h2>\u00bfQu\u00e9 es?<\/h2>\n<p>Es un sistema de administraci\u00f3n de base de datos relacionales, es decir, con grandes cantidades de datos. <strong>Aplicaciones importantes como Facebook, YouTube y Twitter utilizan MySQL<\/strong> como sistema de almacenamiento de informaci\u00f3n de sus <a href=\"https:\/\/www.appyweb.es\/desarrollo-app\/\">proyectos de desarrollo web<\/a>. Aunque, originalmente era un programa muy limitado y exclusivo, actualmente puede ser utilizado por cualquiera.<\/p>\n<p>La finalidad de este programa de evoluci\u00f3n y desarrollo, es dar forma y facilitar la comunicaci\u00f3n entre p\u00e1ginas y servidores. Como caracter\u00edstica se puede decir que trabaja con base de datos relacionales. Es decir, utiliza tablas m\u00faltiples que se interconectan entre s\u00ed. Cuenta con actualizaciones constantes, <strong>siendo un entorno gratuito y perfectamente modificable<\/strong>. La mayor\u00eda de los programadores de p\u00e1ginas han trabajado con esta herramienta por sus capacidades y bondades.<\/p>\n<h2>\u00bfPara qu\u00e9 sirve?<\/h2>\n<p>Este programa tiene la funci\u00f3n de almacenar todo tipo de informaci\u00f3n deseada <strong>en una base de datos de caracter\u00edsticas relacionales<\/strong>. Permite la lectura de forma r\u00e1pida, por el hecho de que usa un motor del tipo no transaccional. Es considerada en el mundo como una \u201cfuente abierta\u201d. Es decir, cualquier persona puede usarlo y modificarlo.<\/p>\n<p>Para las empresas, esta herramienta es de vital importancia por las facilidades que plantea y las utilidades que tiene. Es por esto que tambi\u00e9n puede ser <a href=\"https:\/\/www.appyweb.es\/diseno-web\/\">indispensable en los proyectos de dise\u00f1o web<\/a> que requieran grandes capacidades de almacenamiento.<\/p>\n<h2>\u00bfMYSQL y SQL son lo mismo?<\/h2>\n<p>No, por un lado MYSQL es un administrador de bases de datos relacionales con un modelo cliente-servidor. Mientras que <strong>el SQL es un lenguaje de consulta estructurado<\/strong>, pero esto significa que s\u00ed est\u00e1n relacionados, ya que para que se comuniquen el cliente y el servidor en el entorno relacional, necesitan de este lenguaje estructurado.<\/p>\n<p>B\u00e1sicamente, el SQL le dice al servidor qu\u00e9 hacer con los datos o la informaci\u00f3n, algunas de las operaciones que se pueden realizar son las siguientes.<\/p>\n<ul>\n<li><strong>Consulta<\/strong>: Solicitar informaci\u00f3n espec\u00edfica sobre la base de datos.<\/li>\n<li><strong>Manipulaci\u00f3n<\/strong>: Modificar, cambiar, mover cualquier archivo dentro de la base.<\/li>\n<li><strong>Identificar<\/strong>: Definir tipos de datos, clasificar y esquematizar.<\/li>\n<li><strong>Control de acceso<\/strong>: Indica los permisos sobre qui\u00e9n puede ver o manipular los archivos.<\/li>\n<\/ul>\n<h2>Procesos de MYSQL<\/h2>\n<p>Para evitar tecnicismos, este gestor permite crear bases de datos, <strong>manipularlas y definir la relaci\u00f3n entre cada tabla de informaci\u00f3n<\/strong>. La parte de los clientes pueden realizar solicitudes escribi\u00e9ndolas en el lenguaje SQL y llevarlas a cabo de forma espec\u00edfica.<\/p>\n<p>El servidor responder\u00e1 con la informaci\u00f3n y aparecer\u00e1 frente al cliente, sin necesidad de implementar m\u00e9todos manuales.<\/p>\n<p><script type=\"application\/ld+json\">{\"@context\":\"https:\/\/schema.org\",\"@type\":\"FAQPage\",\"mainEntity\":[ \n{\"@type\":\"Question\",\"name\":\"\ud83d\udccc \u00bfQu\u00e9 es?\",\"acceptedAnswer\":{\"@type\":\"Answer\",\"text\":\"<\/p>\n<p>Es un sistema de administraci\u00f3n de base de datos relacionales, es decir, con grandes cantidades de datos. <strong>Aplicaciones importantes como Facebook, YouTube y Twitter utilizan MySQL<\/strong> como sistema de almacenamiento de informaci\u00f3n de sus <a href='https:\/\/www.appyweb.es\/desarrollo-app\/'>proyectos de desarrollo web<\/a>. Aunque, originalmente era un programa muy limitado y exclusivo, actualmente puede ser utilizado por cualquiera.<\/p>\n<p>La finalidad de este programa de evoluci\u00f3n y desarrollo, es dar forma y facilitar la comunicaci\u00f3n entre p\u00e1ginas y servidores. Como caracter\u00edstica se puede decir que trabaja con base de datos relacionales. Es decir, utiliza tablas m\u00faltiples que se interconectan entre s\u00ed. Cuenta con actualizaciones constantes, <strong>siendo un entorno gratuito y perfectamente modificable<\/strong>. La mayor\u00eda de los programadores de p\u00e1ginas han trabajado con esta herramienta por sus capacidades y bondades.<\/p>\n<p>\"}},\n{\"@type\":\"Question\",\"name\":\"\ud83d\udccc \u00bfPara qu\u00e9 sirve?\",\"acceptedAnswer\":{\"@type\":\"Answer\",\"text\":\"<\/p>\n<p>Este programa tiene la funci\u00f3n de almacenar todo tipo de informaci\u00f3n deseada <strong>en una base de datos de caracter\u00edsticas relacionales<\/strong>. Permite la lectura de forma r\u00e1pida, por el hecho de que usa un motor del tipo no transaccional. Es considerada en el mundo como una \u201cfuente abierta\u201d. Es decir, cualquier persona puede usarlo y modificarlo.<\/p>\n<p>Para las empresas, esta herramienta es de vital importancia por las facilidades que plantea y las utilidades que tiene. Es por esto que tambi\u00e9n puede ser <a href='https:\/\/www.appyweb.es\/diseno-web\/'>indispensable en los proyectos de dise\u00f1o web<\/a> que requieran grandes capacidades de almacenamiento.<\/p>\n<p>\"}},\n{\"@type\":\"Question\",\"name\":\"\ud83d\udccc \u00bfMYSQL y SQL son lo mismo?\",\"acceptedAnswer\":{\"@type\":\"Answer\",\"text\":\"<\/p>\n<p>No, por un lado MYSQL es un administrador de bases de datos relacionales con un modelo cliente-servidor. Mientras que <strong>el SQL es un lenguaje de consulta estructurado<\/strong>, pero esto significa que s\u00ed est\u00e1n relacionados, ya que para que se comuniquen el cliente y el servidor en el entorno relacional, necesitan de este lenguaje estructurado.<\/p>\n<p>B\u00e1sicamente, el SQL le dice al servidor qu\u00e9 hacer con los datos o la informaci\u00f3n, algunas de las operaciones que se pueden realizar son las siguientes.<\/p>\n<ul>\n<li><strong>Consulta<\/strong>: Solicitar informaci\u00f3n espec\u00edfica sobre la base de datos.<\/li>\n<\/p>\n<li><strong>Manipulaci\u00f3n<\/strong>: Modificar, cambiar, mover cualquier archivo dentro de la base.<\/li>\n<\/p>\n<li><strong>Identificar<\/strong>: Definir tipos de datos, clasificar y esquematizar.<\/li>\n<\/p>\n<li><strong>Control de acceso<\/strong>: Indica los permisos sobre qui\u00e9n puede ver o manipular los archivos.<\/li>\n<\/p>\n<\/ul>\n<\/p>\n<p>\"}},\n{\"@type\":\"Question\",\"name\":\"\ud83d\udccc Procesos de MYSQL\",\"acceptedAnswer\":{\"@type\":\"Answer\",\"text\":\"<\/p>\n<p>Para evitar tecnicismos, este gestor permite crear bases de datos, <strong>manipularlas y definir la relaci\u00f3n entre cada tabla de informaci\u00f3n<\/strong>. La parte de los clientes pueden realizar solicitudes escribi\u00e9ndolas en el lenguaje SQL y llevarlas a cabo de forma espec\u00edfica.<\/p>\n<p>El servidor responder\u00e1 con la informaci\u00f3n y aparecer\u00e1 frente al cliente, sin necesidad de implementar m\u00e9todos manuales.<\/p>\n<p>\"}}\n]}<\/script><\/p>\n<h2>M\u00e1s informaci\u00f3n sobre MySQL<\/h2>\n<p>Si conoces un poco sobre programaci\u00f3n sabr\u00e1s que este gestor es uno de los m\u00e1s utilizados en el mundo, \u00bfquieres m\u00e1s info al respecto? mira estos enlaces.<\/p>\n<ul>\n<li><a href=\"https:\/\/www.appyweb.es\/diccionario\/database\/\">\u00bfQu\u00e9 es la Database y para qu\u00e9 sirve?<\/a><\/li>\n<li><a href=\"https:\/\/mape309site.wordpress.com\/2017\/11\/15\/ventajas-y-desventajas-de-mysql-oracle-visual-foxpro-y-access\/\" rel=\"nofollow noopener\" target=\"_blank\">Ventajas y desventajas de MySQL<\/a><\/li>\n<\/ul>\n<p>&nbsp;<\/p>\n","protected":false},"excerpt":{"rendered":"<p>Es un sistema que tiene como finalidad gestionar bases de datos relacionales, MySQL es de c\u00f3digo abierto y es uno de los programas m\u00e1s populares en cuanto a RDBMS. \u00bfQu\u00e9 es? Es un sistema de administraci\u00f3n de base de datos relacionales, es decir, con grandes cantidades de datos. Aplicaciones importantes como Facebook, YouTube y Twitter [&hellip;]<\/p>\n","protected":false},"author":1,"featured_media":0,"parent":0,"menu_order":0,"comment_status":"open","ping_status":"closed","template":"","meta":{"inline_featured_image":false,"footnotes":""},"class_list":["post-3171","page","type-page","status-publish","hentry"],"_links":{"self":[{"href":"https:\/\/www.appyweb.es\/diccionario\/wp-json\/wp\/v2\/pages\/3171","targetHints":{"allow":["GET"]}}],"collection":[{"href":"https:\/\/www.appyweb.es\/diccionario\/wp-json\/wp\/v2\/pages"}],"about":[{"href":"https:\/\/www.appyweb.es\/diccionario\/wp-json\/wp\/v2\/types\/page"}],"author":[{"embeddable":true,"href":"https:\/\/www.appyweb.es\/diccionario\/wp-json\/wp\/v2\/users\/1"}],"replies":[{"embeddable":true,"href":"https:\/\/www.appyweb.es\/diccionario\/wp-json\/wp\/v2\/comments?post=3171"}],"version-history":[{"count":3,"href":"https:\/\/www.appyweb.es\/diccionario\/wp-json\/wp\/v2\/pages\/3171\/revisions"}],"predecessor-version":[{"id":9298,"href":"https:\/\/www.appyweb.es\/diccionario\/wp-json\/wp\/v2\/pages\/3171\/revisions\/9298"}],"wp:attachment":[{"href":"https:\/\/www.appyweb.es\/diccionario\/wp-json\/wp\/v2\/media?parent=3171"}],"curies":[{"name":"wp","href":"https:\/\/api.w.org\/{rel}","templated":true}]}}