{"id":3182,"date":"2023-06-22T14:29:26","date_gmt":"2023-06-22T14:29:26","guid":{"rendered":"https:\/\/www.appyweb.es\/diccionario\/?post_type=project&#038;p=3182"},"modified":"2023-09-04T09:32:38","modified_gmt":"2023-09-04T09:32:38","slug":"navegabilidad-2","status":"publish","type":"page","link":"https:\/\/www.appyweb.es\/diccionario\/navegabilidad-2\/","title":{"rendered":"Navegabilidad"},"content":{"rendered":"<h1><\/h1>\n<p>Es un concepto que se utiliza para hacer referencia a la <strong>facilidad que tienen los usuarios de navegar en un sitio web<\/strong>. La navegabilidad web tiene el objetivo de garantizar un conjunto de estrategias que permitan que el usuario tenga una mejor experiencia.<\/p>\n<h2>\u00bfQu\u00e9 es?<\/h2>\n<p>Es un t\u00e9rmino que se utiliza para hacer referencia a <strong>qu\u00e9 tan f\u00e1cil es para los usuarios navegar en un sitio web<\/strong>. Es utilizado con frecuencia en las <a href=\"https:\/\/www.appyweb.es\/diseno-web\/\">estrategias de dise\u00f1o web<\/a> para garantizar una buena experiencia de navegaci\u00f3n.<\/p>\n<p>Para que pueda existir una buena navegabilidad, el usuario debe tener a disposici\u00f3n una serie de herramientas, que permitan determinar la localizaci\u00f3n de la informaci\u00f3n que est\u00e1 buscando. As\u00ed como recursos que le permitan regresar a las p\u00e1ginas que ya visit\u00f3 o las que van a visitar en el futuro.<\/p>\n<h2>\u00bfPara qu\u00e9 sirve?<\/h2>\n<p>Su finalidad es mejorar en todos los aspectos la experiencia de los usuarios dentro del sitio web. Para esto se acompa\u00f1a de otras dos herramientas fundamentales como la accesibilidad y usabilidad. Es decir, <strong>el sitio web debe estar disponible para distintos tipos de usuarios y dispositivos<\/strong>, as\u00ed como garantizar un dise\u00f1o intuitivo y confiable.<\/p>\n<p>Asimismo, si se tienen en cuenta estrategias para la filosof\u00eda de la navegabilidad, como <a href=\"https:\/\/www.appyweb.es\/optimizacion-velocidad-web\/\">la optimizaci\u00f3n de la velocidad de carga<\/a>, se pueden acceder a beneficios como aumentar el tiempo de permanencia del usuario o la tasa de tr\u00e1fico.<\/p>\n<h2>Caracter\u00edsticas de la navegabilidad<\/h2>\n<ul>\n<li>Requiere de interactividad, el usuario debe poder comunicarse con el servidor f\u00e1cilmente.<\/li>\n<li>Tambi\u00e9n debe ser capaz de <strong>moverse por la estructura del sitio web con naturalidad y facilidad<\/strong>.<\/li>\n<li>Las herramientas y recursos deben ser intuitivos, que no requieran de conocimientos previos.<\/li>\n<li>Las secciones dentro del sitio deben ser f\u00e1cilmente identificables, incluyendo los contenidos.<\/li>\n<\/ul>\n<h2>Ejemplo de navegabilidad<\/h2>\n<p>La mayor\u00eda de las tiendas online o <strong>sitios web de e-commerce son populares por sus dise\u00f1os web<\/strong>, si cumplen con las caracter\u00edsticas nombradas anteriormente pueden garantizar una buena navegabilidad. En este sentido, el sitio web de Apple en espa\u00f1ol <em>http:\/\/www.apple.es\/<\/em> es uno de los ejemplos m\u00e1s notorios, su men\u00fa es f\u00e1cil de utilizar y no requiere de hacer muchos clics para que el usuario llegue a la informaci\u00f3n que necesita.<\/p>\n<p>Amazon con <em>amazon.es<\/em> tambi\u00e9n es una de las p\u00e1ginas con una buena navegaci\u00f3n, sobre todo porque cuenta con un dise\u00f1o que <strong>permite al usuario encontrar lo que necesita con el m\u00e1s m\u00ednimo detalle<\/strong>, todo desde una sola p\u00e1gina.<\/p>\n<p><script type=\"application\/ld+json\">{\"@context\":\"https:\/\/schema.org\",\"@type\":\"FAQPage\",\"mainEntity\":[ \n{\"@type\":\"Question\",\"name\":\"\ud83d\udccc \u00bfQu\u00e9 es?\",\"acceptedAnswer\":{\"@type\":\"Answer\",\"text\":\"<\/p>\n<p>Es un t\u00e9rmino que se utiliza para hacer referencia a <strong>qu\u00e9 tan f\u00e1cil es para los usuarios navegar en un sitio web<\/strong>. Es utilizado con frecuencia en las <a href='https:\/\/www.appyweb.es\/diseno-web\/'>estrategias de dise\u00f1o web<\/a> para garantizar una buena experiencia de navegaci\u00f3n.<\/p>\n<p>Para que pueda existir una buena navegabilidad, el usuario debe tener a disposici\u00f3n una serie de herramientas, que permitan determinar la localizaci\u00f3n de la informaci\u00f3n que est\u00e1 buscando. As\u00ed como recursos que le permitan regresar a las p\u00e1ginas que ya visit\u00f3 o las que van a visitar en el futuro.<\/p>\n<p>\"}},\n{\"@type\":\"Question\",\"name\":\"\ud83d\udccc \u00bfPara qu\u00e9 sirve?\",\"acceptedAnswer\":{\"@type\":\"Answer\",\"text\":\"<\/p>\n<p>Su finalidad es mejorar en todos los aspectos la experiencia de los usuarios dentro del sitio web. Para esto se acompa\u00f1a de otras dos herramientas fundamentales como la accesibilidad y usabilidad. Es decir, <strong>el sitio web debe estar disponible para distintos tipos de usuarios y dispositivos<\/strong>, as\u00ed como garantizar un dise\u00f1o intuitivo y confiable.<\/p>\n<p>Asimismo, si se tienen en cuenta estrategias para la filosof\u00eda de la navegabilidad, como <a href='https:\/\/www.appyweb.es\/optimizacion-velocidad-web\/'>la optimizaci\u00f3n de la velocidad de carga<\/a>, se pueden acceder a beneficios como aumentar el tiempo de permanencia del usuario o la tasa de tr\u00e1fico.<\/p>\n<p>\"}},\n{\"@type\":\"Question\",\"name\":\"\ud83d\udccc Caracter\u00edsticas de la navegabilidad\",\"acceptedAnswer\":{\"@type\":\"Answer\",\"text\":\"<\/p>\n<ul>\n<li>Requiere de interactividad, el usuario debe poder comunicarse con el servidor f\u00e1cilmente.<\/li>\n<\/p>\n<li>Tambi\u00e9n debe ser capaz de <strong>moverse por la estructura del sitio web con naturalidad y facilidad<\/strong>.<\/li>\n<\/p>\n<li>Las herramientas y recursos deben ser intuitivos, que no requieran de conocimientos previos.<\/li>\n<\/p>\n<li>Las secciones dentro del sitio deben ser f\u00e1cilmente identificables, incluyendo los contenidos.<\/li>\n<\/p>\n<\/ul>\n<\/p>\n<p>\"}},\n{\"@type\":\"Question\",\"name\":\"\ud83d\udccc Ejemplo de navegabilidad\",\"acceptedAnswer\":{\"@type\":\"Answer\",\"text\":\"<\/p>\n<p>La mayor\u00eda de las tiendas online o <strong>sitios web de e-commerce son populares por sus dise\u00f1os web<\/strong>, si cumplen con las caracter\u00edsticas nombradas anteriormente pueden garantizar una buena navegabilidad. En este sentido, el sitio web de Apple en espa\u00f1ol <em>http:\/\/www.apple.es\/<\/em> es uno de los ejemplos m\u00e1s notorios, su men\u00fa es f\u00e1cil de utilizar y no requiere de hacer muchos clics para que el usuario llegue a la informaci\u00f3n que necesita.<\/p>\n<p>Amazon con <em>amazon.es<\/em> tambi\u00e9n es una de las p\u00e1ginas con una buena navegaci\u00f3n, sobre todo porque cuenta con un dise\u00f1o que <strong>permite al usuario encontrar lo que necesita con el m\u00e1s m\u00ednimo detalle<\/strong>, todo desde una sola p\u00e1gina.<\/p>\n<p>\"}}\n]}<\/script><\/p>\n<h2>M\u00e1s informaci\u00f3n sobre navegabilidad<\/h2>\n<p>\u00bfAlguna vez has navegado por un sitio que no lograste entender del todo? pues, estuviste en presencia de una baja navegabilidad. Si quieres ver m\u00e1s ejemplos verifica los siguientes enlaces.<\/p>\n<ul>\n<li><a href=\"https:\/\/www.appyweb.es\/5-mitos-diseno-web-ignorar\/\">5 mitos sobre el dise\u00f1o web que debes ignorar<\/a><\/li>\n<li><a href=\"http:\/\/horriblewebs.wordpress.com\/\" rel=\"nofollow noopener\" target=\"_blank\">Horrible Webs, colecci\u00f3n de ejemplos de websites de baja navegabilidad<\/a><\/li>\n<\/ul>\n<p>&nbsp;<\/p>\n","protected":false},"excerpt":{"rendered":"<p>Es un concepto que se utiliza para hacer referencia a la facilidad que tienen los usuarios de navegar en un sitio web. La navegabilidad web tiene el objetivo de garantizar un conjunto de estrategias que permitan que el usuario tenga una mejor experiencia. \u00bfQu\u00e9 es? Es un t\u00e9rmino que se utiliza para hacer referencia a [&hellip;]<\/p>\n","protected":false},"author":1,"featured_media":0,"parent":0,"menu_order":0,"comment_status":"open","ping_status":"closed","template":"","meta":{"inline_featured_image":false,"footnotes":""},"class_list":["post-3182","page","type-page","status-publish","hentry"],"_links":{"self":[{"href":"https:\/\/www.appyweb.es\/diccionario\/wp-json\/wp\/v2\/pages\/3182","targetHints":{"allow":["GET"]}}],"collection":[{"href":"https:\/\/www.appyweb.es\/diccionario\/wp-json\/wp\/v2\/pages"}],"about":[{"href":"https:\/\/www.appyweb.es\/diccionario\/wp-json\/wp\/v2\/types\/page"}],"author":[{"embeddable":true,"href":"https:\/\/www.appyweb.es\/diccionario\/wp-json\/wp\/v2\/users\/1"}],"replies":[{"embeddable":true,"href":"https:\/\/www.appyweb.es\/diccionario\/wp-json\/wp\/v2\/comments?post=3182"}],"version-history":[{"count":3,"href":"https:\/\/www.appyweb.es\/diccionario\/wp-json\/wp\/v2\/pages\/3182\/revisions"}],"predecessor-version":[{"id":9301,"href":"https:\/\/www.appyweb.es\/diccionario\/wp-json\/wp\/v2\/pages\/3182\/revisions\/9301"}],"wp:attachment":[{"href":"https:\/\/www.appyweb.es\/diccionario\/wp-json\/wp\/v2\/media?parent=3182"}],"curies":[{"name":"wp","href":"https:\/\/api.w.org\/{rel}","templated":true}]}}