{"id":3187,"date":"2023-06-22T14:31:05","date_gmt":"2023-06-22T14:31:05","guid":{"rendered":"https:\/\/www.appyweb.es\/diccionario\/?post_type=project&#038;p=3187"},"modified":"2023-09-04T09:32:43","modified_gmt":"2023-09-04T09:32:43","slug":"navegacion-privada","status":"publish","type":"page","link":"https:\/\/www.appyweb.es\/diccionario\/navegacion-privada\/","title":{"rendered":"Navegaci\u00f3n Privada"},"content":{"rendered":"<h1><\/h1>\n<p>Es una forma de navegar en Internet que consiste en evitar que los rastreadores sigan al usuario o registren su actividad en el historial. La navegaci\u00f3n privada es utilizada con frecuencia <strong>para evitar que el navegador registre las p\u00e1ginas visitadas<\/strong>.<\/p>\n<h2>\u00bfQu\u00e9 es la navegaci\u00f3n privada?<\/h2>\n<p>Tambi\u00e9n es conocida como \u201cmodo inc\u00f3gnito\u201d, es una forma de utilizar un navegador para <strong>acceder a distintos sitios en Internet sin que estos sean registrados <\/strong>en el historial del usuario. Pero, al mismo tiempo se evitar\u00e1 que los rastreadores tengan acceso a su viaje de navegaci\u00f3n, es decir, no se podr\u00e1 guardar la informaci\u00f3n en las cookies.<\/p>\n<p>Igualmente, aunque los <a href=\"https:\/\/www.appyweb.es\/diseno-web\/\">dise\u00f1adores y programadores web<\/a> aplican excelentes sistemas de seguridad, esta modalidad es muy popular para garantizar la protecci\u00f3n de los usuarios, su identidad o la de su servicio de Internet.<\/p>\n<h2>\u00bfPara qu\u00e9 sirve la navegaci\u00f3n privada?<\/h2>\n<p>Su funci\u00f3n principal es <strong>garantizar la privacidad de los usuarios mientras navegan<\/strong>, con frecuencia, los buscadores suelen registrar las b\u00fasquedas que realizan para tener datos para futuras consultas. Igualmente, algunos sitios web utilizan cookies y otros c\u00f3digos para visualizar la actividad del usuario, si se quiere evitar entonces se emplea el modo incognito.<\/p>\n<p>Tan importante se volvi\u00f3 la utilizaci\u00f3n de la navegaci\u00f3n privada, que en las actualizaciones de los buscadores para los equipos inteligentes se prioriza la adici\u00f3n de este modo. Pero, es necesario mencionar que no es una buena pr\u00e1ctica para los analistas del marketing <a href=\"https:\/\/www.appyweb.es\/posicionamiento-web\/\">cuando se trata del posicionamiento web<\/a>, ya que as\u00ed no ser\u00e1 posible rastrear el comportamiento de los usuarios cuando hacen una compra online.<\/p>\n<h2>C\u00f3mo activar la navegaci\u00f3n privada o modo incognito<\/h2>\n<ol>\n<li>Abrir el navegador de preferencia, el ejemplo en este caso ser\u00e1 Chrome.<\/li>\n<li>Abrir el men\u00fa, generalmente se encuentra en la esquina superior derecha.<\/li>\n<li>Al hacer clic en \u00abm\u00e1s\u00bb o \u00abver m\u00e1s\u00bb hay una opci\u00f3n que indica \u00abnueva ventana de incognito\u00bb.<\/li>\n<li>Al hacer clic se abrir\u00e1 el recurso en el navegador con la particularidad de que las ventanas son el color negro.<\/li>\n<li>Hay que tener en cuenta que <strong>no es posible utilizar pesta\u00f1as individuales con este modo<\/strong> y el modo normal simult\u00e1neamente en una sola ventana.<\/li>\n<li>Para desactivarlo se siguen los mismos pasos.<\/li>\n<\/ol>\n<h2>\u00bfEs lo mismo el modo incognito que una VPN?<\/h2>\n<p>No, aunque ambos son tipos de navegaci\u00f3n privada, no son lo mismo, en primer lugar, <strong>el modo incognito en un tipo de configuraci\u00f3n dentro del navegador<\/strong>. Mientras que una VPN es un programa que puedes utilizar como extensi\u00f3n en el navegador o como aplicaci\u00f3n desde el ordenador.<\/p>\n<p>Aparte, las VPN son muy confiables y se utilizan con frecuencia para acceder a sitios web que no est\u00e1n disponibles desde conexiones nacionales, o bien, para evitar que alg\u00fan hacker rastree los datos desde sitios web poco confiables.<\/p>\n<p><script type=\"application\/ld+json\">{\"@context\":\"https:\/\/schema.org\",\"@type\":\"FAQPage\",\"mainEntity\":[ \n{\"@type\":\"Question\",\"name\":\"\ud83d\udccc \u00bfQu\u00e9 es la navegaci\u00f3n privada?\",\"acceptedAnswer\":{\"@type\":\"Answer\",\"text\":\"<\/p>\n<p>Tambi\u00e9n es conocida como \u201cmodo inc\u00f3gnito\u201d, es una forma de utilizar un navegador para <strong>acceder a distintos sitios en Internet sin que estos sean registrados <\/strong>en el historial del usuario. Pero, al mismo tiempo se evitar\u00e1 que los rastreadores tengan acceso a su viaje de navegaci\u00f3n, es decir, no se podr\u00e1 guardar la informaci\u00f3n en las cookies.<\/p>\n<p>Igualmente, aunque los <a href='https:\/\/www.appyweb.es\/diseno-web\/'>dise\u00f1adores y programadores web<\/a> aplican excelentes sistemas de seguridad, esta modalidad es muy popular para garantizar la protecci\u00f3n de los usuarios, su identidad o la de su servicio de Internet.<\/p>\n<p>\"}},\n{\"@type\":\"Question\",\"name\":\"\ud83d\udccc \u00bfPara qu\u00e9 sirve la navegaci\u00f3n privada?\",\"acceptedAnswer\":{\"@type\":\"Answer\",\"text\":\"<\/p>\n<p>Su funci\u00f3n principal es <strong>garantizar la privacidad de los usuarios mientras navegan<\/strong>, con frecuencia, los buscadores suelen registrar las b\u00fasquedas que realizan para tener datos para futuras consultas. Igualmente, algunos sitios web utilizan cookies y otros c\u00f3digos para visualizar la actividad del usuario, si se quiere evitar entonces se emplea el modo incognito.<\/p>\n<p>Tan importante se volvi\u00f3 la utilizaci\u00f3n de la navegaci\u00f3n privada, que en las actualizaciones de los buscadores para los equipos inteligentes se prioriza la adici\u00f3n de este modo. Pero, es necesario mencionar que no es una buena pr\u00e1ctica para los analistas del marketing <a href='https:\/\/www.appyweb.es\/posicionamiento-web\/'>cuando se trata del posicionamiento web<\/a>, ya que as\u00ed no ser\u00e1 posible rastrear el comportamiento de los usuarios cuando hacen una compra online.<\/p>\n<p>\"}},\n{\"@type\":\"Question\",\"name\":\"\ud83d\udccc C\u00f3mo activar la navegaci\u00f3n privada o modo incognito\",\"acceptedAnswer\":{\"@type\":\"Answer\",\"text\":\"<\/p>\n<ol>\n<li>Abrir el navegador de preferencia, el ejemplo en este caso ser\u00e1 Chrome.<\/li>\n<\/p>\n<li>Abrir el men\u00fa, generalmente se encuentra en la esquina superior derecha.<\/li>\n<\/p>\n<li>Al hacer clic en 'm\u00e1s' o 'ver m\u00e1s' hay una opci\u00f3n que indica 'nueva ventana de incognito'.<\/li>\n<\/p>\n<li>Al hacer clic se abrir\u00e1 el recurso en el navegador con la particularidad de que las ventanas son el color negro.<\/li>\n<\/p>\n<li>Hay que tener en cuenta que <strong>no es posible utilizar pesta\u00f1as individuales con este modo<\/strong> y el modo normal simult\u00e1neamente en una sola ventana.<\/li>\n<\/p>\n<li>Para desactivarlo se siguen los mismos pasos.<\/li>\n<\/p>\n<\/ol>\n<\/p>\n<p>\"}},\n{\"@type\":\"Question\",\"name\":\"\ud83d\udccc \u00bfEs lo mismo el modo incognito que una VPN?\",\"acceptedAnswer\":{\"@type\":\"Answer\",\"text\":\"<\/p>\n<p>No, aunque ambos son tipos de navegaci\u00f3n privada, no son lo mismo, en primer lugar, <strong>el modo incognito en un tipo de configuraci\u00f3n dentro del navegador<\/strong>. Mientras que una VPN es un programa que puedes utilizar como extensi\u00f3n en el navegador o como aplicaci\u00f3n desde el ordenador.<\/p>\n<p>Aparte, las VPN son muy confiables y se utilizan con frecuencia para acceder a sitios web que no est\u00e1n disponibles desde conexiones nacionales, o bien, para evitar que alg\u00fan hacker rastree los datos desde sitios web poco confiables.<\/p>\n<p>\"}}\n]}<\/script><\/p>\n<h2>M\u00e1s informaci\u00f3n sobre navegaci\u00f3n privada<\/h2>\n<p>Esta modalidad para usar el navegador es sin duda necesaria si te preocupa tu privacidad, sobre todo al ingresar contrase\u00f1as y credenciales en sitios web importantes. Obt\u00e9n m\u00e1s informaci\u00f3n al respecto con los siguientes enlaces.<\/p>\n<ul>\n<li><a href=\"https:\/\/www.appyweb.es\/5-tipos-ataques-online-esquivarlos\/\">5 tipos de ataques online y c\u00f3mo esquivarlos<\/a><\/li>\n<li><a href=\"https:\/\/www.redeszone.net\/noticias\/seguridad\/diferencias-modo-incognito-vpn-privacidad\/\" rel=\"nofollow noopener\" target=\"_blank\">Diferencias entre modo de inc\u00f3gnito y VPN por privacidad<\/a><\/li>\n<\/ul>\n<p>&nbsp;<\/p>\n","protected":false},"excerpt":{"rendered":"<p>Es una forma de navegar en Internet que consiste en evitar que los rastreadores sigan al usuario o registren su actividad en el historial. La navegaci\u00f3n privada es utilizada con frecuencia para evitar que el navegador registre las p\u00e1ginas visitadas. \u00bfQu\u00e9 es la navegaci\u00f3n privada? Tambi\u00e9n es conocida como \u201cmodo inc\u00f3gnito\u201d, es una forma de [&hellip;]<\/p>\n","protected":false},"author":1,"featured_media":0,"parent":0,"menu_order":0,"comment_status":"open","ping_status":"closed","template":"","meta":{"inline_featured_image":false,"footnotes":""},"class_list":["post-3187","page","type-page","status-publish","hentry"],"_links":{"self":[{"href":"https:\/\/www.appyweb.es\/diccionario\/wp-json\/wp\/v2\/pages\/3187","targetHints":{"allow":["GET"]}}],"collection":[{"href":"https:\/\/www.appyweb.es\/diccionario\/wp-json\/wp\/v2\/pages"}],"about":[{"href":"https:\/\/www.appyweb.es\/diccionario\/wp-json\/wp\/v2\/types\/page"}],"author":[{"embeddable":true,"href":"https:\/\/www.appyweb.es\/diccionario\/wp-json\/wp\/v2\/users\/1"}],"replies":[{"embeddable":true,"href":"https:\/\/www.appyweb.es\/diccionario\/wp-json\/wp\/v2\/comments?post=3187"}],"version-history":[{"count":3,"href":"https:\/\/www.appyweb.es\/diccionario\/wp-json\/wp\/v2\/pages\/3187\/revisions"}],"predecessor-version":[{"id":9302,"href":"https:\/\/www.appyweb.es\/diccionario\/wp-json\/wp\/v2\/pages\/3187\/revisions\/9302"}],"wp:attachment":[{"href":"https:\/\/www.appyweb.es\/diccionario\/wp-json\/wp\/v2\/media?parent=3187"}],"curies":[{"name":"wp","href":"https:\/\/api.w.org\/{rel}","templated":true}]}}