{"id":3191,"date":"2023-06-22T14:31:51","date_gmt":"2023-06-22T14:31:51","guid":{"rendered":"https:\/\/www.appyweb.es\/diccionario\/?post_type=project&#038;p=3191"},"modified":"2023-09-04T09:32:48","modified_gmt":"2023-09-04T09:32:48","slug":"navegadores","status":"publish","type":"page","link":"https:\/\/www.appyweb.es\/diccionario\/navegadores\/","title":{"rendered":"Navegadores"},"content":{"rendered":"<h1><\/h1>\n<p>Son programas o sistemas que <strong>permiten tener acceso a Internet y redes inform\u00e1ticas<\/strong>. Los navegadores son b\u00e1sicamente traductores de documentos de texto con recursos multimedia, gracias a ellos, los usuarios pueden navegar sin tener que saber c\u00f3mo funcionan los c\u00f3digos o el HTML.<\/p>\n<h2>\u00bfQu\u00e9 son los navegadores?<\/h2>\n<p>Son aplicaciones que tienen como prop\u00f3sito <strong>la interpretaci\u00f3n de la informaci\u00f3n que se encuentra en Internet<\/strong>, con la mayor brevedad de respuesta posible. Actualmente, existe una gran variedad de estos programas, pero son m\u00e1s populares los que son ligeros, ya que ocupan menos cantidad en el sistema. Aunque los m\u00e1s r\u00e1pidos siguen siendo los preferidos por los usuarios online.<\/p>\n<p>Usualmente, los navegadores cuentan con versiones propias seg\u00fan los dispositivos o sistemas operativos, por ejemplo, en Android, Google Chrome tiene mayor prioridad. Pero en dispositivos Apple con sistema iOS, Safari es el navegador preferido. Esto tambi\u00e9n <a href=\"https:\/\/www.appyweb.es\/diseno-web\/\">tiene relevancia al dise\u00f1ar sitios web<\/a>, ya que cuentan con lenguajes de programaci\u00f3n distintivos y caracter\u00edsticas responsivas.<\/p>\n<h2>\u00bfPara qu\u00e9 sirven los navegadores?<\/h2>\n<p>Un navegador es un <strong>programa utilizado para buscar documentos con informaci\u00f3n HTML<\/strong>. Estos buscadores les facilitan la vida a los usuarios, ya que no es necesario que sepan c\u00f3mo funciona la web para poder utilizarla. Pero, los dise\u00f1adores s\u00ed deben estar al tanto de esto, ya que con un buen texto pueden <a href=\"https:\/\/www.appyweb.es\/posicionamiento-web\/\">acceder a un buen posicionamiento web<\/a> en buscadores.<\/p>\n<p>Tambi\u00e9n es importante mencionar que existen navegadores especializados. El programa robot txt permite que a trav\u00e9s de comandos ya incluidos, se logre captar la informaci\u00f3n m\u00e1s acertada y evitar el contenido que no sea del agrado del cliente.<\/p>\n<h2>\u00bfC\u00f3mo funcionan los navegadores?<\/h2>\n<p>Desde el inicio del mundo online, al principio de los a\u00f1os 60, se quer\u00eda utilizar un modo para que la b\u00fasqueda de informaci\u00f3n fuera m\u00e1s sencilla y r\u00e1pida. Es por eso que en 1990 se cre\u00f3 el primer navegador con la capacidad de cumplir con esos requerimientos. Como se indic\u00f3 al principio, estos <strong>establecen una comunicaci\u00f3n con el servidor web a trav\u00e9s de un protocolo<\/strong> conocido como HTTP.<\/p>\n<p>Con esto, el programa puede descargar documentos HTML y mostrarlos a los usuarios, actualmente, puede ser cualquier tipo de documento, como sonidos, v\u00eddeos, multimedia en general. Tambi\u00e9n existen programas que son paquetes de servicios, por ejemplo, se pueden hacer conexiones con HTML, pero tambi\u00e9n con servidores de correo electr\u00f3nico o noticias.<\/p>\n<h2>\u00bfCu\u00e1les son los navegadores m\u00e1s utilizados?<\/h2>\n<ul>\n<li><strong>Google Chrome<\/strong>: Es el m\u00e1s utilizado, compatible con una gran cantidad de sistemas operativos y dispositivos.<\/li>\n<li><strong>Safari<\/strong>: Tambi\u00e9n es uno de los m\u00e1s utilizados, es el m\u00e1s famoso para dispositivos Apple.<\/li>\n<li><strong>Opera<\/strong>: Es uno de los m\u00e1s ligeros, muy utilizado en dispositivos m\u00f3viles.<\/li>\n<li><strong>Mozilla Firefox<\/strong>: Famoso por su gran biblioteca de extensiones.<\/li>\n<\/ul>\n<p><script type=\"application\/ld+json\">{\"@context\":\"https:\/\/schema.org\",\"@type\":\"FAQPage\",\"mainEntity\":[ \n{\"@type\":\"Question\",\"name\":\"\ud83d\udccc \u00bfQu\u00e9 son los navegadores?\",\"acceptedAnswer\":{\"@type\":\"Answer\",\"text\":\"<\/p>\n<p>Son aplicaciones que tienen como prop\u00f3sito <strong>la interpretaci\u00f3n de la informaci\u00f3n que se encuentra en Internet<\/strong>, con la mayor brevedad de respuesta posible. Actualmente, existe una gran variedad de estos programas, pero son m\u00e1s populares los que son ligeros, ya que ocupan menos cantidad en el sistema. Aunque los m\u00e1s r\u00e1pidos siguen siendo los preferidos por los usuarios online.<\/p>\n<p>Usualmente, los navegadores cuentan con versiones propias seg\u00fan los dispositivos o sistemas operativos, por ejemplo, en Android, Google Chrome tiene mayor prioridad. Pero en dispositivos Apple con sistema iOS, Safari es el navegador preferido. Esto tambi\u00e9n <a href='https:\/\/www.appyweb.es\/diseno-web\/'>tiene relevancia al dise\u00f1ar sitios web<\/a>, ya que cuentan con lenguajes de programaci\u00f3n distintivos y caracter\u00edsticas responsivas.<\/p>\n<p>\"}},\n{\"@type\":\"Question\",\"name\":\"\ud83d\udccc \u00bfPara qu\u00e9 sirven los navegadores?\",\"acceptedAnswer\":{\"@type\":\"Answer\",\"text\":\"<\/p>\n<p>Un navegador es un <strong>programa utilizado para buscar documentos con informaci\u00f3n HTML<\/strong>. Estos buscadores les facilitan la vida a los usuarios, ya que no es necesario que sepan c\u00f3mo funciona la web para poder utilizarla. Pero, los dise\u00f1adores s\u00ed deben estar al tanto de esto, ya que con un buen texto pueden <a href='https:\/\/www.appyweb.es\/posicionamiento-web\/'>acceder a un buen posicionamiento web<\/a> en buscadores.<\/p>\n<p>Tambi\u00e9n es importante mencionar que existen navegadores especializados. El programa robot txt permite que a trav\u00e9s de comandos ya incluidos, se logre captar la informaci\u00f3n m\u00e1s acertada y evitar el contenido que no sea del agrado del cliente.<\/p>\n<p>\"}},\n{\"@type\":\"Question\",\"name\":\"\ud83d\udccc \u00bfC\u00f3mo funcionan los navegadores?\",\"acceptedAnswer\":{\"@type\":\"Answer\",\"text\":\"<\/p>\n<p>Desde el inicio del mundo online, al principio de los a\u00f1os 60, se quer\u00eda utilizar un modo para que la b\u00fasqueda de informaci\u00f3n fuera m\u00e1s sencilla  y r\u00e1pida. Es por eso que en 1990 se cre\u00f3 el primer navegador con la capacidad de cumplir con esos requerimientos. Como se indic\u00f3 al principio, estos <strong>establecen una comunicaci\u00f3n con el servidor web a trav\u00e9s de un protocolo<\/strong> conocido como HTTP. <\/p>\n<p>Con esto, el programa puede descargar documentos HTML y mostrarlos a los usuarios, actualmente, puede ser cualquier tipo de documento, como sonidos, v\u00eddeos, multimedia en general. Tambi\u00e9n existen programas que son paquetes de servicios, por ejemplo, se pueden hacer conexiones con HTML, pero tambi\u00e9n con servidores de correo electr\u00f3nico o noticias.<\/p>\n<p>\"}},\n{\"@type\":\"Question\",\"name\":\"\ud83d\udccc \u00bfCu\u00e1les son los navegadores m\u00e1s utilizados?\",\"acceptedAnswer\":{\"@type\":\"Answer\",\"text\":\"<\/p>\n<ul>\n<li><strong>Google Chrome<\/strong>: Es el m\u00e1s utilizado, compatible con una gran cantidad de sistemas operativos y dispositivos.<\/li>\n<\/p>\n<li><strong>Safari<\/strong>: Tambi\u00e9n es uno de los m\u00e1s utilizados, es el m\u00e1s famoso para dispositivos Apple.<\/li>\n<\/p>\n<li><strong>Opera<\/strong>: Es uno de los m\u00e1s ligeros, muy utilizado en dispositivos m\u00f3viles.<\/li>\n<\/p>\n<li><strong>Mozilla Firefox<\/strong>: Famoso por su gran biblioteca de extensiones.<\/li>\n<\/p>\n<\/ul>\n<\/p>\n<p>\"}}\n]}<\/script><\/p>\n<h2>M\u00e1s informaci\u00f3n sobre navegadores<\/h2>\n<p>En realidad, existen m\u00e1s de estos programas disponibles en el mercado digital, si quieres conocer m\u00e1s sobre ellos mira estos enlaces.<\/p>\n<ul>\n<li><a href=\"https:\/\/www.appyweb.es\/diccionario\/webnode\/\">\u00bfQu\u00e9 es el Webnode y para qu\u00e9 sirve?<\/a><\/li>\n<li><a href=\"https:\/\/www.eldiario.es\/consumoclaro\/consumo-digital\/mejores-alternativas-navegadores-chrome_1_7191741.html\" rel=\"nofollow noopener\" target=\"_blank\">Tres navegadores para m\u00f3vil mejores que Google Chrome<\/a><\/li>\n<\/ul>\n<p>&nbsp;<\/p>\n","protected":false},"excerpt":{"rendered":"<p>Son programas o sistemas que permiten tener acceso a Internet y redes inform\u00e1ticas. Los navegadores son b\u00e1sicamente traductores de documentos de texto con recursos multimedia, gracias a ellos, los usuarios pueden navegar sin tener que saber c\u00f3mo funcionan los c\u00f3digos o el HTML. \u00bfQu\u00e9 son los navegadores? Son aplicaciones que tienen como prop\u00f3sito la interpretaci\u00f3n [&hellip;]<\/p>\n","protected":false},"author":1,"featured_media":0,"parent":0,"menu_order":0,"comment_status":"open","ping_status":"closed","template":"","meta":{"inline_featured_image":false,"footnotes":""},"class_list":["post-3191","page","type-page","status-publish","hentry"],"_links":{"self":[{"href":"https:\/\/www.appyweb.es\/diccionario\/wp-json\/wp\/v2\/pages\/3191","targetHints":{"allow":["GET"]}}],"collection":[{"href":"https:\/\/www.appyweb.es\/diccionario\/wp-json\/wp\/v2\/pages"}],"about":[{"href":"https:\/\/www.appyweb.es\/diccionario\/wp-json\/wp\/v2\/types\/page"}],"author":[{"embeddable":true,"href":"https:\/\/www.appyweb.es\/diccionario\/wp-json\/wp\/v2\/users\/1"}],"replies":[{"embeddable":true,"href":"https:\/\/www.appyweb.es\/diccionario\/wp-json\/wp\/v2\/comments?post=3191"}],"version-history":[{"count":3,"href":"https:\/\/www.appyweb.es\/diccionario\/wp-json\/wp\/v2\/pages\/3191\/revisions"}],"predecessor-version":[{"id":9303,"href":"https:\/\/www.appyweb.es\/diccionario\/wp-json\/wp\/v2\/pages\/3191\/revisions\/9303"}],"wp:attachment":[{"href":"https:\/\/www.appyweb.es\/diccionario\/wp-json\/wp\/v2\/media?parent=3191"}],"curies":[{"name":"wp","href":"https:\/\/api.w.org\/{rel}","templated":true}]}}