{"id":3194,"date":"2023-06-22T14:32:48","date_gmt":"2023-06-22T14:32:48","guid":{"rendered":"https:\/\/www.appyweb.es\/diccionario\/?post_type=project&#038;p=3194"},"modified":"2023-09-04T09:32:52","modified_gmt":"2023-09-04T09:32:52","slug":"networking","status":"publish","type":"page","link":"https:\/\/www.appyweb.es\/diccionario\/networking\/","title":{"rendered":"Networking"},"content":{"rendered":"<h1><\/h1>\n<p>Es una actividad que consiste en reunir profesionales y emprendedores de todos los niveles en lugar, para que se conecten y compartan sus experiencias. El <strong>objetivo del networking es lograr que estos establezcan relaciones profesionales<\/strong> que puedan ser futuras oportunidades de negocio.<\/p>\n<h2>\u00bfQu\u00e9 es networking?<\/h2>\n<p>Se puede decir que un networking es como una reuni\u00f3n social, pero que se lleva a cabo con el fin de iniciar relaciones con otros profesionales, con el objetivo fundamental de <strong>tener contactos en diferentes \u00e1reas de negocio<\/strong>, para futuros proyectos, inversiones o ideas de negocio. Profesionales como el <a href=\"https:\/\/www.appyweb.es\/social-media-manager\/\">social media manager<\/a> suele asistir a estos para conocer influencers y otros personajes que pueden ser de ayuda para las campa\u00f1as.<\/p>\n<p>En otras palabras, consiste en ampliar la agenda de contactos, que puedan servir para todo tipo de negocios. Estos eventos suelen ser organizados por grupos o instituciones, que pretenden ayudar a los emprendedores a hacer un camino f\u00e1cil entre las conexiones de profesionales que existen en el sector, conocer a los verdaderos expertos, a influencers e incluso a su competencia.<\/p>\n<h2>\u00bfPara qu\u00e9 sirve el networking?<\/h2>\n<p>Las empresas que est\u00e1n en crecimiento lo practican para tener un contacto directo con profesionales de diferentes niveles, que pueden ser \u00fatiles en un futuro. Tambi\u00e9n es <strong>utilizado para la b\u00fasqueda de inversores a corto, mediano o largo plazo<\/strong>. Son estos los que le puede dar pie a ideas y proyectos, bien sea con ideas innovadoras o con una principal ayuda econ\u00f3mica.<\/p>\n<p>Esta actividad tambi\u00e9n puede ser aprovechada para ponerse en contacto con nuevos profesionales, es decir, personas que est\u00e1n desarrollando un perfil innovador y que ser\u00e1 de gran importancia para el futuro de la empresa, por ejemplo, <a href=\"https:\/\/www.appyweb.es\/desarrollo-app\/\">desarrolladores de apps inteligentes<\/a> o analistas de Big Data.<\/p>\n<h2>Tipos de networking o redes de contacto<\/h2>\n<p>Como se mencion\u00f3 anteriormente, este tipo de actividad profesional se puede llevar a cabo en reuniones sociales, pero tambi\u00e9n a diferentes niveles, en total, se clasifican de la siguiente forma.<\/p>\n<ul>\n<li><strong>Personal<\/strong>: Son reuniones con otros profesionales, no necesariamente del mismo sector, pero al establecerse relaciones personales, es m\u00e1s f\u00e1cil contactarlos para futuros proyectos.<\/li>\n<li><strong>Estrat\u00e9gica<\/strong>: Aqu\u00ed asisten solo profesionales, pero de todos los niveles, trabajadores, directores, entre otros.<\/li>\n<li><strong>Operacional<\/strong>: En estas reuniones <strong>solo asisten los empleados de una misma empresa<\/strong>, con el objetivo de planificar proyectos o ideas para la empresa.<\/li>\n<\/ul>\n<h2>Ejemplo de networking<\/h2>\n<p>Actualmente, existen muchas formas de hacer networking, la m\u00e1s com\u00fan es la reuni\u00f3n p\u00fablica que tambi\u00e9n establece estrategias de publicidad, como el tradicional <em>Old Boy Network<\/em> en Reino Unido o la <em>Blat<\/em> en Rusia. En el aspecto online tambi\u00e9n son muy comunes, <strong>la red profesional LinkedIn se basa en este tipo de estrategias<\/strong> p\u00fablicas.<\/p>\n<p><script type=\"application\/ld+json\">{\"@context\":\"https:\/\/schema.org\",\"@type\":\"FAQPage\",\"mainEntity\":[ \n{\"@type\":\"Question\",\"name\":\"\ud83d\udccc \u00bfQu\u00e9 es networking?\",\"acceptedAnswer\":{\"@type\":\"Answer\",\"text\":\"<\/p>\n<p>Se puede decir que un networking es como una reuni\u00f3n social, pero que se lleva a cabo con el fin de iniciar relaciones con otros profesionales, con el objetivo fundamental de <strong>tener contactos en diferentes \u00e1reas de negocio<\/strong>, para futuros proyectos, inversiones o ideas de negocio. Profesionales como el <a href='https:\/\/www.appyweb.es\/social-media-manager\/'>social media manager<\/a> suele asistir a estos para conocer influencers y otros personajes que pueden ser de ayuda para las campa\u00f1as.<\/p>\n<p>En otras palabras, consiste en ampliar la agenda de contactos, que puedan servir para todo tipo de negocios. Estos eventos suelen ser organizados por grupos o instituciones, que pretenden ayudar a los emprendedores a hacer un camino f\u00e1cil entre las conexiones de profesionales que existen en el sector, conocer a los verdaderos expertos, a influencers e incluso a su competencia.<\/p>\n<p>\"}},\n{\"@type\":\"Question\",\"name\":\"\ud83d\udccc \u00bfPara qu\u00e9 sirve el networking?\",\"acceptedAnswer\":{\"@type\":\"Answer\",\"text\":\"<\/p>\n<p>Las empresas que est\u00e1n en crecimiento lo practican para tener un contacto directo con profesionales de diferentes niveles, que pueden ser \u00fatiles en un futuro. Tambi\u00e9n es <strong>utilizado para la b\u00fasqueda de inversores a corto, mediano o largo plazo<\/strong>. Son estos los que le puede dar pie a ideas y proyectos, bien sea con ideas innovadoras o con una principal ayuda econ\u00f3mica.<\/p>\n<p>Esta actividad tambi\u00e9n puede ser aprovechada para ponerse en contacto con nuevos profesionales, es decir, personas que est\u00e1n desarrollando un perfil innovador y que ser\u00e1 de gran importancia para el futuro de la empresa, por ejemplo, <a href='https:\/\/www.appyweb.es\/desarrollo-app\/'>desarrolladores de apps inteligentes<\/a> o analistas de Big Data.<\/p>\n<p>\"}},\n{\"@type\":\"Question\",\"name\":\"\ud83d\udccc Tipos de networking o redes de contacto\",\"acceptedAnswer\":{\"@type\":\"Answer\",\"text\":\"<\/p>\n<p>Como se mencion\u00f3 anteriormente, este tipo de actividad profesional se puede llevar a cabo en reuniones sociales, pero tambi\u00e9n a diferentes niveles, en total, se clasifican de la siguiente forma.<\/p>\n<ul>\n<li><strong>Personal<\/strong>: Son reuniones con otros profesionales, no necesariamente del mismo sector, pero al establecerse relaciones personales, es m\u00e1s f\u00e1cil contactarlos para futuros proyectos.<\/li>\n<\/p>\n<li><strong>Estrat\u00e9gica<\/strong>: Aqu\u00ed asisten solo profesionales, pero de todos los niveles, trabajadores, directores, entre otros.<\/li>\n<\/p>\n<li><strong>Operacional<\/strong>: En estas reuniones <strong>solo asisten los empleados de una misma empresa<\/strong>, con el objetivo de planificar proyectos o ideas para la empresa.<\/li>\n<\/p>\n<\/ul>\n<\/p>\n<p>\"}},\n{\"@type\":\"Question\",\"name\":\"\ud83d\udccc Ejemplo de networking\",\"acceptedAnswer\":{\"@type\":\"Answer\",\"text\":\"<\/p>\n<p>Actualmente, existen muchas formas de hacer networking, la m\u00e1s com\u00fan es la reuni\u00f3n p\u00fablica que tambi\u00e9n establece estrategias de publicidad, como el tradicional <em>Old Boy Network<\/em> en Reino Unido o la <em>Blat<\/em> en Rusia. En el aspecto online tambi\u00e9n son muy comunes, <strong>la red profesional LinkedIn se basa en este tipo de estrategias<\/strong> p\u00fablicas.<\/p>\n<p>\"}}\n]}<\/script><\/p>\n<h2>M\u00e1s informaci\u00f3n sobre networking<\/h2>\n<p>Si est\u00e1s pensando en sacarle provecho a estas reuniones debes estar al tanto de otros temas al respecto, mira los siguientes enlaces para m\u00e1s informaci\u00f3n.<\/p>\n<ul>\n<li><a href=\"https:\/\/www.appyweb.es\/conseguir-contactos-valiosos-linkedin\/\">C\u00f3mo conseguir contactos mediante LinkedIn<\/a><\/li>\n<li><a href=\"https:\/\/www.cronista.com\/columnistas\/tiempos-de-cambios-en-los-negocios-claves-para-un-networking-exitoso\/\" rel=\"nofollow noopener\" target=\"_blank\">Tiempos de cambios en los negocios: claves para un networking exitoso<\/a><\/li>\n<\/ul>\n<p>&nbsp;<\/p>\n","protected":false},"excerpt":{"rendered":"<p>Es una actividad que consiste en reunir profesionales y emprendedores de todos los niveles en lugar, para que se conecten y compartan sus experiencias. El objetivo del networking es lograr que estos establezcan relaciones profesionales que puedan ser futuras oportunidades de negocio. \u00bfQu\u00e9 es networking? Se puede decir que un networking es como una reuni\u00f3n [&hellip;]<\/p>\n","protected":false},"author":1,"featured_media":0,"parent":0,"menu_order":0,"comment_status":"open","ping_status":"closed","template":"","meta":{"inline_featured_image":false,"footnotes":""},"class_list":["post-3194","page","type-page","status-publish","hentry"],"_links":{"self":[{"href":"https:\/\/www.appyweb.es\/diccionario\/wp-json\/wp\/v2\/pages\/3194","targetHints":{"allow":["GET"]}}],"collection":[{"href":"https:\/\/www.appyweb.es\/diccionario\/wp-json\/wp\/v2\/pages"}],"about":[{"href":"https:\/\/www.appyweb.es\/diccionario\/wp-json\/wp\/v2\/types\/page"}],"author":[{"embeddable":true,"href":"https:\/\/www.appyweb.es\/diccionario\/wp-json\/wp\/v2\/users\/1"}],"replies":[{"embeddable":true,"href":"https:\/\/www.appyweb.es\/diccionario\/wp-json\/wp\/v2\/comments?post=3194"}],"version-history":[{"count":3,"href":"https:\/\/www.appyweb.es\/diccionario\/wp-json\/wp\/v2\/pages\/3194\/revisions"}],"predecessor-version":[{"id":9304,"href":"https:\/\/www.appyweb.es\/diccionario\/wp-json\/wp\/v2\/pages\/3194\/revisions\/9304"}],"wp:attachment":[{"href":"https:\/\/www.appyweb.es\/diccionario\/wp-json\/wp\/v2\/media?parent=3194"}],"curies":[{"name":"wp","href":"https:\/\/api.w.org\/{rel}","templated":true}]}}