{"id":3207,"date":"2023-06-22T14:36:02","date_gmt":"2023-06-22T14:36:02","guid":{"rendered":"https:\/\/www.appyweb.es\/diccionario\/?post_type=project&#038;p=3207"},"modified":"2023-09-04T09:33:49","modified_gmt":"2023-09-04T09:33:49","slug":"noindex","status":"publish","type":"page","link":"https:\/\/www.appyweb.es\/diccionario\/noindex\/","title":{"rendered":"Noindex"},"content":{"rendered":"<h1><\/h1>\n<p>Es una etiqueta que se utiliza dentro del documento <em>robots<\/em> del c\u00f3digo HTML, <strong>noindex indicar\u00e1 a los crawlers de buscadores cu\u00e1ndo una p\u00e1gina no debe ser indexada<\/strong>, es decir, que no ser\u00e1 evaluada para el posicionamiento web.<\/p>\n<h2>\u00bfQu\u00e9 es Noindex?<\/h2>\n<p>M\u00e1s espec\u00edficamente, se trata de una meta-etiqueta que se menciona en el documento <em>robots<\/em> del HTML, para evitar que una p\u00e1gina est\u00e9 <a href=\"https:\/\/www.appyweb.es\/posicionamiento-web\/\">disponible para el posicionamiento web<\/a>. Pero, es necesario tener en cuenta que es una etiqueta de sugerencia, es decir, <strong>los crawlers todav\u00eda podr\u00e1n evaluar el documento<\/strong>, pero en cualquier caso no lo posicionar\u00e1n.<\/p>\n<p>Es utilizada con frecuencia durante las optimizaciones de SEO On Page para evitar gastar presupuesto por indexaci\u00f3n. Por otro lado, aunque la p\u00e1gina est\u00e9 \u00abbloqueada\u00bb para el posicionamiento en las SERP\\&#8217;s, todav\u00eda podr\u00e1 estar disponible para los usuarios que accedan directamente a ella.<\/p>\n<h2>\u00bfPara qu\u00e9 sirve Noindex?<\/h2>\n<p>Esta etiqueta se utiliza con frecuencia para <strong>evitar que los crawlers analicen bases de datos enteras<\/strong> que ni siquiera son \u00fatiles para el posicionamiento. Por ejemplo, si en tu sitio web tienes ancladas p\u00e1ginas con contenido, como los acuerdos de pol\u00edticas de uso o copyright, puedes a\u00f1adir una tag noindex para evitar posicionarla.<\/p>\n<p>Ten en cuenta que algunos indexadores, como los bots de Google, tienen un presupuesto exacto para la evaluaci\u00f3n de todo un sitio, as\u00ed que si quieres distribuirlo bien, aseg\u00farate de que est\u00e9n <strong>disponibles solo los contenidos que valen la pena posicionar<\/strong>, como tus <a href=\"https:\/\/www.appyweb.es\/link-building\/\">enlaces de link building<\/a> o tu blog.<\/p>\n<h2>\u00bfNoindex es lo mismo que nofollow?<\/h2>\n<p>Aunque ambas tags se utilizan para evitar la indexaci\u00f3n, es necesario hacer una diferencia entre las dos. Se debe considerar que este par se relacionan por que pertenecen al mismo documento robots del HTML, pero esta vez, <strong>nofollow se utilizar\u00e1 solo para bloquear la indexaci\u00f3n de un enlace externo<\/strong>.<\/p>\n<p>Por ejemplo, si un sitio web enlaz\u00f3 una de tus p\u00e1ginas, pero \u00e9ste solo est\u00e1 absorbiendo el link juice de tu sitio (la relevancia para el posicionamiento) entonces puedes a\u00f1adir nofollow para que el crawler no lo relacione. Mientras que con noindex bloquear\u00e1s la indexaci\u00f3n de p\u00e1ginas internas enteras.<\/p>\n<h2>\u00bfC\u00f3mo es la sintaxis de Noindex?<\/h2>\n<p>Dentro del c\u00f3digo HTML <strong>se pueden incluir dos tipos de sintaxis para a\u00f1adir este tag<\/strong>, la primera es para bloquear p\u00e1ginas enteras desde el documento <em>robots<\/em>, y la segunda para hacer especificaciones de tipos de bots. Por ejemplo, si no quieres que los crawlers de Google o Bing sean los que indexen. Se escriben de la siguiente forma.<\/p>\n<p>Despu\u00e9s del encabezado head dentro del c\u00f3digo se a\u00f1ade <code>&lt; meta name = \"robots\" content = \"noindex\" &gt;.<\/code><\/p>\n<p>Para especificar, por ejemplo, para bloquear al bot de Google, se escribe as\u00ed <code>&lt; meta name = \"googlebot\" content = \"noindex\" &gt;.<\/code><\/p>\n<p>Por otro lado, tambi\u00e9n se pueden a\u00f1adir otras etiquetas, como nofollow, as\u00ed <code>&lt; meta name = \"robots\" content = \"noindex, nofollow\" &gt;.<\/code><\/p>\n<p><script type=\"application\/ld+json\">{\"@context\":\"https:\/\/schema.org\",\"@type\":\"FAQPage\",\"mainEntity\":[ \n{\"@type\":\"Question\",\"name\":\"\ud83d\udccc \u00bfQu\u00e9 es Noindex?\",\"acceptedAnswer\":{\"@type\":\"Answer\",\"text\":\"<\/p>\n<p>M\u00e1s espec\u00edficamente, se trata de una meta-etiqueta que se menciona en el documento <em>robots<\/em> del HTML, para evitar que una p\u00e1gina est\u00e9 <a href='https:\/\/www.appyweb.es\/posicionamiento-web\/'>disponible para el posicionamiento web<\/a>. Pero, es necesario tener en cuenta que es una etiqueta de sugerencia, es decir, <strong>los crawlers todav\u00eda podr\u00e1n evaluar el documento<\/strong>, pero en cualquier caso no lo posicionar\u00e1n.<\/p>\n<p>Es utilizada con frecuencia durante las optimizaciones de SEO On Page para evitar gastar presupuesto por indexaci\u00f3n. Por otro lado, aunque la p\u00e1gina est\u00e9 'bloqueada' para el posicionamiento en las SERP\\'s, todav\u00eda podr\u00e1 estar disponible para los usuarios que accedan directamente a ella.<\/p>\n<p>\"}},\n{\"@type\":\"Question\",\"name\":\"\ud83d\udccc \u00bfPara qu\u00e9 sirve Noindex?\",\"acceptedAnswer\":{\"@type\":\"Answer\",\"text\":\"<\/p>\n<p>Esta etiqueta se utiliza con frecuencia para <strong>evitar que los crawlers analicen bases de datos enteras<\/strong> que ni siquiera son \u00fatiles para el posicionamiento. Por ejemplo, si en tu sitio web tienes ancladas p\u00e1ginas con contenido, como los acuerdos de pol\u00edticas de uso o copyright, puedes a\u00f1adir una tag noindex para evitar posicionarla.<\/p>\n<p>Ten en cuenta que algunos indexadores, como los bots de Google, tienen un presupuesto exacto para la evaluaci\u00f3n de todo un sitio, as\u00ed que si quieres distribuirlo bien, aseg\u00farate de que est\u00e9n <strong>disponibles solo los contenidos que valen la pena posicionar<\/strong>, como tus <a href='https:\/\/www.appyweb.es\/link-building\/'>enlaces de link building<\/a> o tu blog.<\/p>\n<p>\"}},\n{\"@type\":\"Question\",\"name\":\"\ud83d\udccc \u00bfNoindex es lo mismo que nofollow?\",\"acceptedAnswer\":{\"@type\":\"Answer\",\"text\":\"<\/p>\n<p>Aunque ambas tags se utilizan para evitar la indexaci\u00f3n, es necesario hacer una diferencia entre las dos. Se debe considerar que este par se relacionan por que pertenecen al mismo documento robots del HTML, pero esta vez, <strong>nofollow se utilizar\u00e1 solo para bloquear la indexaci\u00f3n de un enlace externo<\/strong>.<\/p>\n<p>Por ejemplo, si un sitio web enlaz\u00f3 una de tus p\u00e1ginas, pero \u00e9ste solo est\u00e1 absorbiendo el link juice de tu sitio (la relevancia para el posicionamiento) entonces puedes a\u00f1adir nofollow para que el crawler no lo relacione. Mientras que con noindex bloquear\u00e1s la indexaci\u00f3n de p\u00e1ginas internas enteras.<\/p>\n<p>\"}},\n{\"@type\":\"Question\",\"name\":\"\ud83d\udccc \u00bfC\u00f3mo es la sintaxis de Noindex?\",\"acceptedAnswer\":{\"@type\":\"Answer\",\"text\":\"<\/p>\n<p>Dentro del c\u00f3digo HTML <strong>se pueden incluir dos tipos de sintaxis para a\u00f1adir este tag<\/strong>, la primera es para bloquear p\u00e1ginas enteras desde el documento <em>robots<\/em>, y la segunda para hacer especificaciones de tipos de bots. Por ejemplo, si no quieres que los crawlers de Google o Bing sean los que indexen. Se escriben de la siguiente forma.<\/p>\n<p>Despu\u00e9s del encabezado head dentro del c\u00f3digo se a\u00f1ade <code>< meta name = 'robots' content = 'noindex' >.<\/code><\/p>\n<p>Para especificar, por ejemplo, para bloquear al bot de Google, se escribe as\u00ed <code>< meta name = 'googlebot' content = 'noindex' >.<\/code><\/p>\n<p>Por otro lado, tambi\u00e9n se pueden a\u00f1adir otras etiquetas, como nofollow, as\u00ed <code>< meta name = 'robots' content = 'noindex, nofollow' >.<\/code><\/p>\n<p>\"}}\n]}<\/script><\/p>\n<h2>M\u00e1s informaci\u00f3n sobre noindex<\/h2>\n<p>Es una gran <strong>ayuda para optimizar tu sitio web al m\u00e1ximo<\/strong>, sobre todo para lograr los primeros lugares de la p\u00e1gina de b\u00fasqueda. Si quieres m\u00e1s informaci\u00f3n mira estos enlaces.<\/p>\n<ul>\n<li><a href=\"https:\/\/www.appyweb.es\/diccionario\/etiqueta-robots\/\">\u00bfQu\u00e9 es la Etiqueta robots y para qu\u00e9 sirve?<\/a><\/li>\n<li><a href=\"https:\/\/www.trecebits.com\/2020\/12\/11\/las-etiquetas-html-mas-importantes-para-el-posicionamiento-seo\/\" rel=\"nofollow noopener\" target=\"_blank\">Las etiquetas HTML m\u00e1s importantes para el posicionamiento<\/a><\/li>\n<\/ul>\n<p>&nbsp;<\/p>\n","protected":false},"excerpt":{"rendered":"<p>Es una etiqueta que se utiliza dentro del documento robots del c\u00f3digo HTML, noindex indicar\u00e1 a los crawlers de buscadores cu\u00e1ndo una p\u00e1gina no debe ser indexada, es decir, que no ser\u00e1 evaluada para el posicionamiento web. \u00bfQu\u00e9 es Noindex? M\u00e1s espec\u00edficamente, se trata de una meta-etiqueta que se menciona en el documento robots del [&hellip;]<\/p>\n","protected":false},"author":1,"featured_media":0,"parent":0,"menu_order":0,"comment_status":"open","ping_status":"closed","template":"","meta":{"inline_featured_image":false,"footnotes":""},"class_list":["post-3207","page","type-page","status-publish","hentry"],"_links":{"self":[{"href":"https:\/\/www.appyweb.es\/diccionario\/wp-json\/wp\/v2\/pages\/3207","targetHints":{"allow":["GET"]}}],"collection":[{"href":"https:\/\/www.appyweb.es\/diccionario\/wp-json\/wp\/v2\/pages"}],"about":[{"href":"https:\/\/www.appyweb.es\/diccionario\/wp-json\/wp\/v2\/types\/page"}],"author":[{"embeddable":true,"href":"https:\/\/www.appyweb.es\/diccionario\/wp-json\/wp\/v2\/users\/1"}],"replies":[{"embeddable":true,"href":"https:\/\/www.appyweb.es\/diccionario\/wp-json\/wp\/v2\/comments?post=3207"}],"version-history":[{"count":5,"href":"https:\/\/www.appyweb.es\/diccionario\/wp-json\/wp\/v2\/pages\/3207\/revisions"}],"predecessor-version":[{"id":9310,"href":"https:\/\/www.appyweb.es\/diccionario\/wp-json\/wp\/v2\/pages\/3207\/revisions\/9310"}],"wp:attachment":[{"href":"https:\/\/www.appyweb.es\/diccionario\/wp-json\/wp\/v2\/media?parent=3207"}],"curies":[{"name":"wp","href":"https:\/\/api.w.org\/{rel}","templated":true}]}}