{"id":3214,"date":"2023-06-22T14:37:49","date_gmt":"2023-06-22T14:37:49","guid":{"rendered":"https:\/\/www.appyweb.es\/diccionario\/?post_type=project&#038;p=3214"},"modified":"2023-09-04T09:33:08","modified_gmt":"2023-09-04T09:33:08","slug":"node-js","status":"publish","type":"page","link":"https:\/\/www.appyweb.es\/diccionario\/node-js\/","title":{"rendered":"Node.js"},"content":{"rendered":"<h1><\/h1>\n<p>Es un entorno de trabajo para JavaScript, <strong>Node.js se utiliza para ejecutar un programa escrito en JavaScript <\/strong>en tiempo real. Sigue leyendo y conoce m\u00e1s sobre esta herramienta multiplataforma.<\/p>\n<h2>\u00bfQu\u00e9 es Node.js?<\/h2>\n<p>Es un entorno multiplataforma del lenguaje JavaScript, que se ejecuta del lado del servidor. Utiliza un modelo as\u00edncrono y va dirigido estrictamente a los eventos. Est\u00e1 basado en c\u00f3digo abierto, para la capa del servidor y no es limitativo. <strong>Los creadores de Node.js son los mismos desarrolladores del JavaScript<\/strong>, as\u00ed que es muy \u00fatil y avanzado para cualquier proyecto con esa plataforma.<\/p>\n<p>Gracias a esto se pueden <a href=\"https:\/\/www.appyweb.es\/desarrollo-app\/\">desarrollar aplicaciones m\u00e1s r\u00e1pidas<\/a>, ya que es capaz de dar inicio a la programaci\u00f3n de rutinas interactivas, amigables y flexibles. Utiliza principalmente el motor de ejecuci\u00f3n de JavaScript, convirti\u00e9ndolo en c\u00f3digo de m\u00e1quina, de forma instant\u00e1nea.<\/p>\n<h2>\u00bfPara qu\u00e9 sirve?<\/h2>\n<p>En primer lugar, se utiliza para crear aplicaciones r\u00e1pidas, es decir, ligeras y capaces de controlar m\u00faltiples de conexiones simultaneas. Es por eso que <strong>no es recomendable utilizarlo en operaciones m\u00e1s intensivas del operador<\/strong>, de hecho, muchos expertos mencionan que de utilizarlo as\u00ed no se podr\u00edan aprovechar todas sus funcionalidades y ventajas.<\/p>\n<p>Igualmente, este modelo permite seguir utilizando un sistema de entrada y salida de acciones y respuestas, controlado con ayuda de eventos. Esto puede ser muy \u00fatil <a href=\"https:\/\/www.appyweb.es\/diseno-web\/\">durante el dise\u00f1o web<\/a> que se ejecutar\u00e1n en tiempo real.<\/p>\n<h2>Caracter\u00edsticas de Node.js<\/h2>\n<ul>\n<li>Se caracteriza por ejecutarse en un solo subproceso.<\/li>\n<li>Soporta <strong>miles de conexiones de manera instant\u00e1nea<\/strong>.<\/li>\n<li>Es controlada por eventos simult\u00e1neos.<\/li>\n<li>Cuenta con muy poca sobrecarga.<\/li>\n<li>Crea proyectos \u00fanicos.<\/li>\n<li>Es compatible con PHP y C++.<\/li>\n<\/ul>\n<h2>Ventajas de Node.js<\/h2>\n<ul>\n<li>Es f\u00e1cil de aprender y puede ser utilizado por programadores de Java.<\/li>\n<li>Permite un almacenamiento f\u00e1cil.<\/li>\n<li>Gracias a su ejecuci\u00f3n de fuente libre <strong>se pueden desarrollar proyectos muy elaborados y \u00fanicos<\/strong>.<\/li>\n<li>Se puede integrar con plataformas de desarrollo de software como GitHub.<\/li>\n<li>Permite hacer env\u00edos de archivos muy pesados.<\/li>\n<li>Es una de las tecnolog\u00edas m\u00e1s utilizadas y avanzadas para crear aplicaciones en la actualidad.<\/li>\n<\/ul>\n<p><script type=\"application\/ld+json\">{\"@context\":\"https:\/\/schema.org\",\"@type\":\"FAQPage\",\"mainEntity\":[ \n{\"@type\":\"Question\",\"name\":\"\ud83d\udccc \u00bfQu\u00e9 es Node.js?\",\"acceptedAnswer\":{\"@type\":\"Answer\",\"text\":\"<\/p>\n<p>Es un entorno multiplataforma del lenguaje JavaScript, que se ejecuta del lado del servidor. Utiliza un modelo as\u00edncrono y va dirigido estrictamente a los eventos. Est\u00e1 basado en c\u00f3digo abierto, para la capa del servidor y no es limitativo. <strong>Los creadores de Node.js son los mismos desarrolladores del JavaScript<\/strong>, as\u00ed que es muy \u00fatil y avanzado para cualquier proyecto con esa plataforma.<\/p>\n<p>Gracias a esto se pueden <a href='https:\/\/www.appyweb.es\/desarrollo-app\/'>desarrollar aplicaciones m\u00e1s r\u00e1pidas<\/a>, ya que es capaz de dar inicio a la programaci\u00f3n de rutinas interactivas, amigables y flexibles. Utiliza principalmente el motor de ejecuci\u00f3n de JavaScript, convirti\u00e9ndolo en c\u00f3digo de m\u00e1quina, de forma instant\u00e1nea.<\/p>\n<p>\"}},\n{\"@type\":\"Question\",\"name\":\"\ud83d\udccc \u00bfPara qu\u00e9 sirve?\",\"acceptedAnswer\":{\"@type\":\"Answer\",\"text\":\"<\/p>\n<p>En primer lugar, se utiliza para crear aplicaciones r\u00e1pidas, es decir, ligeras y capaces de controlar m\u00faltiples de conexiones simultaneas. Es por eso que <strong>no es recomendable utilizarlo en operaciones m\u00e1s intensivas del operador<\/strong>, de hecho, muchos expertos mencionan que de utilizarlo as\u00ed no se podr\u00edan aprovechar todas sus funcionalidades y ventajas.<\/p>\n<p>Igualmente, este modelo permite seguir utilizando un sistema de entrada y salida de acciones y respuestas, controlado con ayuda de eventos. Esto puede ser muy \u00fatil <a href='https:\/\/www.appyweb.es\/diseno-web\/'>durante el dise\u00f1o web<\/a> que se ejecutar\u00e1n en tiempo real.<\/p>\n<p>\"}},\n{\"@type\":\"Question\",\"name\":\"\ud83d\udccc Caracter\u00edsticas de Node.js\",\"acceptedAnswer\":{\"@type\":\"Answer\",\"text\":\"<\/p>\n<ul>\n<li>Se caracteriza por ejecutarse en un solo subproceso.<\/li>\n<\/p>\n<li>Soporta <strong>miles de conexiones de manera instant\u00e1nea<\/strong>.<\/li>\n<\/p>\n<li>Es controlada por eventos simult\u00e1neos.<\/li>\n<\/p>\n<li>Cuenta con muy poca sobrecarga.<\/li>\n<\/p>\n<li>Crea proyectos \u00fanicos.<\/li>\n<\/p>\n<li>Es compatible con PHP y C++.<\/li>\n<\/p>\n<\/ul>\n<\/p>\n<p>\"}},\n{\"@type\":\"Question\",\"name\":\"\ud83d\udccc Ventajas de Node.js\",\"acceptedAnswer\":{\"@type\":\"Answer\",\"text\":\"<\/p>\n<ul>\n<li>Es f\u00e1cil de aprender y puede ser utilizado por programadores de Java.<\/li>\n<\/p>\n<li>Permite un almacenamiento f\u00e1cil.<\/li>\n<\/p>\n<li>Gracias a su ejecuci\u00f3n de fuente libre <strong>se pueden desarrollar proyectos muy elaborados y \u00fanicos<\/strong>.<\/li>\n<\/p>\n<li>Se puede integrar con plataformas de desarrollo de software como GitHub.<\/li>\n<\/p>\n<li>Permite hacer env\u00edos de archivos muy pesados.<\/li>\n<\/p>\n<li>Es una de las tecnolog\u00edas m\u00e1s utilizadas y avanzadas para crear aplicaciones en la actualidad.<\/li>\n<\/p>\n<\/ul>\n<\/p>\n<p>\"}}\n]}<\/script><\/p>\n<h2>M\u00e1s informaci\u00f3n sobre Node.js<\/h2>\n<p>Actualmente, todos los <strong>desarrolladores de JavaScript utilizan Node.js para sus proyectos<\/strong>, \u00bfquieres saber c\u00f3mo lo utilizan? mira los siguientes enlaces para m\u00e1s informaci\u00f3n.<\/p>\n<ul>\n<li><a href=\"https:\/\/www.appyweb.es\/diccionario\/javascript\/\">\u00bfQu\u00e9 es JavaScript y para qu\u00e9 sirve?<\/a><\/li>\n<li><a href=\"https:\/\/es.wikipedia.org\/wiki\/Node.js#Ejemplos\" rel=\"nofollow noopener\" target=\"_blank\">Ejemplos de Node.js<\/a><\/li>\n<\/ul>\n<p>&nbsp;<\/p>\n","protected":false},"excerpt":{"rendered":"<p>Es un entorno de trabajo para JavaScript, Node.js se utiliza para ejecutar un programa escrito en JavaScript en tiempo real. Sigue leyendo y conoce m\u00e1s sobre esta herramienta multiplataforma. \u00bfQu\u00e9 es Node.js? Es un entorno multiplataforma del lenguaje JavaScript, que se ejecuta del lado del servidor. Utiliza un modelo as\u00edncrono y va dirigido estrictamente a [&hellip;]<\/p>\n","protected":false},"author":1,"featured_media":0,"parent":0,"menu_order":0,"comment_status":"open","ping_status":"closed","template":"","meta":{"inline_featured_image":false,"footnotes":""},"class_list":["post-3214","page","type-page","status-publish","hentry"],"_links":{"self":[{"href":"https:\/\/www.appyweb.es\/diccionario\/wp-json\/wp\/v2\/pages\/3214","targetHints":{"allow":["GET"]}}],"collection":[{"href":"https:\/\/www.appyweb.es\/diccionario\/wp-json\/wp\/v2\/pages"}],"about":[{"href":"https:\/\/www.appyweb.es\/diccionario\/wp-json\/wp\/v2\/types\/page"}],"author":[{"embeddable":true,"href":"https:\/\/www.appyweb.es\/diccionario\/wp-json\/wp\/v2\/users\/1"}],"replies":[{"embeddable":true,"href":"https:\/\/www.appyweb.es\/diccionario\/wp-json\/wp\/v2\/comments?post=3214"}],"version-history":[{"count":3,"href":"https:\/\/www.appyweb.es\/diccionario\/wp-json\/wp\/v2\/pages\/3214\/revisions"}],"predecessor-version":[{"id":9307,"href":"https:\/\/www.appyweb.es\/diccionario\/wp-json\/wp\/v2\/pages\/3214\/revisions\/9307"}],"wp:attachment":[{"href":"https:\/\/www.appyweb.es\/diccionario\/wp-json\/wp\/v2\/media?parent=3214"}],"curies":[{"name":"wp","href":"https:\/\/api.w.org\/{rel}","templated":true}]}}