{"id":3218,"date":"2023-06-22T14:39:10","date_gmt":"2023-06-22T14:39:10","guid":{"rendered":"https:\/\/www.appyweb.es\/diccionario\/?post_type=project&#038;p=3218"},"modified":"2023-09-04T09:34:01","modified_gmt":"2023-09-04T09:34:01","slug":"notificaciones-pull","status":"publish","type":"page","link":"https:\/\/www.appyweb.es\/diccionario\/notificaciones-pull\/","title":{"rendered":"Notificaciones Pull"},"content":{"rendered":"<h1><\/h1>\n<p>Son noticias que aparecen s\u00f3lo cuando el usuario solicita una informaci\u00f3n en un sitio web o apps digitales de forma directa. <strong>Para hacer referencia a las notificaciones pull es importante hablar de su contraparte \u00abpush\u00bb<\/strong>, estas \u00faltimas se llevan a cabo en cualquier momento y pueden acceder a la informaci\u00f3n personal del usuario.<\/p>\n<h2>\u00bfQu\u00e9 son las notificaciones pull?<\/h2>\n<p>Es una tecnolog\u00eda que muestra las noticias o avisos de la forma m\u00e1s tradicional, es decir, s\u00f3lo cuando el usuario solicita la informaci\u00f3n requerida. Se trata de una configuraci\u00f3n que puede ajustarse <a href=\"https:\/\/www.appyweb.es\/desarrollo-app\/\">durante el desarrollo de aplicaciones m\u00f3viles<\/a>, para ofrecerle opciones de <strong>solicitar o recibir avisos sobre las nuevas actualizaciones<\/strong> de forma autom\u00e1tica.<\/p>\n<p>Se ejecutan con frecuencia en redes sociales, correos electr\u00f3nicos y plataformas similares. Por ejemplo, el usuario solicita informaci\u00f3n actualizada en Facebook cada vez que desplaza hacia abajo, <strong>esto muestra una notificaci\u00f3n pull<\/strong>. En cambio, cuando Facebook lanza un aviso sobre el cumplea\u00f1os de un amigo se trata de un \u00abpush\u00bb.<\/p>\n<h2>\u00bfPara qu\u00e9 sirve?<\/h2>\n<p>Se utiliza cuando el usuario se ha conectado a Internet y la app requiere de una actualizaci\u00f3n, de esta forma, cuando vaya a acceder de nuevo a la aplicaci\u00f3n <strong>recibir\u00e1 las noticias m\u00e1s recientes y no de las que obtuvo la \u00faltima vez<\/strong> que se conect\u00f3 Internet. Es una excelente forma de <a href=\"https:\/\/www.appyweb.es\/marketing-de-contenidos\/\">hacer marketing de contenidos<\/a>, ya que el usuario se interesar\u00e1 en los post m\u00e1s recientes.<\/p>\n<p>Otra de las ventajas de este tipo de avisos es que normalmente son personalizados, la aplicaci\u00f3n registra datos sobre la actividad del usuario y con ella, puede ajustar contenidos que sean m\u00e1s interesantes para \u00e9l seg\u00fan sus intereses, necesidades y b\u00fasquedas.<\/p>\n<h2>Ventajas de las notificaciones pull<\/h2>\n<p>El primer beneficio es que no son invasivas, al <strong>estar disponibles solo cuando el usuario las solicite<\/strong>, permite darle el control sobre su tiempo en Internet. Aparte, suele ser m\u00e1s positivo para las estrategias de marketing, ya que no ser\u00e1 tan molesto recibir notificaciones push todo el tiempo. Entre otros puntos positivos se encuentran los siguientes.<\/p>\n<ul>\n<li>Por parte de los desarrolladores, es muy f\u00e1cil de implementar y no requiere muchos recursos ya que la arquitectura es muy sencilla.<\/li>\n<li>Todos los recursos que necesitan provienen de parte del cliente, la aplicaci\u00f3n depende del tiempo y la voluntad del mismo.<\/li>\n<li>Es ideal para <strong>sitios web responsivos con dispositivos m\u00f3viles y aplicaciones<\/strong>.<\/li>\n<\/ul>\n<h2>Conclusi\u00f3n<\/h2>\n<p>El t\u00e9rmino \u00abpull\u00bb en espa\u00f1ol se refiere a \u00abtirar\u00bb o \u00abhalar\u00bb, lo que significa que las actualizaciones ser\u00e1n <em>tiradas<\/em> por parte del usuario, lo que tambi\u00e9n tiene mucha relaci\u00f3n con la acci\u00f3n que deben hacer algunas aplicaciones para cargar nuevas noticias. Por ejemplo, al deslizar el dedo hacia abajo en la aplicaci\u00f3n de Facebook en un dispositivo m\u00f3vil inteligente, este cargar\u00e1 nuevas noticias.<\/p>\n<p>Por otro lado el t\u00e9rmino \u00abpush\u00bb se refiere a \u00abempujar\u00bb, As\u00ed que <strong>los avisos ser\u00e1n empujados por parte de la aplicaci\u00f3n<\/strong> incluso cuando los usuarios no los hayan solicitado. Las redes sociales como Facebook tambi\u00e9n utilizan este tipo de tecnolog\u00eda, por ejemplo para avisar sobre el cumplea\u00f1os de un amigo, una nueva reacci\u00f3n, un comentario, entre otros.<\/p>\n<p><script type=\"application\/ld+json\">{\"@context\":\"https:\/\/schema.org\",\"@type\":\"FAQPage\",\"mainEntity\":[ \n{\"@type\":\"Question\",\"name\":\"\ud83d\udccc \u00bfQu\u00e9 son las notificaciones pull?\",\"acceptedAnswer\":{\"@type\":\"Answer\",\"text\":\"<\/p>\n<p>Es una tecnolog\u00eda que muestra las noticias o avisos de la forma m\u00e1s tradicional, es decir, s\u00f3lo cuando el usuario solicita la informaci\u00f3n requerida. Se trata de una configuraci\u00f3n que puede ajustarse <a href='https:\/\/www.appyweb.es\/desarrollo-app\/'>durante el  desarrollo de aplicaciones m\u00f3viles<\/a>, para ofrecerle opciones de <strong>solicitar o recibir avisos sobre las nuevas actualizaciones<\/strong> de forma autom\u00e1tica.<\/p>\n<p>Se ejecutan con frecuencia en redes sociales, correos electr\u00f3nicos y plataformas similares. Por ejemplo, el usuario solicita informaci\u00f3n actualizada en Facebook cada vez que desplaza hacia abajo, <strong>esto muestra una notificaci\u00f3n pull<\/strong>. En cambio, cuando Facebook lanza un aviso sobre el cumplea\u00f1os de un amigo se trata de un 'push'.<\/p>\n<p>\"}},\n{\"@type\":\"Question\",\"name\":\"\ud83d\udccc \u00bfPara qu\u00e9 sirve?\",\"acceptedAnswer\":{\"@type\":\"Answer\",\"text\":\"<\/p>\n<p>Se utiliza cuando el usuario se ha conectado a Internet y la app requiere de una actualizaci\u00f3n, de esta forma, cuando vaya a acceder de nuevo a la aplicaci\u00f3n <strong>recibir\u00e1 las noticias m\u00e1s recientes y no de las que obtuvo la \u00faltima vez<\/strong> que se conect\u00f3 Internet. Es una excelente forma de <a href='https:\/\/www.appyweb.es\/marketing-de-contenidos\/'>hacer marketing de contenidos<\/a>, ya que el usuario se interesar\u00e1 en los post m\u00e1s recientes.<\/p>\n<p>Otra de las ventajas de este tipo de avisos es que normalmente son personalizados, la aplicaci\u00f3n registra datos sobre la actividad del usuario y con ella, puede ajustar contenidos que sean m\u00e1s interesantes para \u00e9l seg\u00fan sus intereses, necesidades y b\u00fasquedas.<\/p>\n<p>\"}},\n{\"@type\":\"Question\",\"name\":\"\ud83d\udccc Ventajas de las notificaciones pull\",\"acceptedAnswer\":{\"@type\":\"Answer\",\"text\":\"<\/p>\n<p>El primer beneficio es que no son invasivas, al <strong>estar disponibles solo cuando el usuario las solicite<\/strong>, permite darle el control sobre su tiempo en Internet. Aparte, suele ser m\u00e1s positivo para las estrategias de marketing, ya que no ser\u00e1 tan molesto recibir notificaciones push todo el tiempo. Entre otros puntos positivos se encuentran los siguientes.<\/p>\n<ul>\n<li>Por parte de los desarrolladores, es muy f\u00e1cil de implementar y no requiere muchos recursos ya que la arquitectura es muy sencilla.<\/li>\n<\/p>\n<li>Todos los recursos que necesitan provienen de parte del cliente, la aplicaci\u00f3n depende del tiempo y la voluntad del mismo.<\/li>\n<\/p>\n<li>Es ideal para <strong>sitios web responsivos con dispositivos m\u00f3viles y aplicaciones<\/strong>.<\/li>\n<\/p>\n<\/ul>\n<\/p>\n<p>\"}},\n{\"@type\":\"Question\",\"name\":\"\ud83d\udccc Conclusi\u00f3n\",\"acceptedAnswer\":{\"@type\":\"Answer\",\"text\":\"<\/p>\n<p>El t\u00e9rmino 'pull' en espa\u00f1ol se refiere a 'tirar' o 'halar', lo que significa que las actualizaciones ser\u00e1n <em>tiradas<\/em> por parte del usuario, lo que tambi\u00e9n tiene mucha relaci\u00f3n con la acci\u00f3n que deben hacer algunas aplicaciones para cargar nuevas noticias. Por ejemplo, al deslizar el dedo hacia abajo en la aplicaci\u00f3n de Facebook en un dispositivo m\u00f3vil inteligente, este cargar\u00e1 nuevas noticias.<\/p>\n<p>Por otro lado el t\u00e9rmino 'push' se refiere a 'empujar', As\u00ed que <strong>los avisos ser\u00e1n empujados por parte de la aplicaci\u00f3n<\/strong> incluso cuando los usuarios no los hayan solicitado. Las redes sociales como Facebook tambi\u00e9n utilizan este tipo de tecnolog\u00eda, por ejemplo para avisar sobre el cumplea\u00f1os de un amigo, una nueva reacci\u00f3n, un comentario, entre otros.<\/p>\n<p>\"}}\n]}<\/script><\/p>\n<h2>M\u00e1s informaci\u00f3n sobre notificaciones pull<\/h2>\n<p>Este tipo de tecnolog\u00eda se puede implementar tanto para recursos m\u00f3viles como de escritorio, si quieres aprender m\u00e1s al respecto, mira los siguientes enlaces.<\/p>\n<ul>\n<li><a href=\"https:\/\/www.appyweb.es\/empresa-crear-una-app\/\">\u00bfPor qu\u00e9 tu empresa debe crear una APP?<\/a><\/li>\n<li><a href=\"https:\/\/sg.com.mx\/revista\/48\/arquitectura-pull-y-push-aplicaciones-moviles\" rel=\"nofollow noopener\" target=\"_blank\">C\u00f3mo es la arquitectura pull y push en aplicaciones m\u00f3viles<\/a><\/li>\n<\/ul>\n<p>&nbsp;<\/p>\n","protected":false},"excerpt":{"rendered":"<p>Son noticias que aparecen s\u00f3lo cuando el usuario solicita una informaci\u00f3n en un sitio web o apps digitales de forma directa. Para hacer referencia a las notificaciones pull es importante hablar de su contraparte \u00abpush\u00bb, estas \u00faltimas se llevan a cabo en cualquier momento y pueden acceder a la informaci\u00f3n personal del usuario. \u00bfQu\u00e9 son [&hellip;]<\/p>\n","protected":false},"author":1,"featured_media":0,"parent":0,"menu_order":0,"comment_status":"open","ping_status":"closed","template":"","meta":{"inline_featured_image":false,"footnotes":""},"class_list":["post-3218","page","type-page","status-publish","hentry"],"_links":{"self":[{"href":"https:\/\/www.appyweb.es\/diccionario\/wp-json\/wp\/v2\/pages\/3218","targetHints":{"allow":["GET"]}}],"collection":[{"href":"https:\/\/www.appyweb.es\/diccionario\/wp-json\/wp\/v2\/pages"}],"about":[{"href":"https:\/\/www.appyweb.es\/diccionario\/wp-json\/wp\/v2\/types\/page"}],"author":[{"embeddable":true,"href":"https:\/\/www.appyweb.es\/diccionario\/wp-json\/wp\/v2\/users\/1"}],"replies":[{"embeddable":true,"href":"https:\/\/www.appyweb.es\/diccionario\/wp-json\/wp\/v2\/comments?post=3218"}],"version-history":[{"count":3,"href":"https:\/\/www.appyweb.es\/diccionario\/wp-json\/wp\/v2\/pages\/3218\/revisions"}],"predecessor-version":[{"id":9312,"href":"https:\/\/www.appyweb.es\/diccionario\/wp-json\/wp\/v2\/pages\/3218\/revisions\/9312"}],"wp:attachment":[{"href":"https:\/\/www.appyweb.es\/diccionario\/wp-json\/wp\/v2\/media?parent=3218"}],"curies":[{"name":"wp","href":"https:\/\/api.w.org\/{rel}","templated":true}]}}